{"id":175,"date":"2020-05-27T16:01:32","date_gmt":"2020-05-27T18:01:32","guid":{"rendered":"https:\/\/sites.usp.br\/lafipebio\/?page_id=175"},"modified":"2021-04-21T11:42:00","modified_gmt":"2021-04-21T13:42:00","slug":"disciplinas","status":"publish","type":"page","link":"https:\/\/sites.usp.br\/lafipebio\/disciplinas\/","title":{"rendered":"Disciplinas"},"content":{"rendered":"<div id=\"pl-175\"  class=\"panel-layout\" ><div id=\"pg-175-0\"  class=\"panel-grid panel-no-style\" ><div id=\"pgc-175-0-0\"  class=\"panel-grid-cell\" ><div id=\"panel-175-0-0-0\" class=\"so-panel widget widget_sow-editor panel-first-child panel-last-child\" data-index=\"0\" ><div\n\t\t\t\n\t\t\tclass=\"so-widget-sow-editor so-widget-sow-editor-base\"\n\t\t\t\n\t\t>\n<div class=\"siteorigin-widget-tinymce textwidget\">\n\t<p><strong>A. Gradua\u00e7\u00e3o<\/strong><\/p>\n<p><strong>1. Gradua\u00e7\u00e3o em Biotecnologia<\/strong><\/p>\n<p><a href=\"http:\/\/sites.usp.br\/lafipebio\/ach5533\/\" target=\"_blank\" rel=\"noopener\">ACH5533 Fisiologia Humana I<\/a><\/p>\n<p><a href=\"http:\/\/sites.usp.br\/lafipebio\/ach5534\/\" target=\"_blank\" rel=\"noopener\">ACH5534 Fisiologia Humana II<\/a><\/p>\n<p>As disciplinas ACH5533 e ACH5534 t\u00eam como objetivo discutir, de forma integrada, os conhecimentos fundamentais da Morfologia, Fisiologia, Bioqu\u00edmica e, quando pertinente, aspectos da Farmacologia dos sistemas org\u00e2nicos. A constru\u00e7\u00e3o desse conhecimento deve favorecer a atua\u00e7\u00e3o na \u00e1rea da Biotecnologia, abrindo perspectivas para que o estudante identifique potenciais aplica\u00e7\u00f5es dos assuntos tratados na disciplina nas situa\u00e7\u00f5es da pr\u00e1tica profissional.<\/p>\n<p><a href=\"http:\/\/sites.usp.br\/lafipebio\/ach5545\/\" target=\"_blank\" rel=\"noopener\">ACH5545 Engenharia Gen\u00e9tica<\/a><\/p>\n<p><a href=\"http:\/\/sites.usp.br\/lafipebio\/ach0042\/\" target=\"_blank\" rel=\"noopener\">ACH0042 Resolu\u00e7\u00e3o de Problemas II<\/a><\/p>\n<p><a href=\"http:\/\/sites.usp.br\/lafipebio\/ach5557\/\" target=\"_blank\" rel=\"noopener\">ACH5557 Trabalho de Conclus\u00e3o de Curso<\/a><\/p>\n<p>&nbsp;<\/p>\n<p>&nbsp;<\/p>\n<p><strong>B. P\u00f3s-gradua\u00e7\u00e3o:<\/strong><\/p>\n<p><strong>1. Programa de Bioqu\u00edmica e Biologia Molecular (Conceito CAPES 4)<\/strong><\/p>\n<p>BBM5001 \u00c1rea de Fronteira: Semin\u00e1rios em Bioqu\u00edmica e Biologia Molecular<\/p>\n<p>BBM5003 Bioqu\u00edmica metab\u00f3lica<\/p>\n<p>BBM5011 Bases da Bioengenharia Molecular<\/p>\n<table class=\"dataTable selecionavel\" align=\"center\">\n<thead>\n<tr>\n<td><\/td>\n<td><\/td>\n<\/tr>\n<\/thead>\n<\/table>\n<p><strong>2. Programa Interunidades em Biotecnologia (Conceito CAPES 5)<\/strong><\/p>\n<\/div>\n<\/div><\/div><\/div><\/div><\/div>","protected":false},"excerpt":{"rendered":"<p>A. Gradua\u00e7\u00e3o 1. Gradua\u00e7\u00e3o em Biotecnologia ACH5533 Fisiologia Humana I ACH5534 Fisiologia Humana II As disciplinas ACH5533 e ACH5534 t\u00eam como objetivo discutir, de forma integrada, os conhecimentos fundamentais da Morfologia, Fisiologia, Bioqu\u00edmica e, quando pertinente, aspectos da Farmacologia dos sistemas org\u00e2nicos. A constru\u00e7\u00e3o desse conhecimento deve favorecer a atua\u00e7\u00e3o na \u00e1rea da Biotecnologia, abrindo [&hellip;]<\/p>\n","protected":false},"author":484,"featured_media":0,"parent":0,"menu_order":0,"comment_status":"closed","ping_status":"closed","template":"","meta":{"_monsterinsights_skip_tracking":false,"_monsterinsights_sitenote_active":false,"_monsterinsights_sitenote_note":"","_monsterinsights_sitenote_category":0,"footnotes":"","_links_to":"","_links_to_target":""},"class_list":["post-175","page","type-page","status-publish","hentry"],"_links":{"self":[{"href":"https:\/\/sites.usp.br\/lafipebio\/wp-json\/wp\/v2\/pages\/175","targetHints":{"allow":["GET"]}}],"collection":[{"href":"https:\/\/sites.usp.br\/lafipebio\/wp-json\/wp\/v2\/pages"}],"about":[{"href":"https:\/\/sites.usp.br\/lafipebio\/wp-json\/wp\/v2\/types\/page"}],"author":[{"embeddable":true,"href":"https:\/\/sites.usp.br\/lafipebio\/wp-json\/wp\/v2\/users\/484"}],"replies":[{"embeddable":true,"href":"https:\/\/sites.usp.br\/lafipebio\/wp-json\/wp\/v2\/comments?post=175"}],"version-history":[{"count":4,"href":"https:\/\/sites.usp.br\/lafipebio\/wp-json\/wp\/v2\/pages\/175\/revisions"}],"predecessor-version":[{"id":595,"href":"https:\/\/sites.usp.br\/lafipebio\/wp-json\/wp\/v2\/pages\/175\/revisions\/595"}],"wp:attachment":[{"href":"https:\/\/sites.usp.br\/lafipebio\/wp-json\/wp\/v2\/media?parent=175"}],"curies":[{"name":"wp","href":"https:\/\/api.w.org\/{rel}","templated":true}]}}