{"id":177,"date":"2020-05-27T16:01:54","date_gmt":"2020-05-27T18:01:54","guid":{"rendered":"https:\/\/sites.usp.br\/lafipebio\/?page_id=177"},"modified":"2020-05-31T18:00:13","modified_gmt":"2020-05-31T20:00:13","slug":"pesquisa","status":"publish","type":"page","link":"https:\/\/sites.usp.br\/lafipebio\/pesquisa\/","title":{"rendered":"Pesquisa"},"content":{"rendered":"<p>Atualmente, estamos envolvidos em distintas frentes de investiga\u00e7\u00e3o que envolvem o estudo de\/do:<br \/>\nEnzimas antioxidantes contra o estresse oxidativo em c\u00e9lulas epid\u00e9rmicas humanas;<br \/>\nUso de c\u00e9lulas-tronco e de queratin\u00f3citos em modelos tridimensionais de epiderme\/pele in vitro: aplicabilidade na engenharia tecidual;<br \/>\nInibidores de proteases de plantas e seus recombinantes em doen\u00e7as pulmonares;<br \/>\nEfeito da progesterona no estresse oxidativo e defesa antioxidante em c\u00e9lulas beta pancre\u00e1ticas e sua rela\u00e7\u00e3o com o desenvolvimento do diabetes gestacional.<\/p>\n","protected":false},"excerpt":{"rendered":"<p>Atualmente, estamos envolvidos em distintas frentes de investiga\u00e7\u00e3o que envolvem o estudo de\/do: Enzimas antioxidantes contra o estresse oxidativo em c\u00e9lulas epid\u00e9rmicas humanas; Uso de c\u00e9lulas-tronco e de queratin\u00f3citos em modelos tridimensionais de epiderme\/pele in vitro: aplicabilidade na engenharia tecidual; Inibidores de proteases de plantas e seus recombinantes em doen\u00e7as pulmonares; Efeito da progesterona no estresse oxidativo e defesa antioxidante em c\u00e9lulas beta pancre\u00e1ticas e sua rela\u00e7\u00e3o com o desenvolvimento do diabetes gestacional.<\/p>\n","protected":false},"author":484,"featured_media":0,"parent":0,"menu_order":0,"comment_status":"closed","ping_status":"closed","template":"","meta":{"_monsterinsights_skip_tracking":false,"_monsterinsights_sitenote_active":false,"_monsterinsights_sitenote_note":"","_monsterinsights_sitenote_category":0,"footnotes":"","_links_to":"","_links_to_target":""},"class_list":["post-177","page","type-page","status-publish","hentry"],"_links":{"self":[{"href":"https:\/\/sites.usp.br\/lafipebio\/wp-json\/wp\/v2\/pages\/177","targetHints":{"allow":["GET"]}}],"collection":[{"href":"https:\/\/sites.usp.br\/lafipebio\/wp-json\/wp\/v2\/pages"}],"about":[{"href":"https:\/\/sites.usp.br\/lafipebio\/wp-json\/wp\/v2\/types\/page"}],"author":[{"embeddable":true,"href":"https:\/\/sites.usp.br\/lafipebio\/wp-json\/wp\/v2\/users\/484"}],"replies":[{"embeddable":true,"href":"https:\/\/sites.usp.br\/lafipebio\/wp-json\/wp\/v2\/comments?post=177"}],"version-history":[{"count":3,"href":"https:\/\/sites.usp.br\/lafipebio\/wp-json\/wp\/v2\/pages\/177\/revisions"}],"predecessor-version":[{"id":251,"href":"https:\/\/sites.usp.br\/lafipebio\/wp-json\/wp\/v2\/pages\/177\/revisions\/251"}],"wp:attachment":[{"href":"https:\/\/sites.usp.br\/lafipebio\/wp-json\/wp\/v2\/media?parent=177"}],"curies":[{"name":"wp","href":"https:\/\/api.w.org\/{rel}","templated":true}]}}