{"id":179,"date":"2020-05-27T16:02:23","date_gmt":"2020-05-27T18:02:23","guid":{"rendered":"https:\/\/sites.usp.br\/lafipebio\/?page_id=179"},"modified":"2021-04-21T12:36:45","modified_gmt":"2021-04-21T14:36:45","slug":"producao-academica","status":"publish","type":"page","link":"https:\/\/sites.usp.br\/lafipebio\/producao-academica\/","title":{"rendered":"Produ\u00e7\u00e3o Bibliogr\u00e1fica"},"content":{"rendered":"<div id=\"pl-179\"  class=\"panel-layout\" ><div id=\"pg-179-0\"  class=\"panel-grid panel-no-style\" ><div id=\"pgc-179-0-0\"  class=\"panel-grid-cell\" ><div id=\"panel-179-0-0-0\" class=\"so-panel widget widget_sow-editor panel-first-child panel-last-child\" data-index=\"0\" ><div\n\t\t\t\n\t\t\tclass=\"so-widget-sow-editor so-widget-sow-editor-base\"\n\t\t\t\n\t\t>\n<div class=\"siteorigin-widget-tinymce textwidget\">\n\t<p><strong>Nunes VA,<\/strong> Cava\u00e7ana N, Canovas M, Strauss B and Zatz M (2007). Stem cells from umbilical cord blood differentiate into myotubes and express dystrophin in vitro only after exposure to in vivo muscle environment. Biology of the Cell, 99(4): 185-196.<\/p>\n<p>Vieira NM, Brandalise V, Zucconi E, Jazedje T, Secco M, <strong>Nunes VA<\/strong>, Strauss BE, Vainzof M, Zatz M (2008). Human multipotent adipose-derived stem cells restore dystrophin expression of Duchenne skeletal-muscle cells in vitro. Biology of the Cell, 100(4): 231-241.<\/p>\n<p>Cruz-Silva IC, Neuhof, C, Gozzo AJ, <strong>Nunes VA<\/strong>, Hirata IY, Sampaio MU, Figueiredo-Ribeiro RC, Neuhof H, Silva Ara\u00fajo MS (2013). Using a Caesalpinia echinata Lam. protease inhibitor as a tool for studying the roles of neutrophil elastase, cathepsin G and proteinase 3 in pulmonary edema. Phytochemistry, 96: 235-243.<\/p>\n<p><strong>Nunes VA<\/strong>, Portioli-Sanches EP, Rosim MP, Praxedes-Garcia P, Araujo MS, Gurgul-Convey E, Lenzen S and Azevedo-Martins AK (2014). Progesterone induces death of insulin-secreting cells: insights into the molecular mechanism. Journal of Endocrinology, 221(2): 281-292.<\/p>\n<p>Cruz-Silva I, <strong>Nunes VA<\/strong>, Gozzo AJ, Praxedes-Garcia P, Tanaka AS, Shimamoto K, and Araujo. MS (2016). Protease Inhibitors Extracted from Caesalpinia echinata Lam. Affect Kinin Release during Lung Inflammation. Pulmonary Medicine, 16: 1-9.<\/p>\n<p>MP Rosim, <strong>V Nunes<\/strong>, S Lenzen, R Curi, AK Azevedo-Martins (2017). Culture Medium Fatty Acid Withdrawal Prompts Insulin Producing Cell Death. Endocrinology and Metabolism International Journal, 5 (3): 00124.<\/p>\n<p>Bor\u00e7ari NR, Santos JF, Santos SIF, Chambergo FS, Azevedo-Martins AK, <strong>Nunes VA<\/strong> (2018). Estrogens modulate progesterone receptor expression and may contribute to progesterone-mediated apoptotic \u03b2-cell death. Endocrinology &amp; Metabolism International Journal, 6 (2): 142-147.<\/p>\n<p>Santos JF, Bor\u00e7ari NR, Ara\u00fajo MS, <strong>Nunes VA<\/strong> (2019). Mesenchymal stem cells from umbilical cord differentiate into keratinocytes and express epidermal kallikreins: towards an in vitro model of human epidermis. Journal of Cellular Biochemistry, 120 (8): 13141-13155.<\/p>\n<p>Pires F *, Santos JF *, Bitoque D, Silva GA, Marletta A, <strong>Nunes VA<\/strong>, Ribeiro PA, Silva JC, Raposo M (2019). Polycaprolactone\/Gelatin Nanofiber Membranes Containing EGCG-Loaded Liposomes and Their Potential Use for Skin Regeneration. ACS Applied Bio Materials, 2 (11): 4790-4800.<\/p>\n<p>Bor\u00e7ari, N R. ; Santos, J. F. ; Reigado, G. R. ; Freitas, B. L. ; Araujo, M. S. ; <strong>Nunes, V.A.<\/strong> (2020). Vitamins modulate the expression of antioxidant genes in progesterone-treated \u03b2 cells: perspectives for gestational diabetes management. International Journal of Endocrinology, v. 2, p. 12.<\/p>\n<p><strong>Abreu Nunes, Viviane<\/strong>. Bioengineering of an elastase inhibitor from Caesalpinia echinata (Brazil wood) seeds (2021). Phytochemistry, v. 182, p. 112595.<\/p>\n<p>&nbsp;<\/p>\n<p>&nbsp;<\/p>\n<p>&nbsp;<\/p>\n<p>&nbsp;<\/p>\n<p>&nbsp;<\/p>\n<\/div>\n<\/div><\/div><\/div><\/div><\/div>","protected":false},"excerpt":{"rendered":"<p>Nunes VA, Cava\u00e7ana N, Canovas M, Strauss B and Zatz M (2007). Stem cells from umbilical cord blood differentiate into myotubes and express dystrophin in vitro only after exposure to in vivo muscle environment. Biology of the Cell, 99(4): 185-196. Vieira NM, Brandalise V, Zucconi E, Jazedje T, Secco M, Nunes VA, Strauss BE, Vainzof [&hellip;]<\/p>\n","protected":false},"author":484,"featured_media":0,"parent":0,"menu_order":0,"comment_status":"closed","ping_status":"closed","template":"","meta":{"_monsterinsights_skip_tracking":false,"_monsterinsights_sitenote_active":false,"_monsterinsights_sitenote_note":"","_monsterinsights_sitenote_category":0,"footnotes":"","_links_to":"","_links_to_target":""},"class_list":["post-179","page","type-page","status-publish","hentry"],"_links":{"self":[{"href":"https:\/\/sites.usp.br\/lafipebio\/wp-json\/wp\/v2\/pages\/179","targetHints":{"allow":["GET"]}}],"collection":[{"href":"https:\/\/sites.usp.br\/lafipebio\/wp-json\/wp\/v2\/pages"}],"about":[{"href":"https:\/\/sites.usp.br\/lafipebio\/wp-json\/wp\/v2\/types\/page"}],"author":[{"embeddable":true,"href":"https:\/\/sites.usp.br\/lafipebio\/wp-json\/wp\/v2\/users\/484"}],"replies":[{"embeddable":true,"href":"https:\/\/sites.usp.br\/lafipebio\/wp-json\/wp\/v2\/comments?post=179"}],"version-history":[{"count":4,"href":"https:\/\/sites.usp.br\/lafipebio\/wp-json\/wp\/v2\/pages\/179\/revisions"}],"predecessor-version":[{"id":599,"href":"https:\/\/sites.usp.br\/lafipebio\/wp-json\/wp\/v2\/pages\/179\/revisions\/599"}],"wp:attachment":[{"href":"https:\/\/sites.usp.br\/lafipebio\/wp-json\/wp\/v2\/media?parent=179"}],"curies":[{"name":"wp","href":"https:\/\/api.w.org\/{rel}","templated":true}]}}