{"id":231,"date":"2020-05-30T14:19:20","date_gmt":"2020-05-30T16:19:20","guid":{"rendered":"https:\/\/sites.usp.br\/lafipebio\/?page_id=231"},"modified":"2020-06-06T18:50:48","modified_gmt":"2020-06-06T20:50:48","slug":"gustavo","status":"publish","type":"page","link":"https:\/\/sites.usp.br\/lafipebio\/gustavo\/","title":{"rendered":"Gustavo Roncoli Reigado"},"content":{"rendered":"<p>Graduado do Curso de Bacharelado em Biotecnologia no Centro de Ci\u00eancias Agr\u00e1rias da Universidade Federal de S\u00e3o Carlos (UFSCar) &#8211; Araras\/SP. Foi monitor bolsista junto a mat\u00e9ria de T\u00f3picos em Matem\u00e1tica 1 (2016). Foi membro da empresa j\u00fanior Sustec Jr. da UFSCar no departamento de Pesquisa e Desenvolvimento (2015-2016) e, posteriormente, diretor deste departamento (2016-2017). Foi bolsista FAPESP com o projeto &#8220;Efeito da progesterona na express\u00e3o de prote\u00ednas envolvidas no estresse oxidativo em c\u00e9lulas beta pancre\u00e1ticas: novas perspectivas para o estudo do diabetes gestacional&#8221; (2018). Atualmente, realiza mestrado pelo programa de p\u00f3s-gradua\u00e7\u00e3o Interuidades em Biotecnologia da Universidade de S\u00e3o Paulo (USP), com o projeto &#8220;Efeito de recombinantes da enzima super\u00f3xido dismutase na prote\u00e7\u00e3o de c\u00e9lulas epid\u00e9rmicas humanas contra o estresse oxidativo&#8221;.<\/p>\n<p>E-mail USP: gustavoroncoli@usp.br<\/p>\n<p>N\u00b0 ORCID: 0000-0001-6297-7907<\/p>\n<p><a href=\"http:\/\/lattes.cnpq.br\/3504385372157999\" target=\"_blank\" rel=\"noopener noreferrer\" data-wp-editing=\"1\"><img loading=\"lazy\" decoding=\"async\" class=\"alignnone wp-image-443\" src=\"https:\/\/sites.usp.br\/lafipebio\/wp-content\/uploads\/sites\/743\/2020\/06\/Curriculo-Lattes1-300x158.jpg\" alt=\"\" width=\"105\" height=\"55\" data-id=\"443\" srcset=\"https:\/\/sites.usp.br\/lafipebio\/wp-content\/uploads\/sites\/743\/2020\/06\/Curriculo-Lattes1-300x158.jpg 300w, https:\/\/sites.usp.br\/lafipebio\/wp-content\/uploads\/sites\/743\/2020\/06\/Curriculo-Lattes1.jpg 321w\" sizes=\"auto, (max-width: 105px) 100vw, 105px\" \/><\/a><\/p>\n<p><strong>Forma\u00e7\u00e3o<\/strong><\/p>\n<p><strong>1- Gradua\u00e7\u00e3o: Bacharelado em Biotecnologia<\/strong><\/p>\n<p>Data de conclus\u00e3o: 25\/01\/2019<\/p>\n<p>Universidade Federal de S\u00e3o Carlos (UFSCar)<\/p>\n<p><strong>Projeto: Efeito da progesterona na express\u00e3o de prote\u00ednas envolvidas no estresse oxidativo em c\u00e9lulas beta pancre\u00e1ticas: novas perspectivas para o estudo do diabetes gestacional<\/strong><\/p>\n<p>O diabetes gestacional (DG) \u00e9 uma condi\u00e7\u00e3o definida como a intoler\u00e2ncia a carboidratos e hiperglicemia, com in\u00edcio no segundo trimestre da gravidez. Trabalhos desenvolvidos por nosso grupo mostraram que a progesterona, um horm\u00f4nio cuja concentra\u00e7\u00e3o aumenta consideravelmente na gesta\u00e7\u00e3o, \u00e9 capaz de causar a morte de c\u00e9lulas \u03b2-pancre\u00e1ticas, o que poderia contribuir para o desenvolvimento do DG e refletir na incapacidade materna em responder \u00e0 maior demanda por insulina. Embora as vias envolvidas no mecanismo de morte celular induzido por progesterona ainda n\u00e3o estejam completamente esclarecidas, nosso grupo observou que a morte celular induzida por progesterona foi atenuada ou abolida na pr\u00e9-incuba\u00e7\u00e3o das c\u00e9lulas com \u03b1-tocoferol, uma vitamina antioxidante. Tamb\u00e9m j\u00e1 mostramos que a progesterona \u00e9 capaz de modular a express\u00e3o de genes envolvidos em vias de estresse oxidativo e da defesa antioxidante, como os que codificam para prote\u00edna de choque t\u00e9rmico a1a (Hspa1a), glutationa peroxidase 6 (Gpx6), dual oxidase 1 (Duox1), heme oxigenase 1 (Hmox1) e estearoil-CoA desnaturase 1 (Scd1) e que, juntamente com a peroxirredoxina 4 (Prdx4), desempenham fun\u00e7\u00f5es relacionadas \u00e0 c\u00e9lula \u03b2-pancre\u00e1tica e\/ou DG. Nesse contexto, esse projeto estudou, detalhadamente, em c\u00e9lulas pancre\u00e1ticas da linhagem RINm5F, o efeito da progesterona na express\u00e3o das prote\u00ednas codificadas pelos genes Hspa1a, Gpx6, Duox1, Hmox, Scd1 e Pdrx4 ELISA e\/ou western blotting, colaborando para a melhor compreens\u00e3o da patog\u00eanese do DG e abrindo perspectivas para o desenvolvimento de estrat\u00e9gias de preven\u00e7\u00e3o e tratamento dessa doen\u00e7a.<\/p>\n<p>Bolsa\u00a0FAPESP<\/p>\n<p>Processo: 2017\/25126-8<\/p>\n<p>Vig\u00eancia: 01\/02\/2018 a 31\/12\/2018<\/p>\n<p>&nbsp;<\/p>\n<p><strong>2- P\u00f3s-gradua\u00e7\u00e3o<\/strong><\/p>\n<p>&#8211; N\u00edvel Mestrado:<\/p>\n<p>Curso: Interunidades em Biotecnologia<\/p>\n<p>Ano de ingresso: 2019<\/p>\n<p>Ano de t\u00e9rmino ou conclus\u00e3o no programa: 2022<\/p>\n<p><strong>Projeto: Efeito de recombinantes da enzima super\u00f3xido dismutase na prote\u00e7\u00e3o de c\u00e9lulas epid\u00e9rmicas humanas contra o estresse oxidativo<\/strong><\/p>\n<p>As esp\u00e9cies reativas de oxig\u00eanio (ERO) e radicais livres est\u00e3o envolvidas no desenvolvimento de diversos quadros fisiopatol\u00f3gicos e no processo de envelhecimento biol\u00f3gico do organismo. Durante o ciclo vital, a pele neutraliza ERO produzidos por diferentes processos como o envelhecimento, exposi\u00e7\u00e3o \u00e0 luz ultravioleta, oz\u00f4nio, polui\u00e7\u00e3o, entre outros, atrav\u00e9s de sistemas antioxidantes. As enzimas super\u00f3xido dismutase (SOD), glutationa peroxidase (GPx) e Catalase (Cat) s\u00e3o as principais componentes do sistema de defesa antioxidante enzim\u00e1tico celular. Por\u00e9m, com o envelhecimento, a gera\u00e7\u00e3o de ERO aumenta e o mecanismo de defesa diminui, o que resulta em um desequil\u00edbrio na produ\u00e7\u00e3o e remo\u00e7\u00e3o dessas esp\u00e9cies levando ao progressivo dano de estruturas celulares. A proposta pretende avaliar a transdu\u00e7\u00e3o de c\u00e9lulas epid\u00e9rmicas da linhagem HaCat por recombinantes da enzima SOD.\u00a0Os resultados gerados nesse projeto nos permitir\u00e3o compreender os processos de entrega direcionada de biomol\u00e9culas em c\u00e9lulas epid\u00e9rmicas humanas, com perspectivas para o desenvolvimento de sistemas mais eficientes de prote\u00e7\u00e3o antioxidante da pele que possam ter utilidade terap\u00eautica e biotecnol\u00f3gica, al\u00e9m do potencial de gerar patentes e publica\u00e7\u00f5es.<\/p>\n<p>Bolsa CAPES<\/p>\n<p>Processo: 88882.377095\/2019-01<\/p>\n<p>Vig\u00eancia: 01\/09\/2019 a 31\/07\/2021<\/p>\n<p>&nbsp;<\/p>\n<p><strong>Participa\u00e7\u00e3o em eventos<\/strong><\/p>\n<p>47\u00aa Reuni\u00e3o Anual da Sociedade Brasileira de Bioqu\u00edmica e Biologia Molecular. 2018.<\/p>\n<p>48\u00aa Reuni\u00e3o Anual da Sociedade Brasileira de Bioqu\u00edmica e Biologia Molecular. 2019.<\/p>\n","protected":false},"excerpt":{"rendered":"<p>Graduado do Curso de Bacharelado em Biotecnologia no Centro de Ci\u00eancias Agr\u00e1rias da Universidade Federal de S\u00e3o Carlos (UFSCar) &#8211; Araras\/SP. Foi monitor bolsista junto a mat\u00e9ria de T\u00f3picos em Matem\u00e1tica 1 (2016). Foi membro da empresa j\u00fanior Sustec Jr. da UFSCar no departamento de Pesquisa e Desenvolvimento (2015-2016) e, posteriormente, diretor deste departamento (2016-2017). Foi bolsista FAPESP com o projeto &#8220;Efeito da progesterona na express\u00e3o de prote\u00ednas envolvidas no estresse oxidativo em c\u00e9lulas beta pancre\u00e1ticas: novas perspectivas para o estudo do diabetes gestacional&#8221; (2018). Atualmente, realiza mestrado pelo programa de p\u00f3s-gradua\u00e7\u00e3o Interuidades em Biotecnologia da Universidade de S\u00e3o Paulo (USP), com o projeto &#8220;Efeito de recombinantes da enzima super\u00f3xido dismutase na prote\u00e7\u00e3o de c\u00e9lulas epid\u00e9rmicas humanas contra o estresse oxidativo&#8221;. E-mail USP: gustavoroncoli@usp.br N\u00b0 ORCID: 0000-0001-6297-7907 Forma\u00e7\u00e3o 1- Gradua\u00e7\u00e3o: Bacharelado em Biotecnologia Data de conclus\u00e3o: 25\/01\/2019 Universidade Federal de S\u00e3o Carlos (UFSCar) Projeto: Efeito da progesterona na express\u00e3o de prote\u00ednas envolvidas no estresse oxidativo em c\u00e9lulas beta pancre\u00e1ticas: novas perspectivas para o estudo do diabetes gestacional O diabetes gestacional (DG) \u00e9 uma condi\u00e7\u00e3o definida como a intoler\u00e2ncia a carboidratos e hiperglicemia, com in\u00edcio no segundo trimestre da gravidez. Trabalhos desenvolvidos por nosso grupo mostraram que a progesterona, um horm\u00f4nio [&#8230;]<\/p>\n","protected":false},"author":484,"featured_media":0,"parent":0,"menu_order":0,"comment_status":"closed","ping_status":"closed","template":"","meta":{"_monsterinsights_skip_tracking":false,"_monsterinsights_sitenote_active":false,"_monsterinsights_sitenote_note":"","_monsterinsights_sitenote_category":0,"footnotes":"","_links_to":"","_links_to_target":""},"class_list":["post-231","page","type-page","status-publish","hentry"],"_links":{"self":[{"href":"https:\/\/sites.usp.br\/lafipebio\/wp-json\/wp\/v2\/pages\/231","targetHints":{"allow":["GET"]}}],"collection":[{"href":"https:\/\/sites.usp.br\/lafipebio\/wp-json\/wp\/v2\/pages"}],"about":[{"href":"https:\/\/sites.usp.br\/lafipebio\/wp-json\/wp\/v2\/types\/page"}],"author":[{"embeddable":true,"href":"https:\/\/sites.usp.br\/lafipebio\/wp-json\/wp\/v2\/users\/484"}],"replies":[{"embeddable":true,"href":"https:\/\/sites.usp.br\/lafipebio\/wp-json\/wp\/v2\/comments?post=231"}],"version-history":[{"count":4,"href":"https:\/\/sites.usp.br\/lafipebio\/wp-json\/wp\/v2\/pages\/231\/revisions"}],"predecessor-version":[{"id":574,"href":"https:\/\/sites.usp.br\/lafipebio\/wp-json\/wp\/v2\/pages\/231\/revisions\/574"}],"wp:attachment":[{"href":"https:\/\/sites.usp.br\/lafipebio\/wp-json\/wp\/v2\/media?parent=231"}],"curies":[{"name":"wp","href":"https:\/\/api.w.org\/{rel}","templated":true}]}}