{"id":233,"date":"2020-05-30T14:20:53","date_gmt":"2020-05-30T16:20:53","guid":{"rendered":"https:\/\/sites.usp.br\/lafipebio\/?page_id=233"},"modified":"2020-06-03T18:12:59","modified_gmt":"2020-06-03T20:12:59","slug":"myrian","status":"publish","type":"page","link":"https:\/\/sites.usp.br\/lafipebio\/myrian\/","title":{"rendered":"Myrian Thiago Pruschinski Fernandes"},"content":{"rendered":"<div class=\"siteorigin-widget-tinymce textwidget\">Graduada em Farm\u00e1cia pelas Faculdades Metropolitanas Unidas (2012). P\u00f3s-gradua\u00e7\u00e3o lato sensu MBA em Cosmetologia pelo Centro Universit\u00e1rio Ing\u00e1 &#8211; UNINGA (2015). P\u00f3s-gradua\u00e7\u00e3o lato sensu em Farm\u00e1cia Est\u00e9tica pela Faculdade Fapuga (2019). Cursando Mestrado em Biotecnologia pela Universidade de S\u00e3o Paulo (USP). Atuando em pesquisa no Laborat\u00f3rio de Engenharia Tecidual e Biotecnologia da USP, envolvida no desenvolvimento de um sistema contendo um gene rep\u00f3rter sob controle do promotor de involucrina para monitorar a diferencia\u00e7\u00e3o de c\u00e9lulas-tronco mesenquimais em c\u00e9lulas epid\u00e9rmicas e modelos de cicatriza\u00e7\u00e3o da pele in vitro visando o uso na engenharia tecidual.<\/div>\n<div><\/div>\n<div class=\"siteorigin-widget-tinymce textwidget\">E-mail USP: myrianpf@usp.br<\/div>\n<div class=\"siteorigin-widget-tinymce textwidget\">N\u00b0 ORCID: https:\/\/orcid.org\/0000-0001-6778-9032<\/div>\n<div class=\"siteorigin-widget-tinymce textwidget\"><a href=\"http:\/\/lattes.cnpq.br\/1129341370696556\" target=\"_blank\" rel=\"noopener noreferrer\">Link CV Lattes<\/a><\/div>\n<p><strong>Forma\u00e7\u00e3o<\/strong><\/p>\n<p><strong>1- Gradua\u00e7\u00e3o: Farm\u00e1cia<\/strong><\/p>\n<p>Data de conclus\u00e3o: 2012<\/p>\n<p>IES: Centro Universit\u00e1rio das Faculdades Metropolitanas Unidas<\/p>\n<p><strong>2- P\u00f3s-gradua\u00e7\u00e3o<\/strong><\/p>\n<p>&#8211; N\u00edvel Mestrado: Cursando<\/p>\n<p>Curso: Biotecnologia<\/p>\n<p>Ano de ingresso: 2017<\/p>\n<p>Ano de t\u00e9rmino ou conclus\u00e3o no programa: 2020<\/p>\n<p><strong>Projeto: DESENHO DE UM VETOR RECOMBINANTE CONTENDO O PROMOTOR DE INVOLUCRINA PARA MONITORAR A DIFERENCIA\u00c7\u00c3O DE C\u00c9LULAS-TRONCO MESENQUIMAIS EM QUERATIN\u00d3CITOS<\/strong><\/p>\n<p>A epiderme \u00e9 um epit\u00e9lio estratificado com v\u00e1rias camadas de queratin\u00f3citos, cuja fun\u00e7\u00e3o e homeostasia dependem da adequada prolifera\u00e7\u00e3o e diferencia\u00e7\u00e3o dessas c\u00e9lulas. Tal equil\u00edbrio pode ser rompido resultando em diversas patologias. Diferentes abordagens t\u00eam sido exploradas para o estudo da biologia da pele, como o uso de c\u00e9lulas-tronco, tamb\u00e9m empregadas em aplica\u00e7\u00f5es terap\u00eauticas para patologias e traumas da pele. As c\u00e9lulas-tronco mesenquimais (CTM) do cord\u00e3o umbilical t\u00eam se mostrado seguras, de f\u00e1cil obten\u00e7\u00e3o e capazes de se diferenciar em distintos tipos celulares. No entanto, as abordagens para indu\u00e7\u00e3o da transdiferencia\u00e7\u00e3o de CTM em queratin\u00f3citos permanecem um desafio, sendo essencial uma estrat\u00e9gia simplificada para monitorar, em tempo real, a diferencia\u00e7\u00e3o in vitro dessas c\u00e9lulas. Sendo a involucrina marcadora da diferencia\u00e7\u00e3o de queratin\u00f3citos, o seu promotor (pINV) tem sido utilizado como promotor estrato-espec\u00edfico, constituindo uma forma eficiente de acessar a diferencia\u00e7\u00e3o terminal da epiderme. O objetivo desse trabalho \u00e9 desenhar vetores lentivirais contendo um gene rep\u00f3rter regulado pelo promotor de involucrina para monitorar, em tempo real, a transdiferencia\u00e7\u00e3o de CTM do cord\u00e3o umbilical em queratin\u00f3citos in vitro. Esse sistema abre perspectivas para monitorar a diferencia\u00e7\u00e3o das CTM em queratin\u00f3citos, em tempo real, possibilitando seu uso tanto em modelos de pele in vitro quanto in vivo, com vistas \u00e0 aplica\u00e7\u00e3o na medicina regenerativa.<\/p>\n<p><strong>Patente<\/strong><\/p>\n<p>ALCALDE, F. S. C.; ADRIANI, P. P.; DANTAS, V. A. N. C.; FERNANDES, M. T. P. ENZIMAS RECOMBINANTES, SISTEMAS DE ENTREGA DE ENZIMAS RECOMBINANTES, E SEUS USOS, 2020. Categoria: Produto. Institui\u00e7\u00e3o onde foi depositada: INPI &#8211; Instituto Nacional da Propriedade Industrial. Pa\u00eds: Brasil. Natureza: Patente de Inven\u00e7\u00e3o. N\u00famero do registro: BR10202000987. Data do dep\u00f3sito PCT: 18\/05\/2020. Depositante\/Titular: Universidade de S\u00e3o Paulo.<\/p>\n<p><strong>Participa\u00e7\u00e3o em eventos<\/strong><\/p>\n<p>FERNANDES, M. T. P.; SANTOS, J. F.; BORCARI, N. R.; REIGADO, G. R.; ALCADE, F. S. C.; NUNES, V. A. Design of a recombinant vector containing the involucrin promoter to follow mesenchymal stem cells differentiation into keratinocytes In: 47a. Annual Meeting of the Brazilian Society of Biochemistry and Molecular Biology &#8211; SBBq, 2018, Joinville.<\/p>\n<p>BORCARI, N. R.; SANTOS, J. F.; REIGADO, G. R.; FREITAS, B. L.; FERNANDES, M. T. P.; MARTINS, A. K. A.; ARAUJO, M. S.; NUNES, V. A. Progesterone effect on the expression of genes involved in oxidative stress and antioxidant defense in pancreatic beta cells: understanding the molecular mechanism of gestational diabetes In: 47a. Annual Meeting of the Brazilian Society of Biochemistry and Molecular Biology &#8211; SBBq, 2018, Joinville.<\/p>\n<p>FERNANDES, M. T. P.; ADRIANI, P. P.; REIGADO, G. R.; CHAMBERGO, F. S.; NUNES, V. A.; SANTOS, J. F. <span lang=\"EN-US\">Design of a recombinant vector containing the involucrin promoter to follow mesenchymal stem cells differentiation into keratinocytes,<\/span>\u00a02019.<strong>\u00a0<\/strong><\/p>\n","protected":false},"excerpt":{"rendered":"<p>Graduada em Farm\u00e1cia pelas Faculdades Metropolitanas Unidas (2012). P\u00f3s-gradua\u00e7\u00e3o lato sensu MBA em Cosmetologia pelo Centro Universit\u00e1rio Ing\u00e1 &#8211; UNINGA (2015). P\u00f3s-gradua\u00e7\u00e3o lato sensu em Farm\u00e1cia Est\u00e9tica pela Faculdade Fapuga (2019). Cursando Mestrado em Biotecnologia pela Universidade de S\u00e3o Paulo (USP). Atuando em pesquisa no Laborat\u00f3rio de Engenharia Tecidual e Biotecnologia da USP, envolvida no desenvolvimento de um sistema contendo um gene rep\u00f3rter sob controle do promotor de involucrina para monitorar a diferencia\u00e7\u00e3o de c\u00e9lulas-tronco mesenquimais em c\u00e9lulas epid\u00e9rmicas e modelos de cicatriza\u00e7\u00e3o da pele in vitro visando o uso na engenharia tecidual. E-mail USP: myrianpf@usp.br N\u00b0 ORCID: https:\/\/orcid.org\/0000-0001-6778-9032 Link CV Lattes Forma\u00e7\u00e3o 1- Gradua\u00e7\u00e3o: Farm\u00e1cia Data de conclus\u00e3o: 2012 IES: Centro Universit\u00e1rio das Faculdades Metropolitanas Unidas 2- P\u00f3s-gradua\u00e7\u00e3o &#8211; N\u00edvel Mestrado: Cursando Curso: Biotecnologia Ano de ingresso: 2017 Ano de t\u00e9rmino ou conclus\u00e3o no programa: 2020 Projeto: DESENHO DE UM VETOR RECOMBINANTE CONTENDO O PROMOTOR DE INVOLUCRINA PARA MONITORAR A DIFERENCIA\u00c7\u00c3O DE C\u00c9LULAS-TRONCO MESENQUIMAIS EM QUERATIN\u00d3CITOS A epiderme \u00e9 um epit\u00e9lio estratificado com v\u00e1rias camadas de queratin\u00f3citos, cuja fun\u00e7\u00e3o e homeostasia dependem da adequada prolifera\u00e7\u00e3o e diferencia\u00e7\u00e3o dessas c\u00e9lulas. Tal equil\u00edbrio pode ser rompido resultando em diversas patologias. Diferentes abordagens t\u00eam sido exploradas para o estudo da biologia da [&#8230;]<\/p>\n","protected":false},"author":484,"featured_media":0,"parent":0,"menu_order":0,"comment_status":"closed","ping_status":"closed","template":"","meta":{"_monsterinsights_skip_tracking":false,"_monsterinsights_sitenote_active":false,"_monsterinsights_sitenote_note":"","_monsterinsights_sitenote_category":0,"footnotes":"","_links_to":"","_links_to_target":""},"class_list":["post-233","page","type-page","status-publish","hentry"],"_links":{"self":[{"href":"https:\/\/sites.usp.br\/lafipebio\/wp-json\/wp\/v2\/pages\/233","targetHints":{"allow":["GET"]}}],"collection":[{"href":"https:\/\/sites.usp.br\/lafipebio\/wp-json\/wp\/v2\/pages"}],"about":[{"href":"https:\/\/sites.usp.br\/lafipebio\/wp-json\/wp\/v2\/types\/page"}],"author":[{"embeddable":true,"href":"https:\/\/sites.usp.br\/lafipebio\/wp-json\/wp\/v2\/users\/484"}],"replies":[{"embeddable":true,"href":"https:\/\/sites.usp.br\/lafipebio\/wp-json\/wp\/v2\/comments?post=233"}],"version-history":[{"count":4,"href":"https:\/\/sites.usp.br\/lafipebio\/wp-json\/wp\/v2\/pages\/233\/revisions"}],"predecessor-version":[{"id":397,"href":"https:\/\/sites.usp.br\/lafipebio\/wp-json\/wp\/v2\/pages\/233\/revisions\/397"}],"wp:attachment":[{"href":"https:\/\/sites.usp.br\/lafipebio\/wp-json\/wp\/v2\/media?parent=233"}],"curies":[{"name":"wp","href":"https:\/\/api.w.org\/{rel}","templated":true}]}}