{"id":378,"date":"2020-06-03T18:00:07","date_gmt":"2020-06-03T20:00:07","guid":{"rendered":"https:\/\/sites.usp.br\/lafipebio\/?page_id=378"},"modified":"2020-06-03T18:26:04","modified_gmt":"2020-06-03T20:26:04","slug":"bruna-leticia-freitas","status":"publish","type":"page","link":"https:\/\/sites.usp.br\/lafipebio\/bruna-leticia-freitas\/","title":{"rendered":"Bruna Let\u00edcia de Freitas"},"content":{"rendered":"<p><span lang=\"EN-US\">Graduada em Obstetr\u00edcia pela Universidade de S\u00e3o Paulo (2019). Iniciou suas atividades no grupo de pesquisa ainda na inicia\u00e7\u00e3o cient\u00edfica, em 2015, onde trabalhou com a caracteriza\u00e7\u00e3o de c\u00e9lulas-tronco mesenquimais do cord\u00e3o umbilical e o cultivo de c\u00e9lulas musculares <i>in <\/i><\/span><i><span lang=\"EN-US\">vitro <\/span><\/i><span lang=\"EN-US\">com o tratamento de medica\u00e7\u00e3o fitoter\u00e1pica. Atualmente desenvolve projeto de mestrado no programa de Bioqu\u00edmica e Biologia Molecular, da Escola de Artes, Ci\u00eancias e Humanidades da Universidade de S\u00e3o Paulo, realizando an\u00e1lise molecular de c\u00e9lulas musculares esquel\u00e9ticas e suas prote\u00ednas, no cen\u00e1rio da resist\u00eancia \u00e0 insulina.<\/span><\/p>\n<p><a href=\"http:\/\/buscatextual.cnpq.br\/buscatextual\/visualizacv.do?id=K8428680Y5&amp;tokenCaptchar=03AGdBq24LkuOkwNYCwn9Q9oqGKrAMr1npRHIVhqT5DBFhP6Fb8ASeaDBqMWwpdjoOr_tfzgutBwFf8xhS-q4ZODtJDHSXAuF3kxo6Q-PMr-M7ihJLNon1uyzXJQ6F8E7apAU43SWeQeXBbw8uu7XnIDozqxTZ6l9i0we5blaF78p9OGNULn1xm7sH6cRcASirFyJnqQ1Ek-4WoDRSxZufxMzy21AAFG9tEnVfA-E_W4ibLpd752VjJIVgctenBUpX7E4OueTyfNFwvQ9W9xeRbo6dKfol19UiV13tmkT-xz8USRyVNbd_uA8t-kw3jVlXRCRvBsUwlvfFrVPJIBuTy4IIpSRGSxAChc0NkKsY8Zxv4XeIXodfV7qRjlzDegC4kJw4QLyGLF0sQqqPzqN4MIisimcoOHiudQ\" target=\"_blank\" rel=\"noopener noreferrer\">Link para Lattes: http:\/\/lattes.cnpq.br\/7571304282489648<\/a><\/p>\n","protected":false},"excerpt":{"rendered":"<p>Graduada em Obstetr\u00edcia pela Universidade de S\u00e3o Paulo (2019). Iniciou suas atividades no grupo de pesquisa ainda na inicia\u00e7\u00e3o cient\u00edfica, em 2015, onde trabalhou com a caracteriza\u00e7\u00e3o de c\u00e9lulas-tronco mesenquimais do cord\u00e3o umbilical e o cultivo de c\u00e9lulas musculares in vitro com o tratamento de medica\u00e7\u00e3o fitoter\u00e1pica. Atualmente desenvolve projeto de mestrado no programa de Bioqu\u00edmica e Biologia Molecular, da Escola de Artes, Ci\u00eancias e Humanidades da Universidade de S\u00e3o Paulo, realizando an\u00e1lise molecular de c\u00e9lulas musculares esquel\u00e9ticas e suas prote\u00ednas, no cen\u00e1rio da resist\u00eancia \u00e0 insulina. Link para Lattes: http:\/\/lattes.cnpq.br\/7571304282489648<\/p>\n","protected":false},"author":484,"featured_media":0,"parent":0,"menu_order":0,"comment_status":"closed","ping_status":"closed","template":"","meta":{"_monsterinsights_skip_tracking":false,"_monsterinsights_sitenote_active":false,"_monsterinsights_sitenote_note":"","_monsterinsights_sitenote_category":0,"footnotes":"","_links_to":"","_links_to_target":""},"class_list":["post-378","page","type-page","status-publish","hentry"],"_links":{"self":[{"href":"https:\/\/sites.usp.br\/lafipebio\/wp-json\/wp\/v2\/pages\/378","targetHints":{"allow":["GET"]}}],"collection":[{"href":"https:\/\/sites.usp.br\/lafipebio\/wp-json\/wp\/v2\/pages"}],"about":[{"href":"https:\/\/sites.usp.br\/lafipebio\/wp-json\/wp\/v2\/types\/page"}],"author":[{"embeddable":true,"href":"https:\/\/sites.usp.br\/lafipebio\/wp-json\/wp\/v2\/users\/484"}],"replies":[{"embeddable":true,"href":"https:\/\/sites.usp.br\/lafipebio\/wp-json\/wp\/v2\/comments?post=378"}],"version-history":[{"count":4,"href":"https:\/\/sites.usp.br\/lafipebio\/wp-json\/wp\/v2\/pages\/378\/revisions"}],"predecessor-version":[{"id":404,"href":"https:\/\/sites.usp.br\/lafipebio\/wp-json\/wp\/v2\/pages\/378\/revisions\/404"}],"wp:attachment":[{"href":"https:\/\/sites.usp.br\/lafipebio\/wp-json\/wp\/v2\/media?parent=378"}],"curies":[{"name":"wp","href":"https:\/\/api.w.org\/{rel}","templated":true}]}}