{"id":389,"date":"2020-06-03T18:06:28","date_gmt":"2020-06-03T20:06:28","guid":{"rendered":"https:\/\/sites.usp.br\/lafipebio\/?page_id=389"},"modified":"2020-06-03T18:36:54","modified_gmt":"2020-06-03T20:36:54","slug":"william-moreira-miguel","status":"publish","type":"page","link":"https:\/\/sites.usp.br\/lafipebio\/william-moreira-miguel\/","title":{"rendered":"William Moreira Miguel"},"content":{"rendered":"<p>Graduado em Qu\u00edmica pela Universidade de Guarulhos (2006), p\u00f3s-graduado no curso de Lato Sensu em Qu\u00edmica pela Faculdades Oswaldo Cruz e mestrando em Bioqu\u00edmica e Biologia Molecular pela USP. Professor de Qu\u00edmica e T\u00e9cnico em Qu\u00edmica &#8211; Col\u00e9gios Vicentinos, Secretaria da Educa\u00e7\u00e3o do Estado de S\u00e3o Paulo e do Centro Estadual de Educa\u00e7\u00e3o Tecnol\u00f3gica Paula Souza.<\/p>\n<p>E-mail USP: willian.miguel@usp.br<\/p>\n<p><a href=\"http:\/\/buscatextual.cnpq.br\/buscatextual\/visualizacv.do?id=K2181257P5\">Link CV Lattes:http:\/\/lattes.cnpq.br\/2652077460163812<\/a><\/p>\n<p>&nbsp;<\/p>\n<p><strong>Forma\u00e7\u00e3o<\/strong><\/p>\n<p><strong>1- Gradua\u00e7\u00e3o<\/strong><\/p>\n<p>Licenciatura e Bacharelado em Qu\u00edmica<\/p>\n<p>Data de conclus\u00e3o:2006<\/p>\n<p>&nbsp;<\/p>\n<p><strong>2- P\u00f3s-gradua\u00e7\u00e3o<\/strong><\/p>\n<p>N\u00edvel Mestrado<\/p>\n<p>Curso: Bioqu\u00edmica e Biologia Molecular<\/p>\n<p>Ano de ingresso: 2018<\/p>\n<p>Ano de t\u00e9rmino ou conclus\u00e3o no programa: 2020<\/p>\n<p>Projeto: Efeito de \u00edons zinco na prolifera\u00e7\u00e3o e diferencia\u00e7\u00e3o de queratin\u00f3citos in vitro: perspectivas para o tratamento da psor\u00edase<\/p>\n<p>Resumo: A pele \u00e9 o manto de revestimento do organismo e isola os componentes org\u00e2nicos do meio exterior. A pele humana \u00e9 formada, essencialmente, por tr\u00eas camadas: a epiderme, a derme e a tela subcut\u00e2nea. As c\u00e9lulas da epiderme, os queratin\u00f3citos, se renovam constantemente, por\u00e9m, algumas condi\u00e7\u00f5es patol\u00f3gicas, tais como a psor\u00edase, podem afetar a prolifera\u00e7\u00e3o e a diferencia\u00e7\u00e3o dessas c\u00e9lulas. Diferentes enzimas participam no processo de diferencia\u00e7\u00e3o dos queratin\u00f3citos e na descama\u00e7\u00e3o da epiderme como as calicre\u00ednas epidermais 5, 6 e 7 (KLK 5, 6 e 7). A KLK7 tamb\u00e9m participa na ativa\u00e7\u00e3o da pr\u00f3-interleucina 1-beta (IL-1), citocina envolvida no processo inflamat\u00f3rio verificado na psor\u00edase, sendo uma enzima fortemente inibida por \u00edons zinco. A partir dessas evid\u00eancias, interessamo-nos em estudar o efeito de diferentes concentra\u00e7\u00f5es de \u00edons de zinco na prolifera\u00e7\u00e3o e diferencia\u00e7\u00e3o de c\u00e9lulas epid\u00e9rmicas da linhagem HaCat e HEK, bem como avaliar a express\u00e3o de marcadores epid\u00e9rmicos durante o processo de diferencia\u00e7\u00e3o. Os resultados desse projeto abrem perspectivas para compreens\u00e3o de eventos moleculares envolvidos tanto na diferencia\u00e7\u00e3o normal da epiderme como no desenvolvimento da psor\u00edase, contribuindo para as futuras tentativas terap\u00eauticas relacionadas a essa doen\u00e7a, j\u00e1 que se trata de uma doen\u00e7a sem cura, para a qual o tratamento com corticoides \u00e9 \u00fanica alternativa para o al\u00edvio dos sintomas.<\/p>\n<p>&nbsp;<\/p>\n<p><strong>Participa\u00e7\u00e3o em eventos<\/strong><\/p>\n<p>48a Reuni\u00e3o Anual da Sociedade Brasileira de Bioqu\u00edmica e Biologia Molecular, realizada em \u00c1guas de Lindoia, S\u00e3o Paulo, no per\u00edodo de 14 a 17 de maio de 2019.<\/p>\n","protected":false},"excerpt":{"rendered":"<p>Graduado em Qu\u00edmica pela Universidade de Guarulhos (2006), p\u00f3s-graduado no curso de Lato Sensu em Qu\u00edmica pela Faculdades Oswaldo Cruz e mestrando em Bioqu\u00edmica e Biologia Molecular pela USP. Professor de Qu\u00edmica e T\u00e9cnico em Qu\u00edmica &#8211; Col\u00e9gios Vicentinos, Secretaria da Educa\u00e7\u00e3o do Estado de S\u00e3o Paulo e do Centro Estadual de Educa\u00e7\u00e3o Tecnol\u00f3gica Paula Souza. E-mail USP: willian.miguel@usp.br Link CV Lattes:http:\/\/lattes.cnpq.br\/2652077460163812 &nbsp; Forma\u00e7\u00e3o 1- Gradua\u00e7\u00e3o Licenciatura e Bacharelado em Qu\u00edmica Data de conclus\u00e3o:2006 &nbsp; 2- P\u00f3s-gradua\u00e7\u00e3o N\u00edvel Mestrado Curso: Bioqu\u00edmica e Biologia Molecular Ano de ingresso: 2018 Ano de t\u00e9rmino ou conclus\u00e3o no programa: 2020 Projeto: Efeito de \u00edons zinco na prolifera\u00e7\u00e3o e diferencia\u00e7\u00e3o de queratin\u00f3citos in vitro: perspectivas para o tratamento da psor\u00edase Resumo: A pele \u00e9 o manto de revestimento do organismo e isola os componentes org\u00e2nicos do meio exterior. A pele humana \u00e9 formada, essencialmente, por tr\u00eas camadas: a epiderme, a derme e a tela subcut\u00e2nea. As c\u00e9lulas da epiderme, os queratin\u00f3citos, se renovam constantemente, por\u00e9m, algumas condi\u00e7\u00f5es patol\u00f3gicas, tais como a psor\u00edase, podem afetar a prolifera\u00e7\u00e3o e a diferencia\u00e7\u00e3o dessas c\u00e9lulas. Diferentes enzimas participam no processo de diferencia\u00e7\u00e3o dos queratin\u00f3citos e na descama\u00e7\u00e3o da epiderme como as calicre\u00ednas epidermais 5, 6 e 7 (KLK 5, [&#8230;]<\/p>\n","protected":false},"author":484,"featured_media":0,"parent":0,"menu_order":0,"comment_status":"closed","ping_status":"closed","template":"","meta":{"_monsterinsights_skip_tracking":false,"_monsterinsights_sitenote_active":false,"_monsterinsights_sitenote_note":"","_monsterinsights_sitenote_category":0,"footnotes":"","_links_to":"","_links_to_target":""},"class_list":["post-389","page","type-page","status-publish","hentry"],"_links":{"self":[{"href":"https:\/\/sites.usp.br\/lafipebio\/wp-json\/wp\/v2\/pages\/389","targetHints":{"allow":["GET"]}}],"collection":[{"href":"https:\/\/sites.usp.br\/lafipebio\/wp-json\/wp\/v2\/pages"}],"about":[{"href":"https:\/\/sites.usp.br\/lafipebio\/wp-json\/wp\/v2\/types\/page"}],"author":[{"embeddable":true,"href":"https:\/\/sites.usp.br\/lafipebio\/wp-json\/wp\/v2\/users\/484"}],"replies":[{"embeddable":true,"href":"https:\/\/sites.usp.br\/lafipebio\/wp-json\/wp\/v2\/comments?post=389"}],"version-history":[{"count":4,"href":"https:\/\/sites.usp.br\/lafipebio\/wp-json\/wp\/v2\/pages\/389\/revisions"}],"predecessor-version":[{"id":408,"href":"https:\/\/sites.usp.br\/lafipebio\/wp-json\/wp\/v2\/pages\/389\/revisions\/408"}],"wp:attachment":[{"href":"https:\/\/sites.usp.br\/lafipebio\/wp-json\/wp\/v2\/media?parent=389"}],"curies":[{"name":"wp","href":"https:\/\/api.w.org\/{rel}","templated":true}]}}