{"id":79,"date":"2014-02-24T16:51:20","date_gmt":"2014-02-24T18:51:20","guid":{"rendered":"http:\/\/sites.usp.br\/lafipebio\/?page_id=79"},"modified":"2023-05-19T19:52:20","modified_gmt":"2023-05-19T21:52:20","slug":"pagina-inicial","status":"publish","type":"page","link":"https:\/\/sites.usp.br\/lafipebio\/","title":{"rendered":"Laborat\u00f3rio de Fisiologia da Pele e Bioengenharia Tecidual"},"content":{"rendered":"<div id=\"pl-79\"  class=\"panel-layout\" ><div id=\"pg-79-0\"  class=\"panel-grid panel-no-style\" ><div id=\"pgc-79-0-0\"  class=\"panel-grid-cell\" ><div id=\"panel-79-0-0-0\" class=\"so-panel widget widget_sow-slider panel-first-child panel-last-child\" data-index=\"0\" ><div\n\t\t\t\n\t\t\tclass=\"so-widget-sow-slider so-widget-sow-slider-default-6d39609536fd-79\"\n\t\t\t\n\t\t>\t\t\t\t<div class=\"sow-slider-base\" style=\"display: none\" tabindex=\"0\">\n\t\t\t\t\t<ul\n\t\t\t\t\tclass=\"sow-slider-images\"\n\t\t\t\t\tdata-settings=\"{&quot;pagination&quot;:true,&quot;speed&quot;:800,&quot;timeout&quot;:8000,&quot;paused&quot;:false,&quot;pause_on_hover&quot;:false,&quot;swipe&quot;:true,&quot;nav_always_show_desktop&quot;:&quot;&quot;,&quot;nav_always_show_mobile&quot;:&quot;&quot;,&quot;breakpoint&quot;:&quot;780px&quot;,&quot;unmute&quot;:false,&quot;anchor&quot;:null}\"\n\t\t\t\t\t\t\t\t\t\tdata-anchor-id=\"\"\n\t\t\t\t>\t\t<li class=\"sow-slider-image\" style=\"visibility: visible;\" >\n\t\t\t\t\t\t<img loading=\"lazy\" decoding=\"async\" width=\"1414\" height=\"1092\" src=\"https:\/\/sites.usp.br\/lafipebio\/wp-content\/uploads\/sites\/743\/2020\/06\/Graphical-abstract.jpg\" class=\"sow-slider-background-image\" alt=\"\" style=\"\" srcset=\"https:\/\/sites.usp.br\/lafipebio\/wp-content\/uploads\/sites\/743\/2020\/06\/Graphical-abstract.jpg 1414w, https:\/\/sites.usp.br\/lafipebio\/wp-content\/uploads\/sites\/743\/2020\/06\/Graphical-abstract-300x232.jpg 300w, https:\/\/sites.usp.br\/lafipebio\/wp-content\/uploads\/sites\/743\/2020\/06\/Graphical-abstract-1024x791.jpg 1024w, https:\/\/sites.usp.br\/lafipebio\/wp-content\/uploads\/sites\/743\/2020\/06\/Graphical-abstract-768x593.jpg 768w, https:\/\/sites.usp.br\/lafipebio\/wp-content\/uploads\/sites\/743\/2020\/06\/Graphical-abstract-400x309.jpg 400w\" sizes=\"auto, (max-width: 1414px) 100vw, 1414px\" \/>\t\t<\/li>\n\t\t\t\t<li class=\"sow-slider-image\" style=\"visibility: hidden;\" >\n\t\t\t\t\t\t<img loading=\"lazy\" decoding=\"async\" width=\"867\" height=\"414\" src=\"https:\/\/sites.usp.br\/lafipebio\/wp-content\/uploads\/sites\/743\/2020\/05\/Fibras-PCL-com-c\u00e9lulas.png\" class=\"sow-slider-background-image\" alt=\"\" style=\"\" srcset=\"https:\/\/sites.usp.br\/lafipebio\/wp-content\/uploads\/sites\/743\/2020\/05\/Fibras-PCL-com-c\u00e9lulas.png 867w, https:\/\/sites.usp.br\/lafipebio\/wp-content\/uploads\/sites\/743\/2020\/05\/Fibras-PCL-com-c\u00e9lulas-300x143.png 300w, https:\/\/sites.usp.br\/lafipebio\/wp-content\/uploads\/sites\/743\/2020\/05\/Fibras-PCL-com-c\u00e9lulas-768x367.png 768w, https:\/\/sites.usp.br\/lafipebio\/wp-content\/uploads\/sites\/743\/2020\/05\/Fibras-PCL-com-c\u00e9lulas-400x191.png 400w\" sizes=\"auto, (max-width: 867px) 100vw, 867px\" \/>\t\t<\/li>\n\t\t\t\t<li class=\"sow-slider-image\" style=\"visibility: hidden;\" >\n\t\t\t\t\t\t<img loading=\"lazy\" decoding=\"async\" width=\"801\" height=\"426\" src=\"https:\/\/sites.usp.br\/lafipebio\/wp-content\/uploads\/sites\/743\/2020\/05\/FIbras-PCL-gelatina.png\" class=\"sow-slider-background-image\" alt=\"\" style=\"\" srcset=\"https:\/\/sites.usp.br\/lafipebio\/wp-content\/uploads\/sites\/743\/2020\/05\/FIbras-PCL-gelatina.png 801w, https:\/\/sites.usp.br\/lafipebio\/wp-content\/uploads\/sites\/743\/2020\/05\/FIbras-PCL-gelatina-300x160.png 300w, https:\/\/sites.usp.br\/lafipebio\/wp-content\/uploads\/sites\/743\/2020\/05\/FIbras-PCL-gelatina-768x408.png 768w, https:\/\/sites.usp.br\/lafipebio\/wp-content\/uploads\/sites\/743\/2020\/05\/FIbras-PCL-gelatina-400x213.png 400w\" sizes=\"auto, (max-width: 801px) 100vw, 801px\" \/>\t\t<\/li>\n\t\t\t\t<li class=\"sow-slider-image\" style=\"visibility: hidden;\" >\n\t\t\t\t\t\t<img loading=\"lazy\" decoding=\"async\" width=\"792\" height=\"396\" src=\"https:\/\/sites.usp.br\/lafipebio\/wp-content\/uploads\/sites\/743\/2020\/05\/Pele-reconstitu\u00edda.png\" class=\"sow-slider-background-image\" alt=\"\" style=\"\" srcset=\"https:\/\/sites.usp.br\/lafipebio\/wp-content\/uploads\/sites\/743\/2020\/05\/Pele-reconstitu\u00edda.png 792w, https:\/\/sites.usp.br\/lafipebio\/wp-content\/uploads\/sites\/743\/2020\/05\/Pele-reconstitu\u00edda-300x150.png 300w, https:\/\/sites.usp.br\/lafipebio\/wp-content\/uploads\/sites\/743\/2020\/05\/Pele-reconstitu\u00edda-768x384.png 768w, https:\/\/sites.usp.br\/lafipebio\/wp-content\/uploads\/sites\/743\/2020\/05\/Pele-reconstitu\u00edda-600x300.png 600w, https:\/\/sites.usp.br\/lafipebio\/wp-content\/uploads\/sites\/743\/2020\/05\/Pele-reconstitu\u00edda-400x200.png 400w\" sizes=\"auto, (max-width: 792px) 100vw, 792px\" \/>\t\t<\/li>\n\t\t\t\t<li class=\"sow-slider-image\" style=\"visibility: hidden;\" >\n\t\t\t\t\t\t<img loading=\"lazy\" decoding=\"async\" width=\"443\" height=\"547\" src=\"https:\/\/sites.usp.br\/lafipebio\/wp-content\/uploads\/sites\/743\/2020\/05\/Separac\u00e3o-derme-da-epiderme.png\" class=\"sow-slider-background-image\" alt=\"\" style=\"\" srcset=\"https:\/\/sites.usp.br\/lafipebio\/wp-content\/uploads\/sites\/743\/2020\/05\/Separac\u00e3o-derme-da-epiderme.png 443w, https:\/\/sites.usp.br\/lafipebio\/wp-content\/uploads\/sites\/743\/2020\/05\/Separac\u00e3o-derme-da-epiderme-243x300.png 243w, https:\/\/sites.usp.br\/lafipebio\/wp-content\/uploads\/sites\/743\/2020\/05\/Separac\u00e3o-derme-da-epiderme-400x494.png 400w\" sizes=\"auto, (max-width: 443px) 100vw, 443px\" \/>\t\t<\/li>\n\t\t\t\t<li class=\"sow-slider-image\" style=\"visibility: hidden;\" >\n\t\t\t\t\t\t<img loading=\"lazy\" decoding=\"async\" width=\"1414\" height=\"1092\" src=\"https:\/\/sites.usp.br\/lafipebio\/wp-content\/uploads\/sites\/743\/2020\/06\/Graphical-abstract.jpg\" class=\"sow-slider-background-image\" alt=\"\" style=\"\" srcset=\"https:\/\/sites.usp.br\/lafipebio\/wp-content\/uploads\/sites\/743\/2020\/06\/Graphical-abstract.jpg 1414w, https:\/\/sites.usp.br\/lafipebio\/wp-content\/uploads\/sites\/743\/2020\/06\/Graphical-abstract-300x232.jpg 300w, https:\/\/sites.usp.br\/lafipebio\/wp-content\/uploads\/sites\/743\/2020\/06\/Graphical-abstract-1024x791.jpg 1024w, https:\/\/sites.usp.br\/lafipebio\/wp-content\/uploads\/sites\/743\/2020\/06\/Graphical-abstract-768x593.jpg 768w, https:\/\/sites.usp.br\/lafipebio\/wp-content\/uploads\/sites\/743\/2020\/06\/Graphical-abstract-400x309.jpg 400w\" sizes=\"auto, (max-width: 1414px) 100vw, 1414px\" \/>\t\t<\/li>\n\t\t\t\t<li class=\"sow-slider-image\" style=\"visibility: hidden;\" >\n\t\t\t\t\t\t<img loading=\"lazy\" decoding=\"async\" width=\"800\" height=\"420\" src=\"https:\/\/sites.usp.br\/lafipebio\/wp-content\/uploads\/sites\/743\/2020\/06\/tissue.png\" class=\"sow-slider-background-image\" alt=\"\" style=\"\" srcset=\"https:\/\/sites.usp.br\/lafipebio\/wp-content\/uploads\/sites\/743\/2020\/06\/tissue.png 800w, https:\/\/sites.usp.br\/lafipebio\/wp-content\/uploads\/sites\/743\/2020\/06\/tissue-300x158.png 300w, https:\/\/sites.usp.br\/lafipebio\/wp-content\/uploads\/sites\/743\/2020\/06\/tissue-768x403.png 768w, https:\/\/sites.usp.br\/lafipebio\/wp-content\/uploads\/sites\/743\/2020\/06\/tissue-400x210.png 400w\" sizes=\"auto, (max-width: 800px) 100vw, 800px\" \/>\t\t<\/li>\n\t\t<\/ul>\t\t\t\t<ol class=\"sow-slider-pagination\">\n\t\t\t\t\t\t\t\t\t\t\t<li><a href=\"#\" data-goto=\"0\" aria-label=\"Display slide 1\"><\/a><\/li>\n\t\t\t\t\t\t\t\t\t\t\t<li><a href=\"#\" data-goto=\"1\" aria-label=\"Display slide 2\"><\/a><\/li>\n\t\t\t\t\t\t\t\t\t\t\t<li><a href=\"#\" data-goto=\"2\" aria-label=\"Display slide 3\"><\/a><\/li>\n\t\t\t\t\t\t\t\t\t\t\t<li><a href=\"#\" data-goto=\"3\" aria-label=\"Display slide 4\"><\/a><\/li>\n\t\t\t\t\t\t\t\t\t\t\t<li><a href=\"#\" data-goto=\"4\" aria-label=\"Display slide 5\"><\/a><\/li>\n\t\t\t\t\t\t\t\t\t\t\t<li><a href=\"#\" data-goto=\"5\" aria-label=\"Display slide 6\"><\/a><\/li>\n\t\t\t\t\t\t\t\t\t\t\t<li><a href=\"#\" data-goto=\"6\" aria-label=\"Display slide 7\"><\/a><\/li>\n\t\t\t\t\t\t\t\t\t<\/ol>\n\n\t\t\t\t<div class=\"sow-slide-nav sow-slide-nav-next\">\n\t\t\t\t\t<a href=\"#\" data-goto=\"next\" aria-label=\"Next slide\" data-action=\"next\">\n\t\t\t\t\t\t<em class=\"sow-sld-icon-thin-right\"><\/em>\n\t\t\t\t\t<\/a>\n\t\t\t\t<\/div>\n\n\t\t\t\t<div class=\"sow-slide-nav sow-slide-nav-prev\">\n\t\t\t\t\t<a href=\"#\" data-goto=\"previous\" aria-label=\"Previous slide\" data-action=\"prev\">\n\t\t\t\t\t\t<em class=\"sow-sld-icon-thin-left\"><\/em>\n\t\t\t\t\t<\/a>\n\t\t\t\t<\/div>\n\t\t\t\t<\/div><\/div><\/div><\/div><\/div><div id=\"pg-79-1\"  class=\"panel-grid panel-no-style\" ><div id=\"pgc-79-1-0\"  class=\"panel-grid-cell\" ><div id=\"panel-79-1-0-0\" class=\"so-panel widget widget_sow-editor panel-first-child panel-last-child\" data-index=\"1\" ><div\n\t\t\t\n\t\t\tclass=\"so-widget-sow-editor so-widget-sow-editor-base\"\n\t\t\t\n\t\t><h3 class=\"widget-title\">O Laborat\u00f3rio construindo pontes em tempos de pandemia<\/h3>\n<div class=\"siteorigin-widget-tinymce textwidget\">\n\t<p><a href=\"https:\/\/www.linkedin.com\/company\/biocelltisbioengenharia\/\"><img loading=\"lazy\" decoding=\"async\" class=\"alignnone size-medium wp-image-470\" src=\"https:\/\/sites.usp.br\/lafipebio\/wp-content\/uploads\/sites\/743\/2020\/06\/Projetos-Biocelltis-1-300x154.jpg\" alt=\"\" width=\"300\" height=\"154\" data-id=\"470\" srcset=\"https:\/\/sites.usp.br\/lafipebio\/wp-content\/uploads\/sites\/743\/2020\/06\/Projetos-Biocelltis-1-300x154.jpg 300w, https:\/\/sites.usp.br\/lafipebio\/wp-content\/uploads\/sites\/743\/2020\/06\/Projetos-Biocelltis-1-1024x526.jpg 1024w, https:\/\/sites.usp.br\/lafipebio\/wp-content\/uploads\/sites\/743\/2020\/06\/Projetos-Biocelltis-1-768x395.jpg 768w, https:\/\/sites.usp.br\/lafipebio\/wp-content\/uploads\/sites\/743\/2020\/06\/Projetos-Biocelltis-1-400x206.jpg 400w, https:\/\/sites.usp.br\/lafipebio\/wp-content\/uploads\/sites\/743\/2020\/06\/Projetos-Biocelltis-1.jpg 1220w\" sizes=\"auto, (max-width: 300px) 100vw, 300px\" \/><\/a><a href=\"https:\/\/www.linkedin.com\/company\/biocelltisbioengenharia\/\"><img loading=\"lazy\" decoding=\"async\" class=\"alignnone size-medium wp-image-471\" src=\"https:\/\/sites.usp.br\/lafipebio\/wp-content\/uploads\/sites\/743\/2020\/06\/Projetos-Biocelltis-2-300x154.jpg\" alt=\"\" width=\"300\" height=\"154\" data-id=\"471\" srcset=\"https:\/\/sites.usp.br\/lafipebio\/wp-content\/uploads\/sites\/743\/2020\/06\/Projetos-Biocelltis-2-300x154.jpg 300w, https:\/\/sites.usp.br\/lafipebio\/wp-content\/uploads\/sites\/743\/2020\/06\/Projetos-Biocelltis-2-1024x526.jpg 1024w, https:\/\/sites.usp.br\/lafipebio\/wp-content\/uploads\/sites\/743\/2020\/06\/Projetos-Biocelltis-2-768x395.jpg 768w, https:\/\/sites.usp.br\/lafipebio\/wp-content\/uploads\/sites\/743\/2020\/06\/Projetos-Biocelltis-2-400x206.jpg 400w, https:\/\/sites.usp.br\/lafipebio\/wp-content\/uploads\/sites\/743\/2020\/06\/Projetos-Biocelltis-2.jpg 1220w\" sizes=\"auto, (max-width: 300px) 100vw, 300px\" \/><\/a><a href=\"https:\/\/sites.usp.br\/lafipebio\/wp-content\/uploads\/sites\/743\/2020\/06\/Projetos-Biocelltis-1.jpg\"><br \/>\n<\/a><\/p>\n<\/div>\n<\/div><\/div><\/div><div id=\"pgc-79-1-1\"  class=\"panel-grid-cell\" ><div id=\"panel-79-1-1-0\" class=\"so-panel widget widget_sow-editor panel-first-child panel-last-child\" data-index=\"2\" ><div\n\t\t\t\n\t\t\tclass=\"so-widget-sow-editor so-widget-sow-editor-base\"\n\t\t\t\n\t\t>\n<div class=\"siteorigin-widget-tinymce textwidget\">\n\t<p>O Laborat\u00f3rio de Fisiologia da Pele e Bioengenharia Tecidual em parceria com a empresa Biocelltis para a produ\u00e7\u00e3o de um modelo 3D de epit\u00e9lio pulmonar usando as matrizes CellFate\u00ae<\/p>\n<h3 class=\"fl-cta-title\"><a href=\"http:\/\/www.biocelltis.com\/cellfate\/\" target=\"_blank\" rel=\"noopener\">Conhe\u00e7a o CellFate\u00ae<\/a><\/h3>\n<div class=\"fl-cta-text-content\">\n<p>A matriz extracelular possui importante fun\u00e7\u00e3o na sinaliza\u00e7\u00e3o celular e \u00e9 espec\u00edfica para cada \u00f3rg\u00e3o. As matrizes CellFate\u00ae\u00a0oferecem as propriedades mec\u00e2nicas e bioqu\u00edmicas para o estabelecimento de diferentes plataformas <em>in vitro<\/em> para estudo e teste de drogas.<\/p>\n<\/div>\n<p>&nbsp;<\/p>\n<\/div>\n<\/div><\/div><\/div><\/div><div id=\"pg-79-2\"  class=\"panel-grid panel-no-style\" ><div id=\"pgc-79-2-0\"  class=\"panel-grid-cell\" ><div id=\"panel-79-2-0-0\" class=\"so-panel widget widget_sow-video panel-first-child panel-last-child\" data-index=\"3\" ><div\n\t\t\t\n\t\t\tclass=\"so-widget-sow-video so-widget-sow-video-default-f379b959fc93-79\"\n\t\t\t\n\t\t><h3 class=\"widget-title\">Sistema de entrega de enzimas recombinantes com a\u00e7\u00e3o antioxidante na pele e em outros tecidos<\/h3>\n<div class=\"sow-video-wrapper\n\">\n\t\t\t<video\n\t\t\tid=\"sow-player-1\" class=\"sow-video-widget\" preload=\"auto\" style=\"width:100%;height:100%;\" autoplay playsinline muted=\"1\" controls \t\t>\n\t\t\t\t\t\t\t<source type=\"video\/mp4\" src=\"https:\/\/sites.usp.br\/lafipebio\/wp-content\/uploads\/sites\/743\/2023\/05\/SkinZymes_ENZIMAS-RECOMBINANTES.mp4\"\/>\n\t\t\t\t\t<\/video>\n\t<\/div>\n<\/div><\/div><\/div><\/div><div id=\"pg-79-3\"  class=\"panel-grid panel-no-style\" ><div id=\"pgc-79-3-0\"  class=\"panel-grid-cell\" ><div id=\"panel-79-3-0-0\" class=\"so-panel widget widget_sow-editor panel-first-child panel-last-child\" data-index=\"4\" ><div class=\"panel-widget-style panel-widget-style-for-79-3-0-0\" ><div\n\t\t\t\n\t\t\tclass=\"so-widget-sow-editor so-widget-sow-editor-base\"\n\t\t\t\n\t\t><h3 class=\"widget-title\">Membros<\/h3>\n<div class=\"siteorigin-widget-tinymce textwidget\">\n\t<\/div>\n<\/div><\/div><\/div><\/div><\/div><div id=\"pg-79-4\"  class=\"panel-grid panel-no-style\" ><div id=\"pgc-79-4-0\"  class=\"panel-grid-cell\" ><div id=\"panel-79-4-0-0\" class=\"so-panel widget widget_sow-editor panel-first-child panel-last-child\" data-index=\"5\" ><div\n\t\t\t\n\t\t\tclass=\"so-widget-sow-editor so-widget-sow-editor-base\"\n\t\t\t\n\t\t><h3 class=\"widget-title\">Viviane<\/h3>\n<div class=\"siteorigin-widget-tinymce textwidget\">\n\t<h4 style=\"text-align: center;\"><a href=\"https:\/\/sites.usp.br\/lafipebio\/wp-content\/uploads\/sites\/743\/2020\/06\/Foto-Vivi-site-recortada.jpg\"><img loading=\"lazy\" decoding=\"async\" class=\"alignnone size-medium wp-image-465\" src=\"https:\/\/sites.usp.br\/lafipebio\/wp-content\/uploads\/sites\/743\/2020\/06\/Foto-Vivi-site-recortada-192x300.jpg\" alt=\"\" width=\"192\" height=\"300\" data-id=\"465\" srcset=\"https:\/\/sites.usp.br\/lafipebio\/wp-content\/uploads\/sites\/743\/2020\/06\/Foto-Vivi-site-recortada-192x300.jpg 192w, https:\/\/sites.usp.br\/lafipebio\/wp-content\/uploads\/sites\/743\/2020\/06\/Foto-Vivi-site-recortada.jpg 356w\" sizes=\"auto, (max-width: 192px) 100vw, 192px\" \/><\/a><\/h4>\n<p style=\"text-align: center;\"><a href=\"https:\/\/sites.usp.br\/lafipebio\/viviane-nunes\/\">Respons\u00e1vel<\/a><\/p>\n<p>&nbsp;<\/p>\n<p><strong>\u00a0 \u00a0 \u00a0 \u00a0 \u00a0 \u00a0 \u00a0 \u00a0 \u00a0 \u00a0<\/strong><\/p>\n<\/div>\n<\/div><\/div><\/div><div id=\"pgc-79-4-1\"  class=\"panel-grid-cell\" ><div id=\"panel-79-4-1-0\" class=\"so-panel widget widget_sow-editor panel-first-child panel-last-child\" data-index=\"6\" ><div\n\t\t\t\n\t\t\tclass=\"so-widget-sow-editor so-widget-sow-editor-base\"\n\t\t\t\n\t\t><h3 class=\"widget-title\">Jeniffer<\/h3>\n<div class=\"siteorigin-widget-tinymce textwidget\">\n\t<p><strong><img loading=\"lazy\" decoding=\"async\" class=\"size-full wp-image-299 aligncenter\" src=\"https:\/\/sites.usp.br\/lafipebio\/wp-content\/uploads\/sites\/743\/2020\/06\/Jeniffer-2.jpg\" alt=\"\" width=\"224\" height=\"291\" data-id=\"299\" \/><\/strong><\/p>\n<p style=\"text-align: center;\"><a href=\"https:\/\/sites.usp.br\/lafipebio\/jeniffer-farias-dos-santos\/\">Doutorado<\/a><\/p>\n<\/div>\n<\/div><\/div><\/div><div id=\"pgc-79-4-2\"  class=\"panel-grid-cell\" ><div id=\"panel-79-4-2-0\" class=\"so-panel widget widget_sow-editor panel-first-child panel-last-child\" data-index=\"7\" ><div\n\t\t\t\n\t\t\tclass=\"so-widget-sow-editor so-widget-sow-editor-base\"\n\t\t\t\n\t\t><h3 class=\"widget-title\">Myrian<\/h3>\n<div class=\"siteorigin-widget-tinymce textwidget\">\n\t<p><a href=\"https:\/\/sites.usp.br\/lafipebio\/wp-content\/uploads\/sites\/743\/2020\/05\/Myrian2.jpg\"><img loading=\"lazy\" decoding=\"async\" class=\"alignnone size-full wp-image-228 aligncenter\" src=\"https:\/\/sites.usp.br\/lafipebio\/wp-content\/uploads\/sites\/743\/2020\/05\/Myrian2.jpg\" alt=\"\" width=\"236\" height=\"300\" data-id=\"228\" \/><\/a><\/p>\n<p style=\"text-align: center;\"><a href=\"https:\/\/sites.usp.br\/lafipebio\/myrian\/\">Mestrado<\/a><\/p>\n<\/div>\n<\/div><\/div><\/div><\/div><div id=\"pg-79-5\"  class=\"panel-grid panel-no-style\" ><div id=\"pgc-79-5-0\"  class=\"panel-grid-cell\" ><div id=\"panel-79-5-0-0\" class=\"so-panel widget widget_sow-editor panel-first-child panel-last-child\" data-index=\"8\" ><div\n\t\t\t\n\t\t\tclass=\"so-widget-sow-editor so-widget-sow-editor-base\"\n\t\t\t\n\t\t><h3 class=\"widget-title\">Gustavo<\/h3>\n<div class=\"siteorigin-widget-tinymce textwidget\">\n\t<p><a href=\"https:\/\/sites.usp.br\/lafipebio\/wp-content\/uploads\/sites\/743\/2020\/05\/Gustavo2.jpg\"><img loading=\"lazy\" decoding=\"async\" class=\"alignnone size-full wp-image-225 aligncenter\" src=\"https:\/\/sites.usp.br\/lafipebio\/wp-content\/uploads\/sites\/743\/2020\/05\/Gustavo2.jpg\" alt=\"\" width=\"239\" height=\"300\" data-id=\"225\" \/><\/a><\/p>\n<p style=\"text-align: center;\"><a href=\"https:\/\/sites.usp.br\/lafipebio\/gustavo\/\">Mestrado<\/a><\/p>\n<\/div>\n<\/div><\/div><\/div><div id=\"pgc-79-5-1\"  class=\"panel-grid-cell\" ><div id=\"panel-79-5-1-0\" class=\"so-panel widget widget_sow-editor panel-first-child panel-last-child\" data-index=\"9\" ><div\n\t\t\t\n\t\t\tclass=\"so-widget-sow-editor so-widget-sow-editor-base\"\n\t\t\t\n\t\t><h3 class=\"widget-title\">Bruna<\/h3>\n<div class=\"siteorigin-widget-tinymce textwidget\">\n\t<h3><a href=\"https:\/\/sites.usp.br\/lafipebio\/wp-content\/uploads\/sites\/743\/2020\/06\/Bruna-2-1.png\"><img loading=\"lazy\" decoding=\"async\" class=\"alignnone size-medium wp-image-292 aligncenter\" src=\"https:\/\/sites.usp.br\/lafipebio\/wp-content\/uploads\/sites\/743\/2020\/06\/Bruna-2-1-229x300.png\" alt=\"\" width=\"229\" height=\"300\" data-id=\"292\" srcset=\"https:\/\/sites.usp.br\/lafipebio\/wp-content\/uploads\/sites\/743\/2020\/06\/Bruna-2-1-229x300.png 229w, https:\/\/sites.usp.br\/lafipebio\/wp-content\/uploads\/sites\/743\/2020\/06\/Bruna-2-1-400x525.png 400w, https:\/\/sites.usp.br\/lafipebio\/wp-content\/uploads\/sites\/743\/2020\/06\/Bruna-2-1.png 430w\" sizes=\"auto, (max-width: 229px) 100vw, 229px\" \/><\/a><\/h3>\n<p style=\"text-align: center;\"><a href=\"https:\/\/sites.usp.br\/lafipebio\/bruna-leticia-freitas\/\">Doutorado<\/a><\/p>\n<\/div>\n<\/div><\/div><\/div><div id=\"pgc-79-5-2\"  class=\"panel-grid-cell\" ><div id=\"panel-79-5-2-0\" class=\"so-panel widget widget_sow-editor panel-first-child panel-last-child\" data-index=\"10\" ><div\n\t\t\t\n\t\t\tclass=\"so-widget-sow-editor so-widget-sow-editor-base\"\n\t\t\t\n\t\t><h3 class=\"widget-title\">Willian<\/h3>\n<div class=\"siteorigin-widget-tinymce textwidget\">\n\t<h4><a href=\"https:\/\/sites.usp.br\/lafipebio\/wp-content\/uploads\/sites\/743\/2020\/06\/will2.png\"><img loading=\"lazy\" decoding=\"async\" class=\"alignnone size-medium wp-image-295 aligncenter\" src=\"https:\/\/sites.usp.br\/lafipebio\/wp-content\/uploads\/sites\/743\/2020\/06\/will2-211x300.png\" alt=\"\" width=\"211\" height=\"300\" data-id=\"295\" srcset=\"https:\/\/sites.usp.br\/lafipebio\/wp-content\/uploads\/sites\/743\/2020\/06\/will2-211x300.png 211w, https:\/\/sites.usp.br\/lafipebio\/wp-content\/uploads\/sites\/743\/2020\/06\/will2-400x569.png 400w, https:\/\/sites.usp.br\/lafipebio\/wp-content\/uploads\/sites\/743\/2020\/06\/will2.png 414w\" sizes=\"auto, (max-width: 211px) 100vw, 211px\" \/><\/a><\/h4>\n<p style=\"text-align: center;\"><a href=\"https:\/\/sites.usp.br\/lafipebio\/william-moreira-miguel\/\">Mestrado<\/a><\/p>\n<\/div>\n<\/div><\/div><\/div><\/div><\/div>","protected":false},"excerpt":{"rendered":"<p>O Laborat\u00f3rio de Fisiologia da Pele e Bioengenharia Tecidual em parceria com a empresa Biocelltis para a produ\u00e7\u00e3o de um modelo 3D de epit\u00e9lio pulmonar usando as matrizes CellFate\u00ae Conhe\u00e7a o CellFate\u00ae A matriz extracelular possui importante fun\u00e7\u00e3o na sinaliza\u00e7\u00e3o celular e \u00e9 espec\u00edfica para cada \u00f3rg\u00e3o. As matrizes CellFate\u00ae\u00a0oferecem as propriedades mec\u00e2nicas e bioqu\u00edmicas [&hellip;]<\/p>\n","protected":false},"author":1,"featured_media":0,"parent":0,"menu_order":0,"comment_status":"closed","ping_status":"closed","template":"","meta":{"_monsterinsights_skip_tracking":false,"_monsterinsights_sitenote_active":false,"_monsterinsights_sitenote_note":"","_monsterinsights_sitenote_category":0,"footnotes":"","_links_to":"","_links_to_target":""},"class_list":["post-79","page","type-page","status-publish","hentry"],"_links":{"self":[{"href":"https:\/\/sites.usp.br\/lafipebio\/wp-json\/wp\/v2\/pages\/79","targetHints":{"allow":["GET"]}}],"collection":[{"href":"https:\/\/sites.usp.br\/lafipebio\/wp-json\/wp\/v2\/pages"}],"about":[{"href":"https:\/\/sites.usp.br\/lafipebio\/wp-json\/wp\/v2\/types\/page"}],"author":[{"embeddable":true,"href":"https:\/\/sites.usp.br\/lafipebio\/wp-json\/wp\/v2\/users\/1"}],"replies":[{"embeddable":true,"href":"https:\/\/sites.usp.br\/lafipebio\/wp-json\/wp\/v2\/comments?post=79"}],"version-history":[{"count":5,"href":"https:\/\/sites.usp.br\/lafipebio\/wp-json\/wp\/v2\/pages\/79\/revisions"}],"predecessor-version":[{"id":620,"href":"https:\/\/sites.usp.br\/lafipebio\/wp-json\/wp\/v2\/pages\/79\/revisions\/620"}],"wp:attachment":[{"href":"https:\/\/sites.usp.br\/lafipebio\/wp-json\/wp\/v2\/media?parent=79"}],"curies":[{"name":"wp","href":"https:\/\/api.w.org\/{rel}","templated":true}]}}