{"id":157,"date":"2019-06-11T13:15:56","date_gmt":"2019-06-11T15:15:56","guid":{"rendered":"http:\/\/sites.usp.br\/lamina\/?page_id=157"},"modified":"2022-04-25T11:56:52","modified_gmt":"2022-04-25T14:56:52","slug":"pagina-inicial-com-elementor","status":"publish","type":"page","link":"https:\/\/sites.usp.br\/lamina\/","title":{"rendered":"LAMINA"},"content":{"rendered":"<p><span style=\"font-weight: 400;\">O LAborat\u00f3rio de MIcro e NAnoeletr\u00f4nica (LAMINA) \u00e9 o resultado da integra\u00e7\u00e3o das \u00e1reas de microeletr\u00f4nica (fabrica\u00e7\u00e3o e caracteriza\u00e7\u00e3o) dos dois grandes laborat\u00f3rios tradicionais de pesquisa do Departamento de Engenharia de Sistemas Eletr\u00f4nicos (PSI) da Escola Polit\u00e9cnica da USP: Laborat\u00f3rio de Microeletr\u00f4nica (LME) e o Laborat\u00f3rio de Sistemas Integr\u00e1veis (LSI).\u00a0<\/span><\/p>\n<p>&nbsp;<\/p>\n<table style=\"width: 100%;\">\n<tbody>\n<tr>\n<td>\n<h2 style=\"text-align: center;\"><img loading=\"lazy\" decoding=\"async\" class=\"aligncenter wp-image-238\" src=\"https:\/\/sites.usp.br\/lamina\/wp-content\/uploads\/sites\/1102\/2022\/04\/soi-mosfet-usp-220x102-1.png\" alt=\"\" width=\"244\" height=\"113\" \/><\/h2>\n<h2 style=\"text-align: center;\"><a href=\"https:\/\/sites.usp.br\/lamina\/divisao-de-sistemas-integraveis-dmi\/\">Divis\u00e3o de Sistemas Integr\u00e1veis<\/a><\/h2>\n<p style=\"text-align: center;\">\n<\/td>\n<td>\n<h2><img loading=\"lazy\" decoding=\"async\" class=\"aligncenter wp-image-306\" src=\"https:\/\/sites.usp.br\/lamina\/wp-content\/uploads\/sites\/1102\/2022\/04\/lme-300x127.png\" alt=\"\" width=\"267\" height=\"113\" srcset=\"https:\/\/sites.usp.br\/lamina\/wp-content\/uploads\/sites\/1102\/2022\/04\/lme-300x127.png 300w, https:\/\/sites.usp.br\/lamina\/wp-content\/uploads\/sites\/1102\/2022\/04\/lme-400x169.png 400w, https:\/\/sites.usp.br\/lamina\/wp-content\/uploads\/sites\/1102\/2022\/04\/lme.png 423w\" sizes=\"auto, (max-width: 267px) 100vw, 267px\" \/><\/h2>\n<h2 style=\"text-align: center;\"><a href=\"https:\/\/sites.usp.br\/lamina\/divisao-de-microeletronica-dme\/\">Divis\u00e3o de Microeletr\u00f4nica<\/a><\/h2>\n<p style=\"text-align: center;\">\n<\/td>\n<\/tr>\n<\/tbody>\n<\/table>\n<p>&nbsp;<\/p>\n<p>&nbsp;<\/p>\n<p>&nbsp;<\/p>\n","protected":false},"excerpt":{"rendered":"<p>O LAborat\u00f3rio de MIcro e NAnoeletr\u00f4nica (LAMINA) \u00e9 o resultado da integra\u00e7\u00e3o das \u00e1reas de [&hellip;]<\/p>\n","protected":false},"author":1,"featured_media":0,"parent":0,"menu_order":0,"comment_status":"closed","ping_status":"closed","template":"","meta":{"footnotes":"","_links_to":"","_links_to_target":""},"class_list":["post-157","page","type-page","status-publish","hentry"],"_links":{"self":[{"href":"https:\/\/sites.usp.br\/lamina\/wp-json\/wp\/v2\/pages\/157","targetHints":{"allow":["GET"]}}],"collection":[{"href":"https:\/\/sites.usp.br\/lamina\/wp-json\/wp\/v2\/pages"}],"about":[{"href":"https:\/\/sites.usp.br\/lamina\/wp-json\/wp\/v2\/types\/page"}],"author":[{"embeddable":true,"href":"https:\/\/sites.usp.br\/lamina\/wp-json\/wp\/v2\/users\/1"}],"replies":[{"embeddable":true,"href":"https:\/\/sites.usp.br\/lamina\/wp-json\/wp\/v2\/comments?post=157"}],"version-history":[{"count":4,"href":"https:\/\/sites.usp.br\/lamina\/wp-json\/wp\/v2\/pages\/157\/revisions"}],"predecessor-version":[{"id":307,"href":"https:\/\/sites.usp.br\/lamina\/wp-json\/wp\/v2\/pages\/157\/revisions\/307"}],"wp:attachment":[{"href":"https:\/\/sites.usp.br\/lamina\/wp-json\/wp\/v2\/media?parent=157"}],"curies":[{"name":"wp","href":"https:\/\/api.w.org\/{rel}","templated":true}]}}