{"id":186,"date":"2022-04-11T09:54:08","date_gmt":"2022-04-11T12:54:08","guid":{"rendered":"https:\/\/sites.usp.br\/lamina\/?page_id=186"},"modified":"2022-04-11T09:54:08","modified_gmt":"2022-04-11T12:54:08","slug":"cmos-soi","status":"publish","type":"page","link":"https:\/\/sites.usp.br\/lamina\/cmos-soi\/","title":{"rendered":"CMOS-SOI"},"content":{"rendered":"<p><strong>Coordenador: Prof. Dr. Jo\u00e3o Ant\u00f4nio Martino<br \/>\nVice-coordenadora: Prof\u00aa. Dr\u00aa. Paula Ghedini Der Agopian<br \/>\n<\/strong><\/p>\n<h2>Apresenta\u00e7\u00e3o<\/h2>\n<p>O grupo CMOS-SOI iniciou sua pesquisa em 1990 na \u00e1rea de projeto, fabrica\u00e7\u00e3o, caracteriza\u00e7\u00e3o eletrica e modelagem de transistores SOI MOSFET, que na \u00e9poca era apenas uma eventual alternativa tecnol\u00f3gica. Com o passar dos anos ganhou import\u00e2ncia e atualmente \u00e9 uma das tecnologias mais avan\u00e7adas de fabrica\u00e7\u00e3o de circuitos integrados. A pesquisa em tecnologia SOI tem sido realizada em coopera\u00e7\u00e3o com o Imec\/B\u00e9lgica e Leti\/Fran\u00e7a, que s\u00e3o os mais importantes centros de pesquisa na Europa sobre o assunto. Pesquisadores e alunos do grupo participam de est\u00e1gio e doutorado sanduiche nestes centros de pesquisa. Mais recentemente o grupo iniciou atividades de pesquisa em transistores Tunnel-FET em coopera\u00e7\u00e3o com Imec\/B\u00e9lgica e transistores de nanofio (nanowire) de sil\u00edcio em coopera\u00e7\u00e3o com o Leti\/Fran\u00e7a. O estudo est\u00e1 sendo feito em n\u00edvel de dispositivo (caracter\u00edsticas anal\u00f3gicas e digitais) e circuitos. A \u00e1rea de sensores e biossensores integrados passou a ser alvo de pesquisa tamb\u00e9m do grupo, utilizando Tunnel-FET e BE SOI MOSFET, este \u00faltimo dispositivo desenvolvido, fabricado e patenteado pelo grupo CMOS-SOI da Escola Polit\u00e9cnica da USP.<\/p>\n<p>&nbsp;<\/p>\n\n<!-- iframe plugin v.6.0 wordpress.org\/plugins\/iframe\/ -->\n<iframe loading=\"lazy\" src=\"https:\/\/www.youtube.com\/embed\/NZCddUeN1rc?start=846\" width=\"100%\" height=\"500\" scrolling=\"yes\" class=\"iframe-class\" frameborder=\"0\"><\/iframe>\n\n<p>&nbsp;<\/p>\n<h2>Linhas de Pesquisa<\/h2>\n<ul>\n<li>Projeto, Fabrica\u00e7\u00e3o e Caracteriza\u00e7\u00e3o da Tecnologia NMOS, CMOS e SOI CMOS fabricados no LSI\/PSI\/USP.<\/li>\n<li>Caracteriza\u00e7\u00e3o, modelagem e simula\u00e7\u00e3o (2D e 3D) de transistores avan\u00e7ados em altas e baixas temperaturas (77K a 700K) de dispositivos de\u00a0\u00faltima gera\u00e7\u00e3o fabricados no exterior (FinFET, SOI UTBB, NW, TFETs)<\/li>\n<li>Estudo de radia\u00e7\u00e3o em dispositivos para aplica\u00e7\u00e3o m\u00e9dica e espacial.<\/li>\n<li>Fabrica\u00e7\u00e3o de novos dispositivos tais como FinFET e BE SOI MOSFET no LSI\/PSI\/USP<\/li>\n<li>Processos de fabrica\u00e7\u00e3o educacionais MOS e SOI para gradua\u00e7\u00e3o, p\u00f3s-gradua\u00e7\u00e3o e extens\u00e3o (Oficinas)<\/li>\n<li>Biossensores integrados<\/li>\n<\/ul>\n<p>&nbsp;<\/p>\n<p>&nbsp;<\/p>\n<h2>Projetos em Andamento<\/h2>\n<ul>\n<li>2017 \u2013 Atual: INCT de Sistemas Micro e Nanoeletr\u00f4nicos (INCT NAMITEC)\u00a0INCT de Sistemas Micro e Nanoeletr\u00f4nicos, apresentado no \u00e2mbito da Chamada\u00a0INCT &#8211; MCTI\/CNPq\/CAPES\/FAPs n\u00ba 16\/2014, sob coordena\u00e7\u00e3o do Prof. Jacobus\u00a0Willibrordus Swart. O projeto proposto lida com o desafio de estudar, projetar\u00a0e desenvolver elementos de hardware e software a serem utilizados na forma\u00e7\u00e3o de Redes de Sensores sem Fio usadas em associa\u00e7\u00e3o com outras tecnologias com objetivo de habilitar a Internet das Coisas. O projeto assume compromissos com a forma\u00e7\u00e3o de recursos humanos, populariza\u00e7\u00e3o da ci\u00eancia e fortalecimento de grupos incipientes da \u00e1rea de micro e nanoeletr\u00f4nica bem como o fortalecimento das intera\u00e7\u00f5es com empresas considerando a inova\u00e7\u00e3o e a transfer\u00eancia de tecnologia. As principais oportunidades de pesquisa em Redes de Sensores sem Fio decorrem de suas caracter\u00edsticas particulares, da novidade e da interdisciplinaridade do tema.<\/li>\n<li>2016 \u2013 Atual: Estudo Te\u00f3rico e Experimental de Transistores de Tunelamento Induzido por Efeito de Campo (TFET) para Aplica\u00e7\u00f5es em Circuitos Anal\u00f3gicos e Biossensores. Este projeto (CNPq- Universal n. 423554\/2016-6) estuda uma alternativa para minimizar a pot\u00eancia dissipada em transistores avan\u00e7ados, o chamado transistor de tunelamento induzido por efeito de campo. Nestes dispositivos a corrente \u00e9 constitu\u00edda pelo tunelamento de portadores entre bandas, o que torna poss\u00edvel uma redu\u00e7\u00e3o significativa da corrente de desligamento (Ioff) e tamb\u00e9m uma inclina\u00e7\u00e3o de sublimiar abaixo do limite te\u00f3rico dos transistores MOS, i.e., este novo dispositivo apresenta um grande potencial para operar com maior de velocidade de chaveamento. Esse projeto visa estudar de forma in\u00e9dita o uso de um transistor TFET para aplica\u00e7\u00f5es em circuitos anal\u00f3gicos e biossensores.<\/li>\n<\/ul>\n<h2><\/h2>\n<h2>Pesquisadores<\/h2>\n<h4>1. Jo\u00e3o Antonio Martino<\/h4>\n<p>Iniciou suas atividades em microeletr\u00f4nica em 1982 na Escola Polit\u00e9cnica da<br \/>\nUniversidade de S\u00e3o Paulo onde tornou-se Mestre (1984), Doutor (1988) e<br \/>\nLivre-Docente (1998) em Engenharia El\u00e9trica (Microeletr\u00f4nica). O p\u00f3s-<br \/>\ndoutorado foi realizado em coopera\u00e7\u00e3o entre o IMEC (Interuniversity<br \/>\nMicroelectronic Center) na Universidade Cat\u00f3lica de Leuven, B\u00e9lgica e a<br \/>\nUniversidade de S\u00e3o Paulo. \u00c9 Professor da Escola Polit\u00e9cnica desde 1992 e<br \/>\ntornou-se Professor Titular em 2005. Foi o Chefe do Depto PSI\/EPUSP (2009-<br \/>\n2013) e Vice-Chefe (2007-2009). Foi Professor convidado da Universidade<br \/>\nCat\u00f3lica de Leuven, B\u00e9lgica em 2003, 2008 e 2016. O seu campo de pesquisa<br \/>\nem circuitos integrados inclui fabrica\u00e7\u00e3o, caracteriza\u00e7\u00e3o el\u00e9trica e modelagem<br \/>\nde dispositivos obtidos pelas tecnologias NMOS, CMOS e SOI CMOS com \u00eanfase<br \/>\nem transistores SOI avan\u00e7ados planares, de m\u00faltiplas portas (FinFET) e<br \/>\ntransistores de tunelamento (TFETs). \u00c9 co-autor\/co-editor de 8 livros. \u00c9 autor<br \/>\ne co-autor de mais de 500 publica\u00e7\u00f5es. Concluiu a orienta\u00e7\u00e3o de 50 alunos de<br \/>\np\u00f3s-gradua\u00e7\u00e3o (31 mestrados e 19 doutorados). \u00c9 Senior Member do IEEE e<br \/>\nPresidente do Cap\u00edtulo da Electron Devices Society (EDS) do IEEE da Se\u00e7\u00e3o Sul-<br \/>\nBrasil desde 2007. Tornou-se Distinguished Lecturer da EDS-IEEE desde<br \/>\nfevereiro de 2008. \u00c9 pesquisador N\u00edvel 1A do CNPq. Coordenador do Centro de<br \/>\nTreinamento de S\u00e3o Paulo (CT-SP) para forma\u00e7\u00e3o de projetistas de circuitos<br \/>\nintegrados do programa CI-Brasil na Escola Polit\u00e9cnica da USP desde 2014.<br \/>\nParticipa do comit\u00ea assessor de microeletr\u00f4nica do CNPq (CA-ME) desde<br \/>\noutubro de 2015. Recebeu o Pr\u00eamio Padre Roberto Landell de Moura em 2016<br \/>\nda Sociedade Brasileira de Microeletr\u00f4nica.<\/p>\n<p><a href=\"http:\/\/Pesquisadores 1. Jo\u00e3o Antonio Martino Iniciou suas atividades em microeletr\u00f4nica em 1982 na Escola Polit\u00e9cnica da Universidade de S\u00e3o Paulo onde tornou-se Mestre (1984), Doutor (1988) e Livre-Docente (1998) em Engenharia El\u00e9trica (Microeletr\u00f4nica). O p\u00f3s- doutorado foi realizado em coopera\u00e7\u00e3o entre o IMEC (Interuniversity Microelectronic Center) na Universidade Cat\u00f3lica de Leuven, B\u00e9lgica e a Universidade de S\u00e3o Paulo. \u00c9 Professor da Escola Polit\u00e9cnica desde 1992 e tornou-se Professor Titular em 2005. Foi o Chefe do Depto PSI\/EPUSP (2009- 2013) e Vice-Chefe (2007-2009). Foi Professor convidado da Universidade Cat\u00f3lica de Leuven, B\u00e9lgica em 2003, 2008 e 2016. O seu campo de pesquisa em circuitos integrados inclui fabrica\u00e7\u00e3o, caracteriza\u00e7\u00e3o el\u00e9trica e modelagem de dispositivos obtidos pelas tecnologias NMOS, CMOS e SOI CMOS com \u00eanfase em transistores SOI avan\u00e7ados planares, de m\u00faltiplas portas (FinFET) e transistores de tunelamento (TFETs). \u00c9 co-autor\/co-editor de 8 livros. \u00c9 autor e co-autor de mais de 500 publica\u00e7\u00f5es. Concluiu a orienta\u00e7\u00e3o de 50 alunos de p\u00f3s-gradua\u00e7\u00e3o (31 mestrados e 19 doutorados). \u00c9 Senior Member do IEEE e Presidente do Cap\u00edtulo da Electron Devices Society (EDS) do IEEE da Se\u00e7\u00e3o Sul- Brasil desde 2007. Tornou-se Distinguished Lecturer da EDS-IEEE desde fevereiro de 2008. \u00c9 pesquisador N\u00edvel 1A do CNPq. Coordenador do Centro de Treinamento de S\u00e3o Paulo (CT-SP) para forma\u00e7\u00e3o de projetistas de circuitos integrados do programa CI-Brasil na Escola Polit\u00e9cnica da USP desde 2014. Participa do comit\u00ea assessor de microeletr\u00f4nica do CNPq (CA-ME) desde outubro de 2015. Recebeu o Pr\u00eamio Padre Roberto Landell de Moura em 2016 da Sociedade Brasileira de Microeletr\u00f4nica. http:\/\/lattes.cnpq.br\/1029892667445223 2. Paula Ghedini Der Agopian Possui gradua\u00e7\u00e3o em Engenharia El\u00e9trica com \u00eanfase em computadores pelo Centro Universit\u00e1rio da FEI (2000), mestrado (2003) e doutorado (2008) em Engenharia El\u00e9trica (microeletr\u00f4nica) pela Universidade de S\u00e3o Paulo. O p\u00f3s- doutorado foi realizado na Escola Polit\u00e9cnica da Universidade de S\u00e3o Paulo em coopera\u00e7\u00e3o com o Centro de pesquisa Imec\/ B\u00e9lgica (2014). Gerenciou o Centro de Treinamento para Projetistas de Circuitos Integrados da Escola Polit\u00e9cnica da USP do programa CI-Brasil. Atualmente \u00e9 professora da Universidade Estadual Paulista (UNESP) e pesquisadora associada \u00e0 Universidade de S\u00e3o Paulo e atua nos temas: Tecnologia SOI CMOS, FinFET, Radia\u00e7\u00e3o, dispositivos tensionados , e transistores de tunelamento (TFETs). \u00c9 senior member e Vice-Presidente do Cap\u00edtulo da Electron Devices Society (EDS) do IEEE da Se\u00e7\u00e3o Sul-Brasil. \u00c9 pesquisadora produtividade N\u00edvel 1D do CNPq e participa de projetos de coopera\u00e7\u00e3o internacional entre Brasil e B\u00e9lgica. http:\/\/lattes.cnpq.br\/0496909595465696 3. Victor Sonnenberg Possui gradua\u00e7\u00e3o em Engenharia El\u00e9trica \u2013 Mod. Eletr\u00f4nica pela Funda\u00e7\u00e3o Armando \u00c1lvares Penteado \u2013 FAAP(1991), mestrado em Engenharia El\u00e9trica pela Universidade de S\u00e3o Paulo (1996) e doutorado em Engenharia El\u00e9trica pela Universidade de S\u00e3o Paulo (2001). Atualmente \u00e9 pesquisador associado ao Laborat\u00f3rio de Sistemas Integrados da Universidade de S\u00e3o Paulo (LSI-USP), professor titular (pleno) da FATEC\/SP do CEETPS e adjunto I do Centro Universit\u00e1rio da FEI. Tem experi\u00eancia na \u00e1rea de Engenharia El\u00e9trica, com \u00eanfase em Materiais e Componentes Semicondutores, atuando principalmente nos seguintes temas: Capacitor MOS e SOI, caracteriza\u00e7\u00e3o el\u00e9trica, Cargas no \u00f3xido, transistor MOS e SOI e fabrica\u00e7\u00e3o de componentes b\u00e1sicos. http:\/\/lattes.cnpq.br\/2912749496387447 4. K\u00e1tia Sasaki Possui gradua\u00e7\u00e3o em Engenharia el\u00e9trica pela Universidade de S\u00e3o Paulo (2010), mestrado em Engenharia El\u00e9trica pela Universidade de S\u00e3o Paulo (2013) e doutorado em Engenharia El\u00e9trica pela Universidade de S\u00e3o Paulo (2016). Tem experi\u00eancia na \u00e1rea de Engenharia El\u00e9trica, com \u00eanfase em Materiais e Componentes Semicondutores, atuando principalmente nos seguintes temas: transistores UTBB SOI MOSFET e mem\u00f3ria 1TDRAM. http:\/\/lattes.cnpq.br\/2652242738235496 5. Ricardo Rangel Possui Mestrado em Ci\u00eancias pela Escola Polit\u00e9cnica da USP na \u00e1rea de microeletr\u00f4nica (2014). \u00c9 graduado em Materiais, Processos e Componentes Eletr\u00f4nicos pela Faculdade de Tecnologia de S\u00e3o Paulo - FATEC-SP (2007). Atualmente \u00e9 especialista de laborat\u00f3rio da Escola Polit\u00e9cnica da Universidade de S\u00e3o Paulo.\u00a0 http:\/\/lattes.cnpq.br\/9153233084694344 Estudantes de P\u00f3s-Gradua\u00e7\u00e3o: Christian Nemeth Macambira http:\/\/lattes.cnpq.br\/2066943339535310 Vanessa Cristina Pereira da Silva http:\/\/lattes.cnpq.br\/3835888385084186 Carlos Augusto Bergfeld Mori http:\/\/lattes.cnpq.br\/9267207155711492 Leonardo Shimizu Yojo http:\/\/lattes.cnpq.br\/8895774281776669 Alexandro de Moraes Nogueira http:\/\/lattes.cnpq.br\/66931130113269660 Walter Gon\u00e7ales Filho http:\/\/lattes.cnpq.br\/4710193506621300 Bruna Ramos de Sousa http:\/\/lattes.cnpq.br\/5996785982713492 Jos\u00e9 Augusto Padovese http:\/\/lattes.cnpq.br\/1226848150846962 Welder Fernandes Perina http:\/\/lattes.cnpq.br\/7521057599262903 Raphael Gil Camargo http:\/\/lattes.cnpq.br\/5969496053414380\">http:\/\/lattes.cnpq.br\/1029892667445223<\/a><\/p>\n<h4>2. Paula Ghedini Der Agopian<\/h4>\n<p>Possui gradua\u00e7\u00e3o em Engenharia El\u00e9trica com \u00eanfase em computadores pelo<br \/>\nCentro Universit\u00e1rio da FEI (2000), mestrado (2003) e doutorado (2008) em<br \/>\nEngenharia El\u00e9trica (microeletr\u00f4nica) pela Universidade de S\u00e3o Paulo. O p\u00f3s-<br \/>\ndoutorado foi realizado na Escola Polit\u00e9cnica da Universidade de S\u00e3o Paulo em<br \/>\ncoopera\u00e7\u00e3o com o Centro de pesquisa Imec\/ B\u00e9lgica (2014). Gerenciou o<br \/>\nCentro de Treinamento para Projetistas de Circuitos Integrados da Escola<br \/>\nPolit\u00e9cnica da USP do programa CI-Brasil. Atualmente \u00e9 professora da<br \/>\nUniversidade Estadual Paulista (UNESP) e pesquisadora associada \u00e0<br \/>\nUniversidade de S\u00e3o Paulo e atua nos temas: Tecnologia SOI CMOS, FinFET,<br \/>\nRadia\u00e7\u00e3o, dispositivos tensionados , e transistores de tunelamento (TFETs). \u00c9<br \/>\nsenior member e Vice-Presidente do Cap\u00edtulo da Electron Devices Society (EDS)<br \/>\ndo IEEE da Se\u00e7\u00e3o Sul-Brasil. \u00c9 pesquisadora produtividade N\u00edvel 1D do CNPq e<br \/>\nparticipa de projetos de coopera\u00e7\u00e3o internacional entre Brasil e B\u00e9lgica.<br \/>\n<a href=\"http:\/\/lattes.cnpq.br\/0496909595465696\">http:\/\/lattes.cnpq.br\/0496909595465696<\/a><\/p>\n<h4>3. Victor Sonnenberg<\/h4>\n<p>Possui gradua\u00e7\u00e3o em Engenharia El\u00e9trica \u2013 Mod. Eletr\u00f4nica pela Funda\u00e7\u00e3o<br \/>\nArmando \u00c1lvares Penteado \u2013 FAAP(1991), mestrado em Engenharia El\u00e9trica<br \/>\npela Universidade de S\u00e3o Paulo (1996) e doutorado em Engenharia El\u00e9trica<br \/>\npela Universidade de S\u00e3o Paulo (2001). Atualmente \u00e9 pesquisador associado ao<br \/>\nLaborat\u00f3rio de Sistemas Integrados da Universidade de S\u00e3o Paulo (LSI-USP),<br \/>\nprofessor titular (pleno) da FATEC\/SP do CEETPS e adjunto I do Centro<br \/>\nUniversit\u00e1rio da FEI. Tem experi\u00eancia na \u00e1rea de Engenharia El\u00e9trica, com<br \/>\n\u00eanfase em Materiais e Componentes Semicondutores, atuando principalmente<br \/>\nnos seguintes temas: Capacitor MOS e SOI, caracteriza\u00e7\u00e3o el\u00e9trica, Cargas no<br \/>\n\u00f3xido, transistor MOS e SOI e fabrica\u00e7\u00e3o de componentes b\u00e1sicos.<br \/>\n<a href=\"http:\/\/lattes.cnpq.br\/2912749496387447\">http:\/\/lattes.cnpq.br\/2912749496387447<\/a><\/p>\n<p>&nbsp;<\/p>\n<h4>4. K\u00e1tia Sasaki<\/h4>\n<p>Possui gradua\u00e7\u00e3o em Engenharia el\u00e9trica pela Universidade de S\u00e3o Paulo<br \/>\n(2010), mestrado em Engenharia El\u00e9trica pela Universidade de S\u00e3o Paulo<br \/>\n(2013) e doutorado em Engenharia El\u00e9trica pela Universidade de S\u00e3o Paulo<br \/>\n(2016). Tem experi\u00eancia na \u00e1rea de Engenharia El\u00e9trica, com \u00eanfase em<br \/>\nMateriais e Componentes Semicondutores, atuando principalmente nos<br \/>\nseguintes temas: transistores UTBB SOI MOSFET e mem\u00f3ria 1TDRAM.<br \/>\n<a href=\"http:\/\/lattes.cnpq.br\/2652242738235496\">http:\/\/lattes.cnpq.br\/2652242738235496<\/a><\/p>\n<h4>5. Ricardo Rangel<\/h4>\n<p>Possui Mestrado em Ci\u00eancias pela Escola Polit\u00e9cnica da USP na \u00e1rea de<br \/>\nmicroeletr\u00f4nica (2014). \u00c9 graduado em Materiais, Processos e Componentes<br \/>\nEletr\u00f4nicos pela Faculdade de Tecnologia de S\u00e3o Paulo &#8211; FATEC-SP (2007).<br \/>\nAtualmente \u00e9 especialista de laborat\u00f3rio da Escola Polit\u00e9cnica da Universidade<br \/>\nde S\u00e3o Paulo.<br \/>\n<a href=\"http:\/\/lattes.cnpq.br\/9153233084694344\">http:\/\/lattes.cnpq.br\/9153233084694344<\/a><\/p>\n<p>&nbsp;<\/p>\n<h2>Estudantes de P\u00f3s-Gradua\u00e7\u00e3o:<\/h2>\n<p>Christian Nemeth Macambira <a href=\"http:\/\/lattes.cnpq.br\/2066943339535310\">http:\/\/lattes.cnpq.br\/2066943339535310<\/a><br \/>\nVanessa Cristina Pereira da Silva <a href=\"http:\/\/lattes.cnpq.br\/3835888385084186\">http:\/\/lattes.cnpq.br\/3835888385084186<\/a><br \/>\nCarlos Augusto Bergfeld Mori <a href=\"http:\/\/lattes.cnpq.br\/9267207155711492\">http:\/\/lattes.cnpq.br\/9267207155711492<\/a><br \/>\nLeonardo Shimizu Yojo <a href=\"http:\/\/lattes.cnpq.br\/8895774281776669\">http:\/\/lattes.cnpq.br\/8895774281776669<\/a><br \/>\nAlexandro de Moraes Nogueira <a href=\"http:\/\/lattes.cnpq.br\/66931130113269660\">http:\/\/lattes.cnpq.br\/66931130113269660<\/a><br \/>\nWalter Gon\u00e7ales Filho <a href=\"http:\/\/lattes.cnpq.br\/4710193506621300\">http:\/\/lattes.cnpq.br\/4710193506621300<\/a><br \/>\nBruna Ramos de Sousa <a href=\"http:\/\/lattes.cnpq.br\/5996785982713492\">http:\/\/lattes.cnpq.br\/5996785982713492<\/a><br \/>\nJos\u00e9 Augusto Padovese <a href=\"http:\/\/lattes.cnpq.br\/1226848150846962\">http:\/\/lattes.cnpq.br\/1226848150846962<\/a><br \/>\nWelder Fernandes Perina <a href=\"http:\/\/lattes.cnpq.br\/7521057599262903\">http:\/\/lattes.cnpq.br\/7521057599262903<\/a><br \/>\nRaphael Gil Camargo <a href=\"http:\/\/lattes.cnpq.br\/5969496053414380\">http:\/\/lattes.cnpq.br\/5969496053414380<\/a><\/p>\n<h2><\/h2>\n<p><strong>Contato<\/strong><\/p>\n<p>Prof. Dr.Jo\u00e3o Ant\u00f4nio Martino<br \/>\nmartino@usp.br<\/p>\n<p>&nbsp;<\/p>\n<h2>Multim\u00eddia<\/h2>\n<p><a href=\"http:\/\/sites.usp.br\/lsi\/wp-content\/uploads\/sites\/353\/2018\/06\/Screen-Shot-2018-12-03-at-10.35.32.png\"><img loading=\"lazy\" decoding=\"async\" class=\"size-large wp-image-574 aligncenter\" src=\"http:\/\/sites.usp.br\/lsi\/wp-content\/uploads\/sites\/353\/2018\/06\/Screen-Shot-2018-12-03-at-10.35.32-1024x348.png\" alt=\"\" width=\"1024\" height=\"348\" \/><\/a><\/p>\n<p><a href=\"http:\/\/sites.usp.br\/lsi\/wp-content\/uploads\/sites\/353\/2018\/06\/Screen-Shot-2018-12-03-at-10.35.00.png\"><img loading=\"lazy\" decoding=\"async\" class=\"size-large wp-image-575 aligncenter\" src=\"http:\/\/sites.usp.br\/lsi\/wp-content\/uploads\/sites\/353\/2018\/06\/Screen-Shot-2018-12-03-at-10.35.00-1024x555.png\" alt=\"\" width=\"1024\" height=\"555\" \/><\/a><\/p>\n<p><a href=\"http:\/\/sites.usp.br\/lsi\/wp-content\/uploads\/sites\/353\/2018\/06\/Screen-Shot-2018-12-03-at-10.34.52.png\"><img loading=\"lazy\" decoding=\"async\" class=\"size-large wp-image-576 aligncenter\" src=\"http:\/\/sites.usp.br\/lsi\/wp-content\/uploads\/sites\/353\/2018\/06\/Screen-Shot-2018-12-03-at-10.34.52-1024x371.png\" alt=\"\" width=\"1024\" height=\"371\" \/><\/a> <a href=\"http:\/\/sites.usp.br\/lsi\/wp-content\/uploads\/sites\/353\/2018\/06\/Screen-Shot-2018-12-03-at-10.32.48.png\"><img loading=\"lazy\" decoding=\"async\" class=\"size-large wp-image-577 aligncenter\" src=\"http:\/\/sites.usp.br\/lsi\/wp-content\/uploads\/sites\/353\/2018\/06\/Screen-Shot-2018-12-03-at-10.32.48-1024x413.png\" alt=\"\" width=\"1024\" height=\"413\" \/><\/a> <a href=\"http:\/\/sites.usp.br\/lsi\/wp-content\/uploads\/sites\/353\/2018\/06\/Screen-Shot-2018-12-03-at-10.32.26.png\"><img loading=\"lazy\" decoding=\"async\" class=\"size-large wp-image-578 aligncenter\" src=\"http:\/\/sites.usp.br\/lsi\/wp-content\/uploads\/sites\/353\/2018\/06\/Screen-Shot-2018-12-03-at-10.32.26-1024x347.png\" alt=\"\" width=\"1024\" height=\"347\" \/><\/a><\/p>\n","protected":false},"excerpt":{"rendered":"<p>Coordenador: Prof. Dr. Jo\u00e3o Ant\u00f4nio Martino Vice-coordenadora: Prof\u00aa. Dr\u00aa. Paula Ghedini Der Agopian Apresenta\u00e7\u00e3o O [&hellip;]<\/p>\n","protected":false},"author":415,"featured_media":0,"parent":0,"menu_order":0,"comment_status":"closed","ping_status":"closed","template":"","meta":{"footnotes":"","_links_to":"","_links_to_target":""},"class_list":["post-186","page","type-page","status-publish","hentry"],"_links":{"self":[{"href":"https:\/\/sites.usp.br\/lamina\/wp-json\/wp\/v2\/pages\/186","targetHints":{"allow":["GET"]}}],"collection":[{"href":"https:\/\/sites.usp.br\/lamina\/wp-json\/wp\/v2\/pages"}],"about":[{"href":"https:\/\/sites.usp.br\/lamina\/wp-json\/wp\/v2\/types\/page"}],"author":[{"embeddable":true,"href":"https:\/\/sites.usp.br\/lamina\/wp-json\/wp\/v2\/users\/415"}],"replies":[{"embeddable":true,"href":"https:\/\/sites.usp.br\/lamina\/wp-json\/wp\/v2\/comments?post=186"}],"version-history":[{"count":1,"href":"https:\/\/sites.usp.br\/lamina\/wp-json\/wp\/v2\/pages\/186\/revisions"}],"predecessor-version":[{"id":187,"href":"https:\/\/sites.usp.br\/lamina\/wp-json\/wp\/v2\/pages\/186\/revisions\/187"}],"wp:attachment":[{"href":"https:\/\/sites.usp.br\/lamina\/wp-json\/wp\/v2\/media?parent=186"}],"curies":[{"name":"wp","href":"https:\/\/api.w.org\/{rel}","templated":true}]}}