{"id":203,"date":"2022-04-11T10:19:02","date_gmt":"2022-04-11T13:19:02","guid":{"rendered":"https:\/\/sites.usp.br\/lamina\/?page_id=203"},"modified":"2022-04-11T10:19:02","modified_gmt":"2022-04-11T13:19:02","slug":"sistemas-eletronicos-integrados","status":"publish","type":"page","link":"https:\/\/sites.usp.br\/lamina\/sistemas-eletronicos-integrados\/","title":{"rendered":"Sistemas Eletr\u00f4nicos Integrados"},"content":{"rendered":"<p><strong>Coordenador:<\/strong><strong>\u00a0Prof. Dr. Wilhelmus Van Noije<\/strong><\/p>\n<p>&nbsp;<\/p>\n<h2>\n<!-- iframe plugin v.6.0 wordpress.org\/plugins\/iframe\/ -->\n<iframe loading=\"lazy\" src=\"https:\/\/www.youtube.com\/embed\/nEmq1ONxl0c\" width=\"100%\" height=\"400\" scrolling=\"yes\" class=\"iframe-class\" frameborder=\"0\"><\/iframe>\n<\/h2>\n<h2><strong>Linhas de Pesquisa<\/strong><\/h2>\n<p>1- Projeto de circuitos para detec\u00e7\u00e3o de c\u00e2ncer de mama;<\/p>\n<p>2- Desenvolvimento de Instrumenta\u00e7\u00e3o Cient\u00edfica para o Experimento ALICE do LHC-CERN (Genebra, Su\u00ed\u00e7a);<\/p>\n<p>3 &#8211; Projeto de circuitos de Low Voltage, Low Power: Aplica\u00e7\u00e3o em transceptores (ex. Bluetooth Low Energy para IoT).<\/p>\n<p>&nbsp;<\/p>\n<h2>Projetos<\/h2>\n<p style=\"font-weight: 400;\">1- Para a detec\u00e7\u00e3o de c\u00e2ncer de mama, algumas t\u00e9cnicas s\u00e3o poss\u00edveis, entre elas t\u00eam se:<\/p>\n<p style=\"font-weight: 400;\">a) Detec\u00e7\u00e3o de C\u00e2ncer de Mama usando Espectroscopia de Bio-Imped\u00e2ncia El\u00e9trica: consiste na<strong>c<\/strong>aptura da imagem da mama atrav\u00e9s da medi\u00e7\u00e3o das mudan\u00e7as das caracter\u00edsticas de imped\u00e2ncia com a frequ\u00eancia no tecido mam\u00e1rio, atrav\u00e9s da inje\u00e7\u00e3o de uma corrente senoidal de alta precis\u00e3o atrav\u00e9s de dois eletrodos, os sensores de tens\u00e3o medem a tens\u00e3o atrav\u00e9s da imped\u00e2ncia do tecido entre os eletrodos dos sensores, e desta forma, \u00e9 poss\u00edvel medir e caracterizar a imped\u00e2ncia el\u00e9trica no tecido da mama e detectar a presen\u00e7a de c\u00e9lulas cancerosas.<\/p>\n<p style=\"font-weight: 400;\">b) Detec\u00e7\u00e3o de C\u00e2ncer de Mama usando imagens por ondas millim\u00e9tricas (UWB):\u00a0 t\u00e9cnica consiste da reflectometria no dom\u00ednio do tempo usando IR-UWB (Impulse Radio Ultra-WideBand, na faixa de 3 \u2013 10 GHz). Assim, um transmissor irradia ondas eletromagn\u00e9ticas de IR-UWB, um receptor recebe as ondas refletidas ou retro espalhadas dos tumores cancerosos devido as diferen\u00e7as de permissividade do tumor e do tecido normal, e desta forma e poss\u00edvel detectar a presen\u00e7a e localiza\u00e7\u00e3o de tumores nas mamas.<\/p>\n<p style=\"font-weight: 400;\">2- O desenvolvimento de ASICs de aquisi\u00e7\u00e3o e processamento digital de sinais para Time Projection Chamber em aceleradores de part\u00edculas, tem como\u00a0objetivo realizar o projeto, simula\u00e7\u00e3o, prototipagem, teste experimental e valida\u00e7\u00e3o de um ASIC de aquisi\u00e7\u00e3o de sinais e de processamento digital, chamado SAMPA todo integrado num \u00fanico chip, que possa ser usado na eletr\u00f4nica de detec\u00e7\u00e3o dos sinais no c\u00e1todo do TPC (<em>Time Projection Chamber\u00a0<\/em>&#8211; detectores), que suporte polaridades negativas e positivas detens\u00e3o de entrada e leitura continua de dados, com 32 canais por chip, com menor consumo de pot\u00eancia comparado com a vers\u00e3o atual do chip em uso (um CI anal\u00f3gico e um digital), e que possa operar em ambientes submetidos \u00e0 radia\u00e7\u00e3o.\u00a0O SAMPA ASIC foi projetado na tecnologia 130nm CMOS da TSMC (<strong><a href=\"http:\/\/www.tsmc.com\/\" data-saferedirecturl=\"https:\/\/www.google.com\/url?q=http:\/\/www.tsmc.com\/&amp;source=gmail&amp;ust=1543076082501000&amp;usg=AFQjCNH0sqDu6Jd0ig1F1AyAmjXhC_Zm1g\">Taiwan)<\/a><\/strong>.\u00a0O SAMPA ASIC j\u00e1 foi validado e est\u00e1 na fase de produ\u00e7\u00e3o em massa (90mil).\u00a0Assim, o layout final e a microfotografia do SAMPA ASIC fabricados est\u00e3o apresentados na figura abaixo. Sua \u00e1rea \u00e9 de\u00a09534\u00a0<em>\u03bc<\/em>m x 8944\u00a0<em>\u03bc<\/em>m.<\/p>\n<p style=\"font-weight: 400;\">O projeto tem coopera\u00e7\u00e3o entre EPUSP, IFUSP, IF-UNICAMP e o CERN (Genebra, Su\u00ed\u00e7a). Apoio da FAPESP.<\/p>\n<p style=\"font-weight: 400;\">3- O projeto de circuitos integrados de\u00a0<em>Low Voltage<\/em>,\u00a0<em>Low Power<\/em>\u00a0est\u00e1 tendo cada vez maior import\u00e2ncia com o maior uso de sistemas eletr\u00f4nicos, com grande aplica\u00e7\u00e3o em\u00a0<em>IoT<\/em>\u00a0(<em>Internet of Things<\/em>). Assim, est\u00e1 em desenvolvimento de t\u00e9cnicas de projeto de CIs em ULV (<em>ultra low voltage<\/em>) em tecnologias de custo relativamente baixo, como CMOS padr\u00e3o (130nm, 180nm), que possam operar abaixo de 0,5V. Entre os circuitos est\u00e1 em implementa\u00e7\u00e3o de um receptor BLE (<em>Bluetooth Low-Energy<\/em>) com tens\u00e3o de alimenta\u00e7\u00e3o 0.5V. Alguns blocos importantes do BLE foram projetados e est\u00e3o na fase de testes (2018).<\/p>\n<p style=\"font-weight: 400;\"><strong>Contato<\/strong><\/p>\n<p style=\"font-weight: 400;\">Prof. Dr. Wilhelmus Van Noije<br \/>\n<a href=\"mailto:noije@lsi.usp.br\">noije@lsi.usp.br<\/a><\/p>\n","protected":false},"excerpt":{"rendered":"<p>Coordenador:\u00a0Prof. Dr. Wilhelmus Van Noije &nbsp; Linhas de Pesquisa 1- Projeto de circuitos para detec\u00e7\u00e3o [&hellip;]<\/p>\n","protected":false},"author":415,"featured_media":0,"parent":0,"menu_order":0,"comment_status":"closed","ping_status":"closed","template":"","meta":{"footnotes":"","_links_to":"","_links_to_target":""},"class_list":["post-203","page","type-page","status-publish","hentry"],"_links":{"self":[{"href":"https:\/\/sites.usp.br\/lamina\/wp-json\/wp\/v2\/pages\/203","targetHints":{"allow":["GET"]}}],"collection":[{"href":"https:\/\/sites.usp.br\/lamina\/wp-json\/wp\/v2\/pages"}],"about":[{"href":"https:\/\/sites.usp.br\/lamina\/wp-json\/wp\/v2\/types\/page"}],"author":[{"embeddable":true,"href":"https:\/\/sites.usp.br\/lamina\/wp-json\/wp\/v2\/users\/415"}],"replies":[{"embeddable":true,"href":"https:\/\/sites.usp.br\/lamina\/wp-json\/wp\/v2\/comments?post=203"}],"version-history":[{"count":1,"href":"https:\/\/sites.usp.br\/lamina\/wp-json\/wp\/v2\/pages\/203\/revisions"}],"predecessor-version":[{"id":204,"href":"https:\/\/sites.usp.br\/lamina\/wp-json\/wp\/v2\/pages\/203\/revisions\/204"}],"wp:attachment":[{"href":"https:\/\/sites.usp.br\/lamina\/wp-json\/wp\/v2\/media?parent=203"}],"curies":[{"name":"wp","href":"https:\/\/api.w.org\/{rel}","templated":true}]}}