{"id":26,"date":"2013-11-21T19:00:33","date_gmt":"2013-11-21T19:00:33","guid":{"rendered":"http:\/\/sites.usp.br\/lamina\/?page_id=26"},"modified":"2022-04-11T10:11:28","modified_gmt":"2022-04-11T13:11:28","slug":"contato","status":"publish","type":"page","link":"https:\/\/sites.usp.br\/lamina\/contato\/","title":{"rendered":"Contato"},"content":{"rendered":"<p><strong>Coordenador:<\/p>\n<p><\/strong><\/p>\n<p><strong>Prof. Dr. Jo\u00e3o Ant\u00f4nio Martino<br \/>\n<\/strong><strong>martino@lsi.usp.br<\/strong><\/p>\n<p>&nbsp;<\/p>\n<p><strong>Localiza\u00e7\u00e3o:<\/strong><\/p>\n<p>Av. Prof. Luciano Gualberto &#8211; Trav. 3, 158<br \/>\nS\u00e3o Paulo\/SP<br \/>\nCEP: 05508-010<\/p>\n\n<!-- iframe plugin v.6.0 wordpress.org\/plugins\/iframe\/ -->\n<iframe loading=\"lazy\" src=\"https:\/\/www.google.com\/maps\/embed?pb=!1m14!1m8!1m3!1d1828.6471443717635!2d-46.7291313!3d-23.5578718!3m2!1i1024!2i768!4f13.1!3m3!1m2!1s0x0%3A0x27dcb36f1486d564!2sEscola+Polit%C3%A9cnica+da+Universidade+de+S%C3%A3o+Paulo!5e0!3m2!1spt-BR!2sbr!4v1528477766607\" width=\"600\" height=\"450\" frameborder=\"0\" style=\"border:0\" 0=\"allowfullscreen\" scrolling=\"yes\" class=\"iframe-class\"><\/iframe>\n\n","protected":false},"excerpt":{"rendered":"<p>Coordenador: Prof. Dr. Jo\u00e3o Ant\u00f4nio Martino martino@lsi.usp.br &nbsp; Localiza\u00e7\u00e3o: Av. Prof. Luciano Gualberto &#8211; Trav. [&hellip;]<\/p>\n","protected":false},"author":1,"featured_media":0,"parent":0,"menu_order":0,"comment_status":"closed","ping_status":"closed","template":"","meta":{"footnotes":"","_links_to":"","_links_to_target":""},"class_list":["post-26","page","type-page","status-publish","hentry"],"_links":{"self":[{"href":"https:\/\/sites.usp.br\/lamina\/wp-json\/wp\/v2\/pages\/26","targetHints":{"allow":["GET"]}}],"collection":[{"href":"https:\/\/sites.usp.br\/lamina\/wp-json\/wp\/v2\/pages"}],"about":[{"href":"https:\/\/sites.usp.br\/lamina\/wp-json\/wp\/v2\/types\/page"}],"author":[{"embeddable":true,"href":"https:\/\/sites.usp.br\/lamina\/wp-json\/wp\/v2\/users\/1"}],"replies":[{"embeddable":true,"href":"https:\/\/sites.usp.br\/lamina\/wp-json\/wp\/v2\/comments?post=26"}],"version-history":[{"count":4,"href":"https:\/\/sites.usp.br\/lamina\/wp-json\/wp\/v2\/pages\/26\/revisions"}],"predecessor-version":[{"id":193,"href":"https:\/\/sites.usp.br\/lamina\/wp-json\/wp\/v2\/pages\/26\/revisions\/193"}],"wp:attachment":[{"href":"https:\/\/sites.usp.br\/lamina\/wp-json\/wp\/v2\/media?parent=26"}],"curies":[{"name":"wp","href":"https:\/\/api.w.org\/{rel}","templated":true}]}}