{"id":26,"date":"2024-03-26T14:27:38","date_gmt":"2024-03-26T17:27:38","guid":{"rendered":"https:\/\/sites.usp.br\/lamom\/?page_id=26"},"modified":"2024-04-09T10:55:32","modified_gmt":"2024-04-09T13:55:32","slug":"pesquisa","status":"publish","type":"page","link":"https:\/\/sites.usp.br\/lamom\/pesquisa\/","title":{"rendered":"Pesquisa"},"content":{"rendered":"<p style=\"text-align: center;\">A pesquisa cient\u00edfica desenvolvida no IOUSP engloba as cinco grandes \u00e1reas da oceanografia: biol\u00f3gica, f\u00edsica, qu\u00edmica, geol\u00f3gica e social, e \u00e9 reconhecida por sua excel\u00eancia.<\/p>\n<p style=\"text-align: center;\">A atua\u00e7\u00e3o do LaMOM est\u00e1 relacionada \u00e0 oceanografia qu\u00edmica, com enfoque na qu\u00edmica inorg\u00e2nica aplicada \u00e0 biota marinha, sendo os metais os protagonistas das pesquisas desenvolvidas. Desta forma, temos algumas linhas de pesquisa que s\u00e3o o enfoque das nossas atividades:<\/p>\n<p style=\"text-align: center;\"><strong>Polui\u00e7\u00e3o marinha<\/strong><\/p>\n<p style=\"text-align: center;\">Avalia\u00e7\u00e3o da polui\u00e7\u00e3o marinha por metais em diferentes matrizes como organismos, \u00e1gua, sedimentos e solo, com o objetivo de realizar monitoramento ambiental e auxiliar na gest\u00e3o dos ambientes marinhos.<\/p>\n<p style=\"text-align: center;\"><strong>Bioacumula\u00e7\u00e3o e Biomagnifica\u00e7\u00e3o\u00a0<\/strong><\/p>\n<p style=\"text-align: center;\">Processos de acumula\u00e7\u00e3o de metais em diferentes tecidos de organismos marinhos, possibilitando avaliar as condi\u00e7\u00f5es de sa\u00fade e ambientais, e a seguran\u00e7a alimentar humana a partir do consumo de recursos pesqueiros. Al\u00e9m de investigar o comportamento dos metais em teias tr\u00f3ficas marinhas, sendo os is\u00f3topos est\u00e1veis de nitrog\u00eanio uma importante ferramenta nestes estudos.<\/p>\n<p style=\"text-align: center;\"><strong>Paleoceanografia<\/strong><\/p>\n<p style=\"text-align: center;\">Caracteriza\u00e7\u00e3o qu\u00edmica do ambiente marinho no passado e no presente atrav\u00e9s da an\u00e1lise de raz\u00f5es entre metais em corais, como <em>proxies <\/em>de vari\u00e1veis ambientais como temperatura, produtividade, proveni\u00eancia, entre outras.<\/p>\n","protected":false},"excerpt":{"rendered":"<p>A pesquisa cient\u00edfica desenvolvida no IOUSP engloba as cinco grandes \u00e1reas da oceanografia: biol\u00f3gica, f\u00edsica, qu\u00edmica, geol\u00f3gica e social, e \u00e9 reconhecida por sua excel\u00eancia. A atua\u00e7\u00e3o do LaMOM est\u00e1 relacionada \u00e0 oceanografia qu\u00edmica, com enfoque na qu\u00edmica inorg\u00e2nica aplicada \u00e0 biota marinha, sendo os metais os protagonistas das pesquisas desenvolvidas. Desta forma, temos algumas [&hellip;]<\/p>\n","protected":false},"author":23971,"featured_media":0,"parent":0,"menu_order":0,"comment_status":"closed","ping_status":"closed","template":"","meta":{"ocean_post_layout":"","ocean_both_sidebars_style":"","ocean_both_sidebars_content_width":0,"ocean_both_sidebars_sidebars_width":0,"ocean_sidebar":"0","ocean_second_sidebar":"0","ocean_disable_margins":"enable","ocean_add_body_class":"","ocean_shortcode_before_top_bar":"","ocean_shortcode_after_top_bar":"","ocean_shortcode_before_header":"","ocean_shortcode_after_header":"","ocean_has_shortcode":"","ocean_shortcode_after_title":"","ocean_shortcode_before_footer_widgets":"","ocean_shortcode_after_footer_widgets":"","ocean_shortcode_before_footer_bottom":"","ocean_shortcode_after_footer_bottom":"","ocean_display_top_bar":"default","ocean_display_header":"default","ocean_header_style":"","ocean_center_header_left_menu":"0","ocean_custom_header_template":"0","ocean_custom_logo":0,"ocean_custom_retina_logo":0,"ocean_custom_logo_max_width":0,"ocean_custom_logo_tablet_max_width":0,"ocean_custom_logo_mobile_max_width":0,"ocean_custom_logo_max_height":0,"ocean_custom_logo_tablet_max_height":0,"ocean_custom_logo_mobile_max_height":0,"ocean_header_custom_menu":"0","ocean_menu_typo_font_family":"0","ocean_menu_typo_font_subset":"","ocean_menu_typo_font_size":0,"ocean_menu_typo_font_size_tablet":0,"ocean_menu_typo_font_size_mobile":0,"ocean_menu_typo_font_size_unit":"px","ocean_menu_typo_font_weight":"","ocean_menu_typo_font_weight_tablet":"","ocean_menu_typo_font_weight_mobile":"","ocean_menu_typo_transform":"","ocean_menu_typo_transform_tablet":"","ocean_menu_typo_transform_mobile":"","ocean_menu_typo_line_height":0,"ocean_menu_typo_line_height_tablet":0,"ocean_menu_typo_line_height_mobile":0,"ocean_menu_typo_line_height_unit":"","ocean_menu_typo_spacing":0,"ocean_menu_typo_spacing_tablet":0,"ocean_menu_typo_spacing_mobile":0,"ocean_menu_typo_spacing_unit":"","ocean_menu_link_color":"","ocean_menu_link_color_hover":"","ocean_menu_link_color_active":"","ocean_menu_link_background":"","ocean_menu_link_hover_background":"","ocean_menu_link_active_background":"","ocean_menu_social_links_bg":"","ocean_menu_social_hover_links_bg":"","ocean_menu_social_links_color":"","ocean_menu_social_hover_links_color":"","ocean_disable_title":"default","ocean_disable_heading":"default","ocean_post_title":"","ocean_post_subheading":"","ocean_post_title_style":"","ocean_post_title_background_color":"","ocean_post_title_background":0,"ocean_post_title_bg_image_position":"","ocean_post_title_bg_image_attachment":"","ocean_post_title_bg_image_repeat":"","ocean_post_title_bg_image_size":"","ocean_post_title_height":0,"ocean_post_title_bg_overlay":0.5,"ocean_post_title_bg_overlay_color":"","ocean_disable_breadcrumbs":"default","ocean_breadcrumbs_color":"","ocean_breadcrumbs_separator_color":"","ocean_breadcrumbs_links_color":"","ocean_breadcrumbs_links_hover_color":"","ocean_display_footer_widgets":"default","ocean_display_footer_bottom":"default","ocean_custom_footer_template":"0","footnotes":"","_links_to":"","_links_to_target":""},"class_list":["post-26","page","type-page","status-publish","hentry","entry"],"_links":{"self":[{"href":"https:\/\/sites.usp.br\/lamom\/wp-json\/wp\/v2\/pages\/26","targetHints":{"allow":["GET"]}}],"collection":[{"href":"https:\/\/sites.usp.br\/lamom\/wp-json\/wp\/v2\/pages"}],"about":[{"href":"https:\/\/sites.usp.br\/lamom\/wp-json\/wp\/v2\/types\/page"}],"author":[{"embeddable":true,"href":"https:\/\/sites.usp.br\/lamom\/wp-json\/wp\/v2\/users\/23971"}],"replies":[{"embeddable":true,"href":"https:\/\/sites.usp.br\/lamom\/wp-json\/wp\/v2\/comments?post=26"}],"version-history":[{"count":4,"href":"https:\/\/sites.usp.br\/lamom\/wp-json\/wp\/v2\/pages\/26\/revisions"}],"predecessor-version":[{"id":146,"href":"https:\/\/sites.usp.br\/lamom\/wp-json\/wp\/v2\/pages\/26\/revisions\/146"}],"wp:attachment":[{"href":"https:\/\/sites.usp.br\/lamom\/wp-json\/wp\/v2\/media?parent=26"}],"curies":[{"name":"wp","href":"https:\/\/api.w.org\/{rel}","templated":true}]}}