{"id":27,"date":"2024-03-26T14:27:39","date_gmt":"2024-03-26T17:27:39","guid":{"rendered":"https:\/\/sites.usp.br\/lamom\/?page_id=27"},"modified":"2025-04-15T14:35:27","modified_gmt":"2025-04-15T17:35:27","slug":"extensao","status":"publish","type":"page","link":"https:\/\/sites.usp.br\/lamom\/","title":{"rendered":"LaMOM"},"content":{"rendered":"<p style=\"text-align: center;\">\n<div style=\"width: 1080px;\" class=\"wp-video\"><video class=\"wp-video-shortcode\" id=\"video-27-1\" width=\"1080\" height=\"1920\" preload=\"metadata\" controls=\"controls\"><source type=\"video\/mp4\" src=\"https:\/\/sites.usp.br\/lamom\/wp-content\/uploads\/sites\/1450\/2025\/04\/04112.mp4?_=1\" \/><a href=\"https:\/\/sites.usp.br\/lamom\/wp-content\/uploads\/sites\/1450\/2025\/04\/04112.mp4\">https:\/\/sites.usp.br\/lamom\/wp-content\/uploads\/sites\/1450\/2025\/04\/04112.mp4<\/a><\/video><\/div>\n<p style=\"text-align: center;\">O Laborat\u00f3rio de Metais em Organismos Marinhos (LaMOM) do Instituto Oceanogr\u00e1fico da Universidade de S\u00e3o Paulo foi criado em 2024 e se dedica a estudar os Oceanos, especialmente aspectos da qu\u00edmica inorg\u00e2nica marinha. Incluindo a avalia\u00e7\u00e3o da polui\u00e7\u00e3o por metais, processos de bioacumula\u00e7\u00e3o e biomagnifica\u00e7\u00e3o, e a an\u00e1lise de metais em corais como <em>proxies<\/em> para caracteriza\u00e7\u00e3o qu\u00edmica do passado e presente.<\/p>\n<p style=\"text-align: center;\">Os metais s\u00e3o os protagonistas das pesquisas desenvolvidas, e nos ajudam a conhecer a qualidade do ambiente, fornecendo informa\u00e7\u00f5es para a gest\u00e3o e preserva\u00e7\u00e3o dos ambientes marinhos. Al\u00e9m de avalia\u00e7\u00f5es das condi\u00e7\u00f5es de sa\u00fade da biota, que s\u00e3o essenciais por raz\u00f5es ecol\u00f3gicas, socioecon\u00f4micas e de sa\u00fade p\u00fablica.<\/p>\n<p style=\"text-align: center;\">O LaMOM se dedica \u00e0 forma\u00e7\u00e3o de ocean\u00f3grafos capazes de atuar na promo\u00e7\u00e3o da ci\u00eancia oce\u00e2nica, em pesquisas sobre condi\u00e7\u00f5es qu\u00edmicas dos oceanos e na comunica\u00e7\u00e3o de seus resultados \u00e0 sociedade, colaborando com a gest\u00e3o sustent\u00e1vel de ambientes marinhos.<\/p>\n","protected":false},"excerpt":{"rendered":"<p>O Laborat\u00f3rio de Metais em Organismos Marinhos (LaMOM) do Instituto Oceanogr\u00e1fico da Universidade de S\u00e3o Paulo foi criado em 2024 e se dedica a estudar os Oceanos, especialmente aspectos da qu\u00edmica inorg\u00e2nica marinha. Incluindo a avalia\u00e7\u00e3o da polui\u00e7\u00e3o por metais, processos de bioacumula\u00e7\u00e3o e biomagnifica\u00e7\u00e3o, e a an\u00e1lise de metais em corais como proxies para [&hellip;]<\/p>\n","protected":false},"author":23971,"featured_media":0,"parent":0,"menu_order":0,"comment_status":"closed","ping_status":"closed","template":"","meta":{"ocean_post_layout":"","ocean_both_sidebars_style":"","ocean_both_sidebars_content_width":0,"ocean_both_sidebars_sidebars_width":0,"ocean_sidebar":"0","ocean_second_sidebar":"0","ocean_disable_margins":"enable","ocean_add_body_class":"","ocean_shortcode_before_top_bar":"","ocean_shortcode_after_top_bar":"","ocean_shortcode_before_header":"","ocean_shortcode_after_header":"","ocean_has_shortcode":"","ocean_shortcode_after_title":"","ocean_shortcode_before_footer_widgets":"","ocean_shortcode_after_footer_widgets":"","ocean_shortcode_before_footer_bottom":"","ocean_shortcode_after_footer_bottom":"","ocean_display_top_bar":"default","ocean_display_header":"default","ocean_header_style":"","ocean_center_header_left_menu":"0","ocean_custom_header_template":"0","ocean_custom_logo":0,"ocean_custom_retina_logo":0,"ocean_custom_logo_max_width":0,"ocean_custom_logo_tablet_max_width":0,"ocean_custom_logo_mobile_max_width":0,"ocean_custom_logo_max_height":0,"ocean_custom_logo_tablet_max_height":0,"ocean_custom_logo_mobile_max_height":0,"ocean_header_custom_menu":"0","ocean_menu_typo_font_family":"0","ocean_menu_typo_font_subset":"","ocean_menu_typo_font_size":0,"ocean_menu_typo_font_size_tablet":0,"ocean_menu_typo_font_size_mobile":0,"ocean_menu_typo_font_size_unit":"px","ocean_menu_typo_font_weight":"","ocean_menu_typo_font_weight_tablet":"","ocean_menu_typo_font_weight_mobile":"","ocean_menu_typo_transform":"","ocean_menu_typo_transform_tablet":"","ocean_menu_typo_transform_mobile":"","ocean_menu_typo_line_height":0,"ocean_menu_typo_line_height_tablet":0,"ocean_menu_typo_line_height_mobile":0,"ocean_menu_typo_line_height_unit":"","ocean_menu_typo_spacing":0,"ocean_menu_typo_spacing_tablet":0,"ocean_menu_typo_spacing_mobile":0,"ocean_menu_typo_spacing_unit":"","ocean_menu_link_color":"","ocean_menu_link_color_hover":"","ocean_menu_link_color_active":"","ocean_menu_link_background":"","ocean_menu_link_hover_background":"","ocean_menu_link_active_background":"","ocean_menu_social_links_bg":"","ocean_menu_social_hover_links_bg":"","ocean_menu_social_links_color":"","ocean_menu_social_hover_links_color":"","ocean_disable_title":"default","ocean_disable_heading":"default","ocean_post_title":"","ocean_post_subheading":"","ocean_post_title_style":"","ocean_post_title_background_color":"","ocean_post_title_background":0,"ocean_post_title_bg_image_position":"","ocean_post_title_bg_image_attachment":"","ocean_post_title_bg_image_repeat":"","ocean_post_title_bg_image_size":"","ocean_post_title_height":0,"ocean_post_title_bg_overlay":0.5,"ocean_post_title_bg_overlay_color":"","ocean_disable_breadcrumbs":"default","ocean_breadcrumbs_color":"","ocean_breadcrumbs_separator_color":"","ocean_breadcrumbs_links_color":"","ocean_breadcrumbs_links_hover_color":"","ocean_display_footer_widgets":"default","ocean_display_footer_bottom":"default","ocean_custom_footer_template":"0","footnotes":"","_links_to":"","_links_to_target":""},"class_list":["post-27","page","type-page","status-publish","hentry","entry"],"_links":{"self":[{"href":"https:\/\/sites.usp.br\/lamom\/wp-json\/wp\/v2\/pages\/27","targetHints":{"allow":["GET"]}}],"collection":[{"href":"https:\/\/sites.usp.br\/lamom\/wp-json\/wp\/v2\/pages"}],"about":[{"href":"https:\/\/sites.usp.br\/lamom\/wp-json\/wp\/v2\/types\/page"}],"author":[{"embeddable":true,"href":"https:\/\/sites.usp.br\/lamom\/wp-json\/wp\/v2\/users\/23971"}],"replies":[{"embeddable":true,"href":"https:\/\/sites.usp.br\/lamom\/wp-json\/wp\/v2\/comments?post=27"}],"version-history":[{"count":4,"href":"https:\/\/sites.usp.br\/lamom\/wp-json\/wp\/v2\/pages\/27\/revisions"}],"predecessor-version":[{"id":205,"href":"https:\/\/sites.usp.br\/lamom\/wp-json\/wp\/v2\/pages\/27\/revisions\/205"}],"wp:attachment":[{"href":"https:\/\/sites.usp.br\/lamom\/wp-json\/wp\/v2\/media?parent=27"}],"curies":[{"name":"wp","href":"https:\/\/api.w.org\/{rel}","templated":true}]}}