{"id":77,"date":"2024-04-04T10:49:49","date_gmt":"2024-04-04T13:49:49","guid":{"rendered":"https:\/\/sites.usp.br\/lamom\/?page_id=77"},"modified":"2026-03-27T12:02:34","modified_gmt":"2026-03-27T15:02:34","slug":"publicacoes","status":"publish","type":"page","link":"https:\/\/sites.usp.br\/lamom\/publicacoes\/","title":{"rendered":"Publica\u00e7\u00f5es"},"content":{"rendered":"<h3 style=\"text-align: center;\"><strong>Artigos<\/strong><\/h3>\n<p>GUSSO-CHOUERI, P. K.; CHOUERI, R. B.; MARANHO, L. A.; ALVES, A. V.; NOBRE, C. R.; MARINSEK, G. P.; DE BRITTO MARI, R.; TREVIZANI, T. H.; FIGUEIRA, R. C. L.; DE SOUZA ABESSA, D. M. Time and contamination level dependence of metal bioaccumulation and multibiomarker responses in fish: implications for biomonitoring. Environmental monitoring and Assessment, v. 198, 2026. <a href=\"https:\/\/link.springer.com\/article\/10.1007\/s10661-026-15181-9\">https:\/\/link.springer.com\/article\/10.1007\/s10661-026-15181-9<\/a><\/p>\n<p>RAGAGNIN, M. N.; ESMAEILI, Y. S; TREVIZANI, T. H.; LOUREN\u00c7O, R. A.; TURRA. Spatial and species-specific variation in trace metal contamination in beach bivalves unveils complex environmental and food safety risks. Marine Pollution Bulletin, v. 222, p. 118554, 2026. <a href=\"https:\/\/doi.org\/10.1016\/j.marpolbul.2025.118554\">https:\/\/doi.org\/10.1016\/j.marpolbul.2025.118554<\/a><\/p>\n<p>JOS\u00c9-SILVA, J. ; TREVIZANI, T. H. ; ALMEIDA, A. A. ; PINHEIRO, M. A. A. Metal concentration in ghost shrimp and contamination levels of sandy beaches contrasted with anthropogenic impacts in Southeast Brazil. Environmental Monitoring and Assessment, v. 197, p. 1, 2025. <a href=\"https:\/\/doi.org\/10.1007\/s10661-025-14033-2\">https:\/\/doi.org\/10.1007\/s10661-025-14033-2<\/a><\/p>\n<p>REIS, G. A.; FIGUEIRA, R. C. L.; SENEZ-MELLO, T. M. ; TREVIZANI, T. H. ; FELIPE, B. S.F.; ALVES MARTINS, M. V. Bioenrichment of potentially toxic elements in fishes and shrimps of Sepetiba Bay (RJ, SE Brazil). Journal of Sea Research, v. 206, p. 102603, 2025. <a href=\"https:\/\/doi.org\/10.1016\/j.seares.2025.102603\">https:\/\/doi.org\/10.1016\/j.seares.2025.102603<\/a><\/p>\n<p>GOMES-SILVA, A. P.; MEDEIROS, P. C. ; SILVA, L. N. ; SANTIAGO, M. S. A.; TREVIZANI, T. H.; FIGUEIRA, R. C. L. ; MOREIRA, L. B.; PEROBELLI, J. E. Exposure to manganese during late intrauterine development and lactation: long-term effects on male reproductive function. Environmental Toxicology and Pharmacology, v. 1, p. 104784, 2025. <a href=\"https:\/\/doi.org\/10.1016\/j.etap.2025.104784\">https:\/\/doi.org\/10.1016\/j.etap.2025.104784<\/a><\/p>\n<p>ALVES, A.V.; GUSSO-CHOUERI, P. K.; ALTAFIM, G. L.; FERRAZ, M. A.; TREVIZANI, T. H.; FELIX, C. S. A.; FIGUEIRA, R. C. L.; ABESSA, D. M. S.; CHOUERI, R. B. Influence of CO2-induced acidification and temperature increased on the toxicity of metals in sediment in the mussel <em>Mytella charruana<\/em>. Frontiers in Ocean Sustainability, v. 3, p. 1, 2025.\u00a0 <a href=\"https:\/\/doi.org\/10.3389\/focsu.2025.1575728\">https:\/\/doi.org\/10.3389\/focsu.2025.1575728<\/a><\/p>\n<p>CARDOSO-SILVA, S.; TREVIZANI, T. H.; FIGUEIRA, R. C. L.; POMP\u00caO, M.; KRAMMER, O.; PICAZO, A.; VICENTE, E.; MOSCHINI-CARLOS, V. Biotic homogenization in multisystem cascade reservoirs: insights from sedimentary photopigment analysis. Environmental Science and Pollution Research. 2024.<br \/>\n<a href=\"https:\/\/doi.org\/10.1007\/s11356-024-35023-w\">https:\/\/doi.org\/10.1007\/s11356-024-35023-w<\/a><\/p>\n<p>ALVES, A. V.; KUREKI, R. K.; TREVIZANI, T. H.; FIGUEIRA, R. C. L.; CHOUERI, R. B. Effects of metals in sediment under acidification and temperature rise scenarios on reproduction of the copepod Nitokra sp.. Marine Pollution Bulletin, v.209, p.117-125, 2024. <a href=\"https:\/\/doi.org\/10.1016\/j.marpolbul.2024.117125\">https:\/\/doi.org\/10.1016\/j.marpolbul.2024.117125<\/a><\/p>\n<p>TURECK, C. R. ; HAAK, L. ; CUNHA, S. M. B. ; DESTEFANI, A. ; VIEIRA, C. V. ; MI KIM, B. S. ; TREVIZANI, T. H.; FERREIRA, P.A.L. ; FIGUEIRA, R.C.L. Qualidade de sedimentos na Ba\u00eda Babitonga e sua implica\u00e7\u00e3o na reabertura do Canal do Linguado (SC), Brasil. Acta Biol\u00f3gica Catarinense. v. 11, p. 46-61, 2024. <a href=\"https:\/\/periodicos.univille.br\/ABC\/article\/view\/2173\">https:\/\/periodicos.univille.br\/ABC\/article\/view\/2173<\/a><\/p>\n<p>PAULY, G. F.E.; PERINA, F. C.; YAMAMOTO, F. Y. ; KIM, B.S.M.; TREVIZANI, T.H.; CRUZ, A.C.F.; RIBEIRO, C. C.; MENEZES, L.; FIGUEIRA, R.C.L.;\u00a0 ABESSA, D. M. S. Five years after the collapse of the Fund\u00e3o Dam: lessons from temporal monitoring of chemistry and acute toxicity. Environmental Monitoring and Assessment, v. 196, p. 246, 2024. <a href=\"https:\/\/doi.org\/10.1007\/s10661-024-12405-8\">https:\/\/doi.org\/10.1007\/s10661-024-12405-8<\/a><\/p>\n<p>SAIBRO, M. B.; MARTINS, M. V. A.; GUERRA, J.V.; FIGUEIRA, R. C. L.; SIM\u00d5ES, F. C.F. ; DADALTO, T. P.; TREVIZANI, T. H.; FERREIRA, P. A.L. ; SILVA, C. G. ; DOS REIS, A. T.; TERROSO, D.; DA SILVA, L. C.; BERGAMASCHI, S.; ROCHA, F.; HEILBRON, M. Transfer of industrial contaminants from the inner to the outer region of Sepetiba Bay (SE Brazil) by dredge spoil dumping activities: a temporal record. Environmental Earth Sciences, v. 82, p. 1\/560, 2023. <a href=\"https:\/\/doi.org\/10.1007\/s12665-023-11259-6\">https:\/\/doi.org\/10.1007\/s12665-023-11259-6<\/a><\/p>\n<p>ALTAFIM, G.L.; ALVES, A.V.; TREVIZANI, T.H.; FIGUEIRA, R.C.L.; GALLUCCI, F.; CHOUERI, R.B. Ocean warming and CO2 driven acidification can alter the toxicity of metal contaminated sediments to the meiofauna community. Science of the Total Environment, 2023. <a href=\"http:\/\/dx.doi.org\/10.1016\/j.scitotenv.2023.163687\">http:\/\/dx.doi.org\/10.1016\/j.scitotenv.2023.163687<\/a><\/p>\n<p>PAULY, G.F.E.; CRUZ, A.C.F.; TREVIZANI, T. H.; KIM, B.S.M.; PERINA, F. C.; YAMAMOTO, F. Y.; FIGUEIRA, R. C. L.; ABESSA, D. M. S. Spatial-temporal variations of metals and arsenic in sediments from Doce River after the Fund\u00e3o Dam rupture and their bioaccumulation. Integrated Environmental Assessment and Management, 2023. <a href=\"https:\/\/doi.org\/10.1016\/j.dib.2020.105889\">https:\/\/doi.org\/10.1016\/j.dib.2020.105889<\/a><\/p>\n<p>BENEDETTI, B.; TREVIZANI, T. H.; MONTONE, R.C.; PETRY, M.V.; FIGUEIRA, R.C.L. Mercury in Brown Booby (<em>Sula leucogaster<\/em>) Feathers from the S\u00e3o Pedro and S\u00e3o Paulo Archipelago as a Tool for Environmental Biomonitoring. Ecotoxicology and Environmental Contamination, v.17, p.28 &#8211; 36, 2023. <a href=\"https:\/\/doi.org\/10.5132\/eec.2022.02.04\">https:\/\/doi.org\/10.5132\/eec.2022.02.04<\/a><\/p>\n<p>TREVIZANI, T. H.; DOMIT, C.; SANTOS, M. C. O.; FIGUEIRA, R. C. L. Bioaccumulation of heavy metals in estuaries in the southwest Atlantic Ocean. Environmental Science and Pollution Research, 2022. <a href=\"https:\/\/doi.org\/10.1007\/s11356-022-23974-x\">https:\/\/doi.org\/10.1007\/s11356-022-23974-x<\/a><\/p>\n<p>TREVIZANI, T. H.; COLABUONO, F. I.; PETERSEN, E. S.; PETRY, M. V.; TANIGUCHI, S.; MONTONE, R. C.; FIGUEIRA, R. C.L. Mercury and Selenium levels in feathers of Southern Giant Petrels (<em>Macronectes giganteus<\/em>) from South Shetland Islands, Antarctica. Journal of Trace Elements and Minerals. 2, 100020, 2022.<br \/>\n<a href=\"https:\/\/doi.org\/10.1016\/j.jtemin.2022.100020\">https:\/\/doi.org\/10.1016\/j.jtemin.2022.100020<\/a><\/p>\n<p>NAKAMURA, F. M.; LOUREN\u00c7O, R. A.; MAGALH\u00c3ES, C. A.; BENDIA, A. G.; BUTARELLI, A. C.A.; PASSOS, J. G.; SOARES, L. F.; RAMOS, R. B.; TREVIZANI, T. H.; SIGNORI, C. N.; MAHIQUES, M. M.; SUMIDA, P. Y. G.; PELLIZARI, V. H. Methane-related community of a carbonate-enriched pockmark, Brazilian Southeastern continental slope. Ocean And Coastal Research, v.70, 2022. <a href=\"http:\/\/doi.org\/10.1590\/2675-2824070.22071fmn\">http:\/\/doi.org\/10.1590\/2675-2824070.22071fmn<\/a><\/p>\n<p>SANTOS, R. F.; KIM, B. S. M.; TREVIZANI, T. H.; OLIVEIRA, R. U.; MALY, M.; RAMOS, R. B.; FIGUEIRA, R. C. L.; MAHIQUES, M. M. Sedimentation in the adjacencies of a southwestern Atlantic giant carbonate ridge. Ocean And Coastal Research, v.70, 2022. <a href=\"http:\/\/doi.org\/10.1590\/2675-2824070.21109rfds\">http:\/\/doi.org\/10.1590\/2675-2824070.21109rfds<\/a><\/p>\n<p>THEOPHILO, C. Y.S.; RIBEIRO, A. P.; TREVIZANI, T. H.; MAJER, A. P.; MONTONE, R. C.; RAKAUSKAS, F.; DE ARRUDA, C. S. C.; MOREIRA, E. G.; FIGUEIRA, R. C. L. Assessment of crabs from Trindade, a Brazilian remote island: Support to marine studies. Marine Pollution Bulletin, v.182, p.113922, 2022. <a href=\"https:\/\/doi.org\/10.1016\/j.marpolbul.2022.113922\">https:\/\/doi.org\/10.1016\/j.marpolbul.2022.113922<\/a><\/p>\n<p>TREVIZANI, T. H.; NAGAI, R. H.; FIGUEIRA, R. C. L.; SUMIDA, P. Y. G.; MAHIQUES, M.M. Chemical characterization of deep-sea corals from the continental slope of Santos Basin (southeastern Brazilian upper margin). Ocean And Coastal Research, v.70, p.22018. 2022.<br \/>\n<a href=\"http:\/\/doi.org\/10.1590\/2675-2824070.21108tht\">http:\/\/doi.org\/10.1590\/2675-2824070.21108tht<\/a><\/p>\n<p>BOTELHO, M. T.; PASSOS, M.J.A.R.C.; TREVIZANI, T. H.; FIGUEIRA, R. C. L.; UMBUZEIRO, G. A.; GOMES, V. Genotoxic effects of silver nanoparticles on a tropical marine amphipod via feeding exposure. Mutation Research-genetic toxicology and environmental mutagenesis, v.881, p.503527, 2022.<br \/>\n<a href=\"https:\/\/doi.org\/10.1016\/j.mrgentox.2022.503527\">https:\/\/doi.org\/10.1016\/j.mrgentox.2022.503527<\/a><\/p>\n<p>KIM, B.S.M.; TREVIZANI, T. H.; BENEDETTI, B.; ANGELI, J. L.F.; SIEGLE, E.; DE MAHIQUES, M. M.; FIGUEIRA, R. C.L. Understanding Hg distribution in sediments from the Santos and S\u00e3o Vicente Estuarine System, southeastern Brazil. Journal of Trace Elements and Minerals, v.2, p.100008, 2022. <a href=\"https:\/\/doi.org\/10.1016\/j.jtemin.2022.100008\">https:\/\/doi.org\/10.1016\/j.jtemin.2022.100008<\/a><\/p>\n<p>TREVIZANI, T. H.; MONTONE, R. C.; FIGUEIRA, R. C. L. Temporal Distribution of Arsenic and Metals in Soil From King George Island, Antarctica. Frontiers in Marine Science, v. 8, p. 772742, 2022. <a href=\"https:\/\/doi.org\/10.3389\/fmars.2021.772742\">https:\/\/doi.org\/10.3389\/fmars.2021.772742<\/a><\/p>\n<p>GAMA, LR; FUENTES, MMPB; TREVIZANI, T.H. ; PELLIZZARI, F; LEMONS, GE; SEMINOFF, JA; DOMIT, C. Trophic ecology of juvenile green turtles in the Southwestern Atlantic Ocean: insights from stable isotope analysis and niche modelling. Marine Ecology Progress Series, v. 678, p. 139-152, 2021. <a href=\"https:\/\/doi.org\/10.3354\/meps13868\">https:\/\/doi.org\/10.3354\/meps13868<\/a><\/p>\n<p>TREVIZANI, T. H.; FIGUEIRA, R. C. L.; SANTOS, M.C.O.; DOMIT, C. Mercury in trophic webs of estuaries in the southwest Atlantic Ocean. Marine Pollution Bulletin, v.167, p.112370, 2021. <a href=\"https:\/\/doi.org\/10.1016\/j.marpolbul.2021.112370\">https:\/\/doi.org\/10.1016\/j.marpolbul.2021.112370<\/a><\/p>\n<p>TREVIZANI, T. H.; DOMIT, C.; TRAMONTE, K. M.; DE MAHIQUES, M. M.; FIGUEIRA, R. C. L. Metals in sediments as indicators of anthropogenic impacts in estuaries of south-southeast Brazil. Journal of Sedimentary Environments, 2021. <a href=\"https:\/\/doi.org\/10.1007\/s43217-021-00069-0\">https:\/\/doi.org\/10.1007\/s43217-021-00069-0<\/a><\/p>\n<p>ANGELI, J. L. F.; TREVIZANI, T. H.; NAGAI, R. H.; MARTINS, C. C.; FIGUEIRA, R. C. L.; DE MAHIQUES, M. M. Geochemical mapping in a subtropical estuarine system influenced by large grain-shipping terminals: Insights using Metal\/Metal ratios and multivariate analysis. Environmental Earth Sciences, v.79, p.443, 2020. <a href=\"https:\/\/doi.org\/10.1007\/s12665-020-09211-z\">https:\/\/doi.org\/10.1007\/s12665-020-09211-z<\/a><\/p>\n<p>VEDOLIN, M.C.; TREVIZANI, T.H.; ANGELI, J.L.F.; PETTI, M.A.V.; FIGUEIRA, R.C.L. Assessment of metal concentration in Goniopsis cruentata (Latreille, 1803) (Decapoda, Grapsidae) from two Brazilian mangroves under different anthropogenic influences. Regional Studies in Marine Science, v. 36, 2020. <a href=\"https:\/\/doi.org\/10.1016\/j.rsma.2020.101305\">https:\/\/doi.org\/10.1016\/j.rsma.2020.101305<\/a><\/p>\n<p>TREVIZANI, T. H.; DOMIT, C.; BROADHURST, M. K.; SANTOS, M. C. O.; FIGUEIRA, R. C. L. Trophic dynamics in two South American estuaries encompassing industrial development and a biodiversity hotspot. Aquatic Conservation \u2013 Marine and Freshwater Ecosystems, v.191, p.308, 2019. <a href=\"https:\/\/doi.org\/10.1002\/aqc.3222\">https:\/\/doi.org\/10.1002\/aqc.3222<\/a><\/p>\n<p>BROADHURST, M. K.; DOMIT, C.; TREVIZANI, T. H.; RAOULT, V.; MILLAR, R.B. Mother\u2013embryo isotope fractionation in the pygmy devilray Mobula kuhlii cf. eregoodootenkee. Journal of Fish Biology, v. 95, p. 589\u2013593, 2019. <a href=\"https:\/\/doi.org\/10.1111\/jfb.14010\">https:\/\/doi.org\/10.1111\/jfb.14010<\/a><\/p>\n<p>TREVIZANI, T. H.; DOMIT, C.; VEDOLIN, M. C.; ANGELI, J.L.F.; FIGUEIRA, R. C. L. Assessment of metal contamination in fish from estuaries of southern and southeastern Brazil. Environmental Monitoring and Assessment, v. 29, p. 2045\u20132056, 2019.<a href=\"https:\/\/doi.org\/10.1007\/s10661-019-7477-1\"> https:\/\/doi.org\/10.1007\/s10661-019-7477-1<\/a><\/p>\n<p>TREVIZANI, T. H.; PETTI, M. A. V.; RIBEIRO, A. P.; CORBISIER, T. N.; FIGUEIRA, R. C. L. Heavy metal concentrations in the benthic trophic web of Martel Inlet, Admiralty Bay (King George Island, Antarctica). Marine Pollution Bulletin, v.130, p.198 &#8211; 205, 2018.<a href=\"https:\/\/doi.org\/10.1016\/j.marpolbul.2018.03.031\"> https:\/\/doi.org\/10.1016\/j.marpolbul.2018.03.031<\/a><\/p>\n<p>TREVIZANI, T. H.; SILVA, C. R. A.; MAJER, A. P.; RIBEIRO, A. P.; FERREIRA, P. A. L.; MONTONE, R. C.; FIGUEIRA, R. C. L. Arsenic and heavy metals in soils from Comandante Ferraz Antarctic Station (King George Island) after fire. INCT-APA Annual Activity Report., v.2014, p.25 &#8211; 29, 2016.<br \/>\n<a href=\"https:\/\/doi.org\/10.4322\/apa.2016.008\">https:\/\/doi.org\/10.4322\/apa.2016.008<\/a><\/p>\n<p>TREVIZANI, T. H.; FIGUEIRA, R. C. L.; RIBEIRO, A. P.; THEOPHILO, C. Y. S.; MAJER, A. P.; PETTI, M. A. V.; CORBISIER, T. N.; MONTONE, R. C. Bioaccumulation of heavy metals in marine organisms and sediments from Admiralty Bay, King George Island, Antarctica. Marine Pollution Bulletin, v.106, p.366 &#8211; 371, 2016. <a href=\"http:\/\/dx.doi.org\/10.1016\/j.marpolbul.2016.02.056\">http:\/\/dx.doi.org\/10.1016\/j.marpolbul.2016.02.056<\/a><\/p>\n<p>ANGELI, J. L. F.; TREVIZANI, T. H.; RIBEIRO, A.; MACHADO, E. C.; FIGUEIRA, R. C. L.; MARKERT, B.; FRAENZLE, S.; WUENSCHMANN, S. Arsenic and other trace elements in two catfish species from Paranagu\u00e1 Estuarine Complex, Paran\u00e1, Brazil. Environmental Monitoring and Assessment, v.185, p.8333 &#8211; 8342, 2013. <a href=\"https:\/\/doi.org\/10.1007\/s10661-013-3176-5\">https:\/\/doi.org\/10.1007\/s10661-013-3176-5<\/a><\/p>\n<h3><\/h3>\n<h3 style=\"text-align: center;\"><strong>Cap\u00edtulos de livros<\/strong><\/h3>\n<p>SILVA, S. C. ; FERREIRA, P. A. L. ; BIAMONT-ROJAS, I. ;\u00a0TREVIZANI, T. H.\u00a0;\u00a0FIGUEIRA, R. C. L. ; POMPEO, M. ; MOSCHINI-CARLOS, V.\u00a0 Heterogeneidade geoqu\u00edmica temporal e espacial de sedimentos em reservat\u00f3rio de \u00e1rea protegida: a busca por condi\u00e7\u00f5es de refer\u00eancia. In: Marcelo Pomp\u00eao; Sheila Cardoso-Silva; Rubens Cesar Lopes Figueira; Viviane Moschini-Carlos. (Org.). Limnologia de reservat\u00f3rios: do cl\u00e1ssico \u00e0s novas abordagens. 1ed.S\u00e3o Paulo: Instituto de Bioci\u00eancias, Universidade de S\u00e3o Paulo, 2024, v. , p. 1-188.<\/p>\n<p>TREVIZANI, T. H. Caracteriza\u00e7\u00e3o qu\u00edmica de corais do Atl\u00e2ntico Sudoeste: Uma reconstru\u00e7\u00e3o paleoceanogr\u00e1fica. In: IO-USPeople na Fronteira da Vida no Oceano.1, 2022, p. 1-135.<br \/>\n<a href=\"https:\/\/inserver.com.br\/usp\/livros\/Livro%20IOUSPeople.pdf\">https:\/\/inserver.com.br\/usp\/livros\/Livro%20IOUSPeople.pdf<\/a><\/p>\n<p>DOMIT, C.; TREVIZANI, T. H.; FARRO, A. P. C.; SILVA, A. Z.; BELLEGHEM, T. V.; HERBST, D. F.; TARDIN, R. H.; BISI, T. L.; LAPORTA, P.; VIDAL, L. G.; CHUPIL, H.; MARCONDES, D. S.; FONSECA, G. F.; VALLE, R. R.; G.BERNINSONE, L.; BARBOSA, C. B.; CREMER, M. J.; BROADHURST, M. K. Chapter 12 &#8211; Coastal development and habitat loss: understanding and resolving associated threats to the franciscana, Pontoporia blainvillei. In: The Franciscana Dolphin: On the Edge of Survival.1 ed.: Academic Press, 2022, p. 1-474. <a href=\"https:\/\/doi.org\/10.1016\/B978-0-323-90974-7.00010-0\">https:\/\/doi.org\/10.1016\/B978-0-323-90974-7.00010-0<\/a><\/p>\n<p>KIM, B. S. M.; TREVIZANI, T. H.; FERREIRA, P. A. L.; FIGUEIRA, R. C. L. Polui\u00e7\u00e3o por Metais e Elementos Radioativos. In: Joseph Harari. (Org.). No\u00e7\u00f5es de Oceanografia. 1ed.S\u00e3o Paulo: Instituto Oceanogr\u00e1fico, 2021, p. 381-399. <a href=\"https:\/\/inserver.com.br\/usp\/livros\/nocoes_oceanografia-baixa.pdf\">https:\/\/inserver.com.br\/usp\/livros\/nocoes_oceanografia-baixa.pdf<\/a><\/p>\n<p>MONTONE, R.C.; MARTINS, C. C.; TONELLI, M. H. M.; TREVIZANI, T. H.; BICEGO, M. C.; FIGUEIRA, R. C. L.; WAINER, I. E. K. C.; MARCOVECCHIO, J. E. Globalization of the Antarctic seas: Pollution and Climate Change Perspectives. In: Marine Pollution and Climate Change.1 ed.: CRC Press, 2017, p. 1-336. <a href=\"https:\/\/doi.org\/10.1201\/9781315119243\">https:\/\/doi.org\/10.1201\/9781315119243<\/a><\/p>\n","protected":false},"excerpt":{"rendered":"<p>Artigos GUSSO-CHOUERI, P. K.; CHOUERI, R. B.; MARANHO, L. A.; ALVES, A. V.; NOBRE, C. R.; MARINSEK, G. P.; DE BRITTO MARI, R.; TREVIZANI, T. H.; FIGUEIRA, R. C. L.; DE SOUZA ABESSA, D. M. Time and contamination level dependence of metal bioaccumulation and multibiomarker responses in fish: implications for biomonitoring. Environmental monitoring and Assessment, [&hellip;]<\/p>\n","protected":false},"author":23971,"featured_media":0,"parent":0,"menu_order":0,"comment_status":"closed","ping_status":"closed","template":"","meta":{"ocean_post_layout":"","ocean_both_sidebars_style":"","ocean_both_sidebars_content_width":0,"ocean_both_sidebars_sidebars_width":0,"ocean_sidebar":"0","ocean_second_sidebar":"0","ocean_disable_margins":"enable","ocean_add_body_class":"","ocean_shortcode_before_top_bar":"","ocean_shortcode_after_top_bar":"","ocean_shortcode_before_header":"","ocean_shortcode_after_header":"","ocean_has_shortcode":"","ocean_shortcode_after_title":"","ocean_shortcode_before_footer_widgets":"","ocean_shortcode_after_footer_widgets":"","ocean_shortcode_before_footer_bottom":"","ocean_shortcode_after_footer_bottom":"","ocean_display_top_bar":"default","ocean_display_header":"default","ocean_header_style":"","ocean_center_header_left_menu":"0","ocean_custom_header_template":"0","ocean_custom_logo":0,"ocean_custom_retina_logo":0,"ocean_custom_logo_max_width":0,"ocean_custom_logo_tablet_max_width":0,"ocean_custom_logo_mobile_max_width":0,"ocean_custom_logo_max_height":0,"ocean_custom_logo_tablet_max_height":0,"ocean_custom_logo_mobile_max_height":0,"ocean_header_custom_menu":"0","ocean_menu_typo_font_family":"0","ocean_menu_typo_font_subset":"","ocean_menu_typo_font_size":0,"ocean_menu_typo_font_size_tablet":0,"ocean_menu_typo_font_size_mobile":0,"ocean_menu_typo_font_size_unit":"px","ocean_menu_typo_font_weight":"","ocean_menu_typo_font_weight_tablet":"","ocean_menu_typo_font_weight_mobile":"","ocean_menu_typo_transform":"","ocean_menu_typo_transform_tablet":"","ocean_menu_typo_transform_mobile":"","ocean_menu_typo_line_height":0,"ocean_menu_typo_line_height_tablet":0,"ocean_menu_typo_line_height_mobile":0,"ocean_menu_typo_line_height_unit":"","ocean_menu_typo_spacing":0,"ocean_menu_typo_spacing_tablet":0,"ocean_menu_typo_spacing_mobile":0,"ocean_menu_typo_spacing_unit":"","ocean_menu_link_color":"","ocean_menu_link_color_hover":"","ocean_menu_link_color_active":"","ocean_menu_link_background":"","ocean_menu_link_hover_background":"","ocean_menu_link_active_background":"","ocean_menu_social_links_bg":"","ocean_menu_social_hover_links_bg":"","ocean_menu_social_links_color":"","ocean_menu_social_hover_links_color":"","ocean_disable_title":"default","ocean_disable_heading":"default","ocean_post_title":"","ocean_post_subheading":"","ocean_post_title_style":"","ocean_post_title_background_color":"","ocean_post_title_background":0,"ocean_post_title_bg_image_position":"","ocean_post_title_bg_image_attachment":"","ocean_post_title_bg_image_repeat":"","ocean_post_title_bg_image_size":"","ocean_post_title_height":0,"ocean_post_title_bg_overlay":0.5,"ocean_post_title_bg_overlay_color":"","ocean_disable_breadcrumbs":"default","ocean_breadcrumbs_color":"","ocean_breadcrumbs_separator_color":"","ocean_breadcrumbs_links_color":"","ocean_breadcrumbs_links_hover_color":"","ocean_display_footer_widgets":"default","ocean_display_footer_bottom":"default","ocean_custom_footer_template":"0","footnotes":"","_links_to":"","_links_to_target":""},"class_list":["post-77","page","type-page","status-publish","hentry","entry"],"_links":{"self":[{"href":"https:\/\/sites.usp.br\/lamom\/wp-json\/wp\/v2\/pages\/77","targetHints":{"allow":["GET"]}}],"collection":[{"href":"https:\/\/sites.usp.br\/lamom\/wp-json\/wp\/v2\/pages"}],"about":[{"href":"https:\/\/sites.usp.br\/lamom\/wp-json\/wp\/v2\/types\/page"}],"author":[{"embeddable":true,"href":"https:\/\/sites.usp.br\/lamom\/wp-json\/wp\/v2\/users\/23971"}],"replies":[{"embeddable":true,"href":"https:\/\/sites.usp.br\/lamom\/wp-json\/wp\/v2\/comments?post=77"}],"version-history":[{"count":4,"href":"https:\/\/sites.usp.br\/lamom\/wp-json\/wp\/v2\/pages\/77\/revisions"}],"predecessor-version":[{"id":244,"href":"https:\/\/sites.usp.br\/lamom\/wp-json\/wp\/v2\/pages\/77\/revisions\/244"}],"wp:attachment":[{"href":"https:\/\/sites.usp.br\/lamom\/wp-json\/wp\/v2\/media?parent=77"}],"curies":[{"name":"wp","href":"https:\/\/api.w.org\/{rel}","templated":true}]}}