{"id":1314,"date":"2022-10-25T14:58:30","date_gmt":"2022-10-25T17:58:30","guid":{"rendered":"https:\/\/sites.usp.br\/lamus-each\/?page_id=1314"},"modified":"2024-03-26T09:33:28","modified_gmt":"2024-03-26T12:33:28","slug":"sobre-o-lamus","status":"publish","type":"page","link":"https:\/\/sites.usp.br\/lamus-each\/sobre-o-lamus\/","title":{"rendered":"Sobre o LAMUS"},"content":{"rendered":"<p style=\"text-align: justify;\"><em>\u201cO axioma da musicologia \u00e9 que ela investiga a arte sonora. Sua epistemologia se desenvolve na interdisciplinaridade dada na compreens\u00e3o da condi\u00e7\u00e3o humana. Isso inicia pela defini\u00e7\u00e3o dessa condi\u00e7\u00e3o em contextos hist\u00f3ricos e geogr\u00e1ficos. No entanto, seu foco, contempor\u00e2neo, est\u00e1 em entender a arte sonora e musical como express\u00e3o multifacetada no espa\u00e7o e no tempo, refletindo a diversidade cultural e humana.\u00a0A teoria que desenvolvemos de forma autoral se fundamenta na ideia de infla\u00e7\u00e3o c\u00f3smica, pois postula que as trocas musicais ocorrem por meio da densifica\u00e7\u00e3o de par\u00e2metros musicais, mas principalmente a partir de gestualidades, logo &#8220;Teoria das Gestualidades Inflacion\u00e1rias&#8221;. Dentre os diversos projetos de pesquisa que emanam dessa abordagem, destacam-se os estudos decoloniais da m\u00fasica e as an\u00e1lises de significado relacionadas ao repert\u00f3rio da tradi\u00e7\u00e3o erudita europeia no contexto brasileiro.\u201d Di\u00f3snio Machado Neto<\/em><\/p>\n<p style=\"text-align: justify;\">O Laborat\u00f3rio de Musicologia da EACH-USP \u00e9 um espa\u00e7o dedicado \u00e0 pesquisa da m\u00fasica em suas dimens\u00f5es s\u00f3cio-hist\u00f3ricas, com \u00eanfase na m\u00fasica da tradi\u00e7\u00e3o ocidental. Atualmente desenvolve duas linhas de investiga\u00e7\u00e3o: (1) os processos discursivos da m\u00fasica no Brasil colonial (na \u00e1rea de significa\u00e7\u00e3o musical); (2) m\u00fasica e bandas no Estado de S\u00e3o Paulo.<\/p>\n<p>As linhas de pesquisa do Laborat\u00f3rio s\u00e3o:<\/p>\n<ul>\n<li>Estudos de Significa\u00e7\u00e3o Musical<\/li>\n<li>Estudos Discursivos na M\u00fasical do Brasil colonial<\/li>\n<li>Estudos dos processos pedag\u00f3gicos da m\u00fasica<\/li>\n<li>Estudos sobre Bandas de M\u00fasica no Brasil<\/li>\n<\/ul>\n<p style=\"text-align: justify;\">O Lamus tamb\u00e9m busca desenvolver material did\u00e1tico para o ensino da Hist\u00f3ria da M\u00fasica, trabalhando na produ\u00e7\u00e3o de e-videos para as disciplinas de M\u00fasica Brasileira e Hist\u00f3ria da M\u00fasica. Em seu quadro, o Lamus conta com p\u00f3s-doutorandos, doutorandos, mestrando e alunos de gradua\u00e7\u00e3o. Est\u00e1 localizado na Escola de Artes, Ci\u00eancia e Humanidades da Universidade de S\u00e3o Paulo (EACH-USP)<\/p>\n<p>&nbsp;<\/p>\n<h2 style=\"text-align: justify;\">LATTES DO GRUPO DE PESQUISA LAMUS-EACH<\/h2>\n<p style=\"text-align: justify;\"><a href=\"http:\/\/dgp.cnpq.br\/dgp\/espelhogrupo\/5539472041828509\">http:\/\/dgp.cnpq.br\/dgp\/espelhogrupo\/5539472041828509<\/a><\/p>\n","protected":false},"excerpt":{"rendered":"<p>\u201cO axioma da musicologia \u00e9 que ela investiga a arte sonora. Sua epistemologia se desenvolve na interdisciplinaridade dada na compreens\u00e3o da condi\u00e7\u00e3o humana. Isso inicia pela defini\u00e7\u00e3o dessa condi\u00e7\u00e3o em contextos hist\u00f3ricos e geogr\u00e1ficos. No entanto, seu foco, contempor\u00e2neo, est\u00e1 &hellip; <a href=\"https:\/\/sites.usp.br\/lamus-each\/sobre-o-lamus\/\">Continue reading <span class=\"meta-nav\">&rarr;<\/span><\/a><\/p>\n","protected":false},"author":1246,"featured_media":0,"parent":0,"menu_order":0,"comment_status":"closed","ping_status":"closed","template":"","meta":{"footnotes":"","_links_to":"","_links_to_target":""},"class_list":["post-1314","page","type-page","status-publish","hentry"],"_links":{"self":[{"href":"https:\/\/sites.usp.br\/lamus-each\/wp-json\/wp\/v2\/pages\/1314","targetHints":{"allow":["GET"]}}],"collection":[{"href":"https:\/\/sites.usp.br\/lamus-each\/wp-json\/wp\/v2\/pages"}],"about":[{"href":"https:\/\/sites.usp.br\/lamus-each\/wp-json\/wp\/v2\/types\/page"}],"author":[{"embeddable":true,"href":"https:\/\/sites.usp.br\/lamus-each\/wp-json\/wp\/v2\/users\/1246"}],"replies":[{"embeddable":true,"href":"https:\/\/sites.usp.br\/lamus-each\/wp-json\/wp\/v2\/comments?post=1314"}],"version-history":[{"count":4,"href":"https:\/\/sites.usp.br\/lamus-each\/wp-json\/wp\/v2\/pages\/1314\/revisions"}],"predecessor-version":[{"id":1376,"href":"https:\/\/sites.usp.br\/lamus-each\/wp-json\/wp\/v2\/pages\/1314\/revisions\/1376"}],"wp:attachment":[{"href":"https:\/\/sites.usp.br\/lamus-each\/wp-json\/wp\/v2\/media?parent=1314"}],"curies":[{"name":"wp","href":"https:\/\/api.w.org\/{rel}","templated":true}]}}