{"id":1322,"date":"2022-10-25T15:50:11","date_gmt":"2022-10-25T18:50:11","guid":{"rendered":"https:\/\/sites.usp.br\/lamus-each\/?page_id=1322"},"modified":"2024-03-25T16:17:43","modified_gmt":"2024-03-25T19:17:43","slug":"teses-e-dissertacoes","status":"publish","type":"page","link":"https:\/\/sites.usp.br\/lamus-each\/teses-e-dissertacoes\/","title":{"rendered":"Teses e Disserta\u00e7\u00f5es"},"content":{"rendered":"<p style=\"text-align: justify;\">Silva, Jezreel Silas da. Discurso musical e territorialidade no g\u00eanero dobrado: as bandas de S\u00e3o Luiz do Paraitinga no final do s\u00e9c. XIX. Disserta\u00e7\u00e3o de Mestrado. Escola de Comunica\u00e7\u00f5es e Artes. 2022. Dispon\u00edvel em: <a href=\"https:\/\/www.teses.usp.br\/teses\/disponiveis\/27\/27157\/tde-14042023-120537\/pt-br.php\">https:\/\/www.teses.usp.br\/teses\/disponiveis\/27\/27157\/tde-14042023-120537\/pt-br.php<\/a><\/p>\n<p style=\"text-align: justify;\">Tavares, Fernando. A Arte do Partimento em sua hist\u00f3ria, fundamentos, pr\u00e1ticas e discuss\u00e3o musicol\u00f3gica: an\u00e1lise historiogr\u00e1fica para a consolida\u00e7\u00e3o de um saber para a pedagogia da m\u00fasica. Disserta\u00e7\u00e3o de Mestrado. Escola de Comunica\u00e7\u00f5es e Artes. 2021. Dispon\u00edvel em: <a href=\"https:\/\/www.teses.usp.br\/teses\/disponiveis\/27\/27157\/tde-27062023-100608\/pt-br.php\">https:\/\/www.teses.usp.br\/teses\/disponiveis\/27\/27157\/tde-27062023-100608\/pt-br.php<\/a><\/p>\n<p style=\"text-align: justify;\">Silva, Rodrigo Lopes da. Obras a cappella de Pe. Jos\u00e9 Mauricio Nunes Garcia: an\u00e1lise das estruturas discursivas nos motetes de Semana Santa. Disserta\u00e7\u00e3o de Mestrado. Escola de Comunica\u00e7\u00f5es e Artes. 2021. Dispon\u00edvel em: <a href=\"https:\/\/www.teses.usp.br\/teses\/disponiveis\/27\/27157\/tde-02102023-140128\/pt-br.php\">https:\/\/www.teses.usp.br\/teses\/disponiveis\/27\/27157\/tde-02102023-140128\/pt-br.php<\/a><\/p>\n<p style=\"text-align: justify;\">Dias, Robson. Analysis Project: an\u00e1lise de m\u00fasica simb\u00f3lica por padr\u00f5es. Tese de Doutorado. Escola de Comunica\u00e7\u00f5es e Artes. 2020. Dispon\u00edvel em: <a href=\"https:\/\/www.teses.usp.br\/teses\/disponiveis\/27\/27157\/tde-02032021-132147\/pt-br.php\">https:\/\/www.teses.usp.br\/teses\/disponiveis\/27\/27157\/tde-02032021-132147\/pt-br.php<\/a><\/p>\n<p style=\"text-align: justify;\">Padovani, Bruna. Estruturas discursivas nos concertos para violino de Mozart: uma an\u00e1lise t\u00f3pica. Disserta\u00e7\u00e3o de Mestrado. Escola de Comunica\u00e7\u00f5es e Artes. 2019. Dispon\u00edvel em: <a href=\"https:\/\/teses.usp.br\/teses\/disponiveis\/27\/27157\/tde-26122019-112449\/pt-br.php\">https:\/\/teses.usp.br\/teses\/disponiveis\/27\/27157\/tde-26122019-112449\/pt-br.php<\/a><\/p>\n<p style=\"text-align: justify;\">Passos, Pedro Faidiga. Uma interpreta\u00e7\u00e3o da significa\u00e7\u00e3o musical no Kyrie da Missa de Santa Cec\u00edlia do Pe. Jos\u00e9 Maur\u00edcio Nunes Garcia. Disserta\u00e7\u00e3o de Mestrado. Escola de Comunica\u00e7\u00f5es e Artes. 2019. Dispon\u00edvel em: <a href=\"https:\/\/teses.usp.br\/teses\/disponiveis\/27\/27157\/tde-05092019-111518\/pt-br.php\">https:\/\/teses.usp.br\/teses\/disponiveis\/27\/27157\/tde-05092019-111518\/pt-br.php<\/a><\/p>\n<p style=\"text-align: justify;\">Christovam, Ozorio Bimbato Pereira. M\u00fasica Sacra, Discurso e Poder: Modelos Pr\u00e9-Composicionais na Missa Luso-Brasileira. Tese de Doutorado. Escola de Comunica\u00e7\u00f5es e Artes. 2018. Dispon\u00edvel em: <a href=\"https:\/\/teses.usp.br\/teses\/disponiveis\/27\/27157\/tde-16052019-121239\/pt-br.php\">https:\/\/teses.usp.br\/teses\/disponiveis\/27\/27157\/tde-16052019-121239\/pt-br.php<\/a><\/p>\n<p style=\"text-align: justify;\">Maron, Paulo Sergio. NUO \u00d3pera-Lab.: da autoetnografia \u00e0 trans-\u00f3pera S\u00e3o Paulo. Tese de Doutorado. Escola de Comunica\u00e7\u00f5es e Artes. 2018. Dispon\u00edvel em: <a href=\"https:\/\/teses.usp.br\/teses\/disponiveis\/27\/27157\/tde-28112018-115416\/pt-br.php\">https:\/\/teses.usp.br\/teses\/disponiveis\/27\/27157\/tde-28112018-115416\/pt-br.php<\/a><\/p>\n<p style=\"text-align: justify;\">Rosa, Fab\u00edola. Recantando muitos cantos: a m\u00fasica caipira como espa\u00e7o de articula\u00e7\u00e3o de encontros. Disserta\u00e7\u00e3o de Mestrado. Escola de Comunica\u00e7\u00f5es e Artes. 2017. Dispon\u00edvel em: <a href=\"https:\/\/teses.usp.br\/teses\/disponiveis\/27\/27157\/tde-31052017-101546\/pt-br.php\">https:\/\/teses.usp.br\/teses\/disponiveis\/27\/27157\/tde-31052017-101546\/pt-br.php<\/a><\/p>\n<p style=\"text-align: justify;\">Soares, Eliel Almeida. O emprego da ret\u00f3rica na m\u00fasica colonial brasileira. Tese de Doutorado. Escola de Comunica\u00e7\u00f5es e Artes. 2017. Dispon\u00edvel em: <a href=\"https:\/\/teses.usp.br\/teses\/disponiveis\/27\/27157\/tde-07072017-141033\/pt-br.php\">https:\/\/teses.usp.br\/teses\/disponiveis\/27\/27157\/tde-07072017-141033\/pt-br.php<\/a><\/p>\n<p style=\"text-align: justify;\">Almeida, \u00c1gata Yozhiyoka. M\u00fasica, religi\u00e3o e morte: recorr\u00eancias t\u00f3picas na missa de r\u00e9quiem em Mi bemol maior de Marcos Portugal. Disserta\u00e7\u00e3o de Mestrado. Escola de Comunica\u00e7\u00f5es e Artes. 2016. Dispon\u00edvel em: <a href=\"https:\/\/teses.usp.br\/teses\/disponiveis\/27\/27157\/tde-15032017-152743\/pt-br.php\">https:\/\/teses.usp.br\/teses\/disponiveis\/27\/27157\/tde-15032017-152743\/pt-br.php<\/a><\/p>\n<p style=\"text-align: justify;\">D&#8217;Acol, M\u00edtia Ganade. Decoro musical e esquemas galantes: um estudo de caso das se\u00e7\u00f5es de canto solo das Missas de Requiem de Jos\u00e9 Maur\u00edcio Nunes Garcia e Marcos Portugal. Disserta\u00e7\u00e3o de Mestrado. Escola de Comunica\u00e7\u00f5es e Artes. 2015. Dispon\u00edvel em: <a href=\"https:\/\/teses.usp.br\/teses\/disponiveis\/27\/27157\/tde-23032017-153229\/pt-br.php\">https:\/\/teses.usp.br\/teses\/disponiveis\/27\/27157\/tde-23032017-153229\/pt-br.php<\/a><\/p>\n<p style=\"text-align: justify;\">Dias, Robson. Utiliza\u00e7\u00e3o de ferramentas tecnol\u00f3gicas para an\u00e1lise musical: a ladainha de nossa senhora de Faustino Xavier do Prado na vis\u00e3o de um descritor. Disserta\u00e7\u00e3o de Mestrado. Escola de Comunica\u00e7\u00f5es e Artes. 2015. <a href=\"https:\/\/teses.usp.br\/teses\/disponiveis\/27\/27157\/tde-12012016-112114\/pt-br.php\">https:\/\/teses.usp.br\/teses\/disponiveis\/27\/27157\/tde-12012016-112114\/pt-br.php<\/a><\/p>\n<p style=\"text-align: justify;\">Novaes, Ronaldo. A rela\u00e7\u00e3o m\u00fasica e sintaxe na obra de Andr\u00e9 da Silva Gomes. Disserta\u00e7\u00e3o de Mestrado. Escola de Comunica\u00e7\u00f5es e Artes. 2015. Dispon\u00edvel em: <a href=\"https:\/\/teses.usp.br\/teses\/disponiveis\/27\/27157\/tde-12012016-095441\/pt-br.php\">https:\/\/teses.usp.br\/teses\/disponiveis\/27\/27157\/tde-12012016-095441\/pt-br.php<\/a><\/p>\n<p style=\"text-align: justify;\">Ramos, Rafael Registro. Discurso e conceitos no tratado de contraponto de Andr\u00e9 da Silva Gomes: um estudo de recep\u00e7\u00e3o. Disserta\u00e7\u00e3o de Mestrado. Escola de Comunica\u00e7\u00f5es e Artes. 2014. Dispon\u00edvel em: <a href=\"https:\/\/teses.usp.br\/teses\/disponiveis\/27\/27157\/tde-27012015-162939\/pt-br.php\">https:\/\/teses.usp.br\/teses\/disponiveis\/27\/27157\/tde-27012015-162939\/pt-br.php<\/a><\/p>\n<p style=\"text-align: justify;\">Soares, Eliel Almeida. A utiliza\u00e7\u00e3o de elementos e figuras de ret\u00f3rica nos ofert\u00f3rios de Andr\u00e9 da Silva Gomes. Disserta\u00e7\u00e3o de Mestrado. Escola de Comunica\u00e7\u00f5es e Artes. 2012. Dispon\u00edvel em: <a href=\"https:\/\/teses.usp.br\/teses\/disponiveis\/27\/27157\/tde-06032013-161515\/pt-br.php\">https:\/\/teses.usp.br\/teses\/disponiveis\/27\/27157\/tde-06032013-161515\/pt-br.php<\/a><\/p>\n<p style=\"text-align: justify;\">Tramontina, Leonardo Salomon Soares. A apropria\u00e7\u00e3o dos discursos da New Musicology por tr\u00eas did\u00e1ticas norte-americanas de ensino de hist\u00f3ria da m\u00fasica. Disserta\u00e7\u00e3o de Mestrado. Escola de Comunica\u00e7\u00f5es e Artes. 2011 Dispon\u00edvel em: <a href=\"https:\/\/teses.usp.br\/teses\/disponiveis\/27\/27157\/tde-14032013-104135\/pt-br.php\">https:\/\/teses.usp.br\/teses\/disponiveis\/27\/27157\/tde-14032013-104135\/pt-br.php<\/a><\/p>\n","protected":false},"excerpt":{"rendered":"<p>Silva, Jezreel Silas da. Discurso musical e territorialidade no g\u00eanero dobrado: as bandas de S\u00e3o Luiz do Paraitinga no final do s\u00e9c. XIX. Disserta\u00e7\u00e3o de Mestrado. Escola de Comunica\u00e7\u00f5es e Artes. 2022. Dispon\u00edvel em: https:\/\/www.teses.usp.br\/teses\/disponiveis\/27\/27157\/tde-14042023-120537\/pt-br.php Tavares, Fernando. A Arte do &hellip; <a href=\"https:\/\/sites.usp.br\/lamus-each\/teses-e-dissertacoes\/\">Continue reading <span class=\"meta-nav\">&rarr;<\/span><\/a><\/p>\n","protected":false},"author":1246,"featured_media":0,"parent":0,"menu_order":0,"comment_status":"closed","ping_status":"closed","template":"","meta":{"footnotes":"","_links_to":"","_links_to_target":""},"class_list":["post-1322","page","type-page","status-publish","hentry"],"_links":{"self":[{"href":"https:\/\/sites.usp.br\/lamus-each\/wp-json\/wp\/v2\/pages\/1322","targetHints":{"allow":["GET"]}}],"collection":[{"href":"https:\/\/sites.usp.br\/lamus-each\/wp-json\/wp\/v2\/pages"}],"about":[{"href":"https:\/\/sites.usp.br\/lamus-each\/wp-json\/wp\/v2\/types\/page"}],"author":[{"embeddable":true,"href":"https:\/\/sites.usp.br\/lamus-each\/wp-json\/wp\/v2\/users\/1246"}],"replies":[{"embeddable":true,"href":"https:\/\/sites.usp.br\/lamus-each\/wp-json\/wp\/v2\/comments?post=1322"}],"version-history":[{"count":2,"href":"https:\/\/sites.usp.br\/lamus-each\/wp-json\/wp\/v2\/pages\/1322\/revisions"}],"predecessor-version":[{"id":1370,"href":"https:\/\/sites.usp.br\/lamus-each\/wp-json\/wp\/v2\/pages\/1322\/revisions\/1370"}],"wp:attachment":[{"href":"https:\/\/sites.usp.br\/lamus-each\/wp-json\/wp\/v2\/media?parent=1322"}],"curies":[{"name":"wp","href":"https:\/\/api.w.org\/{rel}","templated":true}]}}