{"id":1329,"date":"2022-10-25T15:59:16","date_gmt":"2022-10-25T18:59:16","guid":{"rendered":"https:\/\/sites.usp.br\/lamus-each\/?page_id=1329"},"modified":"2024-03-25T16:19:47","modified_gmt":"2024-03-25T19:19:47","slug":"chamadas-para-congressos-e-revistas","status":"publish","type":"page","link":"https:\/\/sites.usp.br\/lamus-each\/chamadas-para-congressos-e-revistas\/","title":{"rendered":"Chamadas para Congressos e Revistas"},"content":{"rendered":"<h1>VI Congresso da Associa\u00e7\u00e3o Regional para Am\u00e9rica Latina e Caribe da Sociedade Internacional de Musicologia, ARLAC\/IMS<\/h1>\n<p>Em mem\u00f3ria de Juan Francisco Sans (1960-2022)<\/p>\n<p>Instituto de Investigaciones Est\u00e9ticas \/ Facultad de M\u00fasica, Universidad Nacional Aut\u00f3noma de M\u00e9xico (UNAM), de 7 a 10 de agosto de 2024<\/p>\n<p>A data limite para o envio de resumos de propostas de Grupos de Trabalho, Mesas Tem\u00e1ticas, Apresenta\u00e7\u00f5es Individuais e Lan\u00e7amentos \u00e9 dia 15 de janeiro de 2024. Estes dever\u00e3o ser enviados para o e-mail:<\/p>\n<p>6congresoarlac@gmail.com<\/p>\n<p>Maiores informa\u00e7\u00f5es:<br \/>\n<a href=\"https:\/\/sites.usp.br\/lamus-each\/vi-congresso-da-associacao-regional-para-america-latina-e-caribe-da-sociedade-internacional-de-musicologia-arlac-ims\/\">https:\/\/sites.usp.br\/lamus-each\/vi-congresso-da-associacao-regional-para-america-latina-e-caribe-da-sociedade-internacional-de-musicologia-arlac-ims\/<\/a><\/p>\n<p>&nbsp;<\/p>\n<h1>Revista Portuguesa de Musicologia<\/h1>\n<p style=\"text-align: justify;\">A Revista Portuguesa de Musicologia (RPM nova s\u00e9rie) \u00e9 um peri\u00f3dico acad\u00e9mico com arbitragem cient\u00edfica, que aceita submiss\u00f5es de artigos em todas as \u00e1reas da investiga\u00e7\u00e3o em m\u00fasica. A RPM \u00e9 publicada em conjunto pela SPIM, Sociedade Portuguesa de Investiga\u00e7\u00e3o em M\u00fasica, e dois centros de investiga\u00e7\u00e3o da Faculdade de Ci\u00eancias Sociais e Humanas, Universidade Nova de Lisboa: INET-md, Instituto de Etnomusicologia \u2013 Centro de Estudos em M\u00fasica e Dan\u00e7a, e CESEM, Centro de Estudos de Sociologia e Est\u00e9tica Musical.<\/p>\n<p><a href=\"http:\/\/rpm-ns.pt\/index.php\/rpm\/about\/submissions\">http:\/\/rpm-ns.pt\/index.php\/rpm\/about\/submissions<\/a><\/p>\n<p>&nbsp;<\/p>\n","protected":false},"excerpt":{"rendered":"<p>VI Congresso da Associa\u00e7\u00e3o Regional para Am\u00e9rica Latina e Caribe da Sociedade Internacional de Musicologia, ARLAC\/IMS Em mem\u00f3ria de Juan Francisco Sans (1960-2022) Instituto de Investigaciones Est\u00e9ticas \/ Facultad de M\u00fasica, Universidad Nacional Aut\u00f3noma de M\u00e9xico (UNAM), de 7 a &hellip; <a href=\"https:\/\/sites.usp.br\/lamus-each\/chamadas-para-congressos-e-revistas\/\">Continue reading <span class=\"meta-nav\">&rarr;<\/span><\/a><\/p>\n","protected":false},"author":1246,"featured_media":0,"parent":0,"menu_order":0,"comment_status":"closed","ping_status":"closed","template":"","meta":{"footnotes":"","_links_to":"","_links_to_target":""},"class_list":["post-1329","page","type-page","status-publish","hentry"],"_links":{"self":[{"href":"https:\/\/sites.usp.br\/lamus-each\/wp-json\/wp\/v2\/pages\/1329","targetHints":{"allow":["GET"]}}],"collection":[{"href":"https:\/\/sites.usp.br\/lamus-each\/wp-json\/wp\/v2\/pages"}],"about":[{"href":"https:\/\/sites.usp.br\/lamus-each\/wp-json\/wp\/v2\/types\/page"}],"author":[{"embeddable":true,"href":"https:\/\/sites.usp.br\/lamus-each\/wp-json\/wp\/v2\/users\/1246"}],"replies":[{"embeddable":true,"href":"https:\/\/sites.usp.br\/lamus-each\/wp-json\/wp\/v2\/comments?post=1329"}],"version-history":[{"count":5,"href":"https:\/\/sites.usp.br\/lamus-each\/wp-json\/wp\/v2\/pages\/1329\/revisions"}],"predecessor-version":[{"id":1371,"href":"https:\/\/sites.usp.br\/lamus-each\/wp-json\/wp\/v2\/pages\/1329\/revisions\/1371"}],"wp:attachment":[{"href":"https:\/\/sites.usp.br\/lamus-each\/wp-json\/wp\/v2\/media?parent=1329"}],"curies":[{"name":"wp","href":"https:\/\/api.w.org\/{rel}","templated":true}]}}