{"id":1383,"date":"2024-06-28T15:26:09","date_gmt":"2024-06-28T18:26:09","guid":{"rendered":"https:\/\/sites.usp.br\/lamus-each\/?page_id=1383"},"modified":"2024-07-29T08:40:19","modified_gmt":"2024-07-29T11:40:19","slug":"noticias-e-agenda","status":"publish","type":"page","link":"https:\/\/sites.usp.br\/lamus-each\/noticias-e-agenda\/","title":{"rendered":"Not\u00edcias e Agenda"},"content":{"rendered":"<p><strong>Reuni\u00f5es quinzenais<\/strong><\/p>\n<p>Segunda-feira &#8211; 12:00 UTC para Bras\u00edlia e Argentina, 11:00 UTC para Chile, 9:00 UTC para a Cidade do M\u00e9xico e 17:00 UTC para Espanha.<\/p>\n<p><strong>Reuni\u00e3o no VI Congresso da ARLAC-IMS<\/strong><\/p>\n<p>GT ARLAC Musicologia decolonial: [Sesi\u00f3n cerrada]<br \/>\nDionisio Machado Neto, coord.<\/p>\n<p>Sexta-feira, 9 de agosto &#8211; 16:00 UTC para Bras\u00edlia e Argentina, 15:00 UTC para Chile, 13:00 UTC para a Cidade do M\u00e9xico e 21:00 UTC para Espanha.<\/p>\n","protected":false},"excerpt":{"rendered":"<p>Reuni\u00f5es quinzenais Segunda-feira &#8211; 12:00 UTC para Bras\u00edlia e Argentina, 11:00 UTC para Chile, 9:00 UTC para a Cidade do M\u00e9xico e 17:00 UTC para Espanha. Reuni\u00e3o no VI Congresso da ARLAC-IMS GT ARLAC Musicologia decolonial: [Sesi\u00f3n cerrada] Dionisio Machado &hellip; <a href=\"https:\/\/sites.usp.br\/lamus-each\/noticias-e-agenda\/\">Continue reading <span class=\"meta-nav\">&rarr;<\/span><\/a><\/p>\n","protected":false},"author":1246,"featured_media":0,"parent":0,"menu_order":0,"comment_status":"closed","ping_status":"closed","template":"","meta":{"footnotes":"","_links_to":"","_links_to_target":""},"class_list":["post-1383","page","type-page","status-publish","hentry"],"_links":{"self":[{"href":"https:\/\/sites.usp.br\/lamus-each\/wp-json\/wp\/v2\/pages\/1383","targetHints":{"allow":["GET"]}}],"collection":[{"href":"https:\/\/sites.usp.br\/lamus-each\/wp-json\/wp\/v2\/pages"}],"about":[{"href":"https:\/\/sites.usp.br\/lamus-each\/wp-json\/wp\/v2\/types\/page"}],"author":[{"embeddable":true,"href":"https:\/\/sites.usp.br\/lamus-each\/wp-json\/wp\/v2\/users\/1246"}],"replies":[{"embeddable":true,"href":"https:\/\/sites.usp.br\/lamus-each\/wp-json\/wp\/v2\/comments?post=1383"}],"version-history":[{"count":3,"href":"https:\/\/sites.usp.br\/lamus-each\/wp-json\/wp\/v2\/pages\/1383\/revisions"}],"predecessor-version":[{"id":1418,"href":"https:\/\/sites.usp.br\/lamus-each\/wp-json\/wp\/v2\/pages\/1383\/revisions\/1418"}],"wp:attachment":[{"href":"https:\/\/sites.usp.br\/lamus-each\/wp-json\/wp\/v2\/media?parent=1383"}],"curies":[{"name":"wp","href":"https:\/\/api.w.org\/{rel}","templated":true}]}}