{"id":854,"date":"2019-11-27T11:27:02","date_gmt":"2019-11-27T14:27:02","guid":{"rendered":"http:\/\/sites.usp.br\/lamus-each\/?page_id=854"},"modified":"2024-11-13T11:23:25","modified_gmt":"2024-11-13T14:23:25","slug":"equipe","status":"publish","type":"page","link":"https:\/\/sites.usp.br\/lamus-each\/equipe\/","title":{"rendered":"Pesquisadores"},"content":{"rendered":"<h2 style=\"text-align: justify;\">Equipe Atual<\/h2>\n<h3 style=\"text-align: justify;\">\u00c1GATA YOZHIYOKA ALMEIDA<\/h3>\n<h3 style=\"text-align: justify;\"><a href=\"https:\/\/sites.usp.br\/lamus-each\/wp-content\/uploads\/sites\/495\/2022\/07\/agata-yozhiyoka-almeida.jpg\"><img loading=\"lazy\" decoding=\"async\" class=\"wp-image-1219 alignright\" src=\"https:\/\/sites.usp.br\/lamus-each\/wp-content\/uploads\/sites\/495\/2022\/07\/agata-yozhiyoka-almeida.jpg\" alt=\"\" width=\"144\" height=\"144\" data-id=\"1219\" srcset=\"https:\/\/sites.usp.br\/lamus-each\/wp-content\/uploads\/sites\/495\/2022\/07\/agata-yozhiyoka-almeida.jpg 300w, https:\/\/sites.usp.br\/lamus-each\/wp-content\/uploads\/sites\/495\/2022\/07\/agata-yozhiyoka-almeida-150x150.jpg 150w, https:\/\/sites.usp.br\/lamus-each\/wp-content\/uploads\/sites\/495\/2022\/07\/agata-yozhiyoka-almeida-45x45.jpg 45w, https:\/\/sites.usp.br\/lamus-each\/wp-content\/uploads\/sites\/495\/2022\/07\/agata-yozhiyoka-almeida-200x200.jpg 200w\" sizes=\"auto, (max-width: 144px) 100vw, 144px\" \/><\/a><\/h3>\n<p style=\"text-align: justify;\">Doutoranda em M\u00fasica (Musicologia) pela Escola de Comunica\u00e7\u00f5es e Artes \u2013 USP. Diante da inefabilidade e da inescapabilidade do advento da morte, vem desenvolvendo, desde sua entrada em 2011 nas atividades de pesquisa do Laborat\u00f3rio de Musicologia (LAMUS-EACH\/USP), coordenado pelo Prof. Dr. Di\u00f3snio Machado Neto, um entrela\u00e7amento sobre o estudo da significa\u00e7\u00e3o musical e a morte. Deteve-se a analisar os r\u00e9quiens de Jo\u00e3o Domingos Bomtempo (IC-Fapesp, em 2013) e de Marcos Portugal (Mestrado, CAPES, 2014-2016) a partir da teoria das t\u00f3picas musicais. Atualmente, sua pesquisa se debru\u00e7a sobre esquemas e t\u00f3picas musicais que possam indicar um caminho poss\u00edvel para pensar uma est\u00e9tica musical da morte em obras de compositores luso-brasileiros. Exerce atividade docente como Professora de Arte no munic\u00edpio de Niter\u00f3i\/RJ. Tem interesse na intersec\u00e7\u00e3o entre pensamentos filos\u00f3ficos e musicais, o que a fez tornar-se graduanda em Filosofia pela UFF.<\/p>\n<p style=\"text-align: justify;\">Curr\u00edculo Lattes: <a href=\"http:\/\/lattes.cnpq.br\/0101538597112748\">http:\/\/lattes.cnpq.br\/0101538597112748<\/a><\/p>\n<h3>aldo luiz leoni<\/h3>\n<h3><a href=\"https:\/\/sites.usp.br\/lamus-each\/wp-content\/uploads\/sites\/495\/2024\/11\/WhatsApp-Image-2024-08-16-at-17.26.31.jpeg\"><img loading=\"lazy\" decoding=\"async\" class=\"alignright wp-image-1450 size-thumbnail\" src=\"https:\/\/sites.usp.br\/lamus-each\/wp-content\/uploads\/sites\/495\/2024\/11\/WhatsApp-Image-2024-08-16-at-17.26.31-150x150.jpeg\" alt=\"\" width=\"150\" height=\"150\" data-id=\"1450\" srcset=\"https:\/\/sites.usp.br\/lamus-each\/wp-content\/uploads\/sites\/495\/2024\/11\/WhatsApp-Image-2024-08-16-at-17.26.31-150x150.jpeg 150w, https:\/\/sites.usp.br\/lamus-each\/wp-content\/uploads\/sites\/495\/2024\/11\/WhatsApp-Image-2024-08-16-at-17.26.31-45x45.jpeg 45w, https:\/\/sites.usp.br\/lamus-each\/wp-content\/uploads\/sites\/495\/2024\/11\/WhatsApp-Image-2024-08-16-at-17.26.31-200x200.jpeg 200w\" sizes=\"auto, (max-width: 150px) 100vw, 150px\" \/><\/a><\/h3>\n<p style=\"text-align: justify;\">Mestre em Hist\u00f3ria Social da Cultura pela UNICAMP \u2013 Universidade Estadual de Campinas com a disserta\u00e7\u00e3o \u201cOs que vivem da arte da m\u00fasica\u201d sobre a vida dos m\u00fasicos mesti\u00e7os no s\u00e9culo XVIII em Vila Rica, Minas Gerais e bacharel em Hist\u00f3ria Social pela Universidade Federal de Ouro Preto onde apresentou como trabalho de final de curso a transcri\u00e7\u00e3o e estudo sobre o copiador de cartas de Dom Frei Manuel da Cruz, bispo do Maranh\u00e3o e de Mariana no s\u00e9culo XVIII, que foi posteriormente publicado pela Editora do Senado Federal. Atualmente, \u00e9 doutorando na Escola de Artes, Ci\u00eancias e Humanidades da USP, no Programa de P\u00f3s-Gradua\u00e7\u00e3o em Mudan\u00e7a Social e Participa\u00e7\u00e3o Pol\u00edtica, com foco na linha de pesquisa Arte e Sociedade. Pesquisador no LAMUS \u2013 EACH\/USP (Laborat\u00f3rio de Musicologia). Desenvolvendo pesquisa de doutoramento sobre como o ambiente musical das bandas militares e civis se configurou em uma fronteira cultural entre o que emergia da cultura popular e o que era sugerido pela cultura hegem\u00f4nica. E de que maneira nesses espa\u00e7os a colonialidade do poder p\u00f4de ser de alguma forma subvertida pela cultura da base da sociedade. Seu principal foco de estudo \u00e9 o lugar social do m\u00fasico na sociedade, considerando as interseccionalidades entre ra\u00e7a, escraviza\u00e7\u00e3o e liberdade e de como isso vai se configurar na emerg\u00eancia de lugares de enuncia\u00e7\u00e3o.<\/p>\n<p>Curr\u00edculo Lattes:<\/p>\n<h3>Caio Ferreira Gon\u00e7alves Azevedo<\/h3>\n<h3><a href=\"https:\/\/sites.usp.br\/lamus-each\/wp-content\/uploads\/sites\/495\/2022\/11\/WhatsApp-Image-2022-11-01-at-09.52.47.jpeg\"><img loading=\"lazy\" decoding=\"async\" class=\"wp-image-1347 alignright\" src=\"https:\/\/sites.usp.br\/lamus-each\/wp-content\/uploads\/sites\/495\/2022\/11\/WhatsApp-Image-2022-11-01-at-09.52.47-258x300.jpeg\" alt=\"\" width=\"136\" height=\"155\" data-id=\"1347\" \/><\/a><\/h3>\n<p style=\"text-align: justify;\">Graduando no curso de Gest\u00e3o de Pol\u00edticas P\u00fablicas na Escola de Artes Ci\u00eancias e Humanidades-EACH USP estuda Contrabaixo desde 2015, atua na entidade Social da pr\u00f3pria EACH e \u00e9 bolsista no projeto de pesquisa; An\u00e1lise discursiva de dois \u00e1lbuns paradigm\u00e1ticos no per\u00edodo de transi\u00e7\u00e3o democr\u00e1tica brasileira: Sobrevivendo no Inferno (Racionais MC\u2019s) e Brasil(Ratos de Por\u00e3o); sob orienta\u00e7\u00e3o do Prof. Dr. Di\u00f3snio Machado Neto. Entrou para o Laborat\u00f3rio de Musicologia em 2022 atuando junto \u00e0 parte administrativa e faz parte do grupo de estudos do rock.<\/p>\n<p style=\"text-align: justify;\">Du Kiddy Artivista<br \/>\n<a href=\"https:\/\/sites.usp.br\/lamus-each\/wp-content\/uploads\/sites\/495\/2024\/11\/WhatsApp-Image-2024-08-18-at-22.29.44.jpeg\"><img loading=\"lazy\" decoding=\"async\" class=\"alignright wp-image-1447 size-thumbnail\" src=\"https:\/\/sites.usp.br\/lamus-each\/wp-content\/uploads\/sites\/495\/2024\/11\/WhatsApp-Image-2024-08-18-at-22.29.44-150x150.jpeg\" alt=\"\" width=\"150\" height=\"150\" data-id=\"1447\" srcset=\"https:\/\/sites.usp.br\/lamus-each\/wp-content\/uploads\/sites\/495\/2024\/11\/WhatsApp-Image-2024-08-18-at-22.29.44-150x150.jpeg 150w, https:\/\/sites.usp.br\/lamus-each\/wp-content\/uploads\/sites\/495\/2024\/11\/WhatsApp-Image-2024-08-18-at-22.29.44-45x45.jpeg 45w, https:\/\/sites.usp.br\/lamus-each\/wp-content\/uploads\/sites\/495\/2024\/11\/WhatsApp-Image-2024-08-18-at-22.29.44-200x200.jpeg 200w\" sizes=\"auto, (max-width: 150px) 100vw, 150px\" \/><\/a>\u00c9 educador no Museu Afro Brasil Emanoel Araujo, guitarrista, mestrando em Musicologia na ECA &#8211; USP, Og\u00e3 na CCRIAS e possui dois discos lan\u00e7ados, &#8220;Cabe\u00e7a de Nego(2018)&#8221; e o &#8220;Manifesto Preto(2019)&#8221;. O v\u00eddeo \u201cManifesto Preto\u201d, foi vencedor do 1\u00ba Festival Felino Preta e tamb\u00e9m do V\u00ba Festival de Cinema Negro do Matogrosso, em 2020, como melhor v\u00eddeo clipe pela vota\u00e7\u00e3o popular. No mestrado pesquisou a constru\u00e7\u00e3o do simulacro-colonial no Canto de Xang\u00f4 de Baden Powell e Vinicius de Moraes em detrimento das identidades afro-diasp\u00f3ricas buscando elementos imag\u00e9ticos, sonoros e pol\u00edticos no campo da significa\u00e7\u00e3o musical a partir da di\u00e1spora em seus fluxos e refluxos transatl\u00e2nticos e as consequ\u00eancias pol\u00edticas atualmente na constru\u00e7\u00e3o musical contempor\u00e2nea.<\/p>\n<p style=\"text-align: justify;\">Curr\u00edculo Lattes:<\/p>\n<h3 style=\"text-align: justify;\"><a href=\"https:\/\/sites.usp.br\/lamus-each\/wp-content\/uploads\/sites\/495\/2022\/07\/f1.jpg\"><img loading=\"lazy\" decoding=\"async\" class=\" wp-image-1262 alignright\" src=\"https:\/\/sites.usp.br\/lamus-each\/wp-content\/uploads\/sites\/495\/2022\/07\/f1.jpg\" alt=\"\" width=\"139\" height=\"139\" data-id=\"1262\" srcset=\"https:\/\/sites.usp.br\/lamus-each\/wp-content\/uploads\/sites\/495\/2022\/07\/f1.jpg 100w, https:\/\/sites.usp.br\/lamus-each\/wp-content\/uploads\/sites\/495\/2022\/07\/f1-45x45.jpg 45w\" sizes=\"auto, (max-width: 139px) 100vw, 139px\" \/><\/a>Elisete Dias Xavier<\/h3>\n<p style=\"text-align: justify;\">Doutoranda em M\u00fasica (Musicologia) pela Escola de Comunica\u00e7\u00f5es e Artes \u2013 USP, tendo como objeto de pesquisa a atua\u00e7\u00e3o feminina nas atividades musicais desenvolvidas no s\u00e9c. XIX, em Minas Gerais. Mestre em M\u00fasica pela Universidade Federal de Minas Gerais (UFMG). Gradua\u00e7\u00e3o em M\u00fasica &#8211; Bacharelado em Canto e em Composi\u00e7\u00e3o (UFMG). Exerce atividade docente como professora nos Cursos de Gradua\u00e7\u00e3o em Bacharelado e em Licenciatura com habilita\u00e7\u00e3o em Canto, na Escola de M\u00fasica da Universidade do Estado de Minas Gerais \u2013 UEMG e no Curso de Forma\u00e7\u00e3o em Canto na Escola de M\u00fasica do Centro de Forma\u00e7\u00e3o Art\u00edstica e Tecnol\u00f3gica- CEFART \u2013 Funda\u00e7\u00e3o Cl\u00f3vis Salgado. Colabora com o trabalho de pesquisa e pr\u00e1ticas de performance com o Projeto Cancioneiro de Musicas Populares de Cesar das Neves: interse\u00e7\u00f5es, coincid\u00eancias e curiosidades, juntamente com outros docentes da Escola de M\u00fasica da UEMG. Desenvolve pr\u00e1ticas de performance, com \u00eanfase na tem\u00e1tica da M\u00fasica Antiga (M\u00fasica Historicamente Fundamentada), coordenando e atuando como Diretora e na cria\u00e7\u00e3o de espet\u00e1culos dos grupos Seconda Prattica Ensemble (Performance Musical e C\u00eanica) e Singspiel &#8211; Performers em Canto l\u00edrico. Atuou como cantora no Coral L\u00edrico do Pal\u00e1cio das Artes, Coral Ars Nova da UFMG, Coral Concentus Musicum de Belo Horizonte, dentre outros.<\/p>\n<p style=\"text-align: justify;\">Lattes: <a href=\"http:\/\/lattes.cnpq.br\/0649173767449894\">http:\/\/lattes.cnpq.br\/0649173767449894<\/a><\/p>\n<h3 style=\"text-align: justify;\">Fernando Tavares<a href=\"https:\/\/sites.usp.br\/lamus-each\/wp-content\/uploads\/sites\/495\/2022\/07\/105584762_3091790840900588_7936449869152550792_n.jpg\"><img loading=\"lazy\" decoding=\"async\" class=\"wp-image-1218 alignright\" src=\"https:\/\/sites.usp.br\/lamus-each\/wp-content\/uploads\/sites\/495\/2022\/07\/105584762_3091790840900588_7936449869152550792_n-300x300.jpg\" alt=\"\" width=\"154\" height=\"154\" data-id=\"1218\" srcset=\"https:\/\/sites.usp.br\/lamus-each\/wp-content\/uploads\/sites\/495\/2022\/07\/105584762_3091790840900588_7936449869152550792_n-300x300.jpg 300w, https:\/\/sites.usp.br\/lamus-each\/wp-content\/uploads\/sites\/495\/2022\/07\/105584762_3091790840900588_7936449869152550792_n-1024x1024.jpg 1024w, https:\/\/sites.usp.br\/lamus-each\/wp-content\/uploads\/sites\/495\/2022\/07\/105584762_3091790840900588_7936449869152550792_n-150x150.jpg 150w, https:\/\/sites.usp.br\/lamus-each\/wp-content\/uploads\/sites\/495\/2022\/07\/105584762_3091790840900588_7936449869152550792_n-768x768.jpg 768w, https:\/\/sites.usp.br\/lamus-each\/wp-content\/uploads\/sites\/495\/2022\/07\/105584762_3091790840900588_7936449869152550792_n-45x45.jpg 45w, https:\/\/sites.usp.br\/lamus-each\/wp-content\/uploads\/sites\/495\/2022\/07\/105584762_3091790840900588_7936449869152550792_n-200x200.jpg 200w, https:\/\/sites.usp.br\/lamus-each\/wp-content\/uploads\/sites\/495\/2022\/07\/105584762_3091790840900588_7936449869152550792_n-400x400.jpg 400w, https:\/\/sites.usp.br\/lamus-each\/wp-content\/uploads\/sites\/495\/2022\/07\/105584762_3091790840900588_7936449869152550792_n.jpg 1296w\" sizes=\"auto, (max-width: 154px) 100vw, 154px\" \/><\/a><\/h3>\n<p style=\"text-align: justify;\">Fernando Tavares \u00e9 pesquisador, contrabaixista, professor e compositor. Doutorando em Musicologia pela ECA-USP. \u00c9 mestre em Musicologia pela ECA-USP, especialista em Doc\u00eancia no Ensino a Dist\u00e2ncia pela UFSCar (Universidade Federal de S\u00e3o Carlos) e Licenciado em M\u00fasica pela Unimes (Universidade Metropolitana de Santos). Pesquisa sobre os processos composicionais e pedag\u00f3gicos do per\u00edodo galante. Paralelamente desenvolve pesquisas musicais que envolvem a m\u00fasica popular com foco no Jazz\/Fusion a partir dos anos 60, al\u00e9m do Rock em suas diversas vertentes, com base em artistas do Rock Progressivo, Hard Rock, Punk rock, New Wave, Grunge e outras vertentes que colaboraram para a constru\u00e7\u00e3o da linguagem musical do mesmo. Realiza pesquisas sobre o contrabaixo el\u00e9trico em suas diversas formas de abordagem e com an\u00e1lise de importantes m\u00fasicos do instrumento. Estas pesquisas podem ser vistas nas suas colabora\u00e7\u00f5es para revistas importantes para o contrabaixo como as extintas Coverbaixo (na qual atuou como colaborador entre 2005 e 2010), Bass Player Brasil (na qual atuou colaborador e colunista entre 2011 e 2017 e como editor did\u00e1tico entre 2013 e 2017), tendo publicado um n\u00famero de 243 mat\u00e9rias nestas duas publica\u00e7\u00f5es. Al\u00e9m destes, possui site e canal do Youtube particular para compartilhar suas pesquisas desde o ano de 2005. Apresenta um programa semanal de r\u00e1dio para divulgar o contrabaixo chamado MKK Bass Sessions da MKK Web R\u00e1dio.<\/p>\n<p style=\"text-align: justify;\">Curr\u00edculo Lattes: <a href=\"http:\/\/lattes.cnpq.br\/2374413068325095\">http:\/\/lattes.cnpq.br\/2374413068325095<\/a><\/p>\n<h3 style=\"text-align: justify;\">Gustavo Caum e Silva<a href=\"https:\/\/sites.usp.br\/lamus-each\/wp-content\/uploads\/sites\/495\/2022\/07\/Gustavo-Caum-E-Silva.jpg\"><img loading=\"lazy\" decoding=\"async\" class=\"wp-image-1264 alignright\" src=\"https:\/\/sites.usp.br\/lamus-each\/wp-content\/uploads\/sites\/495\/2022\/07\/Gustavo-Caum-E-Silva-300x300.jpg\" alt=\"\" width=\"151\" height=\"151\" data-id=\"1264\" srcset=\"https:\/\/sites.usp.br\/lamus-each\/wp-content\/uploads\/sites\/495\/2022\/07\/Gustavo-Caum-E-Silva-300x300.jpg 300w, https:\/\/sites.usp.br\/lamus-each\/wp-content\/uploads\/sites\/495\/2022\/07\/Gustavo-Caum-E-Silva-150x150.jpg 150w, https:\/\/sites.usp.br\/lamus-each\/wp-content\/uploads\/sites\/495\/2022\/07\/Gustavo-Caum-E-Silva-45x45.jpg 45w, https:\/\/sites.usp.br\/lamus-each\/wp-content\/uploads\/sites\/495\/2022\/07\/Gustavo-Caum-E-Silva-200x200.jpg 200w, https:\/\/sites.usp.br\/lamus-each\/wp-content\/uploads\/sites\/495\/2022\/07\/Gustavo-Caum-E-Silva-400x400.jpg 400w, https:\/\/sites.usp.br\/lamus-each\/wp-content\/uploads\/sites\/495\/2022\/07\/Gustavo-Caum-E-Silva.jpg 512w\" sizes=\"auto, (max-width: 151px) 100vw, 151px\" \/><\/a><\/h3>\n<p style=\"text-align: justify;\">Graduando em Bacharel em Filosofia pela FFLCH \u2013 USP, estuda piano desde 2013 e \u00e9 bolsista no projeto de pesquisa de Estudos das estruturas m\u00e9tricas nas missas de Jos\u00e9 Maur\u00edcio Nunes Garcia, sob orienta\u00e7\u00e3o do Prof. Dr. Di\u00f3snio Machado Neto. Entrou para o Laborat\u00f3rio de Musicologia em 2017 e estuda estruturas r\u00edtmicas.<\/p>\n<p style=\"text-align: justify;\">Curr\u00edculo Lattes: <a href=\"http:\/\/lattes.cnpq.br\/8704330549334423\">http:\/\/lattes.cnpq.br\/8704330549334423<\/a><\/p>\n<h3 style=\"text-align: justify;\">Helleny Nobre<br \/>\n<a href=\"https:\/\/sites.usp.br\/lamus-each\/wp-content\/uploads\/sites\/495\/2024\/11\/WhatsApp-Image-2024-08-16-at-12.55.47.jpeg\"><img loading=\"lazy\" decoding=\"async\" class=\"alignright wp-image-1445 size-thumbnail\" src=\"https:\/\/sites.usp.br\/lamus-each\/wp-content\/uploads\/sites\/495\/2024\/11\/WhatsApp-Image-2024-08-16-at-12.55.47-150x150.jpeg\" alt=\"\" width=\"150\" height=\"150\" data-id=\"1445\" srcset=\"https:\/\/sites.usp.br\/lamus-each\/wp-content\/uploads\/sites\/495\/2024\/11\/WhatsApp-Image-2024-08-16-at-12.55.47-150x150.jpeg 150w, https:\/\/sites.usp.br\/lamus-each\/wp-content\/uploads\/sites\/495\/2024\/11\/WhatsApp-Image-2024-08-16-at-12.55.47-45x45.jpeg 45w, https:\/\/sites.usp.br\/lamus-each\/wp-content\/uploads\/sites\/495\/2024\/11\/WhatsApp-Image-2024-08-16-at-12.55.47-200x200.jpeg 200w\" sizes=\"auto, (max-width: 150px) 100vw, 150px\" \/><\/a><\/h3>\n<p style=\"text-align: justify;\">Possui gradua\u00e7\u00e3o em M\u00fasica pelo Conservat\u00f3rio Brasileiro de M\u00fasica ( RJ-2016) e mestrado em Educa\u00e7\u00e3o pela Universidade Federal de Mato Grosso (2020). Atualmente cursa Doutorado na USP desenvolvendo sua pesquisa pelo LAMUS (Laborat\u00f3rio de Musicologia EACH -USP); Sua pesquisa se concentra na representa\u00e7\u00e3o interseccional da mulher negra no cen\u00e1rio musical Brasileiro.Atua como cantora, compositora, professora de m\u00fasica e musicoterapeuta (com p\u00f3s-gradua\u00e7\u00e3o Latu senso pelo Grupo Zayn Educacional-2023 e curso ABA no TEA pelo instituto Neuro- 2023) desenvolvendo sua pr\u00e1tica de musicoterapia em cl\u00ednica especializada em autismo na cidade de Cuiab\u00e1-MT denominada Mundo Azul.Foi integrante do grupo de Pesquisa Hist\u00f3ria da Educa\u00e7\u00e3o e Mem\u00f3ria -GEM-IE-UFMT criado em 1993 na UFMT. Participou da organiza\u00e7\u00e3o do 27 Semiedu- Cuiab\u00e1 300 anos: Debates sobre Educa\u00e7\u00e3o, Pesquisa e Inova\u00e7\u00f5es, promovido pelo Programa de P\u00f3s-gradua\u00e7\u00e3o em Educa\u00e7\u00e3o na Universidade Federal de Mato Grosso. \u00c9 autora do artigo Mulher Negra: G\u00eanero e Ra\u00e7a na educa\u00e7\u00e3o musical erudita e nos palcos oper\u00edsticos, publicado no livro: M\u00fasica, estudos culturais e educa\u00e7\u00e3o. Possui mais de 40 composi\u00e7\u00f5es musicais do g\u00eanero can\u00e7\u00e3o, com temas sociais como o antirracismo e anticapacitismo.<\/p>\n<p style=\"text-align: justify;\">Curr\u00edculo Lattes:<\/p>\n<h3 style=\"text-align: justify;\">Jo\u00e3o Lu\u00eds dos Santos Meneses<br \/>\n<a href=\"https:\/\/sites.usp.br\/lamus-each\/wp-content\/uploads\/sites\/495\/2024\/11\/file-1.jpg\"><img loading=\"lazy\" decoding=\"async\" class=\"alignright wp-image-1446 size-thumbnail\" src=\"https:\/\/sites.usp.br\/lamus-each\/wp-content\/uploads\/sites\/495\/2024\/11\/file-1-150x150.jpg\" alt=\"\" width=\"150\" height=\"150\" data-id=\"1446\" srcset=\"https:\/\/sites.usp.br\/lamus-each\/wp-content\/uploads\/sites\/495\/2024\/11\/file-1-150x150.jpg 150w, https:\/\/sites.usp.br\/lamus-each\/wp-content\/uploads\/sites\/495\/2024\/11\/file-1-300x300.jpg 300w, https:\/\/sites.usp.br\/lamus-each\/wp-content\/uploads\/sites\/495\/2024\/11\/file-1-45x45.jpg 45w, https:\/\/sites.usp.br\/lamus-each\/wp-content\/uploads\/sites\/495\/2024\/11\/file-1-200x200.jpg 200w, https:\/\/sites.usp.br\/lamus-each\/wp-content\/uploads\/sites\/495\/2024\/11\/file-1-400x400.jpg 400w, https:\/\/sites.usp.br\/lamus-each\/wp-content\/uploads\/sites\/495\/2024\/11\/file-1.jpg 640w\" sizes=\"auto, (max-width: 150px) 100vw, 150px\" \/><\/a><\/h3>\n<p style=\"text-align: justify;\">O m\u00fasico e acad\u00eamico Jo\u00e3o Lu\u00eds Meneses \u00e9 graduado em Licenciatura em M\u00fasica pela Universidade Federal de Sergipe (UFS), mestre em M\u00fasica pela Universidade Federal do Rio de Janeiro (UFRJ) e doutorando em m\u00fasica pela Universidade de S\u00e3o Paulo (USP). Suas pesquisas s\u00e3o ancoradas em matrizes te\u00f3ricas da (etno)musicologia, com permanente entusiasmo transdisciplinar. Entre seus objetos de interesse, destacam-se quest\u00f5es que envolvem profiss\u00e3o musical, m\u00fasica popular e pol\u00edtica cultural. Sob o pseud\u00f4nimo &#8220;J\u00e3o Lu\u00eds&#8221;, atua art\u00edstica e profissionalmente como cantor, compositor e produtor musical.<\/p>\n<p style=\"text-align: justify;\">Curr\u00edculo Lattes: <a href=\"http:\/\/lattes.cnpq.br\/2410396824666889\">http:\/\/lattes.cnpq.br\/2410396824666889<\/a><\/p>\n<h3 style=\"text-align: justify;\">Membro Honor\u00e1rio e Professor Associado<\/h3>\n<h4 style=\"text-align: justify;\">Rodolfo Coelho de Souza<\/h4>\n<p style=\"text-align: justify;\">Curr\u00edculo Lattes: <a href=\"http:\/\/lattes.cnpq.br\/4983349618185283\">http:\/\/lattes.cnpq.br\/4983349618185283<\/a><\/p>\n<h3 style=\"text-align: justify;\">Membros Fundadores<\/h3>\n<h4 style=\"text-align: justify;\">Ana Elisa Barbar<\/h4>\n<p style=\"text-align: justify;\">Curr\u00edculo Lattes: <a href=\"http:\/\/lattes.cnpq.br\/5686217754820399\">http:\/\/lattes.cnpq.br\/5686217754820399<\/a><\/p>\n<h4 style=\"text-align: justify;\">Dario Rodrigues Silva<\/h4>\n<p style=\"text-align: justify;\">Curr\u00edculo Lattes: <a href=\"http:\/\/lattes.cnpq.br\/1828530520642305\">http:\/\/lattes.cnpq.br\/1828530520642305<\/a><\/p>\n<h4 style=\"text-align: justify;\">Fab\u00edola Rosa<\/h4>\n<p style=\"text-align: justify;\">Curr\u00edculo Lattes: <a href=\"http:\/\/lattes.cnpq.br\/1512000840179475\">http:\/\/lattes.cnpq.br\/1512000840179475<\/a><\/p>\n<h4 style=\"text-align: justify;\">Mitia Ganade D&#8217;Acol<\/h4>\n<p style=\"text-align: justify;\">Curr\u00edculo Lattes:<\/p>\n<h4 style=\"text-align: justify;\">Oz\u00f3rio Christovam Bimbato<\/h4>\n<p style=\"text-align: justify;\">Curr\u00edculo Lattes: <a href=\"http:\/\/lattes.cnpq.br\/1840054435317193\">http:\/\/lattes.cnpq.br\/1840054435317193<\/a><\/p>\n<h3 style=\"text-align: justify;\">Pesquisadores que passaram pelo LAMUS<\/h3>\n<p style=\"text-align: justify;\">Bruna Padovani<\/p>\n<p style=\"text-align: justify;\">Eliel Soares de Almeida<\/p>\n<p style=\"text-align: justify;\">Gilberto Ceranto<\/p>\n<p>Isabel Roriz de Pina<\/p>\n<p style=\"text-align: justify;\">Isabela Mestriner<\/p>\n<p style=\"text-align: justify;\">Jonathan Almeida<\/p>\n<p>Jos\u00e9 Roberto dos Santos<\/p>\n<p style=\"text-align: justify;\">Pedro Faidiga Passos<\/p>\n<p>Rodrigo Lopes da Silva<\/p>\n<p style=\"text-align: justify;\">Ronaldo Novaes<\/p>\n<p>Talita Oliveira<\/p>\n","protected":false},"excerpt":{"rendered":"<p>Equipe Atual \u00c1GATA YOZHIYOKA ALMEIDA Doutoranda em M\u00fasica (Musicologia) pela Escola de Comunica\u00e7\u00f5es e Artes \u2013 USP. Diante da inefabilidade e da inescapabilidade do advento da morte, vem desenvolvendo, desde sua entrada em 2011 nas atividades de pesquisa do Laborat\u00f3rio &hellip; <a href=\"https:\/\/sites.usp.br\/lamus-each\/equipe\/\">Continue reading <span class=\"meta-nav\">&rarr;<\/span><\/a><\/p>\n","protected":false},"author":1246,"featured_media":0,"parent":0,"menu_order":0,"comment_status":"closed","ping_status":"closed","template":"","meta":{"footnotes":"","_links_to":"","_links_to_target":""},"class_list":["post-854","page","type-page","status-publish","hentry"],"_links":{"self":[{"href":"https:\/\/sites.usp.br\/lamus-each\/wp-json\/wp\/v2\/pages\/854","targetHints":{"allow":["GET"]}}],"collection":[{"href":"https:\/\/sites.usp.br\/lamus-each\/wp-json\/wp\/v2\/pages"}],"about":[{"href":"https:\/\/sites.usp.br\/lamus-each\/wp-json\/wp\/v2\/types\/page"}],"author":[{"embeddable":true,"href":"https:\/\/sites.usp.br\/lamus-each\/wp-json\/wp\/v2\/users\/1246"}],"replies":[{"embeddable":true,"href":"https:\/\/sites.usp.br\/lamus-each\/wp-json\/wp\/v2\/comments?post=854"}],"version-history":[{"count":5,"href":"https:\/\/sites.usp.br\/lamus-each\/wp-json\/wp\/v2\/pages\/854\/revisions"}],"predecessor-version":[{"id":1452,"href":"https:\/\/sites.usp.br\/lamus-each\/wp-json\/wp\/v2\/pages\/854\/revisions\/1452"}],"wp:attachment":[{"href":"https:\/\/sites.usp.br\/lamus-each\/wp-json\/wp\/v2\/media?parent=854"}],"curies":[{"name":"wp","href":"https:\/\/api.w.org\/{rel}","templated":true}]}}