{"id":855,"date":"2019-11-27T11:27:02","date_gmt":"2019-11-27T14:27:02","guid":{"rendered":"http:\/\/sites.usp.br\/lamus-each\/?page_id=855"},"modified":"2020-08-20T19:35:35","modified_gmt":"2020-08-20T22:35:35","slug":"publicacoes","status":"publish","type":"page","link":"https:\/\/sites.usp.br\/lamus-each\/publicacoes\/","title":{"rendered":"Publica\u00e7\u00f5es"},"content":{"rendered":"<p><a href=\"https:\/\/www.researchgate.net\/profile\/Diosnio_Neto\"><strong>Publica\u00e7\u00f5es de Di\u00f3snio Machado Neto<\/strong><\/a><\/p>\n<p><a href=\"https:\/\/www.researchgate.net\/profile\/Agata_Almeida\" target=\"_blank\" rel=\"noopener noreferrer\"><strong>Publica\u00e7\u00f5es de \u00c1gata Yozhiyoka Almeida<\/strong><\/a><\/p>\n<p><strong><a href=\"https:\/\/www.researchgate.net\/profile\/Gustavo_Caum_E_Silva\">Publica\u00e7\u00f5es de Gustavo Caum e Silva<\/a><\/strong><\/p>\n<p><strong><a href=\"https:\/\/www.researchgate.net\/profile\/Fernando_Tavares13\" target=\"_blank\" rel=\"noopener noreferrer\">Publica\u00e7\u00f5es de Fernando Tavares<\/a><\/strong><\/p>\n<p><a href=\"https:\/\/www.researchgate.net\/profile\/Pedro_Passos2\" target=\"_blank\" rel=\"noopener noreferrer\"><strong>Publica\u00e7\u00f5es de Pedro Passos<\/strong><\/a><\/p>\n<p><a href=\"https:\/\/www.researchgate.net\/profile\/Ozorio_Christovam\"><strong>Publica\u00e7\u00f5es de Oz\u00f3rio Bimbato Pereira Christovam<\/strong><\/a><\/p>\n<p><a href=\"https:\/\/www.researchgate.net\/profile\/Jezreel_Silva\"><strong>Publica\u00e7\u00f5es de Jezreel Silva<\/strong><\/a><\/p>\n","protected":false},"excerpt":{"rendered":"<p>Publica\u00e7\u00f5es de Di\u00f3snio Machado Neto Publica\u00e7\u00f5es de \u00c1gata Yozhiyoka Almeida Publica\u00e7\u00f5es de Gustavo Caum e Silva Publica\u00e7\u00f5es de Fernando Tavares Publica\u00e7\u00f5es de Pedro Passos Publica\u00e7\u00f5es de Oz\u00f3rio Bimbato Pereira Christovam Publica\u00e7\u00f5es de Jezreel Silva<\/p>\n","protected":false},"author":1246,"featured_media":0,"parent":0,"menu_order":0,"comment_status":"closed","ping_status":"closed","template":"","meta":{"footnotes":"","_links_to":"","_links_to_target":""},"class_list":["post-855","page","type-page","status-publish","hentry"],"_links":{"self":[{"href":"https:\/\/sites.usp.br\/lamus-each\/wp-json\/wp\/v2\/pages\/855","targetHints":{"allow":["GET"]}}],"collection":[{"href":"https:\/\/sites.usp.br\/lamus-each\/wp-json\/wp\/v2\/pages"}],"about":[{"href":"https:\/\/sites.usp.br\/lamus-each\/wp-json\/wp\/v2\/types\/page"}],"author":[{"embeddable":true,"href":"https:\/\/sites.usp.br\/lamus-each\/wp-json\/wp\/v2\/users\/1246"}],"replies":[{"embeddable":true,"href":"https:\/\/sites.usp.br\/lamus-each\/wp-json\/wp\/v2\/comments?post=855"}],"version-history":[{"count":4,"href":"https:\/\/sites.usp.br\/lamus-each\/wp-json\/wp\/v2\/pages\/855\/revisions"}],"predecessor-version":[{"id":962,"href":"https:\/\/sites.usp.br\/lamus-each\/wp-json\/wp\/v2\/pages\/855\/revisions\/962"}],"wp:attachment":[{"href":"https:\/\/sites.usp.br\/lamus-each\/wp-json\/wp\/v2\/media?parent=855"}],"curies":[{"name":"wp","href":"https:\/\/api.w.org\/{rel}","templated":true}]}}