{"id":995,"date":"2020-08-13T19:28:04","date_gmt":"2020-08-13T22:28:04","guid":{"rendered":"http:\/\/sites.usp.br\/lamus-each\/?page_id=995"},"modified":"2022-10-25T15:58:13","modified_gmt":"2022-10-25T18:58:13","slug":"acompanhe-nossas-pesquisas","status":"publish","type":"page","link":"https:\/\/sites.usp.br\/lamus-each\/acompanhe-nossas-pesquisas\/","title":{"rendered":"Acompanhe nossas pesquisas"},"content":{"rendered":"<p style=\"text-align: justify;\">Neste espa\u00e7o divulgamos alguns materiais decorrentes de nossas pesquisas.<\/p>\n<p style=\"text-align: justify;\">Aqui voc\u00ea poder\u00e1 encontrar: playlists de t\u00f3picas e outros conte\u00fados musicais direto do nosso canal do <a href=\"https:\/\/www.youtube.com\/channel\/UCsnxKAmEotglb9am2xZjHCw\">Youtube<\/a>; an\u00e1lises de obras; material iconogr\u00e1fico das bandas de S\u00e3o Paulo; enfim, elementos de divulga\u00e7\u00e3o de nossas pesquisas para aqueles que tem interesses em estudos musicol\u00f3gicos que desenvolvemos no Lamus.<\/p>\n<p>As p\u00e1ginas deste menu s\u00e3o:<\/p>\n<h3>Publica\u00e7\u00f5es dos membros do lamus<\/h3>\n<p><a href=\"https:\/\/sites.usp.br\/lamus-each\/publicacoes\/\">https:\/\/sites.usp.br\/lamus-each\/publicacoes\/<\/a><\/p>\n<h3>teses e disserta\u00e7\u00f5es<\/h3>\n<p>(orienta\u00e7\u00e3o de Di\u00f3snio Machado Neto em ordem cronol\u00f3gica do mais recente para o mais antigo)<\/p>\n<p><a href=\"https:\/\/sites.usp.br\/lamus-each\/teses-e-dissertacoes\/\">https:\/\/sites.usp.br\/lamus-each\/teses-e-dissertacoes\/<\/a><\/p>\n<h3>v\u00eddeos produzidos e com participa\u00e7\u00e3o de membros do lamus<\/h3>\n<p><a href=\"https:\/\/sites.usp.br\/lamus-each\/videos\/\">https:\/\/sites.usp.br\/lamus-each\/videos\/<\/a><\/p>\n<h3>Resenhas e s\u00ednteses<\/h3>\n<p><a href=\"https:\/\/sites.usp.br\/lamus-each\/resenhas\/\">https:\/\/sites.usp.br\/lamus-each\/resenhas\/<\/a><\/p>\n","protected":false},"excerpt":{"rendered":"<p>Neste espa\u00e7o divulgamos alguns materiais decorrentes de nossas pesquisas. Aqui voc\u00ea poder\u00e1 encontrar: playlists de t\u00f3picas e outros conte\u00fados musicais direto do nosso canal do Youtube; an\u00e1lises de obras; material iconogr\u00e1fico das bandas de S\u00e3o Paulo; enfim, elementos de divulga\u00e7\u00e3o &hellip; <a href=\"https:\/\/sites.usp.br\/lamus-each\/acompanhe-nossas-pesquisas\/\">Continue reading <span class=\"meta-nav\">&rarr;<\/span><\/a><\/p>\n","protected":false},"author":1246,"featured_media":0,"parent":0,"menu_order":0,"comment_status":"closed","ping_status":"closed","template":"","meta":{"footnotes":"","_links_to":"","_links_to_target":""},"class_list":["post-995","page","type-page","status-publish","hentry"],"_links":{"self":[{"href":"https:\/\/sites.usp.br\/lamus-each\/wp-json\/wp\/v2\/pages\/995","targetHints":{"allow":["GET"]}}],"collection":[{"href":"https:\/\/sites.usp.br\/lamus-each\/wp-json\/wp\/v2\/pages"}],"about":[{"href":"https:\/\/sites.usp.br\/lamus-each\/wp-json\/wp\/v2\/types\/page"}],"author":[{"embeddable":true,"href":"https:\/\/sites.usp.br\/lamus-each\/wp-json\/wp\/v2\/users\/1246"}],"replies":[{"embeddable":true,"href":"https:\/\/sites.usp.br\/lamus-each\/wp-json\/wp\/v2\/comments?post=995"}],"version-history":[{"count":4,"href":"https:\/\/sites.usp.br\/lamus-each\/wp-json\/wp\/v2\/pages\/995\/revisions"}],"predecessor-version":[{"id":1326,"href":"https:\/\/sites.usp.br\/lamus-each\/wp-json\/wp\/v2\/pages\/995\/revisions\/1326"}],"wp:attachment":[{"href":"https:\/\/sites.usp.br\/lamus-each\/wp-json\/wp\/v2\/media?parent=995"}],"curies":[{"name":"wp","href":"https:\/\/api.w.org\/{rel}","templated":true}]}}