{"id":336,"date":"2024-02-15T15:21:02","date_gmt":"2024-02-15T17:21:02","guid":{"rendered":"https:\/\/sites.usp.br\/lanem\/?page_id=336"},"modified":"2024-03-23T23:15:10","modified_gmt":"2024-03-24T01:15:10","slug":"about-us","status":"publish","type":"page","link":"https:\/\/sites.usp.br\/lanem\/about-us\/","title":{"rendered":"Nossa hist\u00f3ria"},"content":{"rendered":"\t\t<div data-elementor-type=\"wp-page\" data-elementor-id=\"336\" class=\"elementor elementor-336\" data-elementor-post-type=\"page\">\n\t\t\t\t\t\t<section class=\"elementor-section elementor-top-section elementor-element elementor-element-6f1422d elementor-section-boxed elementor-section-height-default elementor-section-height-default\" data-id=\"6f1422d\" data-element_type=\"section\">\n\t\t\t\t\t\t<div class=\"elementor-container elementor-column-gap-default\">\n\t\t\t\t\t<div class=\"elementor-column elementor-col-100 elementor-top-column elementor-element elementor-element-dc52d14\" data-id=\"dc52d14\" data-element_type=\"column\">\n\t\t\t<div class=\"elementor-widget-wrap elementor-element-populated\">\n\t\t\t\t\t\t<div class=\"elementor-element elementor-element-dcd6a41 elementor-widget elementor-widget-heading\" data-id=\"dcd6a41\" data-element_type=\"widget\" data-widget_type=\"heading.default\">\n\t\t\t\t<div class=\"elementor-widget-container\">\n\t\t\t<h2 class=\"elementor-heading-title elementor-size-default\">Nossa hist\u00f3ria<\/h2>\t\t<\/div>\n\t\t\t\t<\/div>\n\t\t\t\t<div class=\"elementor-element elementor-element-57a8fdb elementor-widget elementor-widget-text-editor\" data-id=\"57a8fdb\" data-element_type=\"widget\" data-widget_type=\"text-editor.default\">\n\t\t\t\t<div class=\"elementor-widget-container\">\n\t\t\t\t\t\t\t<p><span style=\"font-weight: 400;\">Ap\u00f3s sua contrata\u00e7\u00e3o em novembro de 2011 como docente no Departamento de Fisiologia e Biof\u00edsica do Instituto de Ci\u00eancias Biom\u00e9dicas (ICB) da Universidade de S\u00e3o Paulo (USP), o Prof. Jos\u00e9 Donato Jr. foi convidado para fazer parte do Laborat\u00f3rio de Neuroanatomia em conjunto com a Profa. Sara Joyce Shammah-Lagnado e o Prof. Martin Andreas Metzger. Ap\u00f3s a aposentadoria da Profa. Sara, o laborat\u00f3rio permanece compartilhado entre os Profs. Donato e Martin Metzger. Durante todo esse tempo, o laborat\u00f3rio tem contado com o apoio da Especialista de Laborat\u00f3rio Ana Maria Peracoli Campos. Nos \u00faltimos 12 anos, o laborat\u00f3rio formou um grande n\u00famero de alunos de p\u00f3s-gradua\u00e7\u00e3o e de pesquisadores no n\u00edvel de p\u00f3s-doutorado, al\u00e9m da passagem de diversos alunos de inicia\u00e7\u00e3o cient\u00edfica e estagi\u00e1rios. A linha de pesquisa da Profa. Sara estava associada ao estudo da circuitaria neural usando tra\u00e7adores convencionais anter\u00f3grados, como a leucoaglutinina do phaseolus vulgaris e retr\u00f3grados, como o fluoro-gold e a sub unidade b da toxina col\u00e9rica (ctb). O objetivo de seus trabalhos envolvia principalmente o estudo das conex\u00f5es dos n\u00facleos da base, da am\u00edgdala e da am\u00edgdala expandida, da forma\u00e7\u00e3o reticular e do sistema olfat\u00f3rio. O grupo de pesquisa do Prof. Martin Metzger tem investigado as conex\u00f5es neurais e a neuroqu\u00edmica de grupamentos dopamin\u00e9rgicos e seroton\u00e9rgicos no mesenc\u00e9falo e tegmento mesopontino que fazem parte de circuitos neurais envolvidos em mecanismos de recompensa e avers\u00e3o. \u00canfase especial \u00e9 dada para estruturas como a \u00e1rea tegmental ventral, a hab\u00eanula e os n\u00facleos da rafe e o papel dessas estruturas nas a\u00e7\u00f5es de drogas de abuso, assim como na depress\u00e3o major.\u00a0 J\u00e1 o grupo de pesquisa liderado pelo Prof. Jos\u00e9 Donato investiga o funcionamento de circuitos neurais que regulam a homeostase energ\u00e9tica e glic\u00eamica, bem como a secre\u00e7\u00e3o de horm\u00f4nios hipofis\u00e1rios.<\/span><\/p>\t\t\t\t\t\t<\/div>\n\t\t\t\t<\/div>\n\t\t\t\t<div class=\"elementor-element elementor-element-f4d7ee6 elementor-widget elementor-widget-spacer\" data-id=\"f4d7ee6\" data-element_type=\"widget\" data-widget_type=\"spacer.default\">\n\t\t\t\t<div class=\"elementor-widget-container\">\n\t\t\t\t\t<div class=\"elementor-spacer\">\n\t\t\t<div class=\"elementor-spacer-inner\"><\/div>\n\t\t<\/div>\n\t\t\t\t<\/div>\n\t\t\t\t<\/div>\n\t\t\t\t\t<\/div>\n\t\t<\/div>\n\t\t\t\t\t<\/div>\n\t\t<\/section>\n\t\t\t\t<section class=\"elementor-section elementor-top-section elementor-element elementor-element-08e90a5 elementor-section-boxed elementor-section-height-default elementor-section-height-default\" data-id=\"08e90a5\" data-element_type=\"section\">\n\t\t\t\t\t\t<div class=\"elementor-container elementor-column-gap-default\">\n\t\t\t\t\t<div class=\"elementor-column elementor-col-100 elementor-top-column elementor-element elementor-element-69b6a7e\" data-id=\"69b6a7e\" data-element_type=\"column\">\n\t\t\t<div class=\"elementor-widget-wrap elementor-element-populated\">\n\t\t\t\t\t\t<div class=\"elementor-element elementor-element-2264e49 elementor-widget elementor-widget-heading\" data-id=\"2264e49\" data-element_type=\"widget\" data-widget_type=\"heading.default\">\n\t\t\t\t<div class=\"elementor-widget-container\">\n\t\t\t<h2 class=\"elementor-heading-title elementor-size-default\">Breve biografia do Prof. Jos\u00e9 Donato Jr.<\/h2>\t\t<\/div>\n\t\t\t\t<\/div>\n\t\t\t\t\t<\/div>\n\t\t<\/div>\n\t\t\t\t\t<\/div>\n\t\t<\/section>\n\t\t\t\t<section class=\"elementor-section elementor-top-section elementor-element elementor-element-28d049f elementor-section-boxed elementor-section-height-default elementor-section-height-default\" data-id=\"28d049f\" data-element_type=\"section\">\n\t\t\t\t\t\t<div class=\"elementor-container elementor-column-gap-default\">\n\t\t\t\t\t<div class=\"elementor-column elementor-col-100 elementor-top-column elementor-element elementor-element-376ece7\" data-id=\"376ece7\" data-element_type=\"column\">\n\t\t\t<div class=\"elementor-widget-wrap elementor-element-populated\">\n\t\t\t\t\t\t<div class=\"elementor-element elementor-element-bb56346 elementor-widget elementor-widget-text-editor\" data-id=\"bb56346\" data-element_type=\"widget\" data-widget_type=\"text-editor.default\">\n\t\t\t\t<div class=\"elementor-widget-container\">\n\t\t\t\t\t\t\t<p><span style=\"font-weight: 400;\">O Prof. Dr. Jos\u00e9 Donato Jr. realizou mestrado em Ci\u00eancias dos Alimentos (2002-2005) e doutorado em Ci\u00eancias Morfofuncionais (2005-2008) pela Universidade de S\u00e3o Paulo (USP) e p\u00f3s-doutorado na University of Texas Southwestern Medical Center (2008-2011). Em novembro de 2011, iniciou suas atividades como Prof. Dr. no Departamento de Fisiologia e Biof\u00edsica do Instituto de Ci\u00eancias Biom\u00e9dicas (ICB) da USP. Em 2017, recebeu o t\u00edtulo de Livre-Docente pelo ICB\/USP.\u00a0 Em 2023, Prof. Dr. Jos\u00e9 Donato Jr. se tornou Professor Titular do ICB. At\u00e9 a presente data, o Prof. Donato, junto com sua equipe, publicou mais de 160 artigos cient\u00edficos, incluindo mais de 60 artigos como \u00faltimo autor\/autor s\u00eanior. Jos\u00e9 Donato Jr. foi orientador de 7 teses de doutorado, 4 alunos de mestrado e 9 p\u00f3s-doutorados. Recebeu diversos pr\u00eamios nacionais e internacionais, incluindo Return Home Fellowship (da IBRO), Early Investigators Awards (da Endocrine Society), ASPIRE Young Investigator Research Awards in Endocrinology (da Pfizer Inc.), 2019 Pr\u00eamio Excel\u00eancia para Novas Lideran\u00e7as em Pesquisa (pela Universidade de S\u00e3o Paulo) e Orientador do trabalho vencedor do Pr\u00eamio Tese Destaque em Ci\u00eancias Biol\u00f3gicas da Universidade de S\u00e3o Paulo (2019). O Prof. Dr. Jos\u00e9 Donato Jr. \u00e9 bolsista produtividade em pesquisa CNPq, n\u00edvel 1B.<\/span><\/p><p>\u00a0<\/p>\t\t\t\t\t\t<\/div>\n\t\t\t\t<\/div>\n\t\t\t\t\t<\/div>\n\t\t<\/div>\n\t\t\t\t\t<\/div>\n\t\t<\/section>\n\t\t\t\t<section class=\"elementor-section elementor-top-section elementor-element elementor-element-eac2494 elementor-section-boxed elementor-section-height-default elementor-section-height-default\" data-id=\"eac2494\" data-element_type=\"section\">\n\t\t\t\t\t\t<div class=\"elementor-container elementor-column-gap-default\">\n\t\t\t\t\t<div class=\"elementor-column elementor-col-100 elementor-top-column elementor-element elementor-element-2b3463e\" data-id=\"2b3463e\" data-element_type=\"column\">\n\t\t\t<div class=\"elementor-widget-wrap elementor-element-populated\">\n\t\t\t\t\t\t<div class=\"elementor-element elementor-element-30cd43c elementor-widget elementor-widget-spacer\" data-id=\"30cd43c\" data-element_type=\"widget\" data-widget_type=\"spacer.default\">\n\t\t\t\t<div class=\"elementor-widget-container\">\n\t\t\t\t\t<div class=\"elementor-spacer\">\n\t\t\t<div class=\"elementor-spacer-inner\"><\/div>\n\t\t<\/div>\n\t\t\t\t<\/div>\n\t\t\t\t<\/div>\n\t\t\t\t\t<\/div>\n\t\t<\/div>\n\t\t\t\t\t<\/div>\n\t\t<\/section>\n\t\t\t\t<\/div>\n\t\t","protected":false},"excerpt":{"rendered":"<p>Nossa hist\u00f3ria Ap\u00f3s sua contrata\u00e7\u00e3o em novembro de 2011 como docente no Departamento de Fisiologia e Biof\u00edsica do Instituto de Ci\u00eancias Biom\u00e9dicas (ICB) da Universidade de S\u00e3o Paulo (USP), o Prof. Jos\u00e9 Donato Jr. foi convidado para fazer parte do Laborat\u00f3rio de Neuroanatomia em conjunto com a Profa. Sara Joyce Shammah-Lagnado e o Prof. Martin [&hellip;]<\/p>\n","protected":false},"author":23866,"featured_media":0,"parent":0,"menu_order":0,"comment_status":"closed","ping_status":"closed","template":"elementor_header_footer","meta":{"footnotes":"","_links_to":"","_links_to_target":""},"class_list":["post-336","page","type-page","status-publish","hentry"],"_links":{"self":[{"href":"https:\/\/sites.usp.br\/lanem\/wp-json\/wp\/v2\/pages\/336","targetHints":{"allow":["GET"]}}],"collection":[{"href":"https:\/\/sites.usp.br\/lanem\/wp-json\/wp\/v2\/pages"}],"about":[{"href":"https:\/\/sites.usp.br\/lanem\/wp-json\/wp\/v2\/types\/page"}],"author":[{"embeddable":true,"href":"https:\/\/sites.usp.br\/lanem\/wp-json\/wp\/v2\/users\/23866"}],"replies":[{"embeddable":true,"href":"https:\/\/sites.usp.br\/lanem\/wp-json\/wp\/v2\/comments?post=336"}],"version-history":[{"count":4,"href":"https:\/\/sites.usp.br\/lanem\/wp-json\/wp\/v2\/pages\/336\/revisions"}],"predecessor-version":[{"id":1101,"href":"https:\/\/sites.usp.br\/lanem\/wp-json\/wp\/v2\/pages\/336\/revisions\/1101"}],"wp:attachment":[{"href":"https:\/\/sites.usp.br\/lanem\/wp-json\/wp\/v2\/media?parent=336"}],"curies":[{"name":"wp","href":"https:\/\/api.w.org\/{rel}","templated":true}]}}