{"id":624,"date":"2024-02-20T12:49:59","date_gmt":"2024-02-20T14:49:59","guid":{"rendered":"https:\/\/sites.usp.br\/lanem\/?page_id=624"},"modified":"2024-02-22T16:27:36","modified_gmt":"2024-02-22T18:27:36","slug":"reportagens","status":"publish","type":"page","link":"https:\/\/sites.usp.br\/lanem\/reportagens\/","title":{"rendered":"Reportagens"},"content":{"rendered":"\t\t<div data-elementor-type=\"wp-page\" data-elementor-id=\"624\" class=\"elementor elementor-624\" data-elementor-post-type=\"page\">\n\t\t\t\t\t\t<section class=\"elementor-section elementor-top-section elementor-element elementor-element-fcb5f9d elementor-section-boxed elementor-section-height-default elementor-section-height-default\" data-id=\"fcb5f9d\" data-element_type=\"section\">\n\t\t\t\t\t\t<div class=\"elementor-container elementor-column-gap-default\">\n\t\t\t\t\t<div class=\"elementor-column elementor-col-100 elementor-top-column elementor-element elementor-element-faec4fe\" data-id=\"faec4fe\" data-element_type=\"column\">\n\t\t\t<div class=\"elementor-widget-wrap elementor-element-populated\">\n\t\t\t\t\t\t<div class=\"elementor-element elementor-element-8a7b280 elementor-widget elementor-widget-heading\" data-id=\"8a7b280\" data-element_type=\"widget\" data-widget_type=\"heading.default\">\n\t\t\t\t<div class=\"elementor-widget-container\">\n\t\t\t<h2 class=\"elementor-heading-title elementor-size-default\">Reportagens<\/h2>\t\t<\/div>\n\t\t\t\t<\/div>\n\t\t\t\t<div class=\"elementor-element elementor-element-b212471 elementor-grid-1 elementor-grid-tablet-2 elementor-grid-mobile-1 elementor-posts--thumbnail-top elementor-widget elementor-widget-posts\" data-id=\"b212471\" data-element_type=\"widget\" data-settings=\"{&quot;classic_columns&quot;:&quot;1&quot;,&quot;classic_row_gap&quot;:{&quot;unit&quot;:&quot;px&quot;,&quot;size&quot;:92,&quot;sizes&quot;:[]},&quot;classic_columns_tablet&quot;:&quot;2&quot;,&quot;classic_columns_mobile&quot;:&quot;1&quot;,&quot;classic_row_gap_tablet&quot;:{&quot;unit&quot;:&quot;px&quot;,&quot;size&quot;:&quot;&quot;,&quot;sizes&quot;:[]},&quot;classic_row_gap_mobile&quot;:{&quot;unit&quot;:&quot;px&quot;,&quot;size&quot;:&quot;&quot;,&quot;sizes&quot;:[]}}\" data-widget_type=\"posts.classic\">\n\t\t\t\t<div class=\"elementor-widget-container\">\n\t\t\t\t\t<div class=\"elementor-posts-container elementor-posts elementor-posts--skin-classic elementor-grid\">\n\t\t\t\t<article class=\"elementor-post elementor-grid-item post-395 post type-post status-publish format-standard has-post-thumbnail hentry category-geral\">\n\t\t\t\t<a class=\"elementor-post__thumbnail__link\" href=\"https:\/\/agencia.fapesp.br\/hormonio-do-crescimento-tambem-tem-efeito-na-regulacao-da-ansiedade-em-grupo-especifico-de-neuronios\/50455\" tabindex=\"-1\" >\n\t\t\t<div class=\"elementor-post__thumbnail\"><img fetchpriority=\"high\" decoding=\"async\" width=\"461\" height=\"277\" src=\"https:\/\/sites.usp.br\/lanem\/wp-content\/uploads\/sites\/1397\/2024\/02\/Screenshot-from-2024-02-17-16-52-27.png\" class=\"attachment-full size-full wp-image-396\" alt=\"\" srcset=\"https:\/\/sites.usp.br\/lanem\/wp-content\/uploads\/sites\/1397\/2024\/02\/Screenshot-from-2024-02-17-16-52-27.png 461w, https:\/\/sites.usp.br\/lanem\/wp-content\/uploads\/sites\/1397\/2024\/02\/Screenshot-from-2024-02-17-16-52-27-300x180.png 300w, https:\/\/sites.usp.br\/lanem\/wp-content\/uploads\/sites\/1397\/2024\/02\/Screenshot-from-2024-02-17-16-52-27-400x240.png 400w\" sizes=\"(max-width: 461px) 100vw, 461px\" \/><\/div>\n\t\t<\/a>\n\t\t\t\t<div class=\"elementor-post__text\">\n\t\t\t\t<h3 class=\"elementor-post__title\">\n\t\t\t<a href=\"https:\/\/agencia.fapesp.br\/hormonio-do-crescimento-tambem-tem-efeito-na-regulacao-da-ansiedade-em-grupo-especifico-de-neuronios\/50455\" >\n\t\t\t\tReportagem na Ag\u00eancia FAPESP sobre nosso trabalho sobre GH e ansiedade\t\t\t<\/a>\n\t\t<\/h3>\n\t\t\t\t<div class=\"elementor-post__meta-data\">\n\t\t\t\t\t<span class=\"elementor-post-date\">\n\t\t\t13\/12\/2023\t\t<\/span>\n\t\t\t\t<span class=\"elementor-post-avatar\">\n\t\t\tNenhum coment\u00e1rio\t\t<\/span>\n\t\t\t\t<\/div>\n\t\t\t\t<div class=\"elementor-post__excerpt\">\n\t\t\t<p>Horm\u00f4nio do crescimento tamb\u00e9m tem efeito na regula\u00e7\u00e3o da ansiedade em grupo espec\u00edfico de neur\u00f4nios<\/p>\n\t\t<\/div>\n\t\t\n\t\t<a class=\"elementor-post__read-more\" href=\"https:\/\/agencia.fapesp.br\/hormonio-do-crescimento-tambem-tem-efeito-na-regulacao-da-ansiedade-em-grupo-especifico-de-neuronios\/50455\" aria-label=\"Read more about Reportagem na Ag\u00eancia FAPESP sobre nosso trabalho sobre GH e ansiedade\" tabindex=\"-1\" >\n\t\t\tRead More \u00bb\t\t<\/a>\n\n\t\t\t\t<\/div>\n\t\t\t\t<\/article>\n\t\t\t\t<article class=\"elementor-post elementor-grid-item post-389 post type-post status-publish format-standard has-post-thumbnail hentry category-geral\">\n\t\t\t\t<a class=\"elementor-post__thumbnail__link\" href=\"https:\/\/revistapesquisa.fapesp.br\/hormonios-maternos-afetam-areas-cerebrais-que-controlam-a-fome-e-a-saciedade-no-feto\/\" tabindex=\"-1\" >\n\t\t\t<div class=\"elementor-post__thumbnail\"><img decoding=\"async\" width=\"1312\" height=\"689\" src=\"https:\/\/sites.usp.br\/lanem\/wp-content\/uploads\/sites\/1397\/2024\/02\/Screenshot-from-2024-02-17-16-50-19.png\" class=\"attachment-full size-full wp-image-390\" alt=\"\" srcset=\"https:\/\/sites.usp.br\/lanem\/wp-content\/uploads\/sites\/1397\/2024\/02\/Screenshot-from-2024-02-17-16-50-19.png 1312w, https:\/\/sites.usp.br\/lanem\/wp-content\/uploads\/sites\/1397\/2024\/02\/Screenshot-from-2024-02-17-16-50-19-300x158.png 300w, https:\/\/sites.usp.br\/lanem\/wp-content\/uploads\/sites\/1397\/2024\/02\/Screenshot-from-2024-02-17-16-50-19-1024x538.png 1024w, https:\/\/sites.usp.br\/lanem\/wp-content\/uploads\/sites\/1397\/2024\/02\/Screenshot-from-2024-02-17-16-50-19-768x403.png 768w, https:\/\/sites.usp.br\/lanem\/wp-content\/uploads\/sites\/1397\/2024\/02\/Screenshot-from-2024-02-17-16-50-19-400x210.png 400w\" sizes=\"(max-width: 1312px) 100vw, 1312px\" \/><\/div>\n\t\t<\/a>\n\t\t\t\t<div class=\"elementor-post__text\">\n\t\t\t\t<h3 class=\"elementor-post__title\">\n\t\t\t<a href=\"https:\/\/revistapesquisa.fapesp.br\/hormonios-maternos-afetam-areas-cerebrais-que-controlam-a-fome-e-a-saciedade-no-feto\/\" >\n\t\t\t\tReportagem na revista FAPESP sobre trabalho de programa\u00e7\u00e3o metab\u00f3lica\t\t\t<\/a>\n\t\t<\/h3>\n\t\t\t\t<div class=\"elementor-post__meta-data\">\n\t\t\t\t\t<span class=\"elementor-post-date\">\n\t\t\t04\/08\/2023\t\t<\/span>\n\t\t\t\t<span class=\"elementor-post-avatar\">\n\t\t\tNenhum coment\u00e1rio\t\t<\/span>\n\t\t\t\t<\/div>\n\t\t\t\t<div class=\"elementor-post__excerpt\">\n\t\t\t<p>Horm\u00f4nios maternos afetam \u00e1reas cerebrais que controlam a fome e a saciedade no feto<\/p>\n\t\t<\/div>\n\t\t\n\t\t<a class=\"elementor-post__read-more\" href=\"https:\/\/revistapesquisa.fapesp.br\/hormonios-maternos-afetam-areas-cerebrais-que-controlam-a-fome-e-a-saciedade-no-feto\/\" aria-label=\"Read more about Reportagem na revista FAPESP sobre trabalho de programa\u00e7\u00e3o metab\u00f3lica\" tabindex=\"-1\" >\n\t\t\tRead More \u00bb\t\t<\/a>\n\n\t\t\t\t<\/div>\n\t\t\t\t<\/article>\n\t\t\t\t<article class=\"elementor-post elementor-grid-item post-401 post type-post status-publish format-standard has-post-thumbnail hentry category-geral\">\n\t\t\t\t<a class=\"elementor-post__thumbnail__link\" href=\"https:\/\/www.youtube.com\/watch?v=3YLDGcM4oc0\" tabindex=\"-1\" >\n\t\t\t<div class=\"elementor-post__thumbnail\"><img decoding=\"async\" width=\"1336\" height=\"679\" src=\"https:\/\/sites.usp.br\/lanem\/wp-content\/uploads\/sites\/1397\/2024\/02\/Screenshot-from-2024-02-17-16-55-05.png\" class=\"attachment-full size-full wp-image-402\" alt=\"\" srcset=\"https:\/\/sites.usp.br\/lanem\/wp-content\/uploads\/sites\/1397\/2024\/02\/Screenshot-from-2024-02-17-16-55-05.png 1336w, https:\/\/sites.usp.br\/lanem\/wp-content\/uploads\/sites\/1397\/2024\/02\/Screenshot-from-2024-02-17-16-55-05-300x152.png 300w, https:\/\/sites.usp.br\/lanem\/wp-content\/uploads\/sites\/1397\/2024\/02\/Screenshot-from-2024-02-17-16-55-05-1024x520.png 1024w, https:\/\/sites.usp.br\/lanem\/wp-content\/uploads\/sites\/1397\/2024\/02\/Screenshot-from-2024-02-17-16-55-05-768x390.png 768w, https:\/\/sites.usp.br\/lanem\/wp-content\/uploads\/sites\/1397\/2024\/02\/Screenshot-from-2024-02-17-16-55-05-400x203.png 400w\" sizes=\"(max-width: 1336px) 100vw, 1336px\" \/><\/div>\n\t\t<\/a>\n\t\t\t\t<div class=\"elementor-post__text\">\n\t\t\t\t<h3 class=\"elementor-post__title\">\n\t\t\t<a href=\"https:\/\/www.youtube.com\/watch?v=3YLDGcM4oc0\" >\n\t\t\t\tICB em Pauta com Prof. Jos\u00e9 Donato Junior\t\t\t<\/a>\n\t\t<\/h3>\n\t\t\t\t<div class=\"elementor-post__meta-data\">\n\t\t\t\t\t<span class=\"elementor-post-date\">\n\t\t\t23\/03\/2023\t\t<\/span>\n\t\t\t\t<span class=\"elementor-post-avatar\">\n\t\t\tNenhum coment\u00e1rio\t\t<\/span>\n\t\t\t\t<\/div>\n\t\t\t\t<div class=\"elementor-post__excerpt\">\n\t\t\t<p>O pesquisador comenta sobre horm\u00f4nios, neurotransmissores e outros mecanismos do nosso c\u00e9rebro que est\u00e3o relacionados \u00e0 sensa\u00e7\u00e3o de estar com fome e como condi\u00e7\u00f5es como<\/p>\n\t\t<\/div>\n\t\t\n\t\t<a class=\"elementor-post__read-more\" href=\"https:\/\/www.youtube.com\/watch?v=3YLDGcM4oc0\" aria-label=\"Read more about ICB em Pauta com Prof. Jos\u00e9 Donato Junior\" tabindex=\"-1\" >\n\t\t\tRead More \u00bb\t\t<\/a>\n\n\t\t\t\t<\/div>\n\t\t\t\t<\/article>\n\t\t\t\t<article class=\"elementor-post elementor-grid-item post-383 post type-post status-publish format-standard has-post-thumbnail hentry category-geral\">\n\t\t\t\t<a class=\"elementor-post__thumbnail__link\" href=\"https:\/\/www.youtube.com\/watch?v=3YLDGcM4oc0\" tabindex=\"-1\" >\n\t\t\t<div class=\"elementor-post__thumbnail\"><img loading=\"lazy\" decoding=\"async\" width=\"1312\" height=\"717\" src=\"https:\/\/sites.usp.br\/lanem\/wp-content\/uploads\/sites\/1397\/2024\/02\/Screenshot-from-2024-02-17-16-45-45.png\" class=\"attachment-full size-full wp-image-384\" alt=\"\" srcset=\"https:\/\/sites.usp.br\/lanem\/wp-content\/uploads\/sites\/1397\/2024\/02\/Screenshot-from-2024-02-17-16-45-45.png 1312w, https:\/\/sites.usp.br\/lanem\/wp-content\/uploads\/sites\/1397\/2024\/02\/Screenshot-from-2024-02-17-16-45-45-300x164.png 300w, https:\/\/sites.usp.br\/lanem\/wp-content\/uploads\/sites\/1397\/2024\/02\/Screenshot-from-2024-02-17-16-45-45-1024x560.png 1024w, https:\/\/sites.usp.br\/lanem\/wp-content\/uploads\/sites\/1397\/2024\/02\/Screenshot-from-2024-02-17-16-45-45-768x420.png 768w, https:\/\/sites.usp.br\/lanem\/wp-content\/uploads\/sites\/1397\/2024\/02\/Screenshot-from-2024-02-17-16-45-45-400x219.png 400w\" sizes=\"(max-width: 1312px) 100vw, 1312px\" \/><\/div>\n\t\t<\/a>\n\t\t\t\t<div class=\"elementor-post__text\">\n\t\t\t\t<h3 class=\"elementor-post__title\">\n\t\t\t<a href=\"https:\/\/www.youtube.com\/watch?v=3YLDGcM4oc0\" >\n\t\t\t\tEntrevista para o ICB em Pauta\t\t\t<\/a>\n\t\t<\/h3>\n\t\t\t\t<div class=\"elementor-post__meta-data\">\n\t\t\t\t\t<span class=\"elementor-post-date\">\n\t\t\t23\/03\/2023\t\t<\/span>\n\t\t\t\t<span class=\"elementor-post-avatar\">\n\t\t\tNenhum coment\u00e1rio\t\t<\/span>\n\t\t\t\t<\/div>\n\t\t\t\t<div class=\"elementor-post__excerpt\">\n\t\t\t<p>Reportagem sobre nossos trabalhos cient\u00edficos<\/p>\n\t\t<\/div>\n\t\t\n\t\t<a class=\"elementor-post__read-more\" href=\"https:\/\/www.youtube.com\/watch?v=3YLDGcM4oc0\" aria-label=\"Read more about Entrevista para o ICB em Pauta\" tabindex=\"-1\" >\n\t\t\tRead More \u00bb\t\t<\/a>\n\n\t\t\t\t<\/div>\n\t\t\t\t<\/article>\n\t\t\t\t<article class=\"elementor-post elementor-grid-item post-372 post type-post status-publish format-standard has-post-thumbnail hentry category-geral\">\n\t\t\t\t<a class=\"elementor-post__thumbnail__link\" href=\"https:\/\/youtu.be\/LAi8Wvdc0Jo\" tabindex=\"-1\" >\n\t\t\t<div class=\"elementor-post__thumbnail\"><img loading=\"lazy\" decoding=\"async\" width=\"1212\" height=\"698\" src=\"https:\/\/sites.usp.br\/lanem\/wp-content\/uploads\/sites\/1397\/2024\/02\/Screenshot-from-2024-02-17-16-42-46.png\" class=\"attachment-full size-full wp-image-379\" alt=\"\" srcset=\"https:\/\/sites.usp.br\/lanem\/wp-content\/uploads\/sites\/1397\/2024\/02\/Screenshot-from-2024-02-17-16-42-46.png 1212w, https:\/\/sites.usp.br\/lanem\/wp-content\/uploads\/sites\/1397\/2024\/02\/Screenshot-from-2024-02-17-16-42-46-300x173.png 300w, https:\/\/sites.usp.br\/lanem\/wp-content\/uploads\/sites\/1397\/2024\/02\/Screenshot-from-2024-02-17-16-42-46-1024x590.png 1024w, https:\/\/sites.usp.br\/lanem\/wp-content\/uploads\/sites\/1397\/2024\/02\/Screenshot-from-2024-02-17-16-42-46-768x442.png 768w, https:\/\/sites.usp.br\/lanem\/wp-content\/uploads\/sites\/1397\/2024\/02\/Screenshot-from-2024-02-17-16-42-46-400x230.png 400w\" sizes=\"(max-width: 1212px) 100vw, 1212px\" \/><\/div>\n\t\t<\/a>\n\t\t\t\t<div class=\"elementor-post__text\">\n\t\t\t\t<h3 class=\"elementor-post__title\">\n\t\t\t<a href=\"https:\/\/youtu.be\/LAi8Wvdc0Jo\" >\n\t\t\t\tEntrevista e reportagem para a TV Justi\u00e7a\t\t\t<\/a>\n\t\t<\/h3>\n\t\t\t\t<div class=\"elementor-post__meta-data\">\n\t\t\t\t\t<span class=\"elementor-post-date\">\n\t\t\t19\/01\/2023\t\t<\/span>\n\t\t\t\t<span class=\"elementor-post-avatar\">\n\t\t\tNenhum coment\u00e1rio\t\t<\/span>\n\t\t\t\t<\/div>\n\t\t\t\t<div class=\"elementor-post__excerpt\">\n\t\t\t<p>Reportagem sobre nossos trabalhos cient\u00edficos<\/p>\n\t\t<\/div>\n\t\t\n\t\t<a class=\"elementor-post__read-more\" href=\"https:\/\/youtu.be\/LAi8Wvdc0Jo\" aria-label=\"Read more about Entrevista e reportagem para a TV Justi\u00e7a\" tabindex=\"-1\" >\n\t\t\tRead More \u00bb\t\t<\/a>\n\n\t\t\t\t<\/div>\n\t\t\t\t<\/article>\n\t\t\t\t<article class=\"elementor-post elementor-grid-item post-369 post type-post status-publish format-standard has-post-thumbnail hentry category-geral\">\n\t\t\t\t<a class=\"elementor-post__thumbnail__link\" href=\"https:\/\/revistapesquisa.fapesp.br\/equilibrio-delicado-2\" tabindex=\"-1\" >\n\t\t\t<div class=\"elementor-post__thumbnail\"><img loading=\"lazy\" decoding=\"async\" width=\"1135\" height=\"676\" src=\"https:\/\/sites.usp.br\/lanem\/wp-content\/uploads\/sites\/1397\/2024\/02\/Screenshot-from-2024-02-17-16-36-31.png\" class=\"attachment-full size-full wp-image-370\" alt=\"\" srcset=\"https:\/\/sites.usp.br\/lanem\/wp-content\/uploads\/sites\/1397\/2024\/02\/Screenshot-from-2024-02-17-16-36-31.png 1135w, https:\/\/sites.usp.br\/lanem\/wp-content\/uploads\/sites\/1397\/2024\/02\/Screenshot-from-2024-02-17-16-36-31-300x179.png 300w, https:\/\/sites.usp.br\/lanem\/wp-content\/uploads\/sites\/1397\/2024\/02\/Screenshot-from-2024-02-17-16-36-31-1024x610.png 1024w, https:\/\/sites.usp.br\/lanem\/wp-content\/uploads\/sites\/1397\/2024\/02\/Screenshot-from-2024-02-17-16-36-31-768x457.png 768w, https:\/\/sites.usp.br\/lanem\/wp-content\/uploads\/sites\/1397\/2024\/02\/Screenshot-from-2024-02-17-16-36-31-400x238.png 400w\" sizes=\"(max-width: 1135px) 100vw, 1135px\" \/><\/div>\n\t\t<\/a>\n\t\t\t\t<div class=\"elementor-post__text\">\n\t\t\t\t<h3 class=\"elementor-post__title\">\n\t\t\t<a href=\"https:\/\/revistapesquisa.fapesp.br\/equilibrio-delicado-2\" >\n\t\t\t\tEntrevista e reportagem para a revista FAPESP\t\t\t<\/a>\n\t\t<\/h3>\n\t\t\t\t<div class=\"elementor-post__meta-data\">\n\t\t\t\t\t<span class=\"elementor-post-date\">\n\t\t\t18\/12\/2021\t\t<\/span>\n\t\t\t\t<span class=\"elementor-post-avatar\">\n\t\t\tNenhum coment\u00e1rio\t\t<\/span>\n\t\t\t\t<\/div>\n\t\t\t\t<div class=\"elementor-post__excerpt\">\n\t\t\t<p>Reportagem sobre nossos trabalhos cient\u00edficos.\u00a0 \u201cEquil\u00edbrio delicado\u201d<\/p>\n\t\t<\/div>\n\t\t\n\t\t<a class=\"elementor-post__read-more\" href=\"https:\/\/revistapesquisa.fapesp.br\/equilibrio-delicado-2\" aria-label=\"Read more about Entrevista e reportagem para a revista FAPESP\" tabindex=\"-1\" >\n\t\t\tRead More \u00bb\t\t<\/a>\n\n\t\t\t\t<\/div>\n\t\t\t\t<\/article>\n\t\t\t\t<article class=\"elementor-post elementor-grid-item post-365 post type-post status-publish format-standard has-post-thumbnail hentry category-geral\">\n\t\t\t\t<a class=\"elementor-post__thumbnail__link\" href=\"https:\/\/www.youtube.com\/watch?v=W1yzLH4m5Ms\" tabindex=\"-1\" >\n\t\t\t<div class=\"elementor-post__thumbnail\"><img loading=\"lazy\" decoding=\"async\" width=\"1523\" height=\"948\" src=\"https:\/\/sites.usp.br\/lanem\/wp-content\/uploads\/sites\/1397\/2024\/02\/Screenshot-from-2024-02-17-16-31-57-e1708198454884.png\" class=\"attachment-full size-full wp-image-366\" alt=\"\" srcset=\"https:\/\/sites.usp.br\/lanem\/wp-content\/uploads\/sites\/1397\/2024\/02\/Screenshot-from-2024-02-17-16-31-57-e1708198454884.png 1523w, https:\/\/sites.usp.br\/lanem\/wp-content\/uploads\/sites\/1397\/2024\/02\/Screenshot-from-2024-02-17-16-31-57-e1708198454884-300x187.png 300w, https:\/\/sites.usp.br\/lanem\/wp-content\/uploads\/sites\/1397\/2024\/02\/Screenshot-from-2024-02-17-16-31-57-e1708198454884-1024x637.png 1024w, https:\/\/sites.usp.br\/lanem\/wp-content\/uploads\/sites\/1397\/2024\/02\/Screenshot-from-2024-02-17-16-31-57-e1708198454884-768x478.png 768w, https:\/\/sites.usp.br\/lanem\/wp-content\/uploads\/sites\/1397\/2024\/02\/Screenshot-from-2024-02-17-16-31-57-e1708198454884-400x249.png 400w\" sizes=\"(max-width: 1523px) 100vw, 1523px\" \/><\/div>\n\t\t<\/a>\n\t\t\t\t<div class=\"elementor-post__text\">\n\t\t\t\t<h3 class=\"elementor-post__title\">\n\t\t\t<a href=\"https:\/\/www.youtube.com\/watch?v=W1yzLH4m5Ms\" >\n\t\t\t\tEntrevista 50 anos de ICB USP\t\t\t<\/a>\n\t\t<\/h3>\n\t\t\t\t<div class=\"elementor-post__meta-data\">\n\t\t\t\t\t<span class=\"elementor-post-date\">\n\t\t\t09\/04\/2019\t\t<\/span>\n\t\t\t\t<span class=\"elementor-post-avatar\">\n\t\t\tNenhum coment\u00e1rio\t\t<\/span>\n\t\t\t\t<\/div>\n\t\t\t\t<div class=\"elementor-post__excerpt\">\n\t\t\t<p>Em estudo publicado recentemente na revista Nature Communications, o professor Jos\u00e9 Donato Junior, do Departamento de Fisiologia e Biof\u00edsica do ICB-USP, revela uma descoberta sobre<\/p>\n\t\t<\/div>\n\t\t\n\t\t<a class=\"elementor-post__read-more\" href=\"https:\/\/www.youtube.com\/watch?v=W1yzLH4m5Ms\" aria-label=\"Read more about Entrevista 50 anos de ICB USP\" tabindex=\"-1\" >\n\t\t\tRead More \u00bb\t\t<\/a>\n\n\t\t\t\t<\/div>\n\t\t\t\t<\/article>\n\t\t\t\t<article class=\"elementor-post elementor-grid-item post-361 post type-post status-publish format-standard has-post-thumbnail hentry category-geral\">\n\t\t\t\t<a class=\"elementor-post__thumbnail__link\" href=\"https:\/\/sites.usp.br\/lanem\/um-inimigo-das-dietas\/\" tabindex=\"-1\" >\n\t\t\t<div class=\"elementor-post__thumbnail\"><img loading=\"lazy\" decoding=\"async\" width=\"1621\" height=\"912\" src=\"https:\/\/sites.usp.br\/lanem\/wp-content\/uploads\/sites\/1397\/2024\/02\/Screenshot-from-2024-02-17-16-26-03.png\" class=\"attachment-full size-full wp-image-363\" alt=\"\" srcset=\"https:\/\/sites.usp.br\/lanem\/wp-content\/uploads\/sites\/1397\/2024\/02\/Screenshot-from-2024-02-17-16-26-03.png 1621w, https:\/\/sites.usp.br\/lanem\/wp-content\/uploads\/sites\/1397\/2024\/02\/Screenshot-from-2024-02-17-16-26-03-300x169.png 300w, https:\/\/sites.usp.br\/lanem\/wp-content\/uploads\/sites\/1397\/2024\/02\/Screenshot-from-2024-02-17-16-26-03-1024x576.png 1024w, https:\/\/sites.usp.br\/lanem\/wp-content\/uploads\/sites\/1397\/2024\/02\/Screenshot-from-2024-02-17-16-26-03-768x432.png 768w, https:\/\/sites.usp.br\/lanem\/wp-content\/uploads\/sites\/1397\/2024\/02\/Screenshot-from-2024-02-17-16-26-03-1536x864.png 1536w, https:\/\/sites.usp.br\/lanem\/wp-content\/uploads\/sites\/1397\/2024\/02\/Screenshot-from-2024-02-17-16-26-03-310x174.png 310w, https:\/\/sites.usp.br\/lanem\/wp-content\/uploads\/sites\/1397\/2024\/02\/Screenshot-from-2024-02-17-16-26-03-400x225.png 400w\" sizes=\"(max-width: 1621px) 100vw, 1621px\" \/><\/div>\n\t\t<\/a>\n\t\t\t\t<div class=\"elementor-post__text\">\n\t\t\t\t<h3 class=\"elementor-post__title\">\n\t\t\t<a href=\"https:\/\/sites.usp.br\/lanem\/um-inimigo-das-dietas\/\" >\n\t\t\t\t\u201cUm inimigo das dietas\u201d\t\t\t<\/a>\n\t\t<\/h3>\n\t\t\t\t<div class=\"elementor-post__meta-data\">\n\t\t\t\t\t<span class=\"elementor-post-date\">\n\t\t\t17\/03\/2019\t\t<\/span>\n\t\t\t\t<span class=\"elementor-post-avatar\">\n\t\t\tNenhum coment\u00e1rio\t\t<\/span>\n\t\t\t\t<\/div>\n\t\t\t\t<div class=\"elementor-post__excerpt\">\n\t\t\t<p>Entrevista e produ\u00e7\u00e3o de v\u00eddeo e reportagem para a Ag\u00eancia FAPESP e Revista FAPESP &nbsp;<\/p>\n\t\t<\/div>\n\t\t\n\t\t<a class=\"elementor-post__read-more\" href=\"https:\/\/sites.usp.br\/lanem\/um-inimigo-das-dietas\/\" aria-label=\"Read more about \u201cUm inimigo das dietas\u201d\" tabindex=\"-1\" >\n\t\t\tRead More \u00bb\t\t<\/a>\n\n\t\t\t\t<\/div>\n\t\t\t\t<\/article>\n\t\t\t\t<article class=\"elementor-post elementor-grid-item post-189 post type-post status-publish format-standard has-post-thumbnail hentry category-geral\">\n\t\t\t\t<a class=\"elementor-post__thumbnail__link\" href=\"https:\/\/globoplay.globo.com\/v\/7462392\/\" tabindex=\"-1\" >\n\t\t\t<div class=\"elementor-post__thumbnail\"><img loading=\"lazy\" decoding=\"async\" width=\"949\" height=\"529\" src=\"https:\/\/sites.usp.br\/lanem\/wp-content\/uploads\/sites\/1397\/2019\/03\/Screenshot-from-2024-02-17-16-21-24.png\" class=\"attachment-full size-full wp-image-359\" alt=\"\" srcset=\"https:\/\/sites.usp.br\/lanem\/wp-content\/uploads\/sites\/1397\/2019\/03\/Screenshot-from-2024-02-17-16-21-24.png 949w, https:\/\/sites.usp.br\/lanem\/wp-content\/uploads\/sites\/1397\/2019\/03\/Screenshot-from-2024-02-17-16-21-24-300x167.png 300w, https:\/\/sites.usp.br\/lanem\/wp-content\/uploads\/sites\/1397\/2019\/03\/Screenshot-from-2024-02-17-16-21-24-768x428.png 768w, https:\/\/sites.usp.br\/lanem\/wp-content\/uploads\/sites\/1397\/2019\/03\/Screenshot-from-2024-02-17-16-21-24-310x174.png 310w, https:\/\/sites.usp.br\/lanem\/wp-content\/uploads\/sites\/1397\/2019\/03\/Screenshot-from-2024-02-17-16-21-24-400x223.png 400w\" sizes=\"(max-width: 949px) 100vw, 949px\" \/><\/div>\n\t\t<\/a>\n\t\t\t\t<div class=\"elementor-post__text\">\n\t\t\t\t<h3 class=\"elementor-post__title\">\n\t\t\t<a href=\"https:\/\/globoplay.globo.com\/v\/7462392\/\" >\n\t\t\t\tReportagem sobre nossos trabalhos cient\u00edficos\t\t\t<\/a>\n\t\t<\/h3>\n\t\t\t\t<div class=\"elementor-post__meta-data\">\n\t\t\t\t\t<span class=\"elementor-post-date\">\n\t\t\t10\/03\/2019\t\t<\/span>\n\t\t\t\t<span class=\"elementor-post-avatar\">\n\t\t\tNenhum coment\u00e1rio\t\t<\/span>\n\t\t\t\t<\/div>\n\t\t\t\t<div class=\"elementor-post__excerpt\">\n\t\t\t<p>Entrevista concedida ao rep\u00f3rter Alan Severiano que resultou em reportagem exibida no Jornal Nacional (Rede Globo), GloboNews e canais de m\u00eddia do G1<\/p>\n\t\t<\/div>\n\t\t\n\t\t<a class=\"elementor-post__read-more\" href=\"https:\/\/globoplay.globo.com\/v\/7462392\/\" aria-label=\"Read more about Reportagem sobre nossos trabalhos cient\u00edficos\" tabindex=\"-1\" >\n\t\t\tRead More \u00bb\t\t<\/a>\n\n\t\t\t\t<\/div>\n\t\t\t\t<\/article>\n\t\t\t\t<\/div>\n\t\t\n\t\t\t\t<\/div>\n\t\t\t\t<\/div>\n\t\t\t\t\t<\/div>\n\t\t<\/div>\n\t\t\t\t\t<\/div>\n\t\t<\/section>\n\t\t\t\t<\/div>\n\t\t","protected":false},"excerpt":{"rendered":"<p>Reportagens<\/p>\n","protected":false},"author":23866,"featured_media":0,"parent":0,"menu_order":0,"comment_status":"closed","ping_status":"closed","template":"elementor_header_footer","meta":{"footnotes":"","_links_to":"","_links_to_target":""},"class_list":["post-624","page","type-page","status-publish","hentry"],"_links":{"self":[{"href":"https:\/\/sites.usp.br\/lanem\/wp-json\/wp\/v2\/pages\/624","targetHints":{"allow":["GET"]}}],"collection":[{"href":"https:\/\/sites.usp.br\/lanem\/wp-json\/wp\/v2\/pages"}],"about":[{"href":"https:\/\/sites.usp.br\/lanem\/wp-json\/wp\/v2\/types\/page"}],"author":[{"embeddable":true,"href":"https:\/\/sites.usp.br\/lanem\/wp-json\/wp\/v2\/users\/23866"}],"replies":[{"embeddable":true,"href":"https:\/\/sites.usp.br\/lanem\/wp-json\/wp\/v2\/comments?post=624"}],"version-history":[{"count":4,"href":"https:\/\/sites.usp.br\/lanem\/wp-json\/wp\/v2\/pages\/624\/revisions"}],"predecessor-version":[{"id":825,"href":"https:\/\/sites.usp.br\/lanem\/wp-json\/wp\/v2\/pages\/624\/revisions\/825"}],"wp:attachment":[{"href":"https:\/\/sites.usp.br\/lanem\/wp-json\/wp\/v2\/media?parent=624"}],"curies":[{"name":"wp","href":"https:\/\/api.w.org\/{rel}","templated":true}]}}