{"id":626,"date":"2024-02-20T12:50:21","date_gmt":"2024-02-20T14:50:21","guid":{"rendered":"https:\/\/sites.usp.br\/lanem\/?page_id=626"},"modified":"2024-03-27T21:31:13","modified_gmt":"2024-03-27T23:31:13","slug":"icb-saude","status":"publish","type":"page","link":"https:\/\/sites.usp.br\/lanem\/icb-saude\/","title":{"rendered":"ICB Sa\u00fade"},"content":{"rendered":"\t\t<div data-elementor-type=\"wp-page\" data-elementor-id=\"626\" class=\"elementor elementor-626\" data-elementor-post-type=\"page\">\n\t\t\t\t\t\t<section class=\"elementor-section elementor-top-section elementor-element elementor-element-101fd30 elementor-section-boxed elementor-section-height-default elementor-section-height-default\" data-id=\"101fd30\" data-element_type=\"section\">\n\t\t\t\t\t\t<div class=\"elementor-container elementor-column-gap-default\">\n\t\t\t\t\t<div class=\"elementor-column elementor-col-100 elementor-top-column elementor-element elementor-element-1a4437f\" data-id=\"1a4437f\" data-element_type=\"column\">\n\t\t\t<div class=\"elementor-widget-wrap elementor-element-populated\">\n\t\t\t\t\t\t<div class=\"elementor-element elementor-element-ab1d315 elementor-widget elementor-widget-heading\" data-id=\"ab1d315\" data-element_type=\"widget\" data-widget_type=\"heading.default\">\n\t\t\t\t<div class=\"elementor-widget-container\">\n\t\t\t<h2 class=\"elementor-heading-title elementor-size-default\">ICB SA\u00daDE<\/h2>\t\t<\/div>\n\t\t\t\t<\/div>\n\t\t\t\t\t<\/div>\n\t\t<\/div>\n\t\t\t\t\t<\/div>\n\t\t<\/section>\n\t\t\t\t<section class=\"elementor-section elementor-top-section elementor-element elementor-element-962a472 elementor-section-boxed elementor-section-height-default elementor-section-height-default\" data-id=\"962a472\" data-element_type=\"section\">\n\t\t\t\t\t\t<div class=\"elementor-container elementor-column-gap-default\">\n\t\t\t\t\t<div class=\"elementor-column elementor-col-100 elementor-top-column elementor-element elementor-element-876a597\" data-id=\"876a597\" data-element_type=\"column\">\n\t\t\t<div class=\"elementor-widget-wrap elementor-element-populated\">\n\t\t\t\t\t\t<div class=\"elementor-element elementor-element-fb39ee4 elementor-widget elementor-widget-text-editor\" data-id=\"fb39ee4\" data-element_type=\"widget\" data-widget_type=\"text-editor.default\">\n\t\t\t\t<div class=\"elementor-widget-container\">\n\t\t\t\t\t\t\t<p>V\u00eddeos que visam informar \u00e0 popula\u00e7\u00e3o sobre aspectos que envolvem sua sa\u00fade, qualidade de vida, doen\u00e7as, fisiologia, alimenta\u00e7\u00e3o e pr\u00e1tica de atividade f\u00edsica.<\/p>\t\t\t\t\t\t<\/div>\n\t\t\t\t<\/div>\n\t\t\t\t\t<\/div>\n\t\t<\/div>\n\t\t\t\t\t<\/div>\n\t\t<\/section>\n\t\t\t\t<section class=\"elementor-section elementor-top-section elementor-element elementor-element-da0d492 elementor-section-boxed elementor-section-height-default elementor-section-height-default\" data-id=\"da0d492\" data-element_type=\"section\">\n\t\t\t\t\t\t<div class=\"elementor-container elementor-column-gap-default\">\n\t\t\t\t\t<div class=\"elementor-column elementor-col-100 elementor-top-column elementor-element elementor-element-4a43c30\" data-id=\"4a43c30\" data-element_type=\"column\">\n\t\t\t<div class=\"elementor-widget-wrap elementor-element-populated\">\n\t\t\t\t\t\t<div class=\"elementor-element elementor-element-6e2335f elementor-widget elementor-widget-image\" data-id=\"6e2335f\" data-element_type=\"widget\" data-widget_type=\"image.default\">\n\t\t\t\t<div class=\"elementor-widget-container\">\n\t\t\t\t\t\t\t\t\t\t\t\t\t\t<a href=\"https:\/\/youtube.com\/playlist?list=PLtzkIaZAA4bQHq5P0wtLYJYjQU0V96zlI&#038;si=kLLgHipjQ1hLlfu9\" target=\"_blank\">\n\t\t\t\t\t\t\t<img fetchpriority=\"high\" decoding=\"async\" width=\"1118\" height=\"628\" src=\"https:\/\/sites.usp.br\/lanem\/wp-content\/uploads\/sites\/1397\/2024\/03\/Screenshot_5.png\" class=\"attachment-full size-full wp-image-1049\" alt=\"\" srcset=\"https:\/\/sites.usp.br\/lanem\/wp-content\/uploads\/sites\/1397\/2024\/03\/Screenshot_5.png 1118w, https:\/\/sites.usp.br\/lanem\/wp-content\/uploads\/sites\/1397\/2024\/03\/Screenshot_5-300x169.png 300w, https:\/\/sites.usp.br\/lanem\/wp-content\/uploads\/sites\/1397\/2024\/03\/Screenshot_5-1024x575.png 1024w, https:\/\/sites.usp.br\/lanem\/wp-content\/uploads\/sites\/1397\/2024\/03\/Screenshot_5-768x431.png 768w, https:\/\/sites.usp.br\/lanem\/wp-content\/uploads\/sites\/1397\/2024\/03\/Screenshot_5-310x174.png 310w, https:\/\/sites.usp.br\/lanem\/wp-content\/uploads\/sites\/1397\/2024\/03\/Screenshot_5-400x225.png 400w\" sizes=\"(max-width: 1118px) 100vw, 1118px\" \/>\t\t\t\t\t\t\t\t<\/a>\n\t\t\t\t\t\t\t\t\t\t\t\t\t<\/div>\n\t\t\t\t<\/div>\n\t\t\t\t\t<\/div>\n\t\t<\/div>\n\t\t\t\t\t<\/div>\n\t\t<\/section>\n\t\t\t\t<section class=\"elementor-section elementor-top-section elementor-element elementor-element-1f4c4a5 elementor-section-boxed elementor-section-height-default elementor-section-height-default\" data-id=\"1f4c4a5\" data-element_type=\"section\">\n\t\t\t\t\t\t<div class=\"elementor-container elementor-column-gap-default\">\n\t\t\t\t\t<div class=\"elementor-column elementor-col-100 elementor-top-column elementor-element elementor-element-debfd86\" data-id=\"debfd86\" data-element_type=\"column\">\n\t\t\t<div class=\"elementor-widget-wrap elementor-element-populated\">\n\t\t\t\t\t\t<div class=\"elementor-element elementor-element-3086d8a elementor-widget elementor-widget-spacer\" data-id=\"3086d8a\" data-element_type=\"widget\" data-widget_type=\"spacer.default\">\n\t\t\t\t<div class=\"elementor-widget-container\">\n\t\t\t\t\t<div class=\"elementor-spacer\">\n\t\t\t<div class=\"elementor-spacer-inner\"><\/div>\n\t\t<\/div>\n\t\t\t\t<\/div>\n\t\t\t\t<\/div>\n\t\t\t\t\t<\/div>\n\t\t<\/div>\n\t\t\t\t\t<\/div>\n\t\t<\/section>\n\t\t\t\t<\/div>\n\t\t","protected":false},"excerpt":{"rendered":"<p>ICB SA\u00daDE V\u00eddeos que visam informar \u00e0 popula\u00e7\u00e3o sobre aspectos que envolvem sua sa\u00fade, qualidade de vida, doen\u00e7as, fisiologia, alimenta\u00e7\u00e3o e pr\u00e1tica de atividade f\u00edsica.<\/p>\n","protected":false},"author":23866,"featured_media":0,"parent":0,"menu_order":0,"comment_status":"closed","ping_status":"closed","template":"elementor_header_footer","meta":{"footnotes":"","_links_to":"","_links_to_target":""},"class_list":["post-626","page","type-page","status-publish","hentry"],"_links":{"self":[{"href":"https:\/\/sites.usp.br\/lanem\/wp-json\/wp\/v2\/pages\/626","targetHints":{"allow":["GET"]}}],"collection":[{"href":"https:\/\/sites.usp.br\/lanem\/wp-json\/wp\/v2\/pages"}],"about":[{"href":"https:\/\/sites.usp.br\/lanem\/wp-json\/wp\/v2\/types\/page"}],"author":[{"embeddable":true,"href":"https:\/\/sites.usp.br\/lanem\/wp-json\/wp\/v2\/users\/23866"}],"replies":[{"embeddable":true,"href":"https:\/\/sites.usp.br\/lanem\/wp-json\/wp\/v2\/comments?post=626"}],"version-history":[{"count":4,"href":"https:\/\/sites.usp.br\/lanem\/wp-json\/wp\/v2\/pages\/626\/revisions"}],"predecessor-version":[{"id":1252,"href":"https:\/\/sites.usp.br\/lanem\/wp-json\/wp\/v2\/pages\/626\/revisions\/1252"}],"wp:attachment":[{"href":"https:\/\/sites.usp.br\/lanem\/wp-json\/wp\/v2\/media?parent=626"}],"curies":[{"name":"wp","href":"https:\/\/api.w.org\/{rel}","templated":true}]}}