{"id":379,"date":"2023-05-01T23:22:23","date_gmt":"2023-05-02T01:22:23","guid":{"rendered":"https:\/\/sites.usp.br\/lao\/?page_id=379"},"modified":"2023-05-05T17:37:14","modified_gmt":"2023-05-05T19:37:14","slug":"home","status":"publish","type":"page","link":"https:\/\/sites.usp.br\/lao\/","title":{"rendered":"Home"},"content":{"rendered":"\t\t<div data-elementor-type=\"wp-page\" data-elementor-id=\"379\" class=\"elementor elementor-379\" data-elementor-post-type=\"page\">\n\t\t\t\t\t\t<section class=\"elementor-section elementor-top-section elementor-element elementor-element-f977e5c elementor-section-full_width elementor-section-height-min-height elementor-section-height-default elementor-section-items-middle elementor-invisible\" data-id=\"f977e5c\" data-element_type=\"section\" data-settings=\"{&quot;background_background&quot;:&quot;slideshow&quot;,&quot;background_slideshow_gallery&quot;:[{&quot;id&quot;:515,&quot;url&quot;:&quot;https:\\\/\\\/sites.usp.br\\\/lao\\\/wp-content\\\/uploads\\\/sites\\\/1260\\\/2023\\\/05\\\/1.jpeg&quot;},{&quot;id&quot;:339,&quot;url&quot;:&quot;https:\\\/\\\/sites.usp.br\\\/lao\\\/wp-content\\\/uploads\\\/sites\\\/1260\\\/2023\\\/03\\\/cropped-cb819ebe-1802-44bc-bf34-33ccd7b075d8.jpeg&quot;},{&quot;id&quot;:516,&quot;url&quot;:&quot;https:\\\/\\\/sites.usp.br\\\/lao\\\/wp-content\\\/uploads\\\/sites\\\/1260\\\/2023\\\/05\\\/2.jpeg&quot;}],&quot;background_slideshow_ken_burns&quot;:&quot;yes&quot;,&quot;shape_divider_top&quot;:&quot;split&quot;,&quot;shape_divider_bottom&quot;:&quot;split&quot;,&quot;animation&quot;:&quot;slideInDown&quot;,&quot;background_slideshow_loop&quot;:&quot;yes&quot;,&quot;background_slideshow_slide_duration&quot;:5000,&quot;background_slideshow_slide_transition&quot;:&quot;fade&quot;,&quot;background_slideshow_transition_duration&quot;:500,&quot;background_slideshow_ken_burns_zoom_direction&quot;:&quot;in&quot;}\">\n\t\t\t\t\t\t\t<div class=\"elementor-background-overlay\"><\/div>\n\t\t\t\t\t\t<div class=\"elementor-shape elementor-shape-top\" data-negative=\"false\">\n\t\t\t<svg xmlns=\"http:\/\/www.w3.org\/2000\/svg\" viewBox=\"0 0 1000 20\" preserveAspectRatio=\"none\">\n\t<path class=\"elementor-shape-fill\" d=\"M0,0v3c0,0,393.8,0,483.4,0c9.2,0,16.6,7.4,16.6,16.6c0-9.1,7.4-16.6,16.6-16.6C606.2,3,1000,3,1000,3V0H0z\"\/>\n<\/svg>\t\t<\/div>\n\t\t\t\t<div class=\"elementor-shape elementor-shape-bottom\" data-negative=\"false\">\n\t\t\t<svg xmlns=\"http:\/\/www.w3.org\/2000\/svg\" viewBox=\"0 0 1000 20\" preserveAspectRatio=\"none\">\n\t<path class=\"elementor-shape-fill\" d=\"M0,0v3c0,0,393.8,0,483.4,0c9.2,0,16.6,7.4,16.6,16.6c0-9.1,7.4-16.6,16.6-16.6C606.2,3,1000,3,1000,3V0H0z\"\/>\n<\/svg>\t\t<\/div>\n\t\t\t\t\t<div class=\"elementor-container elementor-column-gap-default\">\n\t\t\t\t\t<div class=\"elementor-column elementor-col-100 elementor-top-column elementor-element elementor-element-0f35845\" data-id=\"0f35845\" data-element_type=\"column\">\n\t\t\t<div class=\"elementor-widget-wrap elementor-element-populated\">\n\t\t\t\t\t\t<div class=\"elementor-element elementor-element-78d9a9e elementor-headline--style-rotate elementor-invisible elementor-widget elementor-widget-animated-headline\" data-id=\"78d9a9e\" data-element_type=\"widget\" data-settings=\"{&quot;headline_style&quot;:&quot;rotate&quot;,&quot;rotating_text&quot;:&quot;LAORL\\nLiga de Otorrinolaringologia\\n&quot;,&quot;rotate_iteration_delay&quot;:1500,&quot;_animation&quot;:&quot;zoomIn&quot;,&quot;_animation_delay&quot;:1000,&quot;animation_type&quot;:&quot;typing&quot;,&quot;loop&quot;:&quot;yes&quot;}\" data-widget_type=\"animated-headline.default\">\n\t\t\t\t<div class=\"elementor-widget-container\">\n\t\t\t\t\t<h3 class=\"elementor-headline elementor-headline-animation-type-typing elementor-headline-letters\">\n\t\t\t\t\t<span class=\"elementor-headline-plain-text elementor-headline-text-wrapper\">Esta \u00e9 a<\/span>\n\t\t\t\t<span class=\"elementor-headline-dynamic-wrapper elementor-headline-text-wrapper\">\n\t\t\t\t\t<span class=\"elementor-headline-dynamic-text elementor-headline-text-active\">\n\t\t\t\tLAORL\t\t\t<\/span>\n\t\t\t\t\t<span class=\"elementor-headline-dynamic-text\">\n\t\t\t\tLiga&nbsp;de&nbsp;Otorrinolaringologia\t\t\t<\/span>\n\t\t\t\t\t<span class=\"elementor-headline-dynamic-text\">\n\t\t\t\t\t\t\t<\/span>\n\t\t\t\t\t\t<\/span>\n\t\t\t\t\t<span class=\"elementor-headline-plain-text elementor-headline-text-wrapper\">USP Bauru<\/span>\n\t\t\t\t\t<\/h3>\n\t\t\t\t<\/div>\n\t\t\t\t<\/div>\n\t\t\t\t<div class=\"elementor-element elementor-element-af524ce elementor-widget elementor-widget-image\" data-id=\"af524ce\" data-element_type=\"widget\" data-widget_type=\"image.default\">\n\t\t\t\t<div class=\"elementor-widget-container\">\n\t\t\t\t\t\t\t\t\t\t\t\t\t\t<a href=\"https:\/\/sites.usp.br\/lao\/\">\n\t\t\t\t\t\t\t<img fetchpriority=\"high\" decoding=\"async\" width=\"250\" height=\"250\" src=\"https:\/\/sites.usp.br\/lao\/wp-content\/uploads\/sites\/1260\/2023\/03\/cropped-Logo-2-1-1.png\" class=\"elementor-animation-grow attachment-medium size-medium wp-image-337\" alt=\"\" srcset=\"https:\/\/sites.usp.br\/lao\/wp-content\/uploads\/sites\/1260\/2023\/03\/cropped-Logo-2-1-1.png 250w, https:\/\/sites.usp.br\/lao\/wp-content\/uploads\/sites\/1260\/2023\/03\/cropped-Logo-2-1-1-150x150.png 150w, https:\/\/sites.usp.br\/lao\/wp-content\/uploads\/sites\/1260\/2023\/03\/cropped-Logo-2-1-1-100x100.png 100w, https:\/\/sites.usp.br\/lao\/wp-content\/uploads\/sites\/1260\/2023\/03\/cropped-Logo-2-1-1-45x45.png 45w, https:\/\/sites.usp.br\/lao\/wp-content\/uploads\/sites\/1260\/2023\/03\/cropped-Logo-2-1-1-200x200.png 200w\" sizes=\"(max-width: 250px) 100vw, 250px\" \/>\t\t\t\t\t\t\t\t<\/a>\n\t\t\t\t\t\t\t\t\t\t\t\t\t<\/div>\n\t\t\t\t<\/div>\n\t\t\t\t\t<\/div>\n\t\t<\/div>\n\t\t\t\t\t<\/div>\n\t\t<\/section>\n\t\t\t\t<section class=\"elementor-section elementor-top-section elementor-element elementor-element-5d28cc6 elementor-section-boxed elementor-section-height-default elementor-section-height-default\" data-id=\"5d28cc6\" data-element_type=\"section\" data-settings=\"{&quot;background_background&quot;:&quot;classic&quot;,&quot;shape_divider_top&quot;:&quot;mountains&quot;}\">\n\t\t\t\t\t<div class=\"elementor-shape elementor-shape-top\" data-negative=\"false\">\n\t\t\t<svg xmlns=\"http:\/\/www.w3.org\/2000\/svg\" viewBox=\"0 0 1000 100\" preserveAspectRatio=\"none\">\n\t<path class=\"elementor-shape-fill\" opacity=\"0.33\" d=\"M473,67.3c-203.9,88.3-263.1-34-320.3,0C66,119.1,0,59.7,0,59.7V0h1000v59.7 c0,0-62.1,26.1-94.9,29.3c-32.8,3.3-62.8-12.3-75.8-22.1C806,49.6,745.3,8.7,694.9,4.7S492.4,59,473,67.3z\"\/>\n\t<path class=\"elementor-shape-fill\" opacity=\"0.66\" d=\"M734,67.3c-45.5,0-77.2-23.2-129.1-39.1c-28.6-8.7-150.3-10.1-254,39.1 s-91.7-34.4-149.2,0C115.7,118.3,0,39.8,0,39.8V0h1000v36.5c0,0-28.2-18.5-92.1-18.5C810.2,18.1,775.7,67.3,734,67.3z\"\/>\n\t<path class=\"elementor-shape-fill\" d=\"M766.1,28.9c-200-57.5-266,65.5-395.1,19.5C242,1.8,242,5.4,184.8,20.6C128,35.8,132.3,44.9,89.9,52.5C28.6,63.7,0,0,0,0 h1000c0,0-9.9,40.9-83.6,48.1S829.6,47,766.1,28.9z\"\/>\n<\/svg>\t\t<\/div>\n\t\t\t\t\t<div class=\"elementor-container elementor-column-gap-default\">\n\t\t\t\t\t<div class=\"elementor-column elementor-col-100 elementor-top-column elementor-element elementor-element-1c3b44f\" data-id=\"1c3b44f\" data-element_type=\"column\">\n\t\t\t<div class=\"elementor-widget-wrap elementor-element-populated\">\n\t\t\t\t\t\t<div class=\"elementor-element elementor-element-dd56cf4 elementor-invisible elementor-widget elementor-widget-heading\" data-id=\"dd56cf4\" data-element_type=\"widget\" data-settings=\"{&quot;_animation&quot;:&quot;lightSpeedIn&quot;,&quot;_animation_delay&quot;:0}\" data-widget_type=\"heading.default\">\n\t\t\t\t<div class=\"elementor-widget-container\">\n\t\t\t<h1 class=\"elementor-heading-title elementor-size-xl\">Conhe\u00e7a nossos conte\u00fados<\/h1>\t\t<\/div>\n\t\t\t\t<\/div>\n\t\t\t\t\t<\/div>\n\t\t<\/div>\n\t\t\t\t\t<\/div>\n\t\t<\/section>\n\t\t\t\t<section class=\"elementor-section elementor-top-section elementor-element elementor-element-278bdfc elementor-section-full_width elementor-section-height-default elementor-section-height-default\" data-id=\"278bdfc\" data-element_type=\"section\" data-settings=\"{&quot;background_background&quot;:&quot;gradient&quot;}\">\n\t\t\t\t\t\t<div class=\"elementor-container elementor-column-gap-default\">\n\t\t\t\t\t<div class=\"elementor-column elementor-col-33 elementor-top-column elementor-element elementor-element-4e0ec10 elementor-invisible\" data-id=\"4e0ec10\" data-element_type=\"column\" data-settings=\"{&quot;animation&quot;:&quot;bounceInLeft&quot;,&quot;animation_delay&quot;:0}\">\n\t\t\t<div class=\"elementor-widget-wrap elementor-element-populated\">\n\t\t\t\t\t\t<div class=\"elementor-element elementor-element-e1ec7cb elementor-grid-2 elementor-posts--align-left elementor-widget__width-initial elementor-grid-tablet-2 elementor-grid-mobile-1 elementor-posts--thumbnail-top elementor-posts--show-avatar elementor-card-shadow-yes elementor-posts__hover-gradient load-more-align-center elementor-widget elementor-widget-posts\" data-id=\"e1ec7cb\" data-element_type=\"widget\" data-settings=\"{&quot;_animation&quot;:&quot;none&quot;,&quot;_animation_delay&quot;:2000,&quot;cards_columns&quot;:&quot;2&quot;,&quot;pagination_type&quot;:&quot;load_more_on_click&quot;,&quot;cards_masonry&quot;:&quot;yes&quot;,&quot;cards_columns_tablet&quot;:&quot;2&quot;,&quot;cards_columns_mobile&quot;:&quot;1&quot;,&quot;cards_row_gap&quot;:{&quot;unit&quot;:&quot;px&quot;,&quot;size&quot;:35,&quot;sizes&quot;:[]},&quot;cards_row_gap_tablet&quot;:{&quot;unit&quot;:&quot;px&quot;,&quot;size&quot;:&quot;&quot;,&quot;sizes&quot;:[]},&quot;cards_row_gap_mobile&quot;:{&quot;unit&quot;:&quot;px&quot;,&quot;size&quot;:&quot;&quot;,&quot;sizes&quot;:[]},&quot;load_more_spinner&quot;:{&quot;value&quot;:&quot;fas fa-spinner&quot;,&quot;library&quot;:&quot;fa-solid&quot;}}\" data-widget_type=\"posts.cards\">\n\t\t\t\t<div class=\"elementor-widget-container\">\n\t\t\t\t\t<div class=\"elementor-posts-container elementor-posts elementor-posts--skin-cards elementor-grid\">\n\t\t\t\t<article class=\"elementor-post elementor-grid-item post-744 post type-post status-publish format-standard has-post-thumbnail hentry category-conteudo tag-exame-da-orelha tag-otorinolaringologia tag-otoscopia tag-semiologia entry has-media\">\n\t\t\t<div class=\"elementor-post__card\">\n\t\t\t\t<a class=\"elementor-post__thumbnail__link\" href=\"https:\/\/sites.usp.br\/lao\/exercicios-de-fixacao-sobre-anatomofisiologia-auditiva\/\" tabindex=\"-1\" ><div class=\"elementor-post__thumbnail\"><img decoding=\"async\" width=\"1200\" height=\"630\" src=\"https:\/\/sites.usp.br\/lao\/wp-content\/uploads\/sites\/1260\/2023\/06\/1.png\" class=\"attachment-full size-full wp-image-697\" alt=\"\" srcset=\"https:\/\/sites.usp.br\/lao\/wp-content\/uploads\/sites\/1260\/2023\/06\/1.png 1200w, https:\/\/sites.usp.br\/lao\/wp-content\/uploads\/sites\/1260\/2023\/06\/1-300x158.png 300w, https:\/\/sites.usp.br\/lao\/wp-content\/uploads\/sites\/1260\/2023\/06\/1-1024x538.png 1024w, https:\/\/sites.usp.br\/lao\/wp-content\/uploads\/sites\/1260\/2023\/06\/1-768x403.png 768w\" sizes=\"(max-width: 1200px) 100vw, 1200px\" \/><\/div><\/a>\n\t\t\t\t<div class=\"elementor-post__badge\">Conte\u00fado<\/div>\n\t\t\t\t<div class=\"elementor-post__avatar\">\n\t\t\t<img alt='Enzo Bogucheski Ribeiro Machado' src='https:\/\/secure.gravatar.com\/avatar\/b6ad7e2c5ab063d876c0d49521abb3c762581993abb32b13f2488c1648b73353?s=128&#038;d=mm&#038;r=g' srcset='https:\/\/secure.gravatar.com\/avatar\/b6ad7e2c5ab063d876c0d49521abb3c762581993abb32b13f2488c1648b73353?s=256&#038;d=mm&#038;r=g 2x' class='avatar avatar-128 photo' height='128' width='128' \/>\t\t<\/div>\n\t\t\t\t<div class=\"elementor-post__text\">\n\t\t\t\t<h2 class=\"elementor-post__title\">\n\t\t\t<a href=\"https:\/\/sites.usp.br\/lao\/exercicios-de-fixacao-sobre-anatomofisiologia-auditiva\/\" >\n\t\t\t\tExerc\u00edcios de Fixa\u00e7\u00e3o sobre Anatomofisiologia Auditiva\t\t\t<\/a>\n\t\t<\/h2>\n\t\t\t\t<div class=\"elementor-post__excerpt\">\n\t\t\t<p>1 &#8211; Referente \u00e0 passagem do som pela membrana timp\u00e2nica e ouvido m\u00e9dio, marque a alternativa correta: A membrana timp\u00e2nica<\/p>\n\t\t<\/div>\n\t\t\n\t\t<a class=\"elementor-post__read-more\" href=\"https:\/\/sites.usp.br\/lao\/exercicios-de-fixacao-sobre-anatomofisiologia-auditiva\/\" aria-label=\"Read more about Exerc\u00edcios de Fixa\u00e7\u00e3o sobre Anatomofisiologia Auditiva\" tabindex=\"-1\" >\n\t\t\tSAIBA MAIS\t\t<\/a>\n\n\t\t\t\t<\/div>\n\t\t\t\t<div class=\"elementor-post__meta-data\">\n\t\t\t\t\t<span class=\"elementor-post-date\">\n\t\t\t23\/08\/2023\t\t<\/span>\n\t\t\t\t<span class=\"elementor-post-avatar\">\n\t\t\tNenhum coment\u00e1rio\t\t<\/span>\n\t\t\t\t<\/div>\n\t\t\t\t\t<\/div>\n\t\t<\/article>\n\t\t\t\t<article class=\"elementor-post elementor-grid-item post-739 post type-post status-publish format-standard has-post-thumbnail hentry category-casos-clinicos category-geral tag-apneia-obstrutiva tag-fator-de-risco tag-medicina-do-sono tag-obesidade tag-otorrinolaringologia tag-ronco tag-sao tag-saos tag-sonolencia-diurna-excessiva entry has-media\">\n\t\t\t<div class=\"elementor-post__card\">\n\t\t\t\t<a class=\"elementor-post__thumbnail__link\" href=\"https:\/\/sites.usp.br\/lao\/sono-durante-o-dia\/\" tabindex=\"-1\" ><div class=\"elementor-post__thumbnail\"><img decoding=\"async\" width=\"640\" height=\"427\" src=\"https:\/\/sites.usp.br\/lao\/wp-content\/uploads\/sites\/1260\/2023\/08\/1-4.jpg\" class=\"attachment-full size-full wp-image-741\" alt=\"\" srcset=\"https:\/\/sites.usp.br\/lao\/wp-content\/uploads\/sites\/1260\/2023\/08\/1-4.jpg 640w, https:\/\/sites.usp.br\/lao\/wp-content\/uploads\/sites\/1260\/2023\/08\/1-4-300x200.jpg 300w\" sizes=\"(max-width: 640px) 100vw, 640px\" \/><\/div><\/a>\n\t\t\t\t<div class=\"elementor-post__badge\">Casos cl\u00ednicos<\/div>\n\t\t\t\t<div class=\"elementor-post__avatar\">\n\t\t\t<img alt='Ricardo Pinal de Mello' src='https:\/\/secure.gravatar.com\/avatar\/c03042fa8f26346cc0817c16fab4a7d63fcf07f0d52f80aae96c4f6298f2b44c?s=128&#038;d=mm&#038;r=g' srcset='https:\/\/secure.gravatar.com\/avatar\/c03042fa8f26346cc0817c16fab4a7d63fcf07f0d52f80aae96c4f6298f2b44c?s=256&#038;d=mm&#038;r=g 2x' class='avatar avatar-128 photo' height='128' width='128' \/>\t\t<\/div>\n\t\t\t\t<div class=\"elementor-post__text\">\n\t\t\t\t<h2 class=\"elementor-post__title\">\n\t\t\t<a href=\"https:\/\/sites.usp.br\/lao\/sono-durante-o-dia\/\" >\n\t\t\t\tSono durante o dia\t\t\t<\/a>\n\t\t<\/h2>\n\t\t\t\t<div class=\"elementor-post__excerpt\">\n\t\t\t<p>Segue outro caso cl\u00ednico destinado \u00e0 discuss\u00e3o promovida pelos ligantes, atividade que ser\u00e1 realizada em 31\/08. ID: JMN, sexo masculino,<\/p>\n\t\t<\/div>\n\t\t\n\t\t<a class=\"elementor-post__read-more\" href=\"https:\/\/sites.usp.br\/lao\/sono-durante-o-dia\/\" aria-label=\"Read more about Sono durante o dia\" tabindex=\"-1\" >\n\t\t\tSAIBA MAIS\t\t<\/a>\n\n\t\t\t\t<\/div>\n\t\t\t\t<div class=\"elementor-post__meta-data\">\n\t\t\t\t\t<span class=\"elementor-post-date\">\n\t\t\t22\/08\/2023\t\t<\/span>\n\t\t\t\t<span class=\"elementor-post-avatar\">\n\t\t\tNenhum coment\u00e1rio\t\t<\/span>\n\t\t\t\t<\/div>\n\t\t\t\t\t<\/div>\n\t\t<\/article>\n\t\t\t\t<article class=\"elementor-post elementor-grid-item post-736 post type-post status-publish format-standard has-post-thumbnail hentry category-conteudo category-geral tag-faringe-e-boca tag-otorrinolaringologia tag-resumo tag-semiologia entry has-media\">\n\t\t\t<div class=\"elementor-post__card\">\n\t\t\t\t<a class=\"elementor-post__thumbnail__link\" href=\"https:\/\/sites.usp.br\/lao\/exame-fisico-da-boca-e-da-faringe\/\" tabindex=\"-1\" ><div class=\"elementor-post__thumbnail\"><img loading=\"lazy\" decoding=\"async\" width=\"702\" height=\"342\" src=\"https:\/\/sites.usp.br\/lao\/wp-content\/uploads\/sites\/1260\/2023\/08\/3-2.jpg\" class=\"attachment-full size-full wp-image-735\" alt=\"\" srcset=\"https:\/\/sites.usp.br\/lao\/wp-content\/uploads\/sites\/1260\/2023\/08\/3-2.jpg 702w, https:\/\/sites.usp.br\/lao\/wp-content\/uploads\/sites\/1260\/2023\/08\/3-2-300x146.jpg 300w\" sizes=\"(max-width: 702px) 100vw, 702px\" \/><\/div><\/a>\n\t\t\t\t<div class=\"elementor-post__badge\">Conte\u00fado<\/div>\n\t\t\t\t<div class=\"elementor-post__avatar\">\n\t\t\t<img alt='Ricardo Pinal de Mello' src='https:\/\/secure.gravatar.com\/avatar\/c03042fa8f26346cc0817c16fab4a7d63fcf07f0d52f80aae96c4f6298f2b44c?s=128&#038;d=mm&#038;r=g' srcset='https:\/\/secure.gravatar.com\/avatar\/c03042fa8f26346cc0817c16fab4a7d63fcf07f0d52f80aae96c4f6298f2b44c?s=256&#038;d=mm&#038;r=g 2x' class='avatar avatar-128 photo' height='128' width='128' \/>\t\t<\/div>\n\t\t\t\t<div class=\"elementor-post__text\">\n\t\t\t\t<h2 class=\"elementor-post__title\">\n\t\t\t<a href=\"https:\/\/sites.usp.br\/lao\/exame-fisico-da-boca-e-da-faringe\/\" >\n\t\t\t\tExame F\u00edsico da Boca e da Faringe\t\t\t<\/a>\n\t\t<\/h2>\n\t\t\t\t<div class=\"elementor-post__excerpt\">\n\t\t\t<p>Outro resumo sobre a semiologia otorrinolaringol\u00f3gica elaborado pela presidente Rebeca Torres (T4). 1. Anamnese Os dados de identifica\u00e7\u00e3o s\u00e3o importantes<\/p>\n\t\t<\/div>\n\t\t\n\t\t<a class=\"elementor-post__read-more\" href=\"https:\/\/sites.usp.br\/lao\/exame-fisico-da-boca-e-da-faringe\/\" aria-label=\"Read more about Exame F\u00edsico da Boca e da Faringe\" tabindex=\"-1\" >\n\t\t\tSAIBA MAIS\t\t<\/a>\n\n\t\t\t\t<\/div>\n\t\t\t\t<div class=\"elementor-post__meta-data\">\n\t\t\t\t\t<span class=\"elementor-post-date\">\n\t\t\t02\/08\/2023\t\t<\/span>\n\t\t\t\t<span class=\"elementor-post-avatar\">\n\t\t\tNenhum coment\u00e1rio\t\t<\/span>\n\t\t\t\t<\/div>\n\t\t\t\t\t<\/div>\n\t\t<\/article>\n\t\t\t\t<article class=\"elementor-post elementor-grid-item post-730 post type-post status-publish format-standard has-post-thumbnail hentry category-conteudo category-geral tag-exame-da-laringe tag-laringoscopia tag-otorrinolaringologia tag-semiologia entry has-media\">\n\t\t\t<div class=\"elementor-post__card\">\n\t\t\t\t<a class=\"elementor-post__thumbnail__link\" href=\"https:\/\/sites.usp.br\/lao\/exame-clinico-da-laringe\/\" tabindex=\"-1\" ><div class=\"elementor-post__thumbnail\"><img loading=\"lazy\" decoding=\"async\" width=\"718\" height=\"358\" src=\"https:\/\/sites.usp.br\/lao\/wp-content\/uploads\/sites\/1260\/2023\/08\/2-2.jpg\" class=\"attachment-full size-full wp-image-728\" alt=\"\" srcset=\"https:\/\/sites.usp.br\/lao\/wp-content\/uploads\/sites\/1260\/2023\/08\/2-2.jpg 718w, https:\/\/sites.usp.br\/lao\/wp-content\/uploads\/sites\/1260\/2023\/08\/2-2-300x150.jpg 300w\" sizes=\"(max-width: 718px) 100vw, 718px\" \/><\/div><\/a>\n\t\t\t\t<div class=\"elementor-post__badge\">Conte\u00fado<\/div>\n\t\t\t\t<div class=\"elementor-post__avatar\">\n\t\t\t<img alt='Ricardo Pinal de Mello' src='https:\/\/secure.gravatar.com\/avatar\/c03042fa8f26346cc0817c16fab4a7d63fcf07f0d52f80aae96c4f6298f2b44c?s=128&#038;d=mm&#038;r=g' srcset='https:\/\/secure.gravatar.com\/avatar\/c03042fa8f26346cc0817c16fab4a7d63fcf07f0d52f80aae96c4f6298f2b44c?s=256&#038;d=mm&#038;r=g 2x' class='avatar avatar-128 photo' height='128' width='128' \/>\t\t<\/div>\n\t\t\t\t<div class=\"elementor-post__text\">\n\t\t\t\t<h2 class=\"elementor-post__title\">\n\t\t\t<a href=\"https:\/\/sites.usp.br\/lao\/exame-clinico-da-laringe\/\" >\n\t\t\t\tExame Cl\u00ednico da Laringe\t\t\t<\/a>\n\t\t<\/h2>\n\t\t\t\t<div class=\"elementor-post__excerpt\">\n\t\t\t<p>Resumo elaborado pela presidente Rebeca Torres (T4). 1. Anamnese \u27a2 Idade: em crian\u00e7as, os dist\u00farbios vocais funcionais e as malforma\u00e7\u00f5es<\/p>\n\t\t<\/div>\n\t\t\n\t\t<a class=\"elementor-post__read-more\" href=\"https:\/\/sites.usp.br\/lao\/exame-clinico-da-laringe\/\" aria-label=\"Read more about Exame Cl\u00ednico da Laringe\" tabindex=\"-1\" >\n\t\t\tSAIBA MAIS\t\t<\/a>\n\n\t\t\t\t<\/div>\n\t\t\t\t<div class=\"elementor-post__meta-data\">\n\t\t\t\t\t<span class=\"elementor-post-date\">\n\t\t\t02\/08\/2023\t\t<\/span>\n\t\t\t\t<span class=\"elementor-post-avatar\">\n\t\t\tNenhum coment\u00e1rio\t\t<\/span>\n\t\t\t\t<\/div>\n\t\t\t\t\t<\/div>\n\t\t<\/article>\n\t\t\t\t<\/div>\n\t\t\t\t\t<span class=\"e-load-more-spinner\">\n\t\t\t\t<i aria-hidden=\"true\" class=\"fas fa-spinner\"><\/i>\t\t\t<\/span>\n\t\t\n\t\t\t\t<div class=\"e-load-more-anchor\" data-page=\"1\" data-max-page=\"3\" data-next-page=\"https:\/\/sites.usp.br\/lao\/wp-json\/wp\/v2\/pages\/379\/page\/2\/\"><\/div>\n\t\t\t\t<div class=\"elementor-button-wrapper\">\n\t\t\t<a href=\"#\" class=\"elementor-button-link elementor-button\" role=\"button\">\n\t\t\t\t\t\t<span class=\"elementor-button-content-wrapper\">\n\t\t\t\t\t\t\t<span class=\"elementor-button-icon\">\n\t\t\t\t<i aria-hidden=\"true\" class=\"fas fa-plus-square\"><\/i>\t\t\t<\/span>\n\t\t\t\t\t\t\t\t\t<span class=\"elementor-button-text\">VER MAIS<\/span>\n\t\t\t\t\t<\/span>\n\t\t\t\t\t<\/a>\n\t\t<\/div>\n\t\t\t\t<div class=\"e-load-more-message\">N\u00e3o h\u00e1 outros posts<\/div>\n\t\t\t\t<\/div>\n\t\t\t\t<\/div>\n\t\t\t\t\t<\/div>\n\t\t<\/div>\n\t\t\t\t<div class=\"elementor-column elementor-col-66 elementor-top-column elementor-element elementor-element-3f5ee25 elementor-invisible\" data-id=\"3f5ee25\" data-element_type=\"column\" data-settings=\"{&quot;animation&quot;:&quot;bounceInRight&quot;,&quot;animation_delay&quot;:0}\">\n\t\t\t<div class=\"elementor-widget-wrap\">\n\t\t\t\t\t\t\t<\/div>\n\t\t<\/div>\n\t\t\t\t\t<\/div>\n\t\t<\/section>\n\t\t\t\t<\/div>\n\t\t","protected":false},"excerpt":{"rendered":"<p>Esta \u00e9 a LAORL Liga&nbsp;de&nbsp;Otorrinolaringologia USP Bauru Conhe\u00e7a nossos conte\u00fados Something is wrong. Response takes too long or there is JS error. Press Ctrl+Shift+J or Cmd+Shift+J on a Mac to see error in console or ask for free support.Warning: Instagram Feed is loaded using AJAX request. It might not display properly.Instagram token is invalid or [&hellip;]<\/p>\n","protected":false},"author":23516,"featured_media":0,"parent":0,"menu_order":0,"comment_status":"closed","ping_status":"closed","template":"elementor_header_footer","meta":{"footnotes":"","_links_to":"","_links_to_target":""},"class_list":["post-379","page","type-page","status-publish","hentry","entry","has-media"],"_links":{"self":[{"href":"https:\/\/sites.usp.br\/lao\/wp-json\/wp\/v2\/pages\/379","targetHints":{"allow":["GET"]}}],"collection":[{"href":"https:\/\/sites.usp.br\/lao\/wp-json\/wp\/v2\/pages"}],"about":[{"href":"https:\/\/sites.usp.br\/lao\/wp-json\/wp\/v2\/types\/page"}],"author":[{"embeddable":true,"href":"https:\/\/sites.usp.br\/lao\/wp-json\/wp\/v2\/users\/23516"}],"replies":[{"embeddable":true,"href":"https:\/\/sites.usp.br\/lao\/wp-json\/wp\/v2\/comments?post=379"}],"version-history":[{"count":4,"href":"https:\/\/sites.usp.br\/lao\/wp-json\/wp\/v2\/pages\/379\/revisions"}],"predecessor-version":[{"id":638,"href":"https:\/\/sites.usp.br\/lao\/wp-json\/wp\/v2\/pages\/379\/revisions\/638"}],"wp:attachment":[{"href":"https:\/\/sites.usp.br\/lao\/wp-json\/wp\/v2\/media?parent=379"}],"curies":[{"name":"wp","href":"https:\/\/api.w.org\/{rel}","templated":true}]}}