{"id":582,"date":"2023-05-03T19:06:39","date_gmt":"2023-05-03T21:06:39","guid":{"rendered":"https:\/\/sites.usp.br\/lao\/?page_id=582"},"modified":"2023-05-05T18:54:49","modified_gmt":"2023-05-05T20:54:49","slug":"gestao","status":"publish","type":"page","link":"https:\/\/sites.usp.br\/lao\/gestao\/","title":{"rendered":"Gest\u00e3o"},"content":{"rendered":"\t\t<div data-elementor-type=\"wp-page\" data-elementor-id=\"582\" class=\"elementor elementor-582\" data-elementor-post-type=\"page\">\n\t\t\t\t\t\t<section class=\"elementor-section elementor-top-section elementor-element elementor-element-88dd58f elementor-section-boxed elementor-section-height-default elementor-section-height-default\" data-id=\"88dd58f\" data-element_type=\"section\" data-settings=\"{&quot;background_background&quot;:&quot;gradient&quot;,&quot;shape_divider_bottom&quot;:&quot;opacity-tilt&quot;}\">\n\t\t\t\t\t<div class=\"elementor-shape elementor-shape-bottom\" data-negative=\"false\">\n\t\t\t<svg xmlns=\"http:\/\/www.w3.org\/2000\/svg\" viewBox=\"0 0 2600 131.1\" preserveAspectRatio=\"none\">\n\t<path class=\"elementor-shape-fill\" d=\"M0 0L2600 0 2600 69.1 0 0z\"\/>\n\t<path class=\"elementor-shape-fill\" style=\"opacity:0.5\" d=\"M0 0L2600 0 2600 69.1 0 69.1z\"\/>\n\t<path class=\"elementor-shape-fill\" style=\"opacity:0.25\" d=\"M2600 0L0 0 0 130.1 2600 69.1z\"\/>\n<\/svg>\t\t<\/div>\n\t\t\t\t\t<div class=\"elementor-container elementor-column-gap-default\">\n\t\t\t\t\t<div class=\"elementor-column elementor-col-100 elementor-top-column elementor-element elementor-element-511152f\" data-id=\"511152f\" data-element_type=\"column\">\n\t\t\t<div class=\"elementor-widget-wrap elementor-element-populated\">\n\t\t\t\t\t\t<div class=\"elementor-element elementor-element-35aff1d elementor-align-center elementor-widget elementor-widget-lottie\" data-id=\"35aff1d\" data-element_type=\"widget\" data-settings=\"{&quot;source_json&quot;:{&quot;url&quot;:&quot;https:\\\/\\\/sites.usp.br\\\/lao\\\/wp-content\\\/uploads\\\/sites\\\/1260\\\/2023\\\/05\\\/143124-team.json&quot;,&quot;id&quot;:659,&quot;size&quot;:&quot;&quot;,&quot;alt&quot;:&quot;&quot;,&quot;source&quot;:&quot;library&quot;},&quot;loop&quot;:&quot;yes&quot;,&quot;source&quot;:&quot;media_file&quot;,&quot;caption_source&quot;:&quot;none&quot;,&quot;link_to&quot;:&quot;none&quot;,&quot;trigger&quot;:&quot;arriving_to_viewport&quot;,&quot;viewport&quot;:{&quot;unit&quot;:&quot;%&quot;,&quot;size&quot;:&quot;&quot;,&quot;sizes&quot;:{&quot;start&quot;:0,&quot;end&quot;:100}},&quot;play_speed&quot;:{&quot;unit&quot;:&quot;px&quot;,&quot;size&quot;:1,&quot;sizes&quot;:[]},&quot;start_point&quot;:{&quot;unit&quot;:&quot;%&quot;,&quot;size&quot;:0,&quot;sizes&quot;:[]},&quot;end_point&quot;:{&quot;unit&quot;:&quot;%&quot;,&quot;size&quot;:100,&quot;sizes&quot;:[]},&quot;renderer&quot;:&quot;svg&quot;}\" data-widget_type=\"lottie.default\">\n\t\t\t\t<div class=\"elementor-widget-container\">\n\t\t\t<div class=\"e-lottie__container\"><div class=\"e-lottie__animation\"><\/div><\/div>\t\t<\/div>\n\t\t\t\t<\/div>\n\t\t\t\t\t<\/div>\n\t\t<\/div>\n\t\t\t\t\t<\/div>\n\t\t<\/section>\n\t\t\t\t<section class=\"elementor-section elementor-top-section elementor-element elementor-element-627ceeb elementor-section-boxed elementor-section-height-default elementor-section-height-default\" data-id=\"627ceeb\" data-element_type=\"section\" data-settings=\"{&quot;background_background&quot;:&quot;classic&quot;}\">\n\t\t\t\t\t\t\t<div class=\"elementor-background-overlay\"><\/div>\n\t\t\t\t\t\t\t<div class=\"elementor-container elementor-column-gap-default\">\n\t\t\t\t\t<div class=\"elementor-column elementor-col-33 elementor-top-column elementor-element elementor-element-ea61f2d\" data-id=\"ea61f2d\" data-element_type=\"column\">\n\t\t\t<div class=\"elementor-widget-wrap elementor-element-populated\">\n\t\t\t\t\t\t<div class=\"elementor-element elementor-element-ff01918 elementor-flip-box--effect-flip elementor-flip-box--direction-up elementor-widget elementor-widget-flip-box\" data-id=\"ff01918\" data-element_type=\"widget\" data-widget_type=\"flip-box.default\">\n\t\t\t\t<div class=\"elementor-widget-container\">\n\t\t\t\t\t<div class=\"elementor-flip-box\" tabindex=\"0\">\n\t\t\t<div class=\"elementor-flip-box__layer elementor-flip-box__front\">\n\t\t\t\t<div class=\"elementor-flip-box__layer__overlay\">\n\t\t\t\t\t<div class=\"elementor-flip-box__layer__inner\">\n\t\t\t\t\t\t\t\t\t\t\t\t\t<div class=\"elementor-flip-box__image\">\n\t\t\t\t\t\t\t\t<img decoding=\"async\" width=\"150\" height=\"150\" src=\"https:\/\/sites.usp.br\/lao\/wp-content\/uploads\/sites\/1260\/2023\/03\/fotor_2023-3-12_17_16_59-1-150x150.png\" class=\"attachment-thumbnail size-thumbnail wp-image-325\" alt=\"\" srcset=\"https:\/\/sites.usp.br\/lao\/wp-content\/uploads\/sites\/1260\/2023\/03\/fotor_2023-3-12_17_16_59-1-150x150.png 150w, https:\/\/sites.usp.br\/lao\/wp-content\/uploads\/sites\/1260\/2023\/03\/fotor_2023-3-12_17_16_59-1-300x300.png 300w, https:\/\/sites.usp.br\/lao\/wp-content\/uploads\/sites\/1260\/2023\/03\/fotor_2023-3-12_17_16_59-1-100x100.png 100w, https:\/\/sites.usp.br\/lao\/wp-content\/uploads\/sites\/1260\/2023\/03\/fotor_2023-3-12_17_16_59-1-45x45.png 45w, https:\/\/sites.usp.br\/lao\/wp-content\/uploads\/sites\/1260\/2023\/03\/fotor_2023-3-12_17_16_59-1-200x200.png 200w, https:\/\/sites.usp.br\/lao\/wp-content\/uploads\/sites\/1260\/2023\/03\/fotor_2023-3-12_17_16_59-1.png 312w\" sizes=\"(max-width: 150px) 100vw, 150px\" \/>\t\t\t\t\t\t\t<\/div>\n\t\t\t\t\t\t\n\t\t\t\t\t\t\t\t\t\t\t\t\t<h3 class=\"elementor-flip-box__layer__title\">\n\t\t\t\t\t\t\t\tPresidente\t\t\t\t\t\t\t<\/h3>\n\t\t\t\t\t\t\n\t\t\t\t\t\t\t\t\t\t\t<\/div>\n\t\t\t\t<\/div>\n\t\t\t<\/div>\n\t\t\t<div class=\"elementor-flip-box__layer elementor-flip-box__back\">\n\t\t\t<div class=\"elementor-flip-box__layer__overlay\">\n\t\t\t\t<div class=\"elementor-flip-box__layer__inner\">\n\t\t\t\t\t\t\t\t\t\t\t<h3 class=\"elementor-flip-box__layer__title\">\n\t\t\t\t\t\t\tRebeca Nobre\t\t\t\t\t\t<\/h3>\n\t\t\t\t\t\n\t\t\t\t\t\n\t\t\t\t\t\t\t\t<\/div>\n\t\t<\/div>\n\t\t<\/div>\n\t\t<\/div>\n\t\t\t\t<\/div>\n\t\t\t\t<\/div>\n\t\t\t\t<div class=\"elementor-element elementor-element-f75ce52 elementor-flip-box--effect-flip elementor-flip-box--direction-up elementor-widget elementor-widget-flip-box\" data-id=\"f75ce52\" data-element_type=\"widget\" data-widget_type=\"flip-box.default\">\n\t\t\t\t<div class=\"elementor-widget-container\">\n\t\t\t\t\t<div class=\"elementor-flip-box\" tabindex=\"0\">\n\t\t\t<div class=\"elementor-flip-box__layer elementor-flip-box__front\">\n\t\t\t\t<div class=\"elementor-flip-box__layer__overlay\">\n\t\t\t\t\t<div class=\"elementor-flip-box__layer__inner\">\n\t\t\t\t\t\t\t\t\t\t\t\t\t<div class=\"elementor-flip-box__image\">\n\t\t\t\t\t\t\t\t<img decoding=\"async\" width=\"150\" height=\"150\" src=\"https:\/\/sites.usp.br\/lao\/wp-content\/uploads\/sites\/1260\/2023\/03\/fotor_2023-3-12_21_8_19-150x150.png\" class=\"attachment-thumbnail size-thumbnail wp-image-353\" alt=\"\" srcset=\"https:\/\/sites.usp.br\/lao\/wp-content\/uploads\/sites\/1260\/2023\/03\/fotor_2023-3-12_21_8_19-150x150.png 150w, https:\/\/sites.usp.br\/lao\/wp-content\/uploads\/sites\/1260\/2023\/03\/fotor_2023-3-12_21_8_19-300x300.png 300w, https:\/\/sites.usp.br\/lao\/wp-content\/uploads\/sites\/1260\/2023\/03\/fotor_2023-3-12_21_8_19-1024x1024.png 1024w, https:\/\/sites.usp.br\/lao\/wp-content\/uploads\/sites\/1260\/2023\/03\/fotor_2023-3-12_21_8_19-768x768.png 768w, https:\/\/sites.usp.br\/lao\/wp-content\/uploads\/sites\/1260\/2023\/03\/fotor_2023-3-12_21_8_19-100x100.png 100w, https:\/\/sites.usp.br\/lao\/wp-content\/uploads\/sites\/1260\/2023\/03\/fotor_2023-3-12_21_8_19-45x45.png 45w, https:\/\/sites.usp.br\/lao\/wp-content\/uploads\/sites\/1260\/2023\/03\/fotor_2023-3-12_21_8_19-200x200.png 200w, https:\/\/sites.usp.br\/lao\/wp-content\/uploads\/sites\/1260\/2023\/03\/fotor_2023-3-12_21_8_19-400x400.png 400w, https:\/\/sites.usp.br\/lao\/wp-content\/uploads\/sites\/1260\/2023\/03\/fotor_2023-3-12_21_8_19.png 1026w\" sizes=\"(max-width: 150px) 100vw, 150px\" \/>\t\t\t\t\t\t\t<\/div>\n\t\t\t\t\t\t\n\t\t\t\t\t\t\t\t\t\t\t\t\t<h3 class=\"elementor-flip-box__layer__title\">\n\t\t\t\t\t\t\t\tSecret\u00e1ria\t\t\t\t\t\t\t<\/h3>\n\t\t\t\t\t\t\n\t\t\t\t\t\t\t\t\t\t\t<\/div>\n\t\t\t\t<\/div>\n\t\t\t<\/div>\n\t\t\t<div class=\"elementor-flip-box__layer elementor-flip-box__back\">\n\t\t\t<div class=\"elementor-flip-box__layer__overlay\">\n\t\t\t\t<div class=\"elementor-flip-box__layer__inner\">\n\t\t\t\t\t\t\t\t\t\t\t<h3 class=\"elementor-flip-box__layer__title\">\n\t\t\t\t\t\t\tMarina Vieira\t\t\t\t\t\t<\/h3>\n\t\t\t\t\t\n\t\t\t\t\t\n\t\t\t\t\t\t\t\t<\/div>\n\t\t<\/div>\n\t\t<\/div>\n\t\t<\/div>\n\t\t\t\t<\/div>\n\t\t\t\t<\/div>\n\t\t\t\t\t<\/div>\n\t\t<\/div>\n\t\t\t\t<div class=\"elementor-column elementor-col-33 elementor-top-column elementor-element elementor-element-676bd9c\" data-id=\"676bd9c\" data-element_type=\"column\">\n\t\t\t<div class=\"elementor-widget-wrap elementor-element-populated\">\n\t\t\t\t\t\t<div class=\"elementor-element elementor-element-c7a1900 elementor-flip-box--effect-flip elementor-flip-box--direction-up elementor-widget elementor-widget-flip-box\" data-id=\"c7a1900\" data-element_type=\"widget\" data-widget_type=\"flip-box.default\">\n\t\t\t\t<div class=\"elementor-widget-container\">\n\t\t\t\t\t<div class=\"elementor-flip-box\" tabindex=\"0\">\n\t\t\t<div class=\"elementor-flip-box__layer elementor-flip-box__front\">\n\t\t\t\t<div class=\"elementor-flip-box__layer__overlay\">\n\t\t\t\t\t<div class=\"elementor-flip-box__layer__inner\">\n\t\t\t\t\t\t\t\t\t\t\t\t\t<div class=\"elementor-flip-box__image\">\n\t\t\t\t\t\t\t\t<img decoding=\"async\" width=\"150\" height=\"150\" src=\"https:\/\/sites.usp.br\/lao\/wp-content\/uploads\/sites\/1260\/2023\/03\/fotor_2023-3-12_17_27_52-1-150x150.png\" class=\"attachment-thumbnail size-thumbnail wp-image-319\" alt=\"\" srcset=\"https:\/\/sites.usp.br\/lao\/wp-content\/uploads\/sites\/1260\/2023\/03\/fotor_2023-3-12_17_27_52-1-150x150.png 150w, https:\/\/sites.usp.br\/lao\/wp-content\/uploads\/sites\/1260\/2023\/03\/fotor_2023-3-12_17_27_52-1-300x300.png 300w, https:\/\/sites.usp.br\/lao\/wp-content\/uploads\/sites\/1260\/2023\/03\/fotor_2023-3-12_17_27_52-1-768x768.png 768w, https:\/\/sites.usp.br\/lao\/wp-content\/uploads\/sites\/1260\/2023\/03\/fotor_2023-3-12_17_27_52-1-100x100.png 100w, https:\/\/sites.usp.br\/lao\/wp-content\/uploads\/sites\/1260\/2023\/03\/fotor_2023-3-12_17_27_52-1-45x45.png 45w, https:\/\/sites.usp.br\/lao\/wp-content\/uploads\/sites\/1260\/2023\/03\/fotor_2023-3-12_17_27_52-1-200x200.png 200w, https:\/\/sites.usp.br\/lao\/wp-content\/uploads\/sites\/1260\/2023\/03\/fotor_2023-3-12_17_27_52-1-400x400.png 400w, https:\/\/sites.usp.br\/lao\/wp-content\/uploads\/sites\/1260\/2023\/03\/fotor_2023-3-12_17_27_52-1.png 953w\" sizes=\"(max-width: 150px) 100vw, 150px\" \/>\t\t\t\t\t\t\t<\/div>\n\t\t\t\t\t\t\n\t\t\t\t\t\t\t\t\t\t\t\t\t<h3 class=\"elementor-flip-box__layer__title\">\n\t\t\t\t\t\t\t\tVice-presidente\t\t\t\t\t\t\t<\/h3>\n\t\t\t\t\t\t\n\t\t\t\t\t\t\t\t\t\t\t<\/div>\n\t\t\t\t<\/div>\n\t\t\t<\/div>\n\t\t\t<div class=\"elementor-flip-box__layer elementor-flip-box__back\">\n\t\t\t<div class=\"elementor-flip-box__layer__overlay\">\n\t\t\t\t<div class=\"elementor-flip-box__layer__inner\">\n\t\t\t\t\t\t\t\t\t\t\t<h3 class=\"elementor-flip-box__layer__title\">\n\t\t\t\t\t\t\tEnzo Bogucheski\t\t\t\t\t\t<\/h3>\n\t\t\t\t\t\n\t\t\t\t\t\n\t\t\t\t\t\t\t\t<\/div>\n\t\t<\/div>\n\t\t<\/div>\n\t\t<\/div>\n\t\t\t\t<\/div>\n\t\t\t\t<\/div>\n\t\t\t\t<div class=\"elementor-element elementor-element-4f7ffc0 elementor-flip-box--effect-flip elementor-flip-box--direction-up elementor-widget elementor-widget-flip-box\" data-id=\"4f7ffc0\" data-element_type=\"widget\" data-widget_type=\"flip-box.default\">\n\t\t\t\t<div class=\"elementor-widget-container\">\n\t\t\t\t\t<div class=\"elementor-flip-box\" tabindex=\"0\">\n\t\t\t<div class=\"elementor-flip-box__layer elementor-flip-box__front\">\n\t\t\t\t<div class=\"elementor-flip-box__layer__overlay\">\n\t\t\t\t\t<div class=\"elementor-flip-box__layer__inner\">\n\t\t\t\t\t\t\t\t\t\t\t\t\t<div class=\"elementor-flip-box__image\">\n\t\t\t\t\t\t\t\t<img loading=\"lazy\" decoding=\"async\" width=\"150\" height=\"150\" src=\"https:\/\/sites.usp.br\/lao\/wp-content\/uploads\/sites\/1260\/2023\/03\/fotor_2023-3-12_17_23_21-1-150x150.png\" class=\"attachment-thumbnail size-thumbnail wp-image-323\" alt=\"\" srcset=\"https:\/\/sites.usp.br\/lao\/wp-content\/uploads\/sites\/1260\/2023\/03\/fotor_2023-3-12_17_23_21-1-150x150.png 150w, https:\/\/sites.usp.br\/lao\/wp-content\/uploads\/sites\/1260\/2023\/03\/fotor_2023-3-12_17_23_21-1-300x300.png 300w, https:\/\/sites.usp.br\/lao\/wp-content\/uploads\/sites\/1260\/2023\/03\/fotor_2023-3-12_17_23_21-1-1024x1024.png 1024w, https:\/\/sites.usp.br\/lao\/wp-content\/uploads\/sites\/1260\/2023\/03\/fotor_2023-3-12_17_23_21-1-768x768.png 768w, https:\/\/sites.usp.br\/lao\/wp-content\/uploads\/sites\/1260\/2023\/03\/fotor_2023-3-12_17_23_21-1-1536x1536.png 1536w, https:\/\/sites.usp.br\/lao\/wp-content\/uploads\/sites\/1260\/2023\/03\/fotor_2023-3-12_17_23_21-1-2048x2048.png 2048w, https:\/\/sites.usp.br\/lao\/wp-content\/uploads\/sites\/1260\/2023\/03\/fotor_2023-3-12_17_23_21-1-100x100.png 100w, https:\/\/sites.usp.br\/lao\/wp-content\/uploads\/sites\/1260\/2023\/03\/fotor_2023-3-12_17_23_21-1-45x45.png 45w, https:\/\/sites.usp.br\/lao\/wp-content\/uploads\/sites\/1260\/2023\/03\/fotor_2023-3-12_17_23_21-1-200x200.png 200w, https:\/\/sites.usp.br\/lao\/wp-content\/uploads\/sites\/1260\/2023\/03\/fotor_2023-3-12_17_23_21-1-400x400.png 400w\" sizes=\"(max-width: 150px) 100vw, 150px\" \/>\t\t\t\t\t\t\t<\/div>\n\t\t\t\t\t\t\n\t\t\t\t\t\t\t\t\t\t\t\t\t<h3 class=\"elementor-flip-box__layer__title\">\n\t\t\t\t\t\t\t\tTesoureira\t\t\t\t\t\t\t<\/h3>\n\t\t\t\t\t\t\n\t\t\t\t\t\t\t\t\t\t\t<\/div>\n\t\t\t\t<\/div>\n\t\t\t<\/div>\n\t\t\t<div class=\"elementor-flip-box__layer elementor-flip-box__back\">\n\t\t\t<div class=\"elementor-flip-box__layer__overlay\">\n\t\t\t\t<div class=\"elementor-flip-box__layer__inner\">\n\t\t\t\t\t\t\t\t\t\t\t<h3 class=\"elementor-flip-box__layer__title\">\n\t\t\t\t\t\t\tGabriela Vieira\t\t\t\t\t\t<\/h3>\n\t\t\t\t\t\n\t\t\t\t\t\n\t\t\t\t\t\t\t\t<\/div>\n\t\t<\/div>\n\t\t<\/div>\n\t\t<\/div>\n\t\t\t\t<\/div>\n\t\t\t\t<\/div>\n\t\t\t\t\t<\/div>\n\t\t<\/div>\n\t\t\t\t<div class=\"elementor-column elementor-col-33 elementor-top-column elementor-element elementor-element-86546f9\" data-id=\"86546f9\" data-element_type=\"column\">\n\t\t\t<div class=\"elementor-widget-wrap elementor-element-populated\">\n\t\t\t\t\t\t<div class=\"elementor-element elementor-element-c0463c7 elementor-flip-box--effect-flip elementor-flip-box--direction-up elementor-widget elementor-widget-flip-box\" data-id=\"c0463c7\" data-element_type=\"widget\" data-widget_type=\"flip-box.default\">\n\t\t\t\t<div class=\"elementor-widget-container\">\n\t\t\t\t\t<div class=\"elementor-flip-box\" tabindex=\"0\">\n\t\t\t<div class=\"elementor-flip-box__layer elementor-flip-box__front\">\n\t\t\t\t<div class=\"elementor-flip-box__layer__overlay\">\n\t\t\t\t\t<div class=\"elementor-flip-box__layer__inner\">\n\t\t\t\t\t\t\t\t\t\t\t\t\t<div class=\"elementor-flip-box__image\">\n\t\t\t\t\t\t\t\t<img loading=\"lazy\" decoding=\"async\" width=\"150\" height=\"150\" src=\"https:\/\/sites.usp.br\/lao\/wp-content\/uploads\/sites\/1260\/2023\/03\/fotor_2023-3-12_17_24_4-1-150x150.png\" class=\"attachment-thumbnail size-thumbnail wp-image-321\" alt=\"\" srcset=\"https:\/\/sites.usp.br\/lao\/wp-content\/uploads\/sites\/1260\/2023\/03\/fotor_2023-3-12_17_24_4-1-150x150.png 150w, https:\/\/sites.usp.br\/lao\/wp-content\/uploads\/sites\/1260\/2023\/03\/fotor_2023-3-12_17_24_4-1-300x300.png 300w, https:\/\/sites.usp.br\/lao\/wp-content\/uploads\/sites\/1260\/2023\/03\/fotor_2023-3-12_17_24_4-1-768x768.png 768w, https:\/\/sites.usp.br\/lao\/wp-content\/uploads\/sites\/1260\/2023\/03\/fotor_2023-3-12_17_24_4-1-100x100.png 100w, https:\/\/sites.usp.br\/lao\/wp-content\/uploads\/sites\/1260\/2023\/03\/fotor_2023-3-12_17_24_4-1-45x45.png 45w, https:\/\/sites.usp.br\/lao\/wp-content\/uploads\/sites\/1260\/2023\/03\/fotor_2023-3-12_17_24_4-1-200x200.png 200w, https:\/\/sites.usp.br\/lao\/wp-content\/uploads\/sites\/1260\/2023\/03\/fotor_2023-3-12_17_24_4-1-400x400.png 400w, https:\/\/sites.usp.br\/lao\/wp-content\/uploads\/sites\/1260\/2023\/03\/fotor_2023-3-12_17_24_4-1.png 899w\" sizes=\"(max-width: 150px) 100vw, 150px\" \/>\t\t\t\t\t\t\t<\/div>\n\t\t\t\t\t\t\n\t\t\t\t\t\t\t\t\t\t\t\t\t<h3 class=\"elementor-flip-box__layer__title\">\n\t\t\t\t\t\t\t\tDiretor Cient\u00edfico\t\t\t\t\t\t\t<\/h3>\n\t\t\t\t\t\t\n\t\t\t\t\t\t\t\t\t\t\t<\/div>\n\t\t\t\t<\/div>\n\t\t\t<\/div>\n\t\t\t<div class=\"elementor-flip-box__layer elementor-flip-box__back\">\n\t\t\t<div class=\"elementor-flip-box__layer__overlay\">\n\t\t\t\t<div class=\"elementor-flip-box__layer__inner\">\n\t\t\t\t\t\t\t\t\t\t\t<h3 class=\"elementor-flip-box__layer__title\">\n\t\t\t\t\t\t\tRicardo Pinal\t\t\t\t\t\t<\/h3>\n\t\t\t\t\t\n\t\t\t\t\t\n\t\t\t\t\t\t\t\t<\/div>\n\t\t<\/div>\n\t\t<\/div>\n\t\t<\/div>\n\t\t\t\t<\/div>\n\t\t\t\t<\/div>\n\t\t\t\t<div class=\"elementor-element elementor-element-3acbad3 elementor-flip-box--effect-flip elementor-flip-box--direction-up elementor-widget elementor-widget-flip-box\" data-id=\"3acbad3\" data-element_type=\"widget\" data-widget_type=\"flip-box.default\">\n\t\t\t\t<div class=\"elementor-widget-container\">\n\t\t\t\t\t<div class=\"elementor-flip-box\" tabindex=\"0\">\n\t\t\t<div class=\"elementor-flip-box__layer elementor-flip-box__front\">\n\t\t\t\t<div class=\"elementor-flip-box__layer__overlay\">\n\t\t\t\t\t<div class=\"elementor-flip-box__layer__inner\">\n\t\t\t\t\t\t\t\t\t\t\t\t\t<div class=\"elementor-flip-box__image\">\n\t\t\t\t\t\t\t\t<img loading=\"lazy\" decoding=\"async\" width=\"150\" height=\"150\" src=\"https:\/\/sites.usp.br\/lao\/wp-content\/uploads\/sites\/1260\/2023\/03\/fotor_2023-3-12_17_23_43-1-150x150.png\" class=\"attachment-thumbnail size-thumbnail wp-image-322\" alt=\"\" srcset=\"https:\/\/sites.usp.br\/lao\/wp-content\/uploads\/sites\/1260\/2023\/03\/fotor_2023-3-12_17_23_43-1-150x150.png 150w, https:\/\/sites.usp.br\/lao\/wp-content\/uploads\/sites\/1260\/2023\/03\/fotor_2023-3-12_17_23_43-1-300x300.png 300w, https:\/\/sites.usp.br\/lao\/wp-content\/uploads\/sites\/1260\/2023\/03\/fotor_2023-3-12_17_23_43-1-768x768.png 768w, https:\/\/sites.usp.br\/lao\/wp-content\/uploads\/sites\/1260\/2023\/03\/fotor_2023-3-12_17_23_43-1-100x100.png 100w, https:\/\/sites.usp.br\/lao\/wp-content\/uploads\/sites\/1260\/2023\/03\/fotor_2023-3-12_17_23_43-1-45x45.png 45w, https:\/\/sites.usp.br\/lao\/wp-content\/uploads\/sites\/1260\/2023\/03\/fotor_2023-3-12_17_23_43-1-200x200.png 200w, https:\/\/sites.usp.br\/lao\/wp-content\/uploads\/sites\/1260\/2023\/03\/fotor_2023-3-12_17_23_43-1-400x400.png 400w, https:\/\/sites.usp.br\/lao\/wp-content\/uploads\/sites\/1260\/2023\/03\/fotor_2023-3-12_17_23_43-1.png 912w\" sizes=\"(max-width: 150px) 100vw, 150px\" \/>\t\t\t\t\t\t\t<\/div>\n\t\t\t\t\t\t\n\t\t\t\t\t\t\t\t\t\t\t\t\t<h3 class=\"elementor-flip-box__layer__title\">\n\t\t\t\t\t\t\t\tComunica\u00e7\u00e3o\t\t\t\t\t\t\t<\/h3>\n\t\t\t\t\t\t\n\t\t\t\t\t\t\t\t\t\t\t<\/div>\n\t\t\t\t<\/div>\n\t\t\t<\/div>\n\t\t\t<div class=\"elementor-flip-box__layer elementor-flip-box__back\">\n\t\t\t<div class=\"elementor-flip-box__layer__overlay\">\n\t\t\t\t<div class=\"elementor-flip-box__layer__inner\">\n\t\t\t\t\t\t\t\t\t\t\t<h3 class=\"elementor-flip-box__layer__title\">\n\t\t\t\t\t\t\tGuilherme Silva\t\t\t\t\t\t<\/h3>\n\t\t\t\t\t\n\t\t\t\t\t\n\t\t\t\t\t\t\t\t<\/div>\n\t\t<\/div>\n\t\t<\/div>\n\t\t<\/div>\n\t\t\t\t<\/div>\n\t\t\t\t<\/div>\n\t\t\t\t\t<\/div>\n\t\t<\/div>\n\t\t\t\t\t<\/div>\n\t\t<\/section>\n\t\t\t\t<\/div>\n\t\t","protected":false},"excerpt":{"rendered":"<p>Presidente Rebeca Nobre Secret\u00e1ria Marina Vieira Vice-presidente Enzo Bogucheski Tesoureira Gabriela Vieira Diretor Cient\u00edfico Ricardo Pinal Comunica\u00e7\u00e3o Guilherme Silva<\/p>\n","protected":false},"author":23516,"featured_media":0,"parent":0,"menu_order":0,"comment_status":"closed","ping_status":"closed","template":"elementor_header_footer","meta":{"footnotes":"","_links_to":"","_links_to_target":""},"class_list":["post-582","page","type-page","status-publish","hentry","entry"],"_links":{"self":[{"href":"https:\/\/sites.usp.br\/lao\/wp-json\/wp\/v2\/pages\/582","targetHints":{"allow":["GET"]}}],"collection":[{"href":"https:\/\/sites.usp.br\/lao\/wp-json\/wp\/v2\/pages"}],"about":[{"href":"https:\/\/sites.usp.br\/lao\/wp-json\/wp\/v2\/types\/page"}],"author":[{"embeddable":true,"href":"https:\/\/sites.usp.br\/lao\/wp-json\/wp\/v2\/users\/23516"}],"replies":[{"embeddable":true,"href":"https:\/\/sites.usp.br\/lao\/wp-json\/wp\/v2\/comments?post=582"}],"version-history":[{"count":4,"href":"https:\/\/sites.usp.br\/lao\/wp-json\/wp\/v2\/pages\/582\/revisions"}],"predecessor-version":[{"id":668,"href":"https:\/\/sites.usp.br\/lao\/wp-json\/wp\/v2\/pages\/582\/revisions\/668"}],"wp:attachment":[{"href":"https:\/\/sites.usp.br\/lao\/wp-json\/wp\/v2\/media?parent=582"}],"curies":[{"name":"wp","href":"https:\/\/api.w.org\/{rel}","templated":true}]}}