{"id":284,"date":"2019-07-04T17:03:45","date_gmt":"2019-07-04T19:03:45","guid":{"rendered":"http:\/\/sites.usp.br\/lapcat\/?page_id=284"},"modified":"2023-06-16T13:42:52","modified_gmt":"2023-06-16T15:42:52","slug":"normas-gerais","status":"publish","type":"page","link":"https:\/\/sites.usp.br\/lapcat\/en\/normas-gerais\/","title":{"rendered":"General Rules"},"content":{"rendered":"<div class=\"su-service\"><div class=\"su-service-title\" style=\"padding-left:46px;min-height:32px;line-height:32px\"><i class=\"sui sui-flask\" style=\"font-size:32px;color:#5e677b\"><\/i> LABORATORY GROUND RULES<\/div><div class=\"su-service-content su-u-clearfix su-u-trim\" style=\"padding-left:46px\"><\/div><\/div>\n<ul>\n<li>[download id=&#8221;530&#8243; template=&#8221;Regras Gerais LaPCat&#8221;]<\/li>\n<\/ul>\n<p>&nbsp;<\/p>\n<div class=\"su-service\"><div class=\"su-service-title\" style=\"padding-left:46px;min-height:32px;line-height:32px\"><i class=\"sui sui-warning\" style=\"font-size:32px;color:#5e677b\"><\/i> LABORATORY SAFETY<\/div><div class=\"su-service-content su-u-clearfix su-u-trim\" style=\"padding-left:46px\"><\/div><\/div>\n<ul>\n<li>[download id=&#8221;521&#8243; template=&#8221;Instru\u00e7\u00f5es de seguran\u00e7a para atividades em laborat\u00f3rios&#8221;]<\/li>\n<li>[download id=&#8221;525&#8243; template=&#8221;Curso de seguran\u00e7a em laborat\u00f3rio \u2013 Patricia Busko Di Vitta (IQ-USP)&#8221;]<\/li>\n<\/ul>\n<p>&nbsp;<\/p>\n<div class=\"su-service\"><div class=\"su-service-title\" style=\"padding-left:46px;min-height:32px;line-height:32px\"><i class=\"sui sui-file-text-o\" style=\"font-size:32px;color:#5e677b\"><\/i> FORMS<\/div><div class=\"su-service-content su-u-clearfix su-u-trim\" style=\"padding-left:46px\"><\/div><\/div>\n<ul>\n<li>[download id=&#8221;643&#8243; template=&#8221;Solicita\u00e7\u00e3o de autoriza\u00e7\u00e3o de an\u00e1lises no LaPCat &#8211; Usu\u00e1rios externos&#8221;]<\/li>\n<\/ul>","protected":false},"excerpt":{"rendered":"<p>[download id=&#8221;530&#8243; template=&#8221;Regras Gerais LaPCat&#8221;] &nbsp; [download id=&#8221;521&#8243; template=&#8221;Instru\u00e7\u00f5es de seguran\u00e7a para atividades em laborat\u00f3rios&#8221;] [download id=&#8221;525&#8243; template=&#8221;Curso de seguran\u00e7a em laborat\u00f3rio \u2013 Patricia Busko Di Vitta (IQ-USP)&#8221;] &nbsp; [download id=&#8221;643&#8243; template=&#8221;Solicita\u00e7\u00e3o de autoriza\u00e7\u00e3o de an\u00e1lises no LaPCat &#8211; Usu\u00e1rios externos&#8221;]<\/p>\n","protected":false},"author":1072,"featured_media":0,"parent":0,"menu_order":0,"comment_status":"closed","ping_status":"closed","template":"","meta":{"footnotes":"","_links_to":"","_links_to_target":""},"class_list":["post-284","page","type-page","status-publish","hentry"],"_links":{"self":[{"href":"https:\/\/sites.usp.br\/lapcat\/en\/wp-json\/wp\/v2\/pages\/284","targetHints":{"allow":["GET"]}}],"collection":[{"href":"https:\/\/sites.usp.br\/lapcat\/en\/wp-json\/wp\/v2\/pages"}],"about":[{"href":"https:\/\/sites.usp.br\/lapcat\/en\/wp-json\/wp\/v2\/types\/page"}],"author":[{"embeddable":true,"href":"https:\/\/sites.usp.br\/lapcat\/en\/wp-json\/wp\/v2\/users\/1072"}],"replies":[{"embeddable":true,"href":"https:\/\/sites.usp.br\/lapcat\/en\/wp-json\/wp\/v2\/comments?post=284"}],"version-history":[{"count":7,"href":"https:\/\/sites.usp.br\/lapcat\/en\/wp-json\/wp\/v2\/pages\/284\/revisions"}],"predecessor-version":[{"id":1116,"href":"https:\/\/sites.usp.br\/lapcat\/en\/wp-json\/wp\/v2\/pages\/284\/revisions\/1116"}],"wp:attachment":[{"href":"https:\/\/sites.usp.br\/lapcat\/en\/wp-json\/wp\/v2\/media?parent=284"}],"curies":[{"name":"wp","href":"https:\/\/api.w.org\/{rel}","templated":true}]}}