{"id":148,"date":"2019-07-03T17:53:56","date_gmt":"2019-07-03T19:53:56","guid":{"rendered":"http:\/\/sites.usp.br\/lapcat\/?page_id=148"},"modified":"2024-11-11T16:44:39","modified_gmt":"2024-11-11T18:44:39","slug":"projetos","status":"publish","type":"page","link":"https:\/\/sites.usp.br\/lapcat\/projetos\/","title":{"rendered":"Projetos"},"content":{"rendered":"<span style=\"color: #808080;\">As linhas de pesquisa do LaPCat abordam como temas principais a s\u00edntese, modifica\u00e7\u00e3o e caracteriza\u00e7\u00e3o f\u00edsico-qu\u00edmica e <em>in-situ<\/em> de catalisadores heterog\u00eaneos e o estudo de rea\u00e7\u00f5es catal\u00edticas de interesse industrial.<\/span><\/p>\n<p><span style=\"color: #808080;\">Os catalisadores sintetizados envolvem fases ativas met\u00e1licas suportadas em materiais carbon\u00e1ceos, como nanotubos de carbono e grafeno, e materiais cer\u00e2micos, como os \u00f3xidos com estrutura perovskita e monolitos de cordierita. Os catalisadores s\u00e3o caracterizados por t\u00e9cnicas usualmente empregadas em cat\u00e1lise heterog\u00eanea.<\/span><\/p>\n<p><span style=\"color: #808080;\">As rea\u00e7\u00f5es s\u00e3o estudadas, em fase l\u00edquida ou gasosa, com catalisadores s\u00f3lidos, em larga faixa de press\u00e3o e temperatura. Os testes de atividade catal\u00edtica s\u00e3o realizados em microreatores, operando em fluxo cont\u00ednuo, com an\u00e1lise em linha dos produtos da rea\u00e7\u00e3o. Os estudos tamb\u00e9m podem ser realizados em reator descont\u00ednuo.<\/span><\/p>\n<p><a href=\"https:\/\/sites.usp.br\/lapcat\/projetos\/desenvolvimento-de-rotas-tecnologicas-para-producao-de-hidrocarbonetos-c2-a-partir-de-co2\/\" target=\"_blank\" rel=\"noopener noreferrer\"><div class=\"su-note\"  style=\"border-color:#d8d7d1;border-radius:4px;-moz-border-radius:4px;-webkit-border-radius:4px;\"><div class=\"su-note-inner su-u-clearfix su-u-trim\" style=\"background-color:#f2f1eb;border-color:#ffffff;color:#333333;border-radius:4px;-moz-border-radius:4px;-webkit-border-radius:4px;\">Desenvolvimento de rotas tecnol\u00f3gicas para produ\u00e7\u00e3o de hidrocarbonetos C2+ a partir de CO2<\/div><\/div><\/a><\/p>\n<p><a href=\"https:\/\/sites.usp.br\/lapcat\/projetos\/decomposicao-da-amonia-sob-altas-pressoes\/\" target=\"_blank\" rel=\"noopener noreferrer\"><div class=\"su-note\"  style=\"border-color:#d8d7d1;border-radius:4px;-moz-border-radius:4px;-webkit-border-radius:4px;\"><div class=\"su-note-inner su-u-clearfix su-u-trim\" style=\"background-color:#f2f1eb;border-color:#ffffff;color:#333333;border-radius:4px;-moz-border-radius:4px;-webkit-border-radius:4px;\"> Decomposi\u00e7\u00e3o da am\u00f4nia sob altas press\u00f5es <\/div><\/div><\/a><\/p>\n<p><a href=\"https:\/\/sites.usp.br\/lapcat\/projetos\/tandem-conversion-of-natural-gas-liquids-ngl-and-co2\/\" target=\"_blank\" rel=\"noopener noreferrer\"><div class=\"su-note\"  style=\"border-color:#d8d7d1;border-radius:4px;-moz-border-radius:4px;-webkit-border-radius:4px;\"><div class=\"su-note-inner su-u-clearfix su-u-trim\" style=\"background-color:#f2f1eb;border-color:#ffffff;color:#333333;border-radius:4px;-moz-border-radius:4px;-webkit-border-radius:4px;\">Tandem Conversion of Natural Gas Liquids (NGL) and CO2<\/div><\/div><\/a><\/p>\n<p><a href=\"https:\/\/sites.usp.br\/lapcat\/projetos\/4aircraft-air-carbon-recycling-for-aviation-fuel-technology\/\" target=\"_blank\" rel=\"noopener noreferrer\"><div class=\"su-note\"  style=\"border-color:#d8d7d1;border-radius:4px;-moz-border-radius:4px;-webkit-border-radius:4px;\"><div class=\"su-note-inner su-u-clearfix su-u-trim\" style=\"background-color:#f2f1eb;border-color:#ffffff;color:#333333;border-radius:4px;-moz-border-radius:4px;-webkit-border-radius:4px;\">4AirCRAFT-Air Carbon Recycling for Aviation Fuel Technology<\/div><\/div><\/a><\/p>\n<p><a href=\"https:\/\/sites.usp.br\/lapcat\/projetos\/co2chem-avaliacao-de-alternativas-tecnologicas-e-producao-piloto-de-hidrocarbonetos-na-faixa-de-diesel-a-partir-de-co2\/\" target=\"_blank\" rel=\"noopener noreferrer\"><div class=\"su-note\"  style=\"border-color:#d8d7d1;border-radius:4px;-moz-border-radius:4px;-webkit-border-radius:4px;\"><div class=\"su-note-inner su-u-clearfix su-u-trim\" style=\"background-color:#f2f1eb;border-color:#ffffff;color:#333333;border-radius:4px;-moz-border-radius:4px;-webkit-border-radius:4px;\">CO2CHEM: Avalia\u00e7\u00e3o de Alternativas Tecnol\u00f3gicas e Produ\u00e7\u00e3o Piloto de Hidrocarbonetos na Faixa de Diesel a partir de CO2<\/div><\/div><\/a><\/p>\n<p><a href=\"https:\/\/sites.usp.br\/lapcat\/projetos\/mitigation-of-greenhouse-gas-emissions-by-integration-of-power-plants-with-co2-conversion-technologies\" target=\"_blank\" rel=\"noopener noreferrer\"><div class=\"su-note\"  style=\"border-color:#d8d7d1;border-radius:4px;-moz-border-radius:4px;-webkit-border-radius:4px;\"><div class=\"su-note-inner su-u-clearfix su-u-trim\" style=\"background-color:#f2f1eb;border-color:#ffffff;color:#333333;border-radius:4px;-moz-border-radius:4px;-webkit-border-radius:4px;\">Mitigation of Greenhouse Gas Emissions by Integration of Power Plants with CO2 Conversion Technologies<\/div><\/div><\/a><\/p>\n<p><a href=\"https:\/\/sites.usp.br\/lapcat\/projetos\/avaliacao-de-catalisadores-suportados-em-nanotubos-de-carbono-e-modelagem-cinetica-da-reacao-water-gas-shift-wgs-para-a-producao-de-hidrogenio\/\" target=\"_blank\" rel=\"noopener noreferrer\"><div class=\"su-note\"  style=\"border-color:#d8d7d1;border-radius:4px;-moz-border-radius:4px;-webkit-border-radius:4px;\"><div class=\"su-note-inner su-u-clearfix su-u-trim\" style=\"background-color:#f2f1eb;border-color:#ffffff;color:#333333;border-radius:4px;-moz-border-radius:4px;-webkit-border-radius:4px;\">Avalia\u00e7\u00e3o de catalisadores suportados em nanotubos de carbono e modelagem cin\u00e9tica da rea\u00e7\u00e3o Water-Gas Shift (WGS) para a produ\u00e7\u00e3o de hidrog\u00eanio<\/div><\/div><\/a><\/p>\n<p><a href=\"https:\/\/sites.usp.br\/lapcat\/projetos\/catalisadores-avancados-para-sintese-fischer-tropsch\/\" target=\"_blank\" rel=\"noopener noreferrer\"><div class=\"su-note\"  style=\"border-color:#d8d7d1;border-radius:4px;-moz-border-radius:4px;-webkit-border-radius:4px;\"><div class=\"su-note-inner su-u-clearfix su-u-trim\" style=\"background-color:#f2f1eb;border-color:#ffffff;color:#333333;border-radius:4px;-moz-border-radius:4px;-webkit-border-radius:4px;\">Catalisadores avan\u00e7ados para s\u00edntese Fischer-Tropsch<\/div><\/div><\/a><\/p>\n<p><a href=\"https:\/\/sites.usp.br\/lapcat\/projetos\/catalisadores-para-hidrodesoxigenacao-hdo-do-bio-oleo\/\" target=\"_blank\" rel=\"noopener noreferrer\"><div class=\"su-note\"  style=\"border-color:#d8d7d1;border-radius:4px;-moz-border-radius:4px;-webkit-border-radius:4px;\"><div class=\"su-note-inner su-u-clearfix su-u-trim\" style=\"background-color:#f2f1eb;border-color:#ffffff;color:#333333;border-radius:4px;-moz-border-radius:4px;-webkit-border-radius:4px;\">Catalisadores para Hidrodesoxigena\u00e7\u00e3o (HDO) do bio-\u00f3leo<\/div><\/div><\/a><\/p>\n<p><a href=\"https:\/\/sites.usp.br\/lapcat\/projetos\/estudos-de-modelagem-simulacao-e-otimizacao-de-tecnologias-inovadoras-de-conversao-de-co2\/\" target=\"_blank\" rel=\"noopener noreferrer\"><div class=\"su-note\"  style=\"border-color:#d8d7d1;border-radius:4px;-moz-border-radius:4px;-webkit-border-radius:4px;\"><div class=\"su-note-inner su-u-clearfix su-u-trim\" style=\"background-color:#f2f1eb;border-color:#ffffff;color:#333333;border-radius:4px;-moz-border-radius:4px;-webkit-border-radius:4px;\">Estudos de modelagem, simula\u00e7\u00e3o e otimiza\u00e7\u00e3o de tecnologias inovadoras de convers\u00e3o de CO2<\/div><\/div><\/a><\/p>\n<p><a href=\"https:\/\/sites.usp.br\/lapcat\/projetos\/producao-de-gas-de-sintese-atraves-das-reacoes-de-reforma-do-metano\/\" target=\"_blank\" rel=\"noopener noreferrer\"><div class=\"su-note\"  style=\"border-color:#d8d7d1;border-radius:4px;-moz-border-radius:4px;-webkit-border-radius:4px;\"><div class=\"su-note-inner su-u-clearfix su-u-trim\" style=\"background-color:#f2f1eb;border-color:#ffffff;color:#333333;border-radius:4px;-moz-border-radius:4px;-webkit-border-radius:4px;\">Produ\u00e7\u00e3o de g\u00e1s de s\u00edntese atrav\u00e9s das rea\u00e7\u00f5es de reforma do metano<\/div><\/div><\/a><\/p>\n<p><a href=\"https:\/\/sites.usp.br\/lapcat\/projetos\/sintese-de-dme-atraves-da-hidrogenacao-catalitica-de-co2\/\" target=\"_blank\" rel=\"noopener noreferrer\"><div class=\"su-note\"  style=\"border-color:#d8d7d1;border-radius:4px;-moz-border-radius:4px;-webkit-border-radius:4px;\"><div class=\"su-note-inner su-u-clearfix su-u-trim\" style=\"background-color:#f2f1eb;border-color:#ffffff;color:#333333;border-radius:4px;-moz-border-radius:4px;-webkit-border-radius:4px;\">S\u00edntese de DME atrav\u00e9s da hidrogena\u00e7\u00e3o catal\u00edtica de CO2<\/div><\/div><\/a><\/p>\n<p><a href=\"https:\/\/sites.usp.br\/lapcat\/projetos\/epoxidized-high-oleic-soybean-oil\/\" target=\"_blank\" rel=\"noopener noreferrer\"><div class=\"su-note\"  style=\"border-color:#d8d7d1;border-radius:4px;-moz-border-radius:4px;-webkit-border-radius:4px;\"><div class=\"su-note-inner su-u-clearfix su-u-trim\" style=\"background-color:#f2f1eb;border-color:#ffffff;color:#333333;border-radius:4px;-moz-border-radius:4px;-webkit-border-radius:4px;\"><span class=\"TextRun SCXW88315539 BCX0\" lang=\"EN-US\" xml:lang=\"EN-US\" data-contrast=\"none\"><span class=\"NormalTextRun SCXW88315539 BCX0\" data-ccp-parastyle=\"Title\">Epoxidized High Oleic Soybean Oil<\/span><\/span><\/div><\/div><\/a>","protected":false},"excerpt":{"rendered":"<p>As linhas de pesquisa do LaPCat abordam como temas principais a s\u00edntese, modifica\u00e7\u00e3o e caracteriza\u00e7\u00e3o f\u00edsico-qu\u00edmica e in-situ de catalisadores heterog\u00eaneos e o estudo de rea\u00e7\u00f5es catal\u00edticas de interesse industrial. Os catalisadores sintetizados envolvem fases ativas met\u00e1licas suportadas em materiais carbon\u00e1ceos, como nanotubos de carbono e grafeno, e materiais cer\u00e2micos, como os \u00f3xidos com estrutura [&hellip;]<\/p>\n","protected":false},"author":1072,"featured_media":0,"parent":0,"menu_order":0,"comment_status":"closed","ping_status":"closed","template":"","meta":{"footnotes":"","_links_to":"","_links_to_target":""},"class_list":["post-148","page","type-page","status-publish","hentry"],"_links":{"self":[{"href":"https:\/\/sites.usp.br\/lapcat\/wp-json\/wp\/v2\/pages\/148","targetHints":{"allow":["GET"]}}],"collection":[{"href":"https:\/\/sites.usp.br\/lapcat\/wp-json\/wp\/v2\/pages"}],"about":[{"href":"https:\/\/sites.usp.br\/lapcat\/wp-json\/wp\/v2\/types\/page"}],"author":[{"embeddable":true,"href":"https:\/\/sites.usp.br\/lapcat\/wp-json\/wp\/v2\/users\/1072"}],"replies":[{"embeddable":true,"href":"https:\/\/sites.usp.br\/lapcat\/wp-json\/wp\/v2\/comments?post=148"}],"version-history":[{"count":6,"href":"https:\/\/sites.usp.br\/lapcat\/wp-json\/wp\/v2\/pages\/148\/revisions"}],"predecessor-version":[{"id":1045,"href":"https:\/\/sites.usp.br\/lapcat\/wp-json\/wp\/v2\/pages\/148\/revisions\/1045"}],"wp:attachment":[{"href":"https:\/\/sites.usp.br\/lapcat\/wp-json\/wp\/v2\/media?parent=148"}],"curies":[{"name":"wp","href":"https:\/\/api.w.org\/{rel}","templated":true}]}}