{"id":178,"date":"2019-07-04T11:55:35","date_gmt":"2019-07-04T13:55:35","guid":{"rendered":"http:\/\/sites.usp.br\/lapcat\/?page_id=178"},"modified":"2023-06-20T10:59:26","modified_gmt":"2023-06-20T12:59:26","slug":"estudos-de-modelagem-simulacao-e-otimizacao-de-tecnologias-inovadoras-de-conversao-de-co2","status":"publish","type":"page","link":"https:\/\/sites.usp.br\/lapcat\/projetos\/estudos-de-modelagem-simulacao-e-otimizacao-de-tecnologias-inovadoras-de-conversao-de-co2\/","title":{"rendered":"Estudos de modelagem, simula\u00e7\u00e3o e otimiza\u00e7\u00e3o de tecnologias inovadoras de convers\u00e3o de CO2"},"content":{"rendered":"<span style=\"color: #808080;\"><em>Coordenadores<br \/>\n<\/em><strong>Rita Maria de Brito Alves<\/strong><\/span><br \/>\n<span style=\"color: #808080;\"><strong>Claudio Augusto Oller do Nascimento<\/strong><\/span><\/p>\n<p><span style=\"color: #808080;\">Este projeto trata da utiliza\u00e7\u00e3o de CO<sub>2<\/sub>, enfatizando processos de convers\u00e3o qu\u00edmica que usam CO<sub>2<\/sub> como mat\u00e9ria-prima para gerar produtos de alto valor agregado. O principal objetivo \u00e9 estudar profundamente os processos de convers\u00e3o de CO<sub>2<\/sub>, incluindo sua modelagem, simula\u00e7\u00e3o e otimiza\u00e7\u00e3o, contribuindo assim para sua implementa\u00e7\u00e3o na fase de produ\u00e7\u00e3o. Os produtos mais promissores a partir CO<sub>2<\/sub> e suas respectivas tecnologias de processo s\u00e3o selecionados a fim de elaborar um projeto de processo conceitual, atrav\u00e9s de balan\u00e7os de materiais e energia realistas. Avalia\u00e7\u00f5es de viabilidade t\u00e9cnica, econ\u00f4mica e ambiental s\u00e3o realizadas no estudo.<\/span><\/p>\n<p>&nbsp;","protected":false},"excerpt":{"rendered":"<p>Coordenadores Rita Maria de Brito Alves Claudio Augusto Oller do Nascimento Este projeto trata da utiliza\u00e7\u00e3o de CO2, enfatizando processos de convers\u00e3o qu\u00edmica que usam CO2 como mat\u00e9ria-prima para gerar produtos de alto valor agregado. O principal objetivo \u00e9 estudar profundamente os processos de convers\u00e3o de CO2, incluindo sua modelagem, simula\u00e7\u00e3o e otimiza\u00e7\u00e3o, contribuindo assim [&hellip;]<\/p>\n","protected":false},"author":1072,"featured_media":0,"parent":148,"menu_order":0,"comment_status":"closed","ping_status":"closed","template":"","meta":{"footnotes":"","_links_to":"","_links_to_target":""},"class_list":["post-178","page","type-page","status-publish","hentry"],"_links":{"self":[{"href":"https:\/\/sites.usp.br\/lapcat\/wp-json\/wp\/v2\/pages\/178","targetHints":{"allow":["GET"]}}],"collection":[{"href":"https:\/\/sites.usp.br\/lapcat\/wp-json\/wp\/v2\/pages"}],"about":[{"href":"https:\/\/sites.usp.br\/lapcat\/wp-json\/wp\/v2\/types\/page"}],"author":[{"embeddable":true,"href":"https:\/\/sites.usp.br\/lapcat\/wp-json\/wp\/v2\/users\/1072"}],"replies":[{"embeddable":true,"href":"https:\/\/sites.usp.br\/lapcat\/wp-json\/wp\/v2\/comments?post=178"}],"version-history":[{"count":3,"href":"https:\/\/sites.usp.br\/lapcat\/wp-json\/wp\/v2\/pages\/178\/revisions"}],"predecessor-version":[{"id":872,"href":"https:\/\/sites.usp.br\/lapcat\/wp-json\/wp\/v2\/pages\/178\/revisions\/872"}],"up":[{"embeddable":true,"href":"https:\/\/sites.usp.br\/lapcat\/wp-json\/wp\/v2\/pages\/148"}],"wp:attachment":[{"href":"https:\/\/sites.usp.br\/lapcat\/wp-json\/wp\/v2\/media?parent=178"}],"curies":[{"name":"wp","href":"https:\/\/api.w.org\/{rel}","templated":true}]}}