{"id":194,"date":"2019-07-04T12:32:36","date_gmt":"2019-07-04T14:32:36","guid":{"rendered":"http:\/\/sites.usp.br\/lapcat\/?page_id=194"},"modified":"2025-09-16T16:08:40","modified_gmt":"2025-09-16T18:08:40","slug":"teses-de-doutorado","status":"publish","type":"page","link":"https:\/\/sites.usp.br\/lapcat\/producao-intelectual\/teses-de-doutorado\/","title":{"rendered":"Teses de Doutorado"},"content":{"rendered":"<h3><div class=\"su-note\"  style=\"border-color:#d8d7d1;border-radius:4px;-moz-border-radius:4px;-webkit-border-radius:4px;\"><div class=\"su-note-inner su-u-clearfix su-u-trim\" style=\"background-color:#f2f1eb;border-color:#ffffff;color:#333333;border-radius:4px;-moz-border-radius:4px;-webkit-border-radius:4px;\"><span style=\"color: #808080;\"><strong>Teses de Doutorado em Andamento<\/strong><\/span><\/div><\/div><\/h3>\n<div class=\"su-note\"  style=\"border-color:#d8d7d1;border-radius:4px;-moz-border-radius:4px;-webkit-border-radius:4px;\"><div class=\"su-note-inner su-u-clearfix su-u-trim\" style=\"background-color:#f2f1eb;border-color:#ffffff;color:#333333;border-radius:4px;-moz-border-radius:4px;-webkit-border-radius:4px;\"> <span style=\"color: #808080;\"><strong>Estudos Catal\u00edticos para a Produ\u00e7\u00e3o de Olefinas Leves a partir de CO2\u00a0<\/strong><\/span><\/p>\n<p><span style=\"color: #808080;\">Autor: Lucas Alves da Silva<\/span><br \/>\n<span style=\"color: #808080;\">Orientadores: Prof\u00aa. Dr\u00aa. Rita Maria de Brito Alves, Prof. Dr. Rodrigo Brackmann e Prof. Dr. Martin Schmal<\/span><br \/>\n<span style=\"color: #808080;\">Conclus\u00e3o: em andamento<\/span><\/div><\/div>\n<div class=\"su-note\"  style=\"border-color:#d8d7d1;border-radius:4px;-moz-border-radius:4px;-webkit-border-radius:4px;\"><div class=\"su-note-inner su-u-clearfix su-u-trim\" style=\"background-color:#f2f1eb;border-color:#ffffff;color:#333333;border-radius:4px;-moz-border-radius:4px;-webkit-border-radius:4px;\"> <span style=\"color: #808080;\"><strong>\u00a0Decomposi\u00e7\u00e3o da am\u00f4nia para produ\u00e7\u00e3o de hidrog\u00eanio: Modelagem, simula\u00e7\u00e3o e otimiza\u00e7\u00e3o do processo\u00a0<\/strong><\/span><\/p>\n<p><span style=\"color: #808080;\">Autor: Leonardo Antonio C\u00e1ceres Avilez<\/span><br \/>\n<span style=\"color: #808080;\">Orientadora: Prof\u00aa. Dr\u00aa. Rita Maria de Brito Alves<\/span><br \/>\n<span style=\"color: #808080;\">Conclus\u00e3o: em andamento<\/span><\/div><\/div>\n<div class=\"su-note\"  style=\"border-color:#d8d7d1;border-radius:4px;-moz-border-radius:4px;-webkit-border-radius:4px;\"><div class=\"su-note-inner su-u-clearfix su-u-trim\" style=\"background-color:#f2f1eb;border-color:#ffffff;color:#333333;border-radius:4px;-moz-border-radius:4px;-webkit-border-radius:4px;\"><span style=\"color: #808080;\"><strong>Desenvolvimento de Catalisadores Heterog\u00eaneos para a Produ\u00e7\u00e3o de Hidrog\u00eanio via Decomposi\u00e7\u00e3o Catal\u00edtica de Am\u00f4nia: S\u00edntese, Caracteriza\u00e7\u00e3o, Otimiza\u00e7\u00e3o e Modelagem Cin\u00e9tica<\/strong><\/span><\/p>\n<p><span style=\"color: #808080;\">Autor: Jo\u00e3o Baptista<\/span><br \/>\n<span style=\"color: #808080;\">Orientadores:\u00a0 Prof\u00aa. Dr\u00aa. Rita Maria de Brito Alves e Prof. Dr. Martin Schmal<\/span><br \/>\n<span style=\"color: #808080;\">Conclus\u00e3o: em andamento<\/span><\/div><\/div>\n<div class=\"su-note\"  style=\"border-color:#d8d7d1;border-radius:4px;-moz-border-radius:4px;-webkit-border-radius:4px;\"><div class=\"su-note-inner su-u-clearfix su-u-trim\" style=\"background-color:#f2f1eb;border-color:#ffffff;color:#333333;border-radius:4px;-moz-border-radius:4px;-webkit-border-radius:4px;\"><span style=\"color: #808080;\"><strong>\u00a0Hidrogena\u00e7\u00e3o do CO2 para olefinas leves (C2=-C4=) utilizando catalisadores a base de ferro suportados em ZrO2<\/strong><\/span><\/p>\n<p><span style=\"color: #808080;\">Autor: Victor Terra Lima<\/span><br \/>\n<span style=\"color: #808080;\">Orientador:\u00a0 Prof. Dr. Martin Schmal<\/span><br \/>\n<span style=\"color: #808080;\">Conclus\u00e3o: em andamento<\/span><\/div><\/div>\n<div class=\"su-note\"  style=\"border-color:#d8d7d1;border-radius:4px;-moz-border-radius:4px;-webkit-border-radius:4px;\"><div class=\"su-note-inner su-u-clearfix su-u-trim\" style=\"background-color:#f2f1eb;border-color:#ffffff;color:#333333;border-radius:4px;-moz-border-radius:4px;-webkit-border-radius:4px;\"> <span style=\"color: #808080;\"><strong>S\u00edntese direta de \u00e1cido ac\u00e9tico a partir do metano e CO2<\/strong><\/span><\/p>\n<p><span style=\"color: #808080;\">Autor: \u00c1ron Seixas Terra Rodrigues<\/span><br \/>\n<span style=\"color: #808080;\">Orientador: Prof. Dr. Martin Schmal<\/span><br \/>\n<span style=\"color: #808080;\">Conclus\u00e3o: em andamento<\/span><\/div><\/div>\n<div class=\"su-note\"  style=\"border-color:#d8d7d1;border-radius:4px;-moz-border-radius:4px;-webkit-border-radius:4px;\"><div class=\"su-note-inner su-u-clearfix su-u-trim\" style=\"background-color:#f2f1eb;border-color:#ffffff;color:#333333;border-radius:4px;-moz-border-radius:4px;-webkit-border-radius:4px;\"><span style=\"color: #808080;\"><strong>Estudo do desempenho de hidrotalcitas e grafenos com pal\u00e1dio e cobre como catalisadores na oxida\u00e7\u00e3o de d-glicose a \u00e1cido gluc\u00e1rico<\/strong><\/span><\/p>\n<p><span style=\"color: #808080;\">Autor: Guilherme Carmelo Ungar<\/span><br \/>\n<span style=\"color: #808080;\">Orientadores: Prof. Dr. Martin Schmal e Prof. Dr. Reinaldo Giudici<\/span><br \/>\n<span style=\"color: #808080;\">Conclus\u00e3o: em andamento<\/span><\/div><\/div>\n<div class=\"su-note\"  style=\"border-color:#d8d7d1;border-radius:4px;-moz-border-radius:4px;-webkit-border-radius:4px;\"><div class=\"su-note-inner su-u-clearfix su-u-trim\" style=\"background-color:#f2f1eb;border-color:#ffffff;color:#333333;border-radius:4px;-moz-border-radius:4px;-webkit-border-radius:4px;\"><span style=\"color: #808080;\"><strong>Rea\u00e7\u00f5es Tandem de Redu\u00e7\u00e3o de CO2 e Desidroaromatiza\u00e7\u00e3o do Etano<\/strong><\/span><\/p>\n<p><span style=\"color: #808080;\">Autor: Heloisa Ruschel Bortolini<\/span><br \/>\n<span style=\"color: #808080;\">Orientadoras: Prof\u00aa. Dr\u00aa. Elisabete Moreira Assaf e Prof\u00aa. Dr\u00aa. Rita Maria de Brito Alves<\/span><br \/>\n<span style=\"color: #808080;\">Conclus\u00e3o: em andamento<\/span><\/div><\/div>\n<div class=\"su-note\"  style=\"border-color:#d8d7d1;border-radius:4px;-moz-border-radius:4px;-webkit-border-radius:4px;\"><div class=\"su-note-inner su-u-clearfix su-u-trim\" style=\"background-color:#f2f1eb;border-color:#ffffff;color:#333333;border-radius:4px;-moz-border-radius:4px;-webkit-border-radius:4px;\"><span style=\"color: #808080;\"><strong>S\u00edntese e caracteriza\u00e7\u00e3o de nanocatalisadores para a hidrogena\u00e7\u00e3o de CO, cin\u00e9tica e modelagem<\/strong><\/span><\/p>\n<p><span style=\"color: #808080;\">Autor: Thaieny Zucolotto<\/span><br \/>\n<span style=\"color: #808080;\">Orientador: Prof. Dr. Reinaldo Giudici<\/span><br \/>\n<span style=\"color: #808080;\">Conclus\u00e3o: em andamento<\/span> <\/div><\/div>\n<div class=\"su-note\"  style=\"border-color:#d8d7d1;border-radius:4px;-moz-border-radius:4px;-webkit-border-radius:4px;\"><div class=\"su-note-inner su-u-clearfix su-u-trim\" style=\"background-color:#f2f1eb;border-color:#ffffff;color:#333333;border-radius:4px;-moz-border-radius:4px;-webkit-border-radius:4px;\"><span style=\"color: #808080;\"><strong>\u00a0A aplica\u00e7\u00e3o de l\u00edquidos i\u00f4nicos na hidrogena\u00e7\u00e3o de CO2<\/strong><\/span><\/p>\n<p><span style=\"color: #808080;\">Autor: Valdeir Ara\u00fajo de Abreu<\/span><br \/>\n<span style=\"color: #808080;\">Orientadora: Prof\u00aa. Dr\u00aa. Rita Maria de Brito Alves<\/span><br \/>\n<span style=\"color: #808080;\">Conclus\u00e3o: em andamento<\/span> <\/div><\/div>\n<div class=\"su-note\"  style=\"border-color:#d8d7d1;border-radius:4px;-moz-border-radius:4px;-webkit-border-radius:4px;\"><div class=\"su-note-inner su-u-clearfix su-u-trim\" style=\"background-color:#f2f1eb;border-color:#ffffff;color:#333333;border-radius:4px;-moz-border-radius:4px;-webkit-border-radius:4px;\"><span style=\"color: #808080;\"><strong>Utiliza\u00e7\u00e3o de CO2 e CH4 para a produ\u00e7\u00e3o de acetato de vinila<\/strong><\/span><\/p>\n<p><span style=\"color: #808080;\">Autor: Victor Lopes Albertini<\/span><br \/>\n<span style=\"color: #808080;\">Orientadores: Prof. Dr. Martin Schmal e Prof. Dr. Reinaldo Giudici<\/span><br \/>\n<span style=\"color: #808080;\">Conclus\u00e3o: em andamento<\/span> <\/div><\/div>\n<h3><div class=\"su-note\"  style=\"border-color:#d8d7d1;border-radius:4px;-moz-border-radius:4px;-webkit-border-radius:4px;\"><div class=\"su-note-inner su-u-clearfix su-u-trim\" style=\"background-color:#f2f1eb;border-color:#ffffff;color:#333333;border-radius:4px;-moz-border-radius:4px;-webkit-border-radius:4px;\"><span style=\"color: #808080;\"><strong>Teses de Doutorado Conclu\u00eddas<\/strong><\/span><\/div><\/div><\/h3>\n<div class=\"su-note\"  style=\"border-color:#d8d7d1;border-radius:4px;-moz-border-radius:4px;-webkit-border-radius:4px;\"><div class=\"su-note-inner su-u-clearfix su-u-trim\" style=\"background-color:#f2f1eb;border-color:#ffffff;color:#333333;border-radius:4px;-moz-border-radius:4px;-webkit-border-radius:4px;\"><span style=\"color: #808080;\"><strong>\u00a0Hidrogena\u00e7\u00e3o de di\u00f3xido de carbono para a produ\u00e7\u00e3o de hidrocarbonetos l\u00edquidos: simula\u00e7\u00e3o de processos e avalia\u00e7\u00f5es<\/strong><\/span><\/p>\n<p><span style=\"color: #808080;\">Autor: Magno Fonseca Santos<\/span><br \/>\n<span style=\"color: #808080;\">Orientadora: Prof\u00aa. Dr\u00aa. Rita Maria de Brito Alves<\/span><br \/>\n<span style=\"color: #808080;\">Conclus\u00e3o: 2025<\/span> <\/div><\/div>\n<div class=\"su-note\"  style=\"border-color:#d8d7d1;border-radius:4px;-moz-border-radius:4px;-webkit-border-radius:4px;\"><div class=\"su-note-inner su-u-clearfix su-u-trim\" style=\"background-color:#f2f1eb;border-color:#ffffff;color:#333333;border-radius:4px;-moz-border-radius:4px;-webkit-border-radius:4px;\"><span style=\"color: #808080;\"><strong>S\u00edntese de perovskitas La2NiZrO6 para produ\u00e7\u00e3o de g\u00e1s de s\u00edntese via reforma seca<\/strong><\/span><\/p>\n<p><span style=\"color: #808080;\">Autor: Juliana Bertoldi<\/span><br \/>\n<span style=\"color: #808080;\">Orientadores: Prof. Dr. Martin Schmal e Dr\u00aa. Camila Emilia Kozonoe<\/span><br \/>\n<span style=\"color: #808080;\">Conclus\u00e3o: 2025<\/span><\/div><\/div>\n<div class=\"su-note\"  style=\"border-color:#d8d7d1;border-radius:4px;-moz-border-radius:4px;-webkit-border-radius:4px;\"><div class=\"su-note-inner su-u-clearfix su-u-trim\" style=\"background-color:#f2f1eb;border-color:#ffffff;color:#333333;border-radius:4px;-moz-border-radius:4px;-webkit-border-radius:4px;\"><span style=\"color: #808080;\"><strong>S\u00edntese Fischer-Tropsch para Produ\u00e7\u00e3o de Olefinas Leves<\/strong><\/span><\/p>\n<p><span style=\"color: #808080;\">Autor: Higor Azevedo Garona<\/span><br \/>\n<span style=\"color: #808080;\">Orientadores: Prof. Dr. Martin Schmal e Prof\u00aa. Dr\u00aa. Rita Maria de Brito Alves<\/span><br \/>\n<span style=\"color: #808080;\">Conclus\u00e3o: 2024<\/span><\/p>\n<p><span style=\"color: #3366ff;\"><a style=\"color: #3366ff;\" href=\"https:\/\/www.teses.usp.br\/teses\/disponiveis\/3\/3137\/tde-15092025-074047\/pt-br.php\">https:\/\/www.teses.usp.br\/teses\/disponiveis\/3\/3137\/tde-15092025-074047\/pt-br.php<\/a><\/span>\u00a0<\/div><\/div>\n<div class=\"su-note\"  style=\"border-color:#d8d7d1;border-radius:4px;-moz-border-radius:4px;-webkit-border-radius:4px;\"><div class=\"su-note-inner su-u-clearfix su-u-trim\" style=\"background-color:#f2f1eb;border-color:#ffffff;color:#333333;border-radius:4px;-moz-border-radius:4px;-webkit-border-radius:4px;\"><span style=\"color: #808080;\"><strong>\u00a0Avalia\u00e7\u00e3o de catalisadores suportados em nanotubos de carbono e modelagem cin\u00e9tica do processo para a rea\u00e7\u00e3o Water-Gas Shift (WGS): abordagens macro e microcin\u00e9ticas e uso de t\u00e9cnicas de machine learning para sele\u00e7\u00e3o de catalisadores<\/strong><\/span><\/p>\n<p><span style=\"color: #808080;\">Autor: F\u00e1bio Machado Cavalcanti<\/span><br \/>\n<span style=\"color: #808080;\">Orientadores: Prof. Dr. Reinaldo Giudici, Prof\u00aa. Dr\u00aa. Rita Maria de Brito Alves e Prof. Dr. Martin Schmal<\/span><br \/>\n<span style=\"color: #808080;\">Conclus\u00e3o: 2023\u00a0<\/span><\/p>\n<p><span style=\"color: #3366ff;\"><a style=\"color: #3366ff;\" href=\"https:\/\/www.teses.usp.br\/teses\/disponiveis\/3\/3137\/tde-08032024-101425\/en.php\">https:\/\/www.teses.usp.br\/teses\/disponiveis\/3\/3137\/tde-08032024-101425\/en.php<\/a><\/span><\/div><\/div>\n<div class=\"su-note\"  style=\"border-color:#d8d7d1;border-radius:4px;-moz-border-radius:4px;-webkit-border-radius:4px;\"><div class=\"su-note-inner su-u-clearfix su-u-trim\" style=\"background-color:#f2f1eb;border-color:#ffffff;color:#333333;border-radius:4px;-moz-border-radius:4px;-webkit-border-radius:4px;\"><span style=\"color: #808080;\"><strong>Epoxida\u00e7\u00e3o do \u00f3leo de soja: modelagem cin\u00e9tica e an\u00e1lise do processo em reator cont\u00ednuo\u00a0<\/strong><\/span><\/p>\n<p><span style=\"color: #808080;\">Autor: Gustavo Vieira Olivieri<\/span><br \/>\n<span style=\"color: #808080;\">Orientador: Prof. Dr. Reinaldo Giudici<\/span><br \/>\n<span style=\"color: #808080;\">Conclus\u00e3o: 2022 <\/span><\/p>\n<p><span style=\"color: #3366ff;\"><a style=\"color: #3366ff;\" href=\"https:\/\/www.teses.usp.br\/teses\/disponiveis\/3\/3137\/tde-22052023-111719\/en.php\">https:\/\/www.teses.usp.br\/teses\/disponiveis\/3\/3137\/tde-22052023-111719\/en.php<\/a><\/span><\/div><\/div>\n<div class=\"su-note\"  style=\"border-color:#d8d7d1;border-radius:4px;-moz-border-radius:4px;-webkit-border-radius:4px;\"><div class=\"su-note-inner su-u-clearfix su-u-trim\" style=\"background-color:#f2f1eb;border-color:#ffffff;color:#333333;border-radius:4px;-moz-border-radius:4px;-webkit-border-radius:4px;\"><span style=\"color: #808080;\"><strong>Novos pol\u00edmeros de base natural para desaguamento de rejeitos de min\u00e9rio de ferro<\/strong><\/span><\/p>\n<p><span style=\"color: #808080;\">Autor: Gustavo Pereira Zago<\/span><br \/>\n<span style=\"color: #808080;\">Orientador: Prof. Dr. Reinaldo Giudici<\/span><br \/>\n<span style=\"color: #808080;\">Conclus\u00e3o: 2022<\/span><\/p>\n<p><span style=\"color: #3366ff;\">\u00a0<a style=\"color: #3366ff;\" href=\"https:\/\/www.teses.usp.br\/teses\/disponiveis\/3\/3137\/tde-20072023-132733\/en.php\">https:\/\/www.teses.usp.br\/teses\/disponiveis\/3\/3137\/tde-20072023-132733\/en.php<\/a> <\/span><\/div><\/div>\n<div class=\"su-note\"  style=\"border-color:#d8d7d1;border-radius:4px;-moz-border-radius:4px;-webkit-border-radius:4px;\"><div class=\"su-note-inner su-u-clearfix su-u-trim\" style=\"background-color:#f2f1eb;border-color:#ffffff;color:#333333;border-radius:4px;-moz-border-radius:4px;-webkit-border-radius:4px;\"><span style=\"color: #808080;\"><strong>Hidrogena\u00e7\u00e3o de CO em catalisadores de Co\/SBA-15 e Co\/Al2O3<\/strong><\/span><\/p>\n<p><span style=\"color: #808080;\">Autor: Thiago Ferreira de Abreu<\/span><br \/>\n<span style=\"color: #808080;\">Orientadores: Prof\u00aa. Dr\u00aa. Rita Maria de Brito Alves e Prof. Dr. Martin Schmal<\/span><br \/>\n<span style=\"color: #808080;\">Conclus\u00e3o: 2022<\/span><\/p>\n<p><span style=\"color: #3366ff;\"><a style=\"color: #3366ff;\" href=\"https:\/\/www.teses.usp.br\/teses\/disponiveis\/3\/3137\/tde-29042022-074945\/pt-br.php\">https:\/\/www.teses.usp.br\/teses\/disponiveis\/3\/3137\/tde-29042022-074945\/pt-br.php<\/a>\u00a0<\/span><\/div><\/div>\n<div class=\"su-note\"  style=\"border-color:#d8d7d1;border-radius:4px;-moz-border-radius:4px;-webkit-border-radius:4px;\"><div class=\"su-note-inner su-u-clearfix su-u-trim\" style=\"background-color:#f2f1eb;border-color:#ffffff;color:#333333;border-radius:4px;-moz-border-radius:4px;-webkit-border-radius:4px;\"><span style=\"color: #808080;\"><strong>S\u00edntese, monitoramento e modelagem da forma\u00e7\u00e3o de part\u00edculas polim\u00e9ricas porosas ocas com casca reticulada<\/strong><\/span><\/p>\n<p><span style=\"color: #808080;\">Autor: Maria Giuliana Fontanelli Torraga<\/span><br \/>\n<span style=\"color: #808080;\">Orientador: Prof. Dr. Reinaldo Giudici<\/span><br \/>\n<span style=\"color: #808080;\">Conclus\u00e3o: 2021<\/span><\/p>\n<p><span style=\"color: #3366ff;\"><a style=\"color: #3366ff;\" href=\"https:\/\/www.teses.usp.br\/teses\/disponiveis\/3\/3137\/tde-25102021-120824\/pt-br.php\">https:\/\/www.teses.usp.br\/teses\/disponiveis\/3\/3137\/tde-25102021-120824\/pt-br.php<\/a>\u00a0<\/span><\/div><\/div>\n<div class=\"su-note\"  style=\"border-color:#d8d7d1;border-radius:4px;-moz-border-radius:4px;-webkit-border-radius:4px;\"><div class=\"su-note-inner su-u-clearfix su-u-trim\" style=\"background-color:#f2f1eb;border-color:#ffffff;color:#333333;border-radius:4px;-moz-border-radius:4px;-webkit-border-radius:4px;\"><span style=\"color: #808080;\"><strong>Nanopart\u00edculas de cobalto suportadas em grafeno e promovidas com lant\u00e2nio para produ\u00e7\u00e3o de combust\u00edveis<\/strong><\/span><\/p>\n<p><span style=\"color: #808080;\">Autor: Tamara Ramalho Mignoli<\/span><br \/>\n<span style=\"color: #808080;\">Orientadores: Prof\u00aa. Dr\u00aa. Rita Maria de Brito Alves e Prof. Dr. Martin Schmal<\/span><br \/>\n<span style=\"color: #808080;\">Conclus\u00e3o: 2020<\/span><\/p>\n<p><span style=\"color: #3366ff;\"><a style=\"color: #3366ff;\" href=\"https:\/\/www.teses.usp.br\/teses\/disponiveis\/3\/3137\/tde-05112020-135507\/es.php\">https:\/\/www.teses.usp.br\/teses\/disponiveis\/3\/3137\/tde-05112020-135507\/es.php<\/a>\u00a0<\/span><\/div><\/div>\n<div class=\"su-note\"  style=\"border-color:#d8d7d1;border-radius:4px;-moz-border-radius:4px;-webkit-border-radius:4px;\"><div class=\"su-note-inner su-u-clearfix su-u-trim\" style=\"background-color:#f2f1eb;border-color:#ffffff;color:#333333;border-radius:4px;-moz-border-radius:4px;-webkit-border-radius:4px;\"><span style=\"color: #808080;\"><strong>Development of pH- and Temperature- Sensitive Microgel Particles: Synthesis Monitoring, Characterisation and Application as Potential Oral Drug Carriers<\/strong><\/span><\/p>\n<p><span style=\"color: #808080;\">Autor: Esmar Faben Souza<\/span><br \/>\n<span style=\"color: #808080;\">Orientador: Prof. Dr. Reinaldo Giudici<\/span><br \/>\n<span style=\"color: #808080;\">Conclus\u00e3o: 2019<\/span><\/p>\n<p><span style=\"color: #3366ff;\"><a style=\"color: #3366ff;\" href=\"https:\/\/teses.usp.br\/teses\/disponiveis\/3\/3137\/tde-18072019-075603\/pt-br.php\">https:\/\/teses.usp.br\/teses\/disponiveis\/3\/3137\/tde-18072019-075603\/pt-br.php<\/a><\/span><\/div><\/div>","protected":false},"excerpt":{"rendered":"","protected":false},"author":1072,"featured_media":0,"parent":192,"menu_order":0,"comment_status":"closed","ping_status":"closed","template":"","meta":{"footnotes":"","_links_to":"","_links_to_target":""},"class_list":["post-194","page","type-page","status-publish","hentry"],"_links":{"self":[{"href":"https:\/\/sites.usp.br\/lapcat\/wp-json\/wp\/v2\/pages\/194","targetHints":{"allow":["GET"]}}],"collection":[{"href":"https:\/\/sites.usp.br\/lapcat\/wp-json\/wp\/v2\/pages"}],"about":[{"href":"https:\/\/sites.usp.br\/lapcat\/wp-json\/wp\/v2\/types\/page"}],"author":[{"embeddable":true,"href":"https:\/\/sites.usp.br\/lapcat\/wp-json\/wp\/v2\/users\/1072"}],"replies":[{"embeddable":true,"href":"https:\/\/sites.usp.br\/lapcat\/wp-json\/wp\/v2\/comments?post=194"}],"version-history":[{"count":6,"href":"https:\/\/sites.usp.br\/lapcat\/wp-json\/wp\/v2\/pages\/194\/revisions"}],"predecessor-version":[{"id":1270,"href":"https:\/\/sites.usp.br\/lapcat\/wp-json\/wp\/v2\/pages\/194\/revisions\/1270"}],"up":[{"embeddable":true,"href":"https:\/\/sites.usp.br\/lapcat\/wp-json\/wp\/v2\/pages\/192"}],"wp:attachment":[{"href":"https:\/\/sites.usp.br\/lapcat\/wp-json\/wp\/v2\/media?parent=194"}],"curies":[{"name":"wp","href":"https:\/\/api.w.org\/{rel}","templated":true}]}}