{"id":232,"date":"2019-07-04T15:06:50","date_gmt":"2019-07-04T17:06:50","guid":{"rendered":"http:\/\/sites.usp.br\/lapcat\/?page_id=232"},"modified":"2024-10-18T16:01:02","modified_gmt":"2024-10-18T18:01:02","slug":"capitulo-de-livro","status":"publish","type":"page","link":"https:\/\/sites.usp.br\/lapcat\/producao-intelectual\/capitulo-de-livro\/","title":{"rendered":"Cap\u00edtulos de Livros"},"content":{"rendered":"<div class=\"su-note\"  style=\"border-color:#d8d7d1;border-radius:4px;-moz-border-radius:4px;-webkit-border-radius:4px;\"><div class=\"su-note-inner su-u-clearfix su-u-trim\" style=\"background-color:#f2f1eb;border-color:#ffffff;color:#333333;border-radius:4px;-moz-border-radius:4px;-webkit-border-radius:4px;\">\n<p><span style=\"color: #808080;\"><strong>Fuel gas production from natural gas<br \/>\n<\/strong><\/span><span style=\"color: #808080;\">Camila Emilia Kozono, \u00c9der Valdir de Oliveira, Reinaldo Giudici,Rita Maria Brito Alves<br \/>\n<\/span><span style=\"color: #808080;\">Cap\u00edtulo do livro <em>Advances Natural Gas: Formation, Processing, and Applications. Volume 7: Natural Gas Products and Uses <\/em>&#8211; 1st Edition, <em>Elsevier<\/em>, 2024.<br \/>\n<\/span><span style=\"color: #808080;\"><a href=\"https:\/\/doi.org\/10.1016\/B978-0-443-19227-2.00015-0\"><span style=\"color: #3366ff;\">https:\/\/doi.org\/10.1016\/B978-0-443-19227-2.00015-0<\/span><\/a><\/div><\/div><\/span><\/p>\n<div class=\"su-note\"  style=\"border-color:#d8d7d1;border-radius:4px;-moz-border-radius:4px;-webkit-border-radius:4px;\"><div class=\"su-note-inner su-u-clearfix su-u-trim\" style=\"background-color:#f2f1eb;border-color:#ffffff;color:#333333;border-radius:4px;-moz-border-radius:4px;-webkit-border-radius:4px;\">\n<p><span style=\"color: #808080;\"><strong>Gas to liquid process modeling and simulation<br \/>\n<\/strong><\/span><span style=\"color: #808080;\">Lucas Alves Silva, Magno Fonseca Santos, Higor Azevedo Garona, Reinaldo Giudici, Rita Maria Brito Alves<br \/>\n<\/span><span style=\"color: #808080;\">Cap\u00edtulo do livro <em>Advances Natural Gas: Formation, Processing, and Applications. Volume 8: Natural Gas Process Modelling and Simulation<\/em> &#8211; 1st Edition, ISBN 978-0-443-19229-6, <em>Elsevier<\/em>, 2024.<br \/>\n<\/span><span style=\"color: #808080;\"><a href=\"https:\/\/doi.org\/10.1016\/B978-0-443-19229-6.00013-3\"><span style=\"color: #3366ff;\">https:\/\/doi.org\/10.1016\/B978-0-443-19229-6.00013-3<\/span><\/a><\/div><\/div><\/span><\/p>\n<div class=\"su-note\"  style=\"border-color:#d8d7d1;border-radius:4px;-moz-border-radius:4px;-webkit-border-radius:4px;\"><div class=\"su-note-inner su-u-clearfix su-u-trim\" style=\"background-color:#f2f1eb;border-color:#ffffff;color:#333333;border-radius:4px;-moz-border-radius:4px;-webkit-border-radius:4px;\">\n<p><span style=\"color: #808080;\"><strong>Use of CO2 as a source for obtaining value-added products<br \/>\n<\/strong><\/span><span style=\"color: #808080;\">Schmal, M.; Caranton, A.R.G.; Kozonoe, C.E.; Roseno, K.T.C.; Cavalcanti, F.M.; Alves, R.M.B.; Giudici, R.<br \/>\n<\/span><span style=\"color: #808080;\">Cap\u00edtulo do livro <em>Heterogeneous Catalysis: Materials and Applications<\/em> &#8211; 1st Edition, ISBN 978-0-323-85612-6, <em>Elsevier<\/em>, 2022.<br \/>\n<\/span><span style=\"color: #808080;\"><span style=\"color: #3366ff;\"><a style=\"color: #3366ff;\" href=\"https:\/\/doi.org\/10.1016\/B978-0-323-85612-6.00002-4\">https:\/\/doi.org\/10.1016\/B978-0-323-85612-6.00002-4<\/a><\/span><\/div><\/div><\/span><\/p>\n<div class=\"su-note\"  style=\"border-color:#d8d7d1;border-radius:4px;-moz-border-radius:4px;-webkit-border-radius:4px;\"><div class=\"su-note-inner su-u-clearfix su-u-trim\" style=\"background-color:#f2f1eb;border-color:#ffffff;color:#333333;border-radius:4px;-moz-border-radius:4px;-webkit-border-radius:4px;\">\n<p><span style=\"color: #808080;\"><strong>Application of Artificial Neural Networks to Chemical and Process Engineering<br \/>\n<\/strong><\/span><span style=\"color: #808080;\">Cavalcanti, F.M.; Kozonoe, C.E.; Pacheco, K.A.; Alves, R.M.B.<br \/>\n<\/span><span style=\"color: #808080;\">Cap\u00edtulo do livro <em>Deep Learning Applications<\/em> &#8211; 1st Edition, ISBN 978-1-83962-375-2, <em>InTechOpen<\/em>, 2021.<br \/>\n<\/span><span style=\"color: #808080;\"><span style=\"color: #3366ff;\"><a style=\"color: #3366ff;\" href=\"https:\/\/doi.org\/10.5772\/intechopen.96641\">https:\/\/doi.org\/10.5772\/intechopen.96641<\/a><\/span><\/div><\/div><\/span><\/p>\n<div class=\"su-note\"  style=\"border-color:#d8d7d1;border-radius:4px;-moz-border-radius:4px;-webkit-border-radius:4px;\"><div class=\"su-note-inner su-u-clearfix su-u-trim\" style=\"background-color:#f2f1eb;border-color:#ffffff;color:#333333;border-radius:4px;-moz-border-radius:4px;-webkit-border-radius:4px;\">\n<p><span style=\"color: #808080;\"><strong>\u00d3xidos do tipo Perovskita Nd0,95FeO3 Nd0,95CrO3 para produ\u00e7\u00e3o de g\u00e1s de s\u00edntese atrav\u00e9s da oxida\u00e7\u00e3o parcial do metano<br \/>\n<\/strong><\/span><span style=\"color: #808080;\">Cavalcanti, F.M.; Kozonoe, C.E.; Pacheco, K.A.; Alves, R.M.B.<br \/>\n<\/span><span style=\"color: #808080;\">Cap\u00edtulo do livro <em>A Diversidade de Debates na Pesquisa em Qu\u00edmica 2<\/em> &#8211; 1\u00aa Edi\u00e7\u00e3o, ISBN 978-65-5706-036-0, <em>Atena<\/em>, 2020.<br \/>\n<\/span><span style=\"color: #808080;\"><span style=\"color: #3366ff;\"><a style=\"color: #3366ff;\" href=\"https:\/\/doi.org\/10.22533\/at.ed.3602021059\">https:\/\/doi.org\/10.22533\/at.ed.3602021059<\/a><\/span><\/div><\/div><\/span><\/p>\n<div class=\"su-note\"  style=\"border-color:#d8d7d1;border-radius:4px;-moz-border-radius:4px;-webkit-border-radius:4px;\"><div class=\"su-note-inner su-u-clearfix su-u-trim\" style=\"background-color:#f2f1eb;border-color:#ffffff;color:#333333;border-radius:4px;-moz-border-radius:4px;-webkit-border-radius:4px;\">\n<p><span style=\"color: #808080;\"><strong>Syngas Production using Natural Gas from the Environmental Point of View<br \/>\n<\/strong><\/span><span style=\"color: #808080;\">Roseno, K.T.C.; Alves, R.M.B.; Giudici, R.; Schmal, M.<br \/>\n<\/span><span style=\"color: #808080;\">Cap\u00edtulo do livro <em>Biofuels-Past, Present and Future<\/em> &#8211; Volume 2, ISBN 978-953-51-6260-5, <em>InTechOpen<\/em>, 2018.<br \/>\n<\/span><span style=\"color: #808080;\"><span style=\"color: #3366ff;\"><a style=\"color: #3366ff;\" href=\"https:\/\/doi.org\/10.5772\/intechopen.74605\">https:\/\/doi.org\/10.5772\/intechopen.74605<\/a><\/span><\/div><\/div><\/span><\/p>\n<p>&nbsp;","protected":false},"excerpt":{"rendered":"<p>&nbsp;<\/p>\n","protected":false},"author":1072,"featured_media":0,"parent":192,"menu_order":0,"comment_status":"closed","ping_status":"closed","template":"","meta":{"footnotes":"","_links_to":"","_links_to_target":""},"class_list":["post-232","page","type-page","status-publish","hentry"],"_links":{"self":[{"href":"https:\/\/sites.usp.br\/lapcat\/wp-json\/wp\/v2\/pages\/232","targetHints":{"allow":["GET"]}}],"collection":[{"href":"https:\/\/sites.usp.br\/lapcat\/wp-json\/wp\/v2\/pages"}],"about":[{"href":"https:\/\/sites.usp.br\/lapcat\/wp-json\/wp\/v2\/types\/page"}],"author":[{"embeddable":true,"href":"https:\/\/sites.usp.br\/lapcat\/wp-json\/wp\/v2\/users\/1072"}],"replies":[{"embeddable":true,"href":"https:\/\/sites.usp.br\/lapcat\/wp-json\/wp\/v2\/comments?post=232"}],"version-history":[{"count":5,"href":"https:\/\/sites.usp.br\/lapcat\/wp-json\/wp\/v2\/pages\/232\/revisions"}],"predecessor-version":[{"id":1027,"href":"https:\/\/sites.usp.br\/lapcat\/wp-json\/wp\/v2\/pages\/232\/revisions\/1027"}],"up":[{"embeddable":true,"href":"https:\/\/sites.usp.br\/lapcat\/wp-json\/wp\/v2\/pages\/192"}],"wp:attachment":[{"href":"https:\/\/sites.usp.br\/lapcat\/wp-json\/wp\/v2\/media?parent=232"}],"curies":[{"name":"wp","href":"https:\/\/api.w.org\/{rel}","templated":true}]}}