{"id":62,"date":"2014-02-12T11:28:30","date_gmt":"2014-02-12T13:28:30","guid":{"rendered":"http:\/\/sites.usp.br\/labcat\/?page_id=62"},"modified":"2026-02-25T17:38:54","modified_gmt":"2026-02-25T19:38:54","slug":"infraestrutura","status":"publish","type":"page","link":"https:\/\/sites.usp.br\/lapcat\/infraestrutura\/","title":{"rendered":"Infraestrutura"},"content":{"rendered":"<span style=\"color: #808080;\">O LaPCat disp\u00f5e de uma \u00e1rea total de 400 m<sup>2<\/sup>, dividida em:<\/span><\/p>\n<p><span style=\"color: #808080;\"><strong>Laborat\u00f3rio de Alta Press\u00e3o<br \/>\nLaborat\u00f3rio de Press\u00e3o Normal<br \/>\nLaborat\u00f3rio de Pol\u00edmeros<br \/>\nLaborat\u00f3rio de Caracteriza\u00e7\u00e3o F\u00edsica 1<br \/>\nLaborat\u00f3rio de Caracteriza\u00e7\u00e3o F\u00edsica 2<br \/>\nLaborat\u00f3rio de Caracteriza\u00e7\u00e3o in Situ<br \/>\nLaborat\u00f3rio de Caracteriza\u00e7\u00e3o T\u00e9rmica e Qu\u00edmica<br \/>\nLaborat\u00f3rio de Prepara\u00e7\u00e3o<br \/>\nLaborat\u00f3rio de Calcina\u00e7\u00e3o<br \/>\nLaborat\u00f3rio de Batelada<br \/>\nPlanta Piloto<br \/>\nAlmoxarifado<\/strong><\/span><\/p>\n<div style=\"width: 604px;\" class=\"wp-video\"><video class=\"wp-video-shortcode\" id=\"video-62-1\" width=\"604\" height=\"340\" preload=\"metadata\" controls=\"controls\"><source type=\"video\/mp4\" src=\"https:\/\/sites.usp.br\/lapcat\/wp-content\/uploads\/sites\/566\/2024\/10\/LaPCat.mp4?_=1\" \/><a href=\"https:\/\/sites.usp.br\/lapcat\/wp-content\/uploads\/sites\/566\/2024\/10\/LaPCat.mp4\">https:\/\/sites.usp.br\/lapcat\/wp-content\/uploads\/sites\/566\/2024\/10\/LaPCat.mp4<\/a><\/video><\/div>\n<p>&nbsp;<\/p>\n<p>&nbsp;<\/p>\n<p><strong>Equipamentos\u00a0<\/strong><\/p>\n<div class=\"su-note\"  style=\"border-color:#d8d7d1;border-radius:4px;-moz-border-radius:4px;-webkit-border-radius:4px;\"><div class=\"su-note-inner su-u-clearfix su-u-trim\" style=\"background-color:#f2f1eb;border-color:#ffffff;color:#333333;border-radius:4px;-moz-border-radius:4px;-webkit-border-radius:4px;\">Unidades de Testes Catal\u00edticos Microactivity-Effi (PID ENG &amp; TECH)<\/p>\n<p><a href=\"https:\/\/sites.usp.br\/lapcat\/wp-content\/uploads\/sites\/566\/2019\/07\/lab_pid1.png\"><img loading=\"lazy\" decoding=\"async\" class=\"alignnone size-full wp-image-505\" src=\"https:\/\/sites.usp.br\/lapcat\/wp-content\/uploads\/sites\/566\/2019\/07\/lab_pid1.png\" alt=\"\" width=\"277\" height=\"208\" srcset=\"https:\/\/sites.usp.br\/lapcat\/wp-content\/uploads\/sites\/566\/2019\/07\/lab_pid1.png 277w, https:\/\/sites.usp.br\/lapcat\/wp-content\/uploads\/sites\/566\/2019\/07\/lab_pid1-80x60.png 80w\" sizes=\"auto, (max-width: 277px) 100vw, 277px\" \/><\/a> <a href=\"https:\/\/sites.usp.br\/lapcat\/wp-content\/uploads\/sites\/566\/2019\/07\/lab_pid2.png\"><img loading=\"lazy\" decoding=\"async\" class=\"alignnone size-medium wp-image-506\" src=\"https:\/\/sites.usp.br\/lapcat\/wp-content\/uploads\/sites\/566\/2019\/07\/lab_pid2.png\" alt=\"\" width=\"277\" height=\"208\" srcset=\"https:\/\/sites.usp.br\/lapcat\/wp-content\/uploads\/sites\/566\/2019\/07\/lab_pid2.png 277w, https:\/\/sites.usp.br\/lapcat\/wp-content\/uploads\/sites\/566\/2019\/07\/lab_pid2-80x60.png 80w\" sizes=\"auto, (max-width: 277px) 100vw, 277px\" \/><\/a><\/div><\/div>\n<div class=\"su-note\"  style=\"border-color:#d8d7d1;border-radius:4px;-moz-border-radius:4px;-webkit-border-radius:4px;\"><div class=\"su-note-inner su-u-clearfix su-u-trim\" style=\"background-color:#f2f1eb;border-color:#ffffff;color:#333333;border-radius:4px;-moz-border-radius:4px;-webkit-border-radius:4px;\">Unidades de testes catal\u00edticos <em>Homemade<\/em><\/p>\n<p><a href=\"https:\/\/sites.usp.br\/lapcat\/wp-content\/uploads\/sites\/566\/2019\/07\/lab_homemade1.png\"><img loading=\"lazy\" decoding=\"async\" class=\"alignnone size-full wp-image-507\" src=\"https:\/\/sites.usp.br\/lapcat\/wp-content\/uploads\/sites\/566\/2019\/07\/lab_homemade1.png\" alt=\"\" width=\"277\" height=\"207\" srcset=\"https:\/\/sites.usp.br\/lapcat\/wp-content\/uploads\/sites\/566\/2019\/07\/lab_homemade1.png 277w, https:\/\/sites.usp.br\/lapcat\/wp-content\/uploads\/sites\/566\/2019\/07\/lab_homemade1-80x60.png 80w\" sizes=\"auto, (max-width: 277px) 100vw, 277px\" \/><\/a> <a href=\"https:\/\/sites.usp.br\/lapcat\/wp-content\/uploads\/sites\/566\/2019\/07\/DSC_8619.jpg\"><img loading=\"lazy\" decoding=\"async\" class=\"alignnone wp-image-341\" src=\"https:\/\/sites.usp.br\/lapcat\/wp-content\/uploads\/sites\/566\/2019\/07\/DSC_8619-300x200.jpg\" alt=\"\" width=\"308\" height=\"205\" srcset=\"https:\/\/sites.usp.br\/lapcat\/wp-content\/uploads\/sites\/566\/2019\/07\/DSC_8619-300x200.jpg 300w, https:\/\/sites.usp.br\/lapcat\/wp-content\/uploads\/sites\/566\/2019\/07\/DSC_8619-768x513.jpg 768w, https:\/\/sites.usp.br\/lapcat\/wp-content\/uploads\/sites\/566\/2019\/07\/DSC_8619-1024x683.jpg 1024w, https:\/\/sites.usp.br\/lapcat\/wp-content\/uploads\/sites\/566\/2019\/07\/DSC_8619-400x267.jpg 400w\" sizes=\"auto, (max-width: 308px) 100vw, 308px\" \/><\/a><\/div><\/div>\n<div class=\"su-note\"  style=\"border-color:#d8d7d1;border-radius:4px;-moz-border-radius:4px;-webkit-border-radius:4px;\"><div class=\"su-note-inner su-u-clearfix su-u-trim\" style=\"background-color:#f2f1eb;border-color:#ffffff;color:#333333;border-radius:4px;-moz-border-radius:4px;-webkit-border-radius:4px;\">Raman <em>in situ<\/em> (RENISHAW)<\/p>\n<p><a href=\"https:\/\/sites.usp.br\/lapcat\/wp-content\/uploads\/sites\/566\/2019\/07\/lab_raman.png\"><img loading=\"lazy\" decoding=\"async\" class=\"alignnone size-medium wp-image-510\" src=\"https:\/\/sites.usp.br\/lapcat\/wp-content\/uploads\/sites\/566\/2019\/07\/lab_raman-300x225.png\" alt=\"\" width=\"300\" height=\"225\" \/><\/a><\/div><\/div>\n<div class=\"su-note\"  style=\"border-color:#d8d7d1;border-radius:4px;-moz-border-radius:4px;-webkit-border-radius:4px;\"><div class=\"su-note-inner su-u-clearfix su-u-trim\" style=\"background-color:#f2f1eb;border-color:#ffffff;color:#333333;border-radius:4px;-moz-border-radius:4px;-webkit-border-radius:4px;\">Espectr\u00f4metro UV-VIS &#8211; Ultravioleta-vis\u00edvel (Shimadzu)<\/p>\n<p><a href=\"https:\/\/sites.usp.br\/lapcat\/wp-content\/uploads\/sites\/566\/2022\/12\/20221201_094030-scaled.jpg\"><img loading=\"lazy\" decoding=\"async\" class=\"alignnone size-medium wp-image-803\" src=\"https:\/\/sites.usp.br\/lapcat\/wp-content\/uploads\/sites\/566\/2022\/12\/20221201_094030-300x225.jpg\" alt=\"\" width=\"300\" height=\"225\" srcset=\"https:\/\/sites.usp.br\/lapcat\/wp-content\/uploads\/sites\/566\/2022\/12\/20221201_094030-300x225.jpg 300w, https:\/\/sites.usp.br\/lapcat\/wp-content\/uploads\/sites\/566\/2022\/12\/20221201_094030-1024x768.jpg 1024w, https:\/\/sites.usp.br\/lapcat\/wp-content\/uploads\/sites\/566\/2022\/12\/20221201_094030-768x576.jpg 768w, https:\/\/sites.usp.br\/lapcat\/wp-content\/uploads\/sites\/566\/2022\/12\/20221201_094030-1536x1152.jpg 1536w, https:\/\/sites.usp.br\/lapcat\/wp-content\/uploads\/sites\/566\/2022\/12\/20221201_094030-2048x1536.jpg 2048w, https:\/\/sites.usp.br\/lapcat\/wp-content\/uploads\/sites\/566\/2022\/12\/20221201_094030-80x60.jpg 80w, https:\/\/sites.usp.br\/lapcat\/wp-content\/uploads\/sites\/566\/2022\/12\/20221201_094030-400x300.jpg 400w\" sizes=\"auto, (max-width: 300px) 100vw, 300px\" \/><\/a><\/div><\/div>\n<div class=\"su-note\"  style=\"border-color:#d8d7d1;border-radius:4px;-moz-border-radius:4px;-webkit-border-radius:4px;\"><div class=\"su-note-inner su-u-clearfix su-u-trim\" style=\"background-color:#f2f1eb;border-color:#ffffff;color:#333333;border-radius:4px;-moz-border-radius:4px;-webkit-border-radius:4px;\">Espectr\u00f4metro FTIR &#8211; Infravermelho (Shimadzu)<\/p>\n<p><a href=\"https:\/\/sites.usp.br\/lapcat\/wp-content\/uploads\/sites\/566\/2023\/07\/20230614_123952-scaled-e1690556124333.jpg\"><img loading=\"lazy\" decoding=\"async\" class=\"alignnone size-medium wp-image-885\" src=\"https:\/\/sites.usp.br\/lapcat\/wp-content\/uploads\/sites\/566\/2023\/07\/20230614_123952-scaled-e1690556124333-300x258.jpg\" alt=\"\" width=\"300\" height=\"258\" srcset=\"https:\/\/sites.usp.br\/lapcat\/wp-content\/uploads\/sites\/566\/2023\/07\/20230614_123952-scaled-e1690556124333-300x258.jpg 300w, https:\/\/sites.usp.br\/lapcat\/wp-content\/uploads\/sites\/566\/2023\/07\/20230614_123952-scaled-e1690556124333-1024x881.jpg 1024w, https:\/\/sites.usp.br\/lapcat\/wp-content\/uploads\/sites\/566\/2023\/07\/20230614_123952-scaled-e1690556124333-768x660.jpg 768w, https:\/\/sites.usp.br\/lapcat\/wp-content\/uploads\/sites\/566\/2023\/07\/20230614_123952-scaled-e1690556124333-1536x1321.jpg 1536w, https:\/\/sites.usp.br\/lapcat\/wp-content\/uploads\/sites\/566\/2023\/07\/20230614_123952-scaled-e1690556124333-400x344.jpg 400w, https:\/\/sites.usp.br\/lapcat\/wp-content\/uploads\/sites\/566\/2023\/07\/20230614_123952-scaled-e1690556124333.jpg 1920w\" sizes=\"auto, (max-width: 300px) 100vw, 300px\" \/><\/a><\/div><\/div>\n<div class=\"su-note\"  style=\"border-color:#d8d7d1;border-radius:4px;-moz-border-radius:4px;-webkit-border-radius:4px;\"><div class=\"su-note-inner su-u-clearfix su-u-trim\" style=\"background-color:#f2f1eb;border-color:#ffffff;color:#333333;border-radius:4px;-moz-border-radius:4px;-webkit-border-radius:4px;\">Unidade de Quimissor\u00e7\u00e3o (Micrometrics)<\/p>\n<p><a href=\"https:\/\/sites.usp.br\/lapcat\/wp-content\/uploads\/sites\/566\/2022\/12\/20221201_093856-scaled.jpg\"><img loading=\"lazy\" decoding=\"async\" class=\"alignnone size-medium wp-image-802\" src=\"https:\/\/sites.usp.br\/lapcat\/wp-content\/uploads\/sites\/566\/2022\/12\/20221201_093856-300x225.jpg\" alt=\"\" width=\"300\" height=\"225\" srcset=\"https:\/\/sites.usp.br\/lapcat\/wp-content\/uploads\/sites\/566\/2022\/12\/20221201_093856-300x225.jpg 300w, https:\/\/sites.usp.br\/lapcat\/wp-content\/uploads\/sites\/566\/2022\/12\/20221201_093856-1024x768.jpg 1024w, https:\/\/sites.usp.br\/lapcat\/wp-content\/uploads\/sites\/566\/2022\/12\/20221201_093856-768x576.jpg 768w, https:\/\/sites.usp.br\/lapcat\/wp-content\/uploads\/sites\/566\/2022\/12\/20221201_093856-1536x1152.jpg 1536w, https:\/\/sites.usp.br\/lapcat\/wp-content\/uploads\/sites\/566\/2022\/12\/20221201_093856-2048x1536.jpg 2048w, https:\/\/sites.usp.br\/lapcat\/wp-content\/uploads\/sites\/566\/2022\/12\/20221201_093856-80x60.jpg 80w, https:\/\/sites.usp.br\/lapcat\/wp-content\/uploads\/sites\/566\/2022\/12\/20221201_093856-400x300.jpg 400w\" sizes=\"auto, (max-width: 300px) 100vw, 300px\" \/><\/a><\/div><\/div>\n<div class=\"su-note\"  style=\"border-color:#d8d7d1;border-radius:4px;-moz-border-radius:4px;-webkit-border-radius:4px;\"><div class=\"su-note-inner su-u-clearfix su-u-trim\" style=\"background-color:#f2f1eb;border-color:#ffffff;color:#333333;border-radius:4px;-moz-border-radius:4px;-webkit-border-radius:4px;\">TGA &#8211; An\u00e1lise Termogravim\u00e9trica (Shimadzu)<\/p>\n<p><a href=\"https:\/\/sites.usp.br\/lapcat\/wp-content\/uploads\/sites\/566\/2021\/12\/TGA-e1640179120103.jpeg\"><img loading=\"lazy\" decoding=\"async\" class=\"alignnone wp-image-714\" src=\"https:\/\/sites.usp.br\/lapcat\/wp-content\/uploads\/sites\/566\/2021\/12\/TGA-e1640179120103-244x300.jpeg\" alt=\"\" width=\"183\" height=\"225\" srcset=\"https:\/\/sites.usp.br\/lapcat\/wp-content\/uploads\/sites\/566\/2021\/12\/TGA-e1640179120103-244x300.jpeg 244w, https:\/\/sites.usp.br\/lapcat\/wp-content\/uploads\/sites\/566\/2021\/12\/TGA-e1640179120103-400x491.jpeg 400w, https:\/\/sites.usp.br\/lapcat\/wp-content\/uploads\/sites\/566\/2021\/12\/TGA-e1640179120103.jpeg 725w\" sizes=\"auto, (max-width: 183px) 100vw, 183px\" \/><\/a><\/div><\/div>\n<div class=\"su-note\"  style=\"border-color:#d8d7d1;border-radius:4px;-moz-border-radius:4px;-webkit-border-radius:4px;\"><div class=\"su-note-inner su-u-clearfix su-u-trim\" style=\"background-color:#f2f1eb;border-color:#ffffff;color:#333333;border-radius:4px;-moz-border-radius:4px;-webkit-border-radius:4px;\">DSC &#8211; Calorimetria Explorat\u00f3ria Diferencial (Shimadzu)<\/p>\n<p><a href=\"https:\/\/sites.usp.br\/lapcat\/wp-content\/uploads\/sites\/566\/2021\/12\/DSC.jpeg\"><img loading=\"lazy\" decoding=\"async\" class=\"alignnone wp-image-723\" src=\"https:\/\/sites.usp.br\/lapcat\/wp-content\/uploads\/sites\/566\/2021\/12\/DSC-219x300.jpeg\" alt=\"\" width=\"164\" height=\"224\" srcset=\"https:\/\/sites.usp.br\/lapcat\/wp-content\/uploads\/sites\/566\/2021\/12\/DSC-219x300.jpeg 219w, https:\/\/sites.usp.br\/lapcat\/wp-content\/uploads\/sites\/566\/2021\/12\/DSC-747x1024.jpeg 747w, https:\/\/sites.usp.br\/lapcat\/wp-content\/uploads\/sites\/566\/2021\/12\/DSC-768x1053.jpeg 768w, https:\/\/sites.usp.br\/lapcat\/wp-content\/uploads\/sites\/566\/2021\/12\/DSC-400x549.jpeg 400w, https:\/\/sites.usp.br\/lapcat\/wp-content\/uploads\/sites\/566\/2021\/12\/DSC.jpeg 824w\" sizes=\"auto, (max-width: 164px) 100vw, 164px\" \/><\/a><\/div><\/div>\n<div class=\"su-note\"  style=\"border-color:#d8d7d1;border-radius:4px;-moz-border-radius:4px;-webkit-border-radius:4px;\"><div class=\"su-note-inner su-u-clearfix su-u-trim\" style=\"background-color:#f2f1eb;border-color:#ffffff;color:#333333;border-radius:4px;-moz-border-radius:4px;-webkit-border-radius:4px;\">Espectr\u00f4metro NIR &#8211; <em>Near Infrared<\/em> (Bruker)<\/p>\n<p><a href=\"https:\/\/sites.usp.br\/lapcat\/wp-content\/uploads\/sites\/566\/2022\/12\/20221201_092511-scaled.jpg\"><img loading=\"lazy\" decoding=\"async\" class=\"alignnone size-medium wp-image-801\" src=\"https:\/\/sites.usp.br\/lapcat\/wp-content\/uploads\/sites\/566\/2022\/12\/20221201_092511-300x225.jpg\" alt=\"\" width=\"300\" height=\"225\" srcset=\"https:\/\/sites.usp.br\/lapcat\/wp-content\/uploads\/sites\/566\/2022\/12\/20221201_092511-300x225.jpg 300w, https:\/\/sites.usp.br\/lapcat\/wp-content\/uploads\/sites\/566\/2022\/12\/20221201_092511-1024x768.jpg 1024w, https:\/\/sites.usp.br\/lapcat\/wp-content\/uploads\/sites\/566\/2022\/12\/20221201_092511-768x576.jpg 768w, https:\/\/sites.usp.br\/lapcat\/wp-content\/uploads\/sites\/566\/2022\/12\/20221201_092511-1536x1152.jpg 1536w, https:\/\/sites.usp.br\/lapcat\/wp-content\/uploads\/sites\/566\/2022\/12\/20221201_092511-2048x1536.jpg 2048w, https:\/\/sites.usp.br\/lapcat\/wp-content\/uploads\/sites\/566\/2022\/12\/20221201_092511-80x60.jpg 80w, https:\/\/sites.usp.br\/lapcat\/wp-content\/uploads\/sites\/566\/2022\/12\/20221201_092511-400x300.jpg 400w\" sizes=\"auto, (max-width: 300px) 100vw, 300px\" \/><\/a><\/div><\/div>\n<div class=\"su-note\"  style=\"border-color:#d8d7d1;border-radius:4px;-moz-border-radius:4px;-webkit-border-radius:4px;\"><div class=\"su-note-inner su-u-clearfix su-u-trim\" style=\"background-color:#f2f1eb;border-color:#ffffff;color:#333333;border-radius:4px;-moz-border-radius:4px;-webkit-border-radius:4px;\">Analisadores de \u00e1rea superficial BET e de volume e de di\u00e2metro de poros(Anton Paar)<\/p>\n<p><img loading=\"lazy\" decoding=\"async\" class=\"\" src=\"https:\/\/sites.usp.br\/lapcat\/wp-content\/uploads\/sites\/566\/2024\/10\/BET-1.jpeg\" width=\"208\" height=\"274\" \/><\/div><\/div>\n<div class=\"su-note\"  style=\"border-color:#d8d7d1;border-radius:4px;-moz-border-radius:4px;-webkit-border-radius:4px;\"><div class=\"su-note-inner su-u-clearfix su-u-trim\" style=\"background-color:#f2f1eb;border-color:#ffffff;color:#333333;border-radius:4px;-moz-border-radius:4px;-webkit-border-radius:4px;\">Difrat\u00f4metro de raios-X Multiuso Automatizado para p\u00f3s: XRDynamic 500 (Anton Paar)<\/p>\n<p><img loading=\"lazy\" decoding=\"async\" class=\"\" src=\"https:\/\/sites.usp.br\/lapcat\/wp-content\/uploads\/sites\/566\/2024\/10\/DRX.jpeg\" width=\"205\" height=\"312\" \/><\/div><\/div>\n<div class=\"su-note\"  style=\"border-color:#d8d7d1;border-radius:4px;-moz-border-radius:4px;-webkit-border-radius:4px;\"><div class=\"su-note-inner su-u-clearfix su-u-trim\" style=\"background-color:#f2f1eb;border-color:#ffffff;color:#333333;border-radius:4px;-moz-border-radius:4px;-webkit-border-radius:4px;\">Dens\u00edmetro, Viscos\u00edmetro Stabinger e Refrat\u00f4metro (Anton Paar)<\/p>\n<p><a href=\"https:\/\/sites.usp.br\/lapcat\/wp-content\/uploads\/sites\/566\/2022\/12\/20221201_094745-scaled.jpg\"><img loading=\"lazy\" decoding=\"async\" class=\"alignnone size-medium wp-image-805\" src=\"https:\/\/sites.usp.br\/lapcat\/wp-content\/uploads\/sites\/566\/2022\/12\/20221201_094745-225x300.jpg\" alt=\"\" width=\"225\" height=\"300\" srcset=\"https:\/\/sites.usp.br\/lapcat\/wp-content\/uploads\/sites\/566\/2022\/12\/20221201_094745-225x300.jpg 225w, https:\/\/sites.usp.br\/lapcat\/wp-content\/uploads\/sites\/566\/2022\/12\/20221201_094745-768x1024.jpg 768w, https:\/\/sites.usp.br\/lapcat\/wp-content\/uploads\/sites\/566\/2022\/12\/20221201_094745-1152x1536.jpg 1152w, https:\/\/sites.usp.br\/lapcat\/wp-content\/uploads\/sites\/566\/2022\/12\/20221201_094745-1536x2048.jpg 1536w, https:\/\/sites.usp.br\/lapcat\/wp-content\/uploads\/sites\/566\/2022\/12\/20221201_094745-400x533.jpg 400w, https:\/\/sites.usp.br\/lapcat\/wp-content\/uploads\/sites\/566\/2022\/12\/20221201_094745-scaled.jpg 1920w\" sizes=\"auto, (max-width: 225px) 100vw, 225px\" \/><\/a><\/div><\/div>","protected":false},"excerpt":{"rendered":"<p>O LaPCat disp\u00f5e de uma \u00e1rea total de 400 m2, dividida em: Laborat\u00f3rio de Alta Press\u00e3o Laborat\u00f3rio de Press\u00e3o Normal Laborat\u00f3rio de Pol\u00edmeros Laborat\u00f3rio de Caracteriza\u00e7\u00e3o F\u00edsica 1 Laborat\u00f3rio de Caracteriza\u00e7\u00e3o F\u00edsica 2 Laborat\u00f3rio de Caracteriza\u00e7\u00e3o in Situ Laborat\u00f3rio de Caracteriza\u00e7\u00e3o T\u00e9rmica e Qu\u00edmica Laborat\u00f3rio de Prepara\u00e7\u00e3o Laborat\u00f3rio de Calcina\u00e7\u00e3o Laborat\u00f3rio de Batelada Planta Piloto [&hellip;]<\/p>\n","protected":false},"author":1,"featured_media":0,"parent":0,"menu_order":0,"comment_status":"closed","ping_status":"closed","template":"","meta":{"footnotes":"","_links_to":"","_links_to_target":""},"class_list":["post-62","page","type-page","status-publish","hentry"],"_links":{"self":[{"href":"https:\/\/sites.usp.br\/lapcat\/wp-json\/wp\/v2\/pages\/62","targetHints":{"allow":["GET"]}}],"collection":[{"href":"https:\/\/sites.usp.br\/lapcat\/wp-json\/wp\/v2\/pages"}],"about":[{"href":"https:\/\/sites.usp.br\/lapcat\/wp-json\/wp\/v2\/types\/page"}],"author":[{"embeddable":true,"href":"https:\/\/sites.usp.br\/lapcat\/wp-json\/wp\/v2\/users\/1"}],"replies":[{"embeddable":true,"href":"https:\/\/sites.usp.br\/lapcat\/wp-json\/wp\/v2\/comments?post=62"}],"version-history":[{"count":5,"href":"https:\/\/sites.usp.br\/lapcat\/wp-json\/wp\/v2\/pages\/62\/revisions"}],"predecessor-version":[{"id":1358,"href":"https:\/\/sites.usp.br\/lapcat\/wp-json\/wp\/v2\/pages\/62\/revisions\/1358"}],"wp:attachment":[{"href":"https:\/\/sites.usp.br\/lapcat\/wp-json\/wp\/v2\/media?parent=62"}],"curies":[{"name":"wp","href":"https:\/\/api.w.org\/{rel}","templated":true}]}}