{"id":64,"date":"2014-02-12T11:28:54","date_gmt":"2014-02-12T13:28:54","guid":{"rendered":"http:\/\/sites.usp.br\/labcat\/?page_id=64"},"modified":"2023-06-15T15:40:34","modified_gmt":"2023-06-15T17:40:34","slug":"cursos","status":"publish","type":"page","link":"https:\/\/sites.usp.br\/lapcat\/cursos\/","title":{"rendered":"Cursos"},"content":{"rendered":"<span style=\"color: #808080;\"><strong>P\u00f3s-Gradua\u00e7\u00e3o<\/strong><\/span><\/p>\n<h3><span style=\"color: #333333;\"><strong>PQI5882 &#8211; Nanotecnologia Aplicada \u00e0 Engenharia Qu\u00edmica<\/strong><\/span><\/h3>\n<p><span style=\"color: #808080;\">Carga hor\u00e1ria: 120h<\/span><br \/>\n<span style=\"color: #808080;\">N\u00famero de cr\u00e9ditos: 8<\/span><\/p>\n<p><span style=\"color: #808080;\">Docentes Respons\u00e1veis: Martin Schmal e Reinaldo Giudici<\/span><\/p>\n<p><span style=\"color: #808080;\">O curso tem como finalidade apresentar os fundamentos em nanotecnologia, bem como suas aplica\u00e7\u00f5es em rea\u00e7\u00f5es qu\u00edmicas, catal\u00edticas e processos. O tema tem grande import\u00e2ncia para a forma\u00e7\u00e3o de pesquisadores no assunto, bem como para atualiza\u00e7\u00e3o dos pesquisadores que trabalham nas \u00e1reas fundamentais e tecnol\u00f3gicas envolvendo rea\u00e7\u00f5es qu\u00edmicas catal\u00edticas, processos catal\u00edticos, e caracteriza\u00e7\u00e3o de materiais. As t\u00e9cnicas modernas de estudo de rea\u00e7\u00f5es em superf\u00edcies envolvem a caracteriza\u00e7\u00e3o e a medi\u00e7\u00e3o das propriedades em n\u00edveis cada vez mais fundamentais, assim o curso contribui para introduzir aos participantes os conceitos modernos de qu\u00edmica de superf\u00edcie e interfaces e cat\u00e1lise em n\u00edvel molecular.<\/span><\/p>\n<p>&nbsp;<\/p>\n<h3><span style=\"color: #333333;\"><strong>PQI5887 &#8211; Problemas Especiais em Nanotecnologia Aplicada<\/strong><\/span><\/h3>\n<p><span style=\"color: #808080;\">Carga hor\u00e1ria: 120h<\/span><br \/>\n<span style=\"color: #808080;\">N\u00famero de cr\u00e9ditos: 8<\/span><\/p>\n<p><span style=\"color: #808080;\">Docente Respons\u00e1vel: Martin Schmal<\/span><\/p>\n<p><span style=\"color: #808080;\">Estudo de temas espec\u00edficos de nanotecnologia aplicada a processos, focando problemas de interesse do aluno nos trabalhos de pesquisas. ser\u00e3o abordados temas de s\u00edntese de materiais, caracteriza\u00e7\u00e3o e aplica\u00e7\u00f5es em processos, qu\u00edmicos, materiais e biomateriais. se poss\u00edvel ser\u00e3o feitos estudos experimentais em s\u00edntese e caracteriza\u00e7\u00e3o.<\/span><\/p>\n<p>&nbsp;<\/p>\n<h3><span style=\"color: #333333;\"><strong>PQI5858 &#8211; An\u00e1lise Estat\u00edstica Multivari\u00e1vel Aplicada a Processos Qu\u00edmicos<\/strong><\/span><\/h3>\n<p><span style=\"color: #808080;\">Carga hor\u00e1ria: 120h<\/span><br \/>\n<span style=\"color: #808080;\">N\u00famero de cr\u00e9ditos: 8<\/span><\/p>\n<p><span style=\"color: #808080;\">Docentes Respons\u00e1veis: Rita Maria de Brito Alves, Roberto Guardani e Cl\u00e1udio Oller<\/span><\/p>\n<p><span style=\"color: #808080;\">A disciplina tem como objetivo principal a compreens\u00e3o das intera\u00e7\u00f5es entre as diversas vari\u00e1veis de um processo qu\u00edmico, por meio da interpreta\u00e7\u00e3o dos resultados da aplica\u00e7\u00e3o de t\u00e9cnicas de estat\u00edstica multivariada\/machine learning (ML) aos dados de opera\u00e7\u00e3o de unidades industriais. O curso foi estruturado, conforme as demandas do mercado, visando extrair informa\u00e7\u00f5es relevantes a partir de grandes volumes de dados, para a melhoria do desempenho do processo e da qualidade do produto final.<\/span><\/p>\n<p>&nbsp;<\/p>\n<h3><span style=\"color: #333333;\"><strong>PQI5866 &#8211; Modelagem e Simula\u00e7\u00e3o para Projeto e An\u00e1lise de Processo<\/strong><\/span><\/h3>\n<p><span style=\"color: #808080;\">Carga hor\u00e1ria: 120h<\/span><br \/>\n<span style=\"color: #808080;\">N\u00famero de cr\u00e9ditos: 8<\/span><\/p>\n<p><span style=\"color: #808080;\">Docente Respons\u00e1vel: Rita Maria de Brito Alves<\/span><\/p>\n<p><span style=\"color: #808080;\">O objetivo da disciplina \u00e9 apresentar os conceitos fundamentais de como modelos matem\u00e1ticos de processos qu\u00edmicos s\u00e3o constru\u00eddos e demonstrar suas aplica\u00e7\u00f5es na simula\u00e7\u00e3o em sistemas de engenharia qu\u00edmica. O objetivo \u00e9 fornecer ferramentas para o tratamento integrado na descri\u00e7\u00e3o do processo, modelagem matem\u00e1tica e simula\u00e7\u00e3o de problemas reais, atrav\u00e9s de modelos de processos robustos associados, t\u00e9cnicas num\u00e9ricas eficientes e uso de simuladores comerciais. Dessa forma, \u00e9 poss\u00edvel familiarizar os alunos com a modelagem e simula\u00e7\u00e3o de unidades industriais simples e complexas, atrav\u00e9s de um grande n\u00famero de exemplos para o entendimento dos conceitos e uso de simuladores comerciais e desenvolvimento de programas pr\u00f3prios.<\/span><\/p>\n<p>&nbsp;<\/p>\n<h3><span style=\"color: #333333;\"><strong>PQI5824 &#8211; Engenharia de Rea\u00e7\u00f5es de Polimeriza\u00e7\u00e3o<\/strong><\/span><\/h3>\n<p><span style=\"color: #808080;\">Carga hor\u00e1ria: 120h<\/span><br \/>\n<span style=\"color: #808080;\">N\u00famero de cr\u00e9ditos: 8<\/span><\/p>\n<p><span style=\"color: #808080;\">Docente Respons\u00e1vel: Reinaldo Giudici<\/span><\/p>\n<p><span style=\"color: #808080;\">Objetiva-se o estudo dos processos de polimeriza\u00e7\u00e3o buscando um entendimento de como o mecanismo de polimeriza\u00e7\u00e3o, o tipo de reator e o seu modo de opera\u00e7\u00e3o afetam as caracter\u00edsticas do pol\u00edmero produzido, bem como a produtividade do processo, ou seja, com o enfoque de Engenharia de Rea\u00e7\u00f5es de Polimeriza\u00e7\u00e3o. Estudo e aplica\u00e7\u00e3o de conceitos de modelagem matem\u00e1tica de processos de polimeriza\u00e7\u00e3o (&#8220;Polymerization Reaction Engineering&#8221;).<\/span><\/p>\n<p>&nbsp;<\/p>\n<h3><span style=\"color: #333333;\"><strong>PQI5895 &#8211; Circularidade e Engenharia de Pol\u00edmeros<\/strong><\/span><\/h3>\n<p><span style=\"color: #808080;\">Carga hor\u00e1ria: 120h<\/span><br \/>\n<span style=\"color: #808080;\">N\u00famero de cr\u00e9ditos: 8<\/span><\/p>\n<p><span style=\"color: #808080;\">Docente Respons\u00e1vel: Reinaldo Giudici<\/span><\/p>\n<p><span style=\"color: #808080;\">Desenvolver capacidades t\u00e9cnicas relacionadas \u00e0 utiliza\u00e7\u00e3o dos conceitos de circularidade e sustentabilidade aplicados \u00e0 engenharia de pol\u00edmeros, com os objetivos de: (i) promover o desenvolvimento de solu\u00e7\u00f5es inovadoras para o problema de produ\u00e7\u00e3o e processamento sustent\u00e1vel de resinas polim\u00e9ricas; (ii) reduzir a polui\u00e7\u00e3o resultante da disposi\u00e7\u00e3o incorreta de res\u00edduos s\u00f3lidos urbanos, em particular de res\u00edduos pl\u00e1sticos; (iii) promover a difus\u00e3o dos conceitos de circularidade e sustentabilidade na comunidade t\u00e9cnica e cient\u00edfica de pol\u00edmeros; (iv) propiciar o desenvolvimento das capacidades sociais, organizativas e metodol\u00f3gicas da comunidade de pol\u00edmeros, adequadas \u00e0s diferentes situa\u00e7\u00f5es acad\u00eamicas e profissionais.<\/span>","protected":false},"excerpt":{"rendered":"<p>P\u00f3s-Gradua\u00e7\u00e3o PQI5882 &#8211; Nanotecnologia Aplicada \u00e0 Engenharia Qu\u00edmica Carga hor\u00e1ria: 120h N\u00famero de cr\u00e9ditos: 8 Docentes Respons\u00e1veis: Martin Schmal e Reinaldo Giudici O curso tem como finalidade apresentar os fundamentos em nanotecnologia, bem como suas aplica\u00e7\u00f5es em rea\u00e7\u00f5es qu\u00edmicas, catal\u00edticas e processos. O tema tem grande import\u00e2ncia para a forma\u00e7\u00e3o de pesquisadores no assunto, bem [&hellip;]<\/p>\n","protected":false},"author":1,"featured_media":0,"parent":0,"menu_order":0,"comment_status":"closed","ping_status":"closed","template":"","meta":{"footnotes":"","_links_to":"","_links_to_target":""},"class_list":["post-64","page","type-page","status-publish","hentry"],"_links":{"self":[{"href":"https:\/\/sites.usp.br\/lapcat\/wp-json\/wp\/v2\/pages\/64","targetHints":{"allow":["GET"]}}],"collection":[{"href":"https:\/\/sites.usp.br\/lapcat\/wp-json\/wp\/v2\/pages"}],"about":[{"href":"https:\/\/sites.usp.br\/lapcat\/wp-json\/wp\/v2\/types\/page"}],"author":[{"embeddable":true,"href":"https:\/\/sites.usp.br\/lapcat\/wp-json\/wp\/v2\/users\/1"}],"replies":[{"embeddable":true,"href":"https:\/\/sites.usp.br\/lapcat\/wp-json\/wp\/v2\/comments?post=64"}],"version-history":[{"count":4,"href":"https:\/\/sites.usp.br\/lapcat\/wp-json\/wp\/v2\/pages\/64\/revisions"}],"predecessor-version":[{"id":848,"href":"https:\/\/sites.usp.br\/lapcat\/wp-json\/wp\/v2\/pages\/64\/revisions\/848"}],"wp:attachment":[{"href":"https:\/\/sites.usp.br\/lapcat\/wp-json\/wp\/v2\/media?parent=64"}],"curies":[{"name":"wp","href":"https:\/\/api.w.org\/{rel}","templated":true}]}}