{"id":122,"date":"2016-06-14T11:43:00","date_gmt":"2016-06-14T13:43:00","guid":{"rendered":"http:\/\/sites.usp.br\/lapepg\/?page_id=122"},"modified":"2025-03-11T10:18:09","modified_gmt":"2025-03-11T12:18:09","slug":"capitulos","status":"publish","type":"page","link":"https:\/\/sites.usp.br\/lapepg\/publicacoes\/capitulos\/","title":{"rendered":"Cap\u00edtulos de livro"},"content":{"rendered":"<p>GUANAES-LORENZI, C.; Mattos, B.S, . Quando o tema da viol\u00eancia sexual aparece nas reuni\u00f5es familiares em sa\u00fade mental: recursos para constru\u00e7\u00e3o de di\u00e1logos seguros. In: Marlene Magnabosco Marra; Liana Fortunato Costa; Silvia Renata Lordello. (Org.). Viol\u00eancia sexual contra crian\u00e7as e adolescentes: Desafios atuais na implementa\u00e7\u00e3o de a\u00e7\u00f5es pr\u00e1ticas. 1ed.Curitiba: CRV, 2024, v. 1, p. 199-214.<\/p>\n<p>GUANAES-LORENZI, C.; Doricci, G..C ; GONZAGA, D.S.K. . M\u00e9todos grupais na pesquisa em sa\u00fade. In: Eliane Regina Pereira, Emerson Fernando Rasera, Renata Fabiana Pegoraro. (Org.). Pesquisa Qualitativa em Psicologia Social e Sa\u00fade. 1ed.Florian\u00f3polis, SC: Editora da UFSC, 2024, v. 1, p. 303-325.<\/p>\n<p>Mattos, B.S, ; GUANAES-LORENZI, C. . Articulando conversas por meio de um documento coletivo: possibilidades de pesquisa anrrativa e colaborativa. In: Marilene Grandesso. (Org.). A Constru\u00e7\u00e3o Social de Pr\u00e1ticas Relacionais: Di\u00e1logo e Colabora\u00e7\u00e3o em A\u00e7\u00e3o. 1ed.Curitiba: Editora CRV, 2024, v. 1, p. 291-301.<\/p>\n<p>Guedes, A.G. ; RASERA, E. F. ; GUANAES-LORENZI, C. . Os estudos construcionistas sociais sobre viol\u00eancia nas disserta\u00e7\u00f5es e teses brasileiras. In: Marilene A. Grandesso. (Org.). A Constru\u00e7\u00e3o Social de Pr\u00e1ticas Relacionais: Di\u00e1logo e Colabora\u00e7\u00e3o em A\u00e7\u00e3o. 1ed.Curitiba: Editora CRV, 2024, v. 1, p. 265-276.<\/p>\n<p>CORRADI-WEBSTER, C. ; Ara\u00fajo, C.N.P ; GUANAES-LORENZI, C. . Construcionismo social: contribui\u00e7\u00f5es para o campo de estudos de \u00e1lcool e outras drogas. In: Pedro Henrique A. da Costa; K\u00edssila Teixeira Mendes; Marcelo Dalla Vechia; Telmo Mota Ronzani. (Org.). Epistemologia das drogas: teorias, conceitos e implica\u00e7\u00f5es pr\u00e1tico-pol\u00edticas. 1ed.Curitiba: Editora da UFPR, 2024, v. 1, p. 95-115.<\/p>\n<p>PAULA-RAVAGNANI, G. S. ; GUANAES-LORENZI, C. . Norteadores para o uso de teorias e t\u00e9cnicas na pr\u00e1tica cl\u00ednica em terapia familiar. In: Laura Cristina Eiras Coelho Soares; Rosana Lazaro Rapizo. (Org.). Pr\u00e1ticas e saberes psicol\u00f3gicos com fam\u00edlias em diferentes contextos: cl\u00ednica, comunidade, sa\u00fade e sistema de justi\u00e7a. 1ed.Curitiba: CRV, 2023, v. 1, p. 107-121.<\/p>\n<p>Farnochi, G.M. ; GUANAES-LORENZI, CARLA ; FERREIRA, C.B. . Mem\u00f3rias sobre momentos marcantes vividos em terapia de casal. In: Clarissa Mendon\u00e7a Corradi-Webster; Carla Guanaes-Lorenzi, Francirosy Campos Barbosa; Luciana Carla dos Santos Elias; S\u00f4nia Regina Pasian. (Org.). Comportamento humano em diferentes vertentes: estudos contempor\u00e2neos. 1ed.S\u00e3o Carlos: Pedro &#038; Jo\u00e3o Editores, 2022, v. 1, p. 23-40.<\/p>\n<p>GUANAES-LORENZI, C.; Doricci, G..C ; Pozzer, L.A. . Revisitando a teoria do posicionamento: contribui\u00e7\u00f5es para a pratica em terapia familiar e de casal. In: Marilene A. Grandesso. (Org.). Construcionismo social e pr\u00e1ticas colaborativo-dial\u00f3gicas a servi\u00e7o de a\u00e7\u00f5es generativas e humanizadoras. 1ed.Curitiba: CRV, 2022, v. 1, p. 177-193.<\/p>\n<p>GONZAGA, D.S.K. ; GUANAES-LORENZI, C. . Elucidando processos investigativos em formatos de pesquisa-a\u00e7\u00e3o colaborativa. In: Dila Mello; Viviane Bengezen; Luciana Kind. (Org.). Percursos metodol\u00f3gicos inventivos: desafios e pot\u00eancias na escrita acad\u00eamica. 1ed.: , 2021, v. 1, p. 169-189.<\/p>\n<p>ANDRADE, V. N. G. ; BORGES, L. S. ; GUANAES-LORENZI, C. . De v\u00edtima \u00e0 autora do crime: o sistema de justi\u00e7a e o fluxo de viol\u00eancia cometida contra uma travesti brasileira. In: S\u00f4nia Regina Pasian; Ana Paula Soares da Silva; Clarissa Mendon\u00e7a Corradi-Webster; Marina Greghi Sticca; Daniela Sacramento Zanini; S\u00f4nia Grubitiz. (Org.). Identidade e vulnerabilidade humana em diferentes contextos: contribui\u00e7\u00f5es da Psicologia. 1ed.Curitiba: CRV, 2020, v. 1, p. 63-78.<\/p>\n<p>GONZAGA, D.S.K. ; DIB, P.N ; GUANAES-LORENZI, C. ; BORGES, L. S. . Identidade e Relacionamentos entre pessoas do mesmo sexo: estudo da literatura acad\u00eamica. In: S\u00f4nia Regina Pasian; Ana Paula Soares da Silva; Clarissa Mendon\u00e7a Corradi-Webster; Marina Greghi Sticca; Daniela Sacramento Zanini; S\u00f4nia Grubitiz. (Org.). Identidade e vulnerabilidade humana em diferentes contextos: contribui\u00e7\u00f5es da Psicologia. 1ed.Curitiba: CRV, 2020, v. 1, p. 311-328.<\/p>\n<p>GUANAES-LORENZI, C.; MARTINS, PEDRO PABLO SAMPAIO . Processos Reflexivos no Trabalho com Fam\u00edlias em Sa\u00fade Mental: Construindo Democracia nos Di\u00e1logos do Cotidiano. In: Adela G.Garcia; Leticia G. Rodriguez; Helena Maffei Cruz. (Org.). Palabras, Movimientos y Emociones Nuestro homenaje a Tom Andersen. 1ed.Chagrin Falls, Ohio: Taos Institute Publications, 2020, v. 1, p. 303-327.<\/p>\n<p>GUANAES-LORENZI, C.. Al\u00e9m da resigna\u00e7\u00e3o. In: Murilo dos Santos Moscheta; Laura Vilela e Souza; Emerson F. Rasera. (Org.). A dimens\u00e3o pol\u00edtica do pesquisar no cotidiano. 1ed.S\u00e3o Paulo: Letra e voz, 2020, v. 1, p. 12-15.<\/p>\n<p>RASERA, E.F ; GONZAGA, D.S.K. ; GUANAES-LORENZI, C. . A pesquisa &#8220;com especialistas por experi\u00eancia&#8221; na literatura psi: desafios da democratiza\u00e7\u00e3o na produ\u00e7\u00e3o do conhecimento. A dimens\u00e3o pol\u00edtica do pesquisar no cotidiano. 1ed.S\u00e3o Paulo: Letra e voz, 2020, v. 1, p. 146-168.<\/p>\n<p> RASERA, E. F. ; GUANAES-LORENZI, C. . Contributions of social constructionism to group work. In: Sheila McNamee; Mary M.Gergen,. Celiane Camargo-Borges; Emerson F.Rasera. (Org.). The sage handbook of social constructionist practice. 1ed.London: Sage, 2020, v. 1, p. 160-170.<\/p>\n<p>RASERA, E.F ; VIEIRA JUNIOR, E. N. ; GUANAES-LORENZI, C. . A difus\u00e3o do construcionismo social no Brasil: an\u00e1lise das produ\u00e7\u00f5es de teses e disserta\u00e7\u00f5es. In: Marilene A. Grandesso. (Org.). Construcionismo social e pr\u00e1ticas colaborativo-dial\u00f3gicas: contexto de a\u00e7\u00f5es transformadoras. 1ed.Curitiba: CRV, 2019, v. 1, p. 37-56.<\/p>\n<p>GUANAES-LORENZI, C.; GONZAGA, D.S.K. . Colabora\u00e7\u00e3o com profissionais de sa\u00fade como princ\u00edpio para desenvolvimento de a\u00e7\u00e3o com adolescentes. In: Marilene A. Grandesso. (Org.). Construcionismo social e pr\u00e1ticas colaborativo-dial\u00f3gicas: contexto de a\u00e7\u00f5es transformadoras. 1ed.Curitiba: CRV, 2019, v. 1, p. 305-324.<\/p>\n<p>GUANAES-LORENZI, C.; MARTINS, P. P. S. ; CORRADI-WEBSTER, C. M. ; Amorim, K.S. ; RASERA, Emerson Fernando ; MOSCHETA, M.S. . Por uma democracia participativa: uma entrevista com John Shotter. In: Marilene A. Grandesso. (Org.). Colabora\u00e7\u00e3o e di\u00e1logo: aportes te\u00f3ricos e possibilidades pr\u00e1ticas. 1ed.Curitiba: CRV, 2018, v. 1, p. 105-116.<\/p>\n<p>Santos, M.V. ; GUANAES-LORENZI, C. . Quando o transtorno de personalidade borderline passou a fazer parte da sua vida?. In: Marilene A. Grandesso. (Org.). Colabora\u00e7\u00e3o e di\u00e1logo: aportes te\u00f3ricos e possibilidades pr\u00e1ticas. 1ed.Curitiba: CRV, 2018, v. 1, p. 251-270.<\/p>\n<p>MARTINS, P. P. S. ; GUANAES-LORENZI, C. . &#8220;Hoje, ele est\u00e1 dentro da hist\u00f3ria&#8221;: construindo espa\u00e7os de participa\u00e7\u00e3o em conversas com fam\u00edlias. In: Marilene A. Grandesso. (Org.). Colabora\u00e7\u00e3o e di\u00e1logo: aportes te\u00f3ricos e possibilidades pr\u00e1ticas. 1ed.Curitiba: CRV, 2018, v. 1, p. 341-359.<\/p>\n<p>GUANAES-LORENZI, C.; MARTINS, P. P. S. ; Santos, M.V. . Atendimento a fam\u00edlias e casais em contextos de sa\u00fade mental. In: Luciana Carla dos Santos Elias; Clarissa Mendon\u00e7a Corradi-Webster. Eria Arantes Oliveira-Cardoso, Sylvia Domingos Barreira. (Org.). Forma\u00e7\u00e3o profissional em psicologia: pr\u00e1ticas comprometidas com a comunidade. 1ed.Ribeir\u00e3o Preto: Sociedade Brasileira de Psicologia, 2018, v. 1, p. 131-152.<\/p>\n<p>MARTINS, P. P. S. ; GUANAES-LORENZI, C. . Autorrevela\u00e7\u00e3o como recurso conversacional em terapia. In: Emerson F. Rasera; Karin Taviernes; Oriana Vilches-\u00c1lvarez. (Org.). Construccionismo social en accion: Pr\u00e1cticas inspiradoras en diferentes contextos. 1ed.Chagrin Falls, Ohio: Taos Institute Publication, 2017, v. 1, p. 391-418.<\/p>\n<p>VIEIRA JUNIOR, E. N. ; RASERA, E. F. ; GUANAES-LORENZI, CARLA . Educa\u00e7\u00e3o como constru\u00e7\u00e3o social: Aproxima\u00e7\u00f5es entre Construcionismo Social e educa\u00e7\u00e3o na literatura brasileira. Construccionismo social en accion: Pr\u00e1cticas inspiradoras en diferentes contextos. 1ed.Chagrin Falls, Ohio: Taos Institute Publications, 2017, v. &#8216;, p. 317-342.<\/p>\n<p>GUANAES-LORENZI, C.. Recursos para facilita\u00e7\u00e3o de grupos em um enfoque construcionista social. In: Marilene A. Grandesso. (Org.). Pr\u00e1ticas colaborativas e dial\u00f3gicas em distintos contextos e popula\u00e7\u00f5es: um di\u00e1logo entre teoria e pr\u00e1ticas. 1ed.Curitiva: CRV, 2017, v. 1, p. 399-418.<\/p>\n<p>RASERA, Emerson F ; VIEIRA JUNIOR, E. N. ; GUANAES-LORENZI, CARLA . Notas sobre os estudos construcionistas sociais sobre g\u00eanero e sexualidades no Brasil. In: Marlene Neves Strey; Sabrina Daiana C\u00fanico. (Org.). Teorias de G\u00eanero: feminismos e transgress\u00e3o. 1ed.Porto Alegre: EDIPUCRS, 2016, v. III, p. 110-131.<\/p>\n<p>GUANAES-LORENZI, C.. From working with groups to work as a group: reflections of group practice in the Family Health Strategy. In: Emerson F. Rasera. (Org.). Social Constructionist Perspectives on Group Work. 1ed.Chagrin Falls, Ohio: Taos Institute Press, 2015, v. 1, p. 41-50.<\/p>\n<p>GUANAES-LORENZI, C.; PALACIO, M. B. ; Aoki, F.C.O.S. ; Tofoli, S.M.C. . Superando o discurso do d\u00e9ficit no trabalho com fam\u00edlias em contextos de sa\u00fade mental. In: Rosa Maria Stefanini de Macedo. (Org.). Expandindo horizontes da terapia familiar. 1ed.Curitiba: CRV, 2015, v. 1, p. 13-38.<\/p>\n<p>Martins, P.P.S. ; Santos, M.V. ; GUANAES-LORENZI, C. . Participa\u00e7\u00e3o da fam\u00edlia no tratamento em sa\u00fade mental: hist\u00f3rias sobre di\u00e1logo e inclus\u00e3o. In: Guanaes-Lorenzi, C.; Moscheta, M.S; Corradi-Webster, C.; Souza, L.V.. (Org.). Construcionismo social: discurso, pr\u00e1tica e produ\u00e7\u00e3o de conhecimento. 1ed.Rio de Janeiro: Editora Noos, 2014, v. 1, p. 153-170.<\/p>\n<p>GUANAES-LORENZI, C.. Construcionismo social: tens\u00f5es e possibilidades de um movimento em permanente constru\u00e7\u00e3o. In: Guanaes-Lorenzi, C.; Moscheta, M.S; Corradi-Webster, C.; Souza, L.V.. (Org.). Construcionismo social: discurso, pr\u00e1tica e produ\u00e7\u00e3o de conhecimento. 1ed.Rio de Janeiro: Instituto Noos, 2014, v. 1, p. 89-104.<\/p>\n<p>JAPUR, Marisa ; GUANAES, C. ; RASERA, Emerson Fernando . Otherness in the therapeutic context: the social construction of change. In: L\u00edvia Mathias Sim\u00e3o; Jann Valsiner. (Org.). Otherness in question. Charlotte, North Carolina: Information Age Publishing, 2007, v. , p. 125-161.<\/p>\n<p>OLIVEIRA, Z.M.R. ; GUANAES, C. ; COSTA, Nina Rosa Do Amaral . Discutindo o conceito de jogos de papel: uma interface com a teoria do posicionamento. In: Rossetti-Ferreira, M.C.; Amorin, K.S.; Silva, A.P.S.; Carvalho, A.M.A.. (Org.). Rede de significa\u00e7\u00f5es: uma nova perspectiva te\u00f3rico-metodol\u00f3gica.. Porto Alegre: Artes M\u00e9dicas, 2003, v. , p. 69-80.<\/p>\n","protected":false},"excerpt":{"rendered":"<p>GUANAES-LORENZI, C.; Mattos, B.S, . Quando o tema da viol\u00eancia sexual aparece nas reuni\u00f5es familiares em sa\u00fade mental: recursos para constru\u00e7\u00e3o de di\u00e1logos seguros. In: Marlene Magnabosco Marra; Liana Fortunato Costa; Silvia Renata Lordello. (Org.). Viol\u00eancia sexual contra crian\u00e7as e adolescentes: Desafios atuais na implementa\u00e7\u00e3o de a\u00e7\u00f5es pr\u00e1ticas. 1ed.Curitiba: CRV, 2024, v. 1, p. 199-214. [&hellip;]<\/p>\n","protected":false},"author":248,"featured_media":0,"parent":64,"menu_order":1,"comment_status":"closed","ping_status":"closed","template":"","meta":{"footnotes":"","_links_to":"","_links_to_target":""},"class_list":["post-122","page","type-page","status-publish","hentry"],"_links":{"self":[{"href":"https:\/\/sites.usp.br\/lapepg\/wp-json\/wp\/v2\/pages\/122","targetHints":{"allow":["GET"]}}],"collection":[{"href":"https:\/\/sites.usp.br\/lapepg\/wp-json\/wp\/v2\/pages"}],"about":[{"href":"https:\/\/sites.usp.br\/lapepg\/wp-json\/wp\/v2\/types\/page"}],"author":[{"embeddable":true,"href":"https:\/\/sites.usp.br\/lapepg\/wp-json\/wp\/v2\/users\/248"}],"replies":[{"embeddable":true,"href":"https:\/\/sites.usp.br\/lapepg\/wp-json\/wp\/v2\/comments?post=122"}],"version-history":[{"count":4,"href":"https:\/\/sites.usp.br\/lapepg\/wp-json\/wp\/v2\/pages\/122\/revisions"}],"predecessor-version":[{"id":747,"href":"https:\/\/sites.usp.br\/lapepg\/wp-json\/wp\/v2\/pages\/122\/revisions\/747"}],"up":[{"embeddable":true,"href":"https:\/\/sites.usp.br\/lapepg\/wp-json\/wp\/v2\/pages\/64"}],"wp:attachment":[{"href":"https:\/\/sites.usp.br\/lapepg\/wp-json\/wp\/v2\/media?parent=122"}],"curies":[{"name":"wp","href":"https:\/\/api.w.org\/{rel}","templated":true}]}}