{"id":124,"date":"2016-06-14T11:43:23","date_gmt":"2016-06-14T13:43:23","guid":{"rendered":"http:\/\/sites.usp.br\/lapepg\/?page_id=124"},"modified":"2025-03-11T13:43:56","modified_gmt":"2025-03-11T15:43:56","slug":"livros","status":"publish","type":"page","link":"https:\/\/sites.usp.br\/lapepg\/publicacoes\/livros\/","title":{"rendered":"Livros"},"content":{"rendered":"<p><a href=\"https:\/\/sites.usp.br\/lapepg\/wp-content\/uploads\/sites\/140\/2025\/03\/livro-2.jpg\"><img loading=\"lazy\" decoding=\"async\" class=\"alignleft wp-image-761 \" src=\"https:\/\/sites.usp.br\/lapepg\/wp-content\/uploads\/sites\/140\/2025\/03\/livro-2-206x300.jpg\" alt=\"\" width=\"126\" height=\"184\" srcset=\"https:\/\/sites.usp.br\/lapepg\/wp-content\/uploads\/sites\/140\/2025\/03\/livro-2-206x300.jpg 206w, https:\/\/sites.usp.br\/lapepg\/wp-content\/uploads\/sites\/140\/2025\/03\/livro-2-702x1024.jpg 702w, https:\/\/sites.usp.br\/lapepg\/wp-content\/uploads\/sites\/140\/2025\/03\/livro-2-400x583.jpg 400w, https:\/\/sites.usp.br\/lapepg\/wp-content\/uploads\/sites\/140\/2025\/03\/livro-2.jpg 764w\" sizes=\"auto, (max-width: 126px) 100vw, 126px\" \/><\/a>CORRADI-WEBSTER, C. (Org.) ; GUANAES-LORENZI, C. (Org.) ; Candeloro, N.S.V (Org.) ; Borges, P.E.I. (Org.) ; Ferri, V. (Org.) . Livro de Resumos do XV Semin\u00e1rio de Pesquisa Programa de P\u00f3s-Gradua\u00e7\u00e3o em Psicologia. 1. ed. Ribeir\u00e3o Preto: Programa de P\u00f3s-Gradua\u00e7\u00e3o em Psicologia, FFCLRP, 2024. v. 1. 133p .<\/p>\n<p>&nbsp;<\/p>\n<p>&nbsp;<\/p>\n<p>&nbsp;<\/p>\n<p><a href=\"https:\/\/sites.usp.br\/lapepg\/wp-content\/uploads\/sites\/140\/2025\/03\/livro-1.jpeg\"><img loading=\"lazy\" decoding=\"async\" class=\"alignleft wp-image-752 \" src=\"https:\/\/sites.usp.br\/lapepg\/wp-content\/uploads\/sites\/140\/2025\/03\/livro-1.jpeg\" alt=\"\" width=\"131\" height=\"189\" \/><\/a>GUANAES-LORENZI, C.; MARTINS, P. P. S. . A comunica\u00e7\u00e3o dial\u00f3gica na pr\u00e1tica das reuni\u00f5es familiares em sa\u00fade mental. 1. ed. S\u00e3o Carlos: Pedro &amp; Jo\u00e3o Editores, 2023. v. 1. 211p.\u00a0 Clique <a href=\"https:\/\/pedroejoaoeditores.com.br\/produto\/a-comunicacao-dialogica-na-pratica-das-reunioes-familiares-em-saude-mental\/\">aqui<\/a> para adquiri-lo.<\/p>\n<p>&nbsp;<\/p>\n<p>&nbsp;<\/p>\n<p>&nbsp;<\/p>\n<p>&nbsp;<\/p>\n<p><a href=\"https:\/\/sites.usp.br\/lapepg\/wp-content\/uploads\/sites\/140\/2022\/04\/comportamento-humano-em-diferentes-vertentes.png\"><img loading=\"lazy\" decoding=\"async\" class=\"wp-image-696 alignleft\" src=\"https:\/\/sites.usp.br\/lapepg\/wp-content\/uploads\/sites\/140\/2022\/04\/comportamento-humano-em-diferentes-vertentes-223x300.png\" alt=\"\" width=\"131\" height=\"176\" srcset=\"https:\/\/sites.usp.br\/lapepg\/wp-content\/uploads\/sites\/140\/2022\/04\/comportamento-humano-em-diferentes-vertentes-223x300.png 223w, https:\/\/sites.usp.br\/lapepg\/wp-content\/uploads\/sites\/140\/2022\/04\/comportamento-humano-em-diferentes-vertentes-400x538.png 400w, https:\/\/sites.usp.br\/lapepg\/wp-content\/uploads\/sites\/140\/2022\/04\/comportamento-humano-em-diferentes-vertentes.png 482w\" sizes=\"auto, (max-width: 131px) 100vw, 131px\" \/><\/a>GUANAES-LORENZI, C, CORRADI-WEBSTER, C.M., CAMPOS BARBOSA, F, DOS SANTOS ELIAS, L.C &amp; PASIAN, S.R, (orgs). Comportamento Humano em diferentes vertentes: Estudos contempor\u00e2neos. S\u00e3o Carlos: Pedro &amp; Jo\u00e3o editores. 2022.\u00a0 Clique <a href=\"https:\/\/pedroejoaoeditores.com.br\/site\/comportamento-humano-em-diferentes-vertentes-estudos-contemporaneos\/\">aqui<\/a> para adquiri-lo.<\/p>\n<p>&nbsp;<\/p>\n<p>&nbsp;<\/p>\n<p>&nbsp;<\/p>\n<p><a href=\"\/\/sites.usp.br\/lapepg\/wp-content\/uploads\/sites\/140\/2016\/06\/Capa-ebook-Sa\u00fade-red.jpg\"><img loading=\"lazy\" decoding=\"async\" class=\" wp-image-323 alignleft\" src=\"\/\/sites.usp.br\/lapepg\/wp-content\/uploads\/sites\/140\/2016\/06\/Capa-ebook-Sa\u00fade-red-214x300.jpg\" alt=\"\" width=\"119\" height=\"164\" \/><\/a>GUANAES-LORENZI, C.; MOTTA, C. C. L. (Org.) ; BORGES, L. M. (Org.) ; ZURBA, M. C. (Org.) ; VECCHIA, M. D. (Org.) . Psicologia Social e Sa\u00fade: da dimens\u00e3o cultural \u00e0 pol\u00edtico-institucional (E-book). 1. ed. Florian\u00f3polis: Abrapso\/ Edi\u00e7\u00f5es do Bosque, 2015. v. 1. 450p <a href=\"https:\/\/repositorio.ufsc.br\/bitstream\/handle\/123456789\/132274\/Psicologia%20social%20e%20Sa%C3%BAde%20pdfA.pdf?sequence=1&amp;isAllowed=y\">PDF<\/a><\/p>\n<p>&nbsp;<\/p>\n<p>&nbsp;<\/p>\n<p>&nbsp;<\/p>\n<p><a href=\"\/\/sites.usp.br\/lapepg\/wp-content\/uploads\/sites\/140\/2016\/06\/AF_Construcionismo_capa_final_v-lida-206x326.jpg\"><img loading=\"lazy\" decoding=\"async\" class=\"wp-image-325 alignleft\" src=\"\/\/sites.usp.br\/lapepg\/wp-content\/uploads\/sites\/140\/2016\/06\/AF_Construcionismo_capa_final_v-lida-206x326-190x300.jpg\" alt=\"\" width=\"117\" height=\"179\" \/><\/a>GUANAES-LORENZI, C, MOSCHETA, M.S., CORRADI-WEBSTER, C.M. &amp; SOUZA, L.V. (orgs). Construcionismo Social: discurso, pr\u00e1tica e produ\u00e7\u00e3o do conhecimento. Rio de Janeiro: Instituto Noos, 2014. Clique <a href=\"https:\/\/institutonoos.commercesuite.com.br\/livros\/construcionismo-social-discurso-pratica-e-producao-do-conhecimento\">aqui<\/a> para adquiri-lo.<\/p>\n<p>&nbsp;<\/p>\n<p>&nbsp;<\/p>\n<p>&nbsp;<\/p>\n<p>&nbsp;<\/p>\n<p><a href=\"\/\/sites.usp.br\/lapepg\/wp-content\/uploads\/sites\/140\/2016\/06\/8575851411.jpg\"><img loading=\"lazy\" decoding=\"async\" class=\"wp-image-341 alignleft\" src=\"\/\/sites.usp.br\/lapepg\/wp-content\/uploads\/sites\/140\/2016\/06\/8575851411-203x300.jpg\" alt=\"\" width=\"129\" height=\"187\" \/><\/a>GUANAES, C.. A constru\u00e7\u00e3o da mudan\u00e7a em terapia de grupo. S\u00e3o Paulo: Vetor, 2006. v. 500. 285p .<\/p>\n<p>&nbsp;<\/p>\n<p>&nbsp;<\/p>\n<p>&nbsp;<\/p>\n<p>&nbsp;<\/p>\n","protected":false},"excerpt":{"rendered":"<p>CORRADI-WEBSTER, C. (Org.) ; GUANAES-LORENZI, C. (Org.) ; Candeloro, N.S.V (Org.) ; Borges, P.E.I. (Org.) ; Ferri, V. (Org.) . Livro de Resumos do XV Semin\u00e1rio de Pesquisa Programa de P\u00f3s-Gradua\u00e7\u00e3o em Psicologia. 1. ed. Ribeir\u00e3o Preto: Programa de P\u00f3s-Gradua\u00e7\u00e3o em Psicologia, FFCLRP, 2024. v. 1. 133p . &nbsp; &nbsp; &nbsp; GUANAES-LORENZI, C.; MARTINS, P. [&hellip;]<\/p>\n","protected":false},"author":248,"featured_media":0,"parent":64,"menu_order":1,"comment_status":"closed","ping_status":"closed","template":"","meta":{"footnotes":"","_links_to":"","_links_to_target":""},"class_list":["post-124","page","type-page","status-publish","hentry"],"_links":{"self":[{"href":"https:\/\/sites.usp.br\/lapepg\/wp-json\/wp\/v2\/pages\/124","targetHints":{"allow":["GET"]}}],"collection":[{"href":"https:\/\/sites.usp.br\/lapepg\/wp-json\/wp\/v2\/pages"}],"about":[{"href":"https:\/\/sites.usp.br\/lapepg\/wp-json\/wp\/v2\/types\/page"}],"author":[{"embeddable":true,"href":"https:\/\/sites.usp.br\/lapepg\/wp-json\/wp\/v2\/users\/248"}],"replies":[{"embeddable":true,"href":"https:\/\/sites.usp.br\/lapepg\/wp-json\/wp\/v2\/comments?post=124"}],"version-history":[{"count":6,"href":"https:\/\/sites.usp.br\/lapepg\/wp-json\/wp\/v2\/pages\/124\/revisions"}],"predecessor-version":[{"id":763,"href":"https:\/\/sites.usp.br\/lapepg\/wp-json\/wp\/v2\/pages\/124\/revisions\/763"}],"up":[{"embeddable":true,"href":"https:\/\/sites.usp.br\/lapepg\/wp-json\/wp\/v2\/pages\/64"}],"wp:attachment":[{"href":"https:\/\/sites.usp.br\/lapepg\/wp-json\/wp\/v2\/media?parent=124"}],"curies":[{"name":"wp","href":"https:\/\/api.w.org\/{rel}","templated":true}]}}