{"id":161,"date":"2017-07-01T19:53:28","date_gmt":"2017-07-01T21:53:28","guid":{"rendered":"http:\/\/sites.usp.br\/lapepg\/?page_id=161"},"modified":"2017-08-02T15:03:56","modified_gmt":"2017-08-02T17:03:56","slug":"atividades","status":"publish","type":"page","link":"https:\/\/sites.usp.br\/lapepg\/atividades\/","title":{"rendered":"Atividades"},"content":{"rendered":"<p><a href=\"http:\/\/sites.usp.br\/lapepg\/wp-content\/uploads\/sites\/140\/2017\/07\/cropped-WhatsApp-Image-2017-04-28-at-13.14.41-1.jpeg\"><img loading=\"lazy\" decoding=\"async\" class=\"size-medium wp-image-314 aligncenter\" src=\"http:\/\/sites.usp.br\/lapepg\/wp-content\/uploads\/sites\/140\/2017\/07\/cropped-WhatsApp-Image-2017-04-28-at-13.14.41-1-300x192.jpeg\" alt=\"\" width=\"300\" height=\"192\" srcset=\"https:\/\/sites.usp.br\/lapepg\/wp-content\/uploads\/sites\/140\/2017\/07\/cropped-WhatsApp-Image-2017-04-28-at-13.14.41-1-300x192.jpeg 300w, https:\/\/sites.usp.br\/lapepg\/wp-content\/uploads\/sites\/140\/2017\/07\/cropped-WhatsApp-Image-2017-04-28-at-13.14.41-1-768x492.jpeg 768w, https:\/\/sites.usp.br\/lapepg\/wp-content\/uploads\/sites\/140\/2017\/07\/cropped-WhatsApp-Image-2017-04-28-at-13.14.41-1-469x300.jpeg 469w, https:\/\/sites.usp.br\/lapepg\/wp-content\/uploads\/sites\/140\/2017\/07\/cropped-WhatsApp-Image-2017-04-28-at-13.14.41-1-400x256.jpeg 400w, https:\/\/sites.usp.br\/lapepg\/wp-content\/uploads\/sites\/140\/2017\/07\/cropped-WhatsApp-Image-2017-04-28-at-13.14.41-1.jpeg 1000w\" sizes=\"auto, (max-width: 300px) 100vw, 300px\" \/><\/a>O Lapepg est\u00e1 em pleno processo de desenvolvimento de atividades de extens\u00e3o e pesquisa, vinculado ao Departamento de Psicologia da Faculdade de Filosofia, Ci\u00eancias e Letras de Ribeir\u00e3o Preto &#8211; USP.<\/p>\n<p>Nesta se\u00e7\u00e3o, voc\u00ea pode saber um pouco mais sobre as atividades que s\u00e3o desenvolvidas por n\u00f3s.<\/p>\n","protected":false},"excerpt":{"rendered":"<p>O Lapepg est\u00e1 em pleno processo de desenvolvimento de atividades de extens\u00e3o e pesquisa, vinculado ao Departamento de Psicologia da Faculdade de Filosofia, Ci\u00eancias e Letras de Ribeir\u00e3o Preto &#8211; USP. Nesta se\u00e7\u00e3o, voc\u00ea pode saber um pouco mais sobre as atividades que s\u00e3o desenvolvidas por n\u00f3s.<\/p>\n","protected":false},"author":248,"featured_media":0,"parent":0,"menu_order":0,"comment_status":"closed","ping_status":"closed","template":"","meta":{"footnotes":"","_links_to":"","_links_to_target":""},"class_list":["post-161","page","type-page","status-publish","hentry"],"_links":{"self":[{"href":"https:\/\/sites.usp.br\/lapepg\/wp-json\/wp\/v2\/pages\/161","targetHints":{"allow":["GET"]}}],"collection":[{"href":"https:\/\/sites.usp.br\/lapepg\/wp-json\/wp\/v2\/pages"}],"about":[{"href":"https:\/\/sites.usp.br\/lapepg\/wp-json\/wp\/v2\/types\/page"}],"author":[{"embeddable":true,"href":"https:\/\/sites.usp.br\/lapepg\/wp-json\/wp\/v2\/users\/248"}],"replies":[{"embeddable":true,"href":"https:\/\/sites.usp.br\/lapepg\/wp-json\/wp\/v2\/comments?post=161"}],"version-history":[{"count":4,"href":"https:\/\/sites.usp.br\/lapepg\/wp-json\/wp\/v2\/pages\/161\/revisions"}],"predecessor-version":[{"id":479,"href":"https:\/\/sites.usp.br\/lapepg\/wp-json\/wp\/v2\/pages\/161\/revisions\/479"}],"wp:attachment":[{"href":"https:\/\/sites.usp.br\/lapepg\/wp-json\/wp\/v2\/media?parent=161"}],"curies":[{"name":"wp","href":"https:\/\/api.w.org\/{rel}","templated":true}]}}