{"id":163,"date":"2017-07-01T19:53:29","date_gmt":"2017-07-01T21:53:29","guid":{"rendered":"http:\/\/sites.usp.br\/lapepg\/?page_id=163"},"modified":"2017-07-08T13:08:49","modified_gmt":"2017-07-08T15:08:49","slug":"pesquisa","status":"publish","type":"page","link":"https:\/\/sites.usp.br\/lapepg\/pesquisa\/","title":{"rendered":"Pesquisa"},"content":{"rendered":"<p>No que tange \u00e0 pr\u00e1tica de pesquisa, os integrantes do LAPEPG t\u00eam trabalhado no desenvolvimento de um projeto amplo \u2013 qual seja, a compreens\u00e3o da \u201cProdu\u00e7\u00e3o do Cuidado em Sa\u00fade \u2013 Constru\u00e7\u00e3o de sentidos e pr\u00e1ticas\u201d. Este projeto inclui pesquisas individuais e coletivas, cujos objetivos espec\u00edficos se relacionam a essa tem\u00e1tica mais ampla. Tendo como pressupostos te\u00f3ricos e metodol\u00f3gicos as contribui\u00e7\u00f5es do\u00a0Movimento Construcionista Social em Psicologia, as pesquisas desenvolvidas pelo grupo privilegiam m\u00e9todos qualitativos de investiga\u00e7\u00e3o, objetivando: (a) a descri\u00e7\u00e3o de sentidos de sa\u00fade, doen\u00e7a e cuidado produzidos com usu\u00e1rios e profissionais dos servi\u00e7os de sa\u00fade em suas pr\u00e1ticas discursivas e (b) a investiga\u00e7\u00e3o do modo como estes sentidos produzem pr\u00e1ticas de cuidado, especialmente considerando o trabalho com\u00a0grupos, fam\u00edlias e redes sociais\u00a0no contexto da aten\u00e7\u00e3o em sa\u00fade. As atividades\u00a0realizadas\u00a0pelos estudantes do LAPEPG contam, em sua maioria, com aux\u00edlio de ag\u00eancias de fomento \u00e0 pesquisa (CNPq, FAPESP e CAPES).<br \/>\nAs\u00a0pesquisas\u00a0desenvolvidas\u00a0subsidiam parte das produ\u00e7\u00f5es do Grupo de Pesquisa\u00a0\u201c<a href=\"http:\/\/dgp.cnpq.br\/buscaoperacional\/detalhegrupo.jsp?grupo=0067707JCDSQTG\" target=\"_blank\" rel=\"noopener noreferrer\">Psicologia, Sa\u00fade e Construcionismo Social<\/a>\u201d\u00a0(Diret\u00f3rio CNPq), liderado pela Profa. Dra. Carla Guanaes Lorenzi (USP-Ribeir\u00e3o Preto) e pelo\u00a0<a href=\"http:\/\/lattes.cnpq.br\/4150720668977002\" target=\"_blank\" rel=\"noopener noreferrer\">Prof. Dr. Emerson Fernando Rasera<\/a>\u00a0(Universidade Federal de Uberl\u00e2ndia, MG). Esse grupo vem ganhando maior visibilidade no cen\u00e1rio nacional, pela<span style=\"color: #0000ff\">\u00a0<\/span>especificidade\u00a0de seu campo de investiga\u00e7\u00e3o e\u00a0pelas produ\u00e7\u00f5es nas \u00e1reas de\u00a0Grupo e Terapia Familiar.<\/p>\n","protected":false},"excerpt":{"rendered":"<p>No que tange \u00e0 pr\u00e1tica de pesquisa, os integrantes do LAPEPG t\u00eam trabalhado no desenvolvimento de um projeto amplo \u2013 qual seja, a compreens\u00e3o da \u201cProdu\u00e7\u00e3o do Cuidado em Sa\u00fade \u2013 Constru\u00e7\u00e3o de sentidos e pr\u00e1ticas\u201d. Este projeto inclui pesquisas individuais e coletivas, cujos objetivos espec\u00edficos se relacionam a essa tem\u00e1tica mais ampla. Tendo como [&hellip;]<\/p>\n","protected":false},"author":248,"featured_media":0,"parent":0,"menu_order":0,"comment_status":"closed","ping_status":"closed","template":"","meta":{"footnotes":"","_links_to":"","_links_to_target":""},"class_list":["post-163","page","type-page","status-publish","hentry"],"_links":{"self":[{"href":"https:\/\/sites.usp.br\/lapepg\/wp-json\/wp\/v2\/pages\/163","targetHints":{"allow":["GET"]}}],"collection":[{"href":"https:\/\/sites.usp.br\/lapepg\/wp-json\/wp\/v2\/pages"}],"about":[{"href":"https:\/\/sites.usp.br\/lapepg\/wp-json\/wp\/v2\/types\/page"}],"author":[{"embeddable":true,"href":"https:\/\/sites.usp.br\/lapepg\/wp-json\/wp\/v2\/users\/248"}],"replies":[{"embeddable":true,"href":"https:\/\/sites.usp.br\/lapepg\/wp-json\/wp\/v2\/comments?post=163"}],"version-history":[{"count":4,"href":"https:\/\/sites.usp.br\/lapepg\/wp-json\/wp\/v2\/pages\/163\/revisions"}],"predecessor-version":[{"id":421,"href":"https:\/\/sites.usp.br\/lapepg\/wp-json\/wp\/v2\/pages\/163\/revisions\/421"}],"wp:attachment":[{"href":"https:\/\/sites.usp.br\/lapepg\/wp-json\/wp\/v2\/media?parent=163"}],"curies":[{"name":"wp","href":"https:\/\/api.w.org\/{rel}","templated":true}]}}