{"id":164,"date":"2017-07-01T19:53:29","date_gmt":"2017-07-01T21:53:29","guid":{"rendered":"http:\/\/sites.usp.br\/lapepg\/?page_id=164"},"modified":"2017-07-02T00:19:11","modified_gmt":"2017-07-02T02:19:11","slug":"extensao","status":"publish","type":"page","link":"https:\/\/sites.usp.br\/lapepg\/extensao\/","title":{"rendered":"Extens\u00e3o"},"content":{"rendered":"<p>Paralelamente a isso, estudantes do curso de Psicologia s\u00e3o supervisionados em est\u00e1gios profissionalizantes que envolvem\u00a0a pr\u00e1tica com Grupos e Terapia Familiar. No momento, tais atividades s\u00e3o desenvolvidas no Centro de Psicologia Aplicada do Departamento de Psicologia da FFCLRP-USP, e tamb\u00e9m no Hospital Dia Psiqui\u00e1trico da Faculdade de Medicina da USP-Ribeir\u00e3o Preto.<br \/>\nTais a\u00e7\u00f5es s\u00e3o indicativas do envolvimento dos integrantes do LAPEPG com atividades de extens\u00e3o e presta\u00e7\u00e3o de servi\u00e7os \u00e0 comunidade.<\/p>\n","protected":false},"excerpt":{"rendered":"<p>Paralelamente a isso, estudantes do curso de Psicologia s\u00e3o supervisionados em est\u00e1gios profissionalizantes que envolvem\u00a0a pr\u00e1tica com Grupos e Terapia Familiar. No momento, tais atividades s\u00e3o desenvolvidas no Centro de Psicologia Aplicada do Departamento de Psicologia da FFCLRP-USP, e tamb\u00e9m no Hospital Dia Psiqui\u00e1trico da Faculdade de Medicina da USP-Ribeir\u00e3o Preto. Tais a\u00e7\u00f5es s\u00e3o indicativas [&hellip;]<\/p>\n","protected":false},"author":248,"featured_media":0,"parent":0,"menu_order":0,"comment_status":"closed","ping_status":"closed","template":"","meta":{"footnotes":"","_links_to":"","_links_to_target":""},"class_list":["post-164","page","type-page","status-publish","hentry"],"_links":{"self":[{"href":"https:\/\/sites.usp.br\/lapepg\/wp-json\/wp\/v2\/pages\/164","targetHints":{"allow":["GET"]}}],"collection":[{"href":"https:\/\/sites.usp.br\/lapepg\/wp-json\/wp\/v2\/pages"}],"about":[{"href":"https:\/\/sites.usp.br\/lapepg\/wp-json\/wp\/v2\/types\/page"}],"author":[{"embeddable":true,"href":"https:\/\/sites.usp.br\/lapepg\/wp-json\/wp\/v2\/users\/248"}],"replies":[{"embeddable":true,"href":"https:\/\/sites.usp.br\/lapepg\/wp-json\/wp\/v2\/comments?post=164"}],"version-history":[{"count":3,"href":"https:\/\/sites.usp.br\/lapepg\/wp-json\/wp\/v2\/pages\/164\/revisions"}],"predecessor-version":[{"id":256,"href":"https:\/\/sites.usp.br\/lapepg\/wp-json\/wp\/v2\/pages\/164\/revisions\/256"}],"wp:attachment":[{"href":"https:\/\/sites.usp.br\/lapepg\/wp-json\/wp\/v2\/media?parent=164"}],"curies":[{"name":"wp","href":"https:\/\/api.w.org\/{rel}","templated":true}]}}