{"id":165,"date":"2017-07-01T19:53:29","date_gmt":"2017-07-01T21:53:29","guid":{"rendered":"http:\/\/sites.usp.br\/lapepg\/?page_id=165"},"modified":"2017-08-02T15:07:07","modified_gmt":"2017-08-02T17:07:07","slug":"eventos","status":"publish","type":"page","link":"https:\/\/sites.usp.br\/lapepg\/eventos\/","title":{"rendered":"Eventos"},"content":{"rendered":"<p><a href=\"http:\/\/sites.usp.br\/lapepg\/wp-content\/uploads\/sites\/140\/2017\/07\/WhatsApp-Image-2017-05-30-at-20.05.42.jpeg\"><img loading=\"lazy\" decoding=\"async\" class=\"size-medium wp-image-288 aligncenter\" src=\"http:\/\/sites.usp.br\/lapepg\/wp-content\/uploads\/sites\/140\/2017\/07\/WhatsApp-Image-2017-05-30-at-20.05.42-300x169.jpeg\" alt=\"\" width=\"300\" height=\"169\" srcset=\"https:\/\/sites.usp.br\/lapepg\/wp-content\/uploads\/sites\/140\/2017\/07\/WhatsApp-Image-2017-05-30-at-20.05.42-300x169.jpeg 300w, https:\/\/sites.usp.br\/lapepg\/wp-content\/uploads\/sites\/140\/2017\/07\/WhatsApp-Image-2017-05-30-at-20.05.42-768x432.jpeg 768w, https:\/\/sites.usp.br\/lapepg\/wp-content\/uploads\/sites\/140\/2017\/07\/WhatsApp-Image-2017-05-30-at-20.05.42-1024x576.jpeg 1024w, https:\/\/sites.usp.br\/lapepg\/wp-content\/uploads\/sites\/140\/2017\/07\/WhatsApp-Image-2017-05-30-at-20.05.42-500x281.jpeg 500w, https:\/\/sites.usp.br\/lapepg\/wp-content\/uploads\/sites\/140\/2017\/07\/WhatsApp-Image-2017-05-30-at-20.05.42-310x174.jpeg 310w, https:\/\/sites.usp.br\/lapepg\/wp-content\/uploads\/sites\/140\/2017\/07\/WhatsApp-Image-2017-05-30-at-20.05.42-400x225.jpeg 400w, https:\/\/sites.usp.br\/lapepg\/wp-content\/uploads\/sites\/140\/2017\/07\/WhatsApp-Image-2017-05-30-at-20.05.42.jpeg 1152w\" sizes=\"auto, (max-width: 300px) 100vw, 300px\" \/><\/a><\/p>\n<p>Os membros do Lapepg participam de comiss\u00f5es de organiza\u00e7\u00e3o de eventos cient\u00edficos e tamb\u00e9m participam de eventos nacionais e internacionais.<\/p>\n<p>Nesta se\u00e7\u00e3o, voc\u00ea pode tanto ficar por dentro de\u00a0algumas indica\u00e7\u00f5es de eventos pr\u00f3ximos, quanto conferir\u00a0eventos e fotos dos que j\u00e1 passaram.<\/p>\n","protected":false},"excerpt":{"rendered":"<p>Os membros do Lapepg participam de comiss\u00f5es de organiza\u00e7\u00e3o de eventos cient\u00edficos e tamb\u00e9m participam de eventos nacionais e internacionais. Nesta se\u00e7\u00e3o, voc\u00ea pode tanto ficar por dentro de\u00a0algumas indica\u00e7\u00f5es de eventos pr\u00f3ximos, quanto conferir\u00a0eventos e fotos dos que j\u00e1 passaram.<\/p>\n","protected":false},"author":248,"featured_media":0,"parent":0,"menu_order":0,"comment_status":"closed","ping_status":"closed","template":"","meta":{"footnotes":"","_links_to":"","_links_to_target":""},"class_list":["post-165","page","type-page","status-publish","hentry"],"_links":{"self":[{"href":"https:\/\/sites.usp.br\/lapepg\/wp-json\/wp\/v2\/pages\/165","targetHints":{"allow":["GET"]}}],"collection":[{"href":"https:\/\/sites.usp.br\/lapepg\/wp-json\/wp\/v2\/pages"}],"about":[{"href":"https:\/\/sites.usp.br\/lapepg\/wp-json\/wp\/v2\/types\/page"}],"author":[{"embeddable":true,"href":"https:\/\/sites.usp.br\/lapepg\/wp-json\/wp\/v2\/users\/248"}],"replies":[{"embeddable":true,"href":"https:\/\/sites.usp.br\/lapepg\/wp-json\/wp\/v2\/comments?post=165"}],"version-history":[{"count":2,"href":"https:\/\/sites.usp.br\/lapepg\/wp-json\/wp\/v2\/pages\/165\/revisions"}],"predecessor-version":[{"id":480,"href":"https:\/\/sites.usp.br\/lapepg\/wp-json\/wp\/v2\/pages\/165\/revisions\/480"}],"wp:attachment":[{"href":"https:\/\/sites.usp.br\/lapepg\/wp-json\/wp\/v2\/media?parent=165"}],"curies":[{"name":"wp","href":"https:\/\/api.w.org\/{rel}","templated":true}]}}