{"id":166,"date":"2017-07-01T19:53:29","date_gmt":"2017-07-01T21:53:29","guid":{"rendered":"http:\/\/sites.usp.br\/lapepg\/?page_id=166"},"modified":"2017-07-02T01:21:28","modified_gmt":"2017-07-02T03:21:28","slug":"realizados","status":"publish","type":"page","link":"https:\/\/sites.usp.br\/lapepg\/realizados\/","title":{"rendered":"Realizados"},"content":{"rendered":"<p>Ciclo de Semin\u00e1rios Avan\u00e7ados de Pesquisa<\/p>\n<p><a href=\"\/\/sites.usp.br\/lapepg\/wp-content\/uploads\/sites\/140\/2017\/07\/WhatsApp-Image-2017-05-03-at-08.43.13.jpeg\"><img loading=\"lazy\" decoding=\"async\" class=\"size-medium wp-image-292 alignleft\" src=\"\/\/sites.usp.br\/lapepg\/wp-content\/uploads\/sites\/140\/2017\/07\/WhatsApp-Image-2017-05-03-at-08.43.13-225x300.jpeg\" alt=\"\" width=\"225\" height=\"300\" srcset=\"https:\/\/sites.usp.br\/lapepg\/wp-content\/uploads\/sites\/140\/2017\/07\/WhatsApp-Image-2017-05-03-at-08.43.13-225x300.jpeg 225w, https:\/\/sites.usp.br\/lapepg\/wp-content\/uploads\/sites\/140\/2017\/07\/WhatsApp-Image-2017-05-03-at-08.43.13-400x533.jpeg 400w, https:\/\/sites.usp.br\/lapepg\/wp-content\/uploads\/sites\/140\/2017\/07\/WhatsApp-Image-2017-05-03-at-08.43.13.jpeg 720w\" sizes=\"auto, (max-width: 225px) 100vw, 225px\" \/><\/a>Ciclo de Semin\u00e1rios Avan\u00e7ados em Pesquisa promovido pelo LAPEPG, LEPSIS e Dialog, laborat\u00f3rios de pesquisa em psicologia da FFLCRP &#8211; USP. O\u00a0 evento, que aconteceu em abril e maio de 2017, contou com o apoio do Programa de P\u00f3s Gradua\u00e7\u00e3o em Psicologia da FFCLRP &#8211; USP.<\/p>\n<p>Confira algumas fotos em nossa se\u00e7\u00e3o de <a href=\"\/\/sites.usp.br\/lapepg\/fotos\/\">fotos<\/a>.<\/p>\n<p>A programa\u00e7\u00e3o contou com queridos parceiros:<\/p>\n<table>\n<tbody>\n<tr>\n<td width=\"64\"><strong>18\/04<\/strong><\/td>\n<td width=\"217\">Arqueologia, genealogia e an\u00e1lise dos documentos.<\/td>\n<td width=\"196\">Prof. Dra. Fl\u00e1via Cristina Silveira de Lemos<\/td>\n<\/tr>\n<tr>\n<td width=\"64\"><strong>25\/04<\/strong><\/td>\n<td width=\"217\">Grupo reflexivo de g\u00eanero \u2013 desafios para pesquisa e interven\u00e7\u00e3o.<\/td>\n<td width=\"196\">Prof. Dr. Adriano Beiras &#8211; UFSC<\/td>\n<\/tr>\n<tr>\n<td width=\"64\"><strong>09\/05<\/strong><\/td>\n<td width=\"217\">Conversas sobre o div\u00f3rcio: pesquisando fam\u00edlias e processos de grupo.<\/td>\n<td width=\"196\">Profa. Dra. Rosana L\u00e1zar Rapizo &#8211; UERJ<\/td>\n<\/tr>\n<tr>\n<td width=\"64\"><strong>27\/05<\/strong><\/td>\n<td width=\"217\">O uso do Projeto Conversa\u00e7\u00f5es P\u00fablicas na produ\u00e7\u00e3o de conhecimento<\/td>\n<td width=\"196\">Prof. Dr. Murilo dos Santos Moscheta &#8211; UEM<\/td>\n<\/tr>\n<tr>\n<td width=\"64\"><strong>30\/05<\/strong><\/td>\n<td width=\"217\">Narrativas ficcionais e seu uso na pesquisa.<\/p>\n<p>&nbsp;<\/td>\n<td width=\"196\">Prof. Dr. Marcos Ant\u00f4nio dos Santos Reigota \u2013 Universidade de Sorocaba.<\/td>\n<\/tr>\n<\/tbody>\n<\/table>\n","protected":false},"excerpt":{"rendered":"<p>Ciclo de Semin\u00e1rios Avan\u00e7ados de Pesquisa Ciclo de Semin\u00e1rios Avan\u00e7ados em Pesquisa promovido pelo LAPEPG, LEPSIS e Dialog, laborat\u00f3rios de pesquisa em psicologia da FFLCRP &#8211; USP. O\u00a0 evento, que aconteceu em abril e maio de 2017, contou com o apoio do Programa de P\u00f3s Gradua\u00e7\u00e3o em Psicologia da FFCLRP &#8211; USP. Confira algumas fotos [&hellip;]<\/p>\n","protected":false},"author":248,"featured_media":0,"parent":0,"menu_order":0,"comment_status":"closed","ping_status":"closed","template":"","meta":{"footnotes":"","_links_to":"","_links_to_target":""},"class_list":["post-166","page","type-page","status-publish","hentry"],"_links":{"self":[{"href":"https:\/\/sites.usp.br\/lapepg\/wp-json\/wp\/v2\/pages\/166","targetHints":{"allow":["GET"]}}],"collection":[{"href":"https:\/\/sites.usp.br\/lapepg\/wp-json\/wp\/v2\/pages"}],"about":[{"href":"https:\/\/sites.usp.br\/lapepg\/wp-json\/wp\/v2\/types\/page"}],"author":[{"embeddable":true,"href":"https:\/\/sites.usp.br\/lapepg\/wp-json\/wp\/v2\/users\/248"}],"replies":[{"embeddable":true,"href":"https:\/\/sites.usp.br\/lapepg\/wp-json\/wp\/v2\/comments?post=166"}],"version-history":[{"count":4,"href":"https:\/\/sites.usp.br\/lapepg\/wp-json\/wp\/v2\/pages\/166\/revisions"}],"predecessor-version":[{"id":304,"href":"https:\/\/sites.usp.br\/lapepg\/wp-json\/wp\/v2\/pages\/166\/revisions\/304"}],"wp:attachment":[{"href":"https:\/\/sites.usp.br\/lapepg\/wp-json\/wp\/v2\/media?parent=166"}],"curies":[{"name":"wp","href":"https:\/\/api.w.org\/{rel}","templated":true}]}}