{"id":209,"date":"2017-07-01T20:01:31","date_gmt":"2017-07-01T22:01:31","guid":{"rendered":"http:\/\/sites.usp.br\/lapepg\/?page_id=209"},"modified":"2025-03-06T14:03:08","modified_gmt":"2025-03-06T16:03:08","slug":"iniciacao-cientifica-2","status":"publish","type":"page","link":"https:\/\/sites.usp.br\/lapepg\/pesquisadores\/iniciacao-cientifica-2\/","title":{"rendered":"Inicia\u00e7\u00e3o Cient\u00edfica"},"content":{"rendered":"<p><strong><a href=\"https:\/\/sites.usp.br\/lapepg\/wp-content\/uploads\/sites\/140\/2025\/02\/WhatsApp-Image-2025-02-28-at-11.44.46-e1740758652254.jpeg\"><img loading=\"lazy\" decoding=\"async\" class=\"alignleft wp-image-734\" src=\"https:\/\/sites.usp.br\/lapepg\/wp-content\/uploads\/sites\/140\/2025\/02\/WhatsApp-Image-2025-02-28-at-11.44.46-e1740758652254-300x300.jpeg\" alt=\"\" width=\"149\" height=\"149\" srcset=\"https:\/\/sites.usp.br\/lapepg\/wp-content\/uploads\/sites\/140\/2025\/02\/WhatsApp-Image-2025-02-28-at-11.44.46-e1740758652254-300x300.jpeg 300w, https:\/\/sites.usp.br\/lapepg\/wp-content\/uploads\/sites\/140\/2025\/02\/WhatsApp-Image-2025-02-28-at-11.44.46-e1740758652254-150x150.jpeg 150w, https:\/\/sites.usp.br\/lapepg\/wp-content\/uploads\/sites\/140\/2025\/02\/WhatsApp-Image-2025-02-28-at-11.44.46-e1740758652254-768x768.jpeg 768w, https:\/\/sites.usp.br\/lapepg\/wp-content\/uploads\/sites\/140\/2025\/02\/WhatsApp-Image-2025-02-28-at-11.44.46-e1740758652254-45x45.jpeg 45w, https:\/\/sites.usp.br\/lapepg\/wp-content\/uploads\/sites\/140\/2025\/02\/WhatsApp-Image-2025-02-28-at-11.44.46-e1740758652254-200x200.jpeg 200w, https:\/\/sites.usp.br\/lapepg\/wp-content\/uploads\/sites\/140\/2025\/02\/WhatsApp-Image-2025-02-28-at-11.44.46-e1740758652254-400x400.jpeg 400w, https:\/\/sites.usp.br\/lapepg\/wp-content\/uploads\/sites\/140\/2025\/02\/WhatsApp-Image-2025-02-28-at-11.44.46-e1740758652254.jpeg 900w\" sizes=\"auto, (max-width: 149px) 100vw, 149px\" \/><\/a>Nicolas Ramos dos Santos Feitosa &#8211; <a href=\"http:\/\/lattes.cnpq.br\/8339203344894006\">Curr\u00edculo Lattes<\/a><\/strong><\/p>\n<p><em>Aluno de Inicia\u00e7\u00e3o Cient\u00edfica (2024 &#8211; Atualmente)<\/em><\/p>\n<p>Graduando em Psicologia pela Faculdade de Filosofia, Ci\u00eancias e Letras de Ribeir\u00e3o Preto, da Universidade de S\u00e3o Paulo (FFCLRP-USP). Desenvolve o projeto de pesquisa de t\u00edtulo: &#8220;Recursos cl\u00ednicos utilizados por terapeutas p\u00f3s-modernos para o cuidado a pessoas com comportamento autolesivo&#8221;.<\/p>\n<p>&nbsp;<\/p>\n<p>&nbsp;<\/p>\n","protected":false},"excerpt":{"rendered":"<p>Nicolas Ramos dos Santos Feitosa &#8211; Curr\u00edculo Lattes Aluno de Inicia\u00e7\u00e3o Cient\u00edfica (2024 &#8211; Atualmente) Graduando em Psicologia pela Faculdade de Filosofia, Ci\u00eancias e Letras de Ribeir\u00e3o Preto, da Universidade de S\u00e3o Paulo (FFCLRP-USP). Desenvolve o projeto de pesquisa de t\u00edtulo: &#8220;Recursos cl\u00ednicos utilizados por terapeutas p\u00f3s-modernos para o cuidado a pessoas com comportamento autolesivo&#8221;. [&hellip;]<\/p>\n","protected":false},"author":248,"featured_media":0,"parent":62,"menu_order":3,"comment_status":"closed","ping_status":"closed","template":"","meta":{"footnotes":"","_links_to":"","_links_to_target":""},"class_list":["post-209","page","type-page","status-publish","hentry"],"_links":{"self":[{"href":"https:\/\/sites.usp.br\/lapepg\/wp-json\/wp\/v2\/pages\/209","targetHints":{"allow":["GET"]}}],"collection":[{"href":"https:\/\/sites.usp.br\/lapepg\/wp-json\/wp\/v2\/pages"}],"about":[{"href":"https:\/\/sites.usp.br\/lapepg\/wp-json\/wp\/v2\/types\/page"}],"author":[{"embeddable":true,"href":"https:\/\/sites.usp.br\/lapepg\/wp-json\/wp\/v2\/users\/248"}],"replies":[{"embeddable":true,"href":"https:\/\/sites.usp.br\/lapepg\/wp-json\/wp\/v2\/comments?post=209"}],"version-history":[{"count":6,"href":"https:\/\/sites.usp.br\/lapepg\/wp-json\/wp\/v2\/pages\/209\/revisions"}],"predecessor-version":[{"id":742,"href":"https:\/\/sites.usp.br\/lapepg\/wp-json\/wp\/v2\/pages\/209\/revisions\/742"}],"up":[{"embeddable":true,"href":"https:\/\/sites.usp.br\/lapepg\/wp-json\/wp\/v2\/pages\/62"}],"wp:attachment":[{"href":"https:\/\/sites.usp.br\/lapepg\/wp-json\/wp\/v2\/media?parent=209"}],"curies":[{"name":"wp","href":"https:\/\/api.w.org\/{rel}","templated":true}]}}