{"id":216,"date":"2017-07-01T20:12:56","date_gmt":"2017-07-01T22:12:56","guid":{"rendered":"http:\/\/sites.usp.br\/lapepg\/?page_id=216"},"modified":"2022-08-12T13:03:58","modified_gmt":"2022-08-12T15:03:58","slug":"apresentacao","status":"publish","type":"page","link":"https:\/\/sites.usp.br\/lapepg\/","title":{"rendered":"Sobre n\u00f3s | About us"},"content":{"rendered":"<p><a href=\"http:\/\/sites.usp.br\/lapepg\/wp-content\/uploads\/sites\/140\/2017\/07\/LOGO-LAPEPG-MELHOR-DEFINICAO-1.jpe\"><img loading=\"lazy\" decoding=\"async\" class=\"size-medium wp-image-408 alignleft\" src=\"http:\/\/sites.usp.br\/lapepg\/wp-content\/uploads\/sites\/140\/2017\/07\/LOGO-LAPEPG-MELHOR-DEFINICAO-1-300x300.jpe\" alt=\"\" width=\"300\" height=\"300\" srcset=\"https:\/\/sites.usp.br\/lapepg\/wp-content\/uploads\/sites\/140\/2017\/07\/LOGO-LAPEPG-MELHOR-DEFINICAO-1-300x300.jpe 300w, https:\/\/sites.usp.br\/lapepg\/wp-content\/uploads\/sites\/140\/2017\/07\/LOGO-LAPEPG-MELHOR-DEFINICAO-1-150x150.jpe 150w, https:\/\/sites.usp.br\/lapepg\/wp-content\/uploads\/sites\/140\/2017\/07\/LOGO-LAPEPG-MELHOR-DEFINICAO-1-45x45.jpe 45w, https:\/\/sites.usp.br\/lapepg\/wp-content\/uploads\/sites\/140\/2017\/07\/LOGO-LAPEPG-MELHOR-DEFINICAO-1-200x200.jpe 200w, https:\/\/sites.usp.br\/lapepg\/wp-content\/uploads\/sites\/140\/2017\/07\/LOGO-LAPEPG-MELHOR-DEFINICAO-1-400x400.jpe 400w, https:\/\/sites.usp.br\/lapepg\/wp-content\/uploads\/sites\/140\/2017\/07\/LOGO-LAPEPG-MELHOR-DEFINICAO-1.jpe 480w\" sizes=\"auto, (max-width: 300px) 100vw, 300px\" \/><\/a>O\u00a0<strong>LAPEPG<\/strong>\u00a0(Laborat\u00f3rio de Pesquisa e Estudo em Pr\u00e1ticas Grupais) situa-se no\u00a0Departamento de Psicologia da Faculdade de Filosofia, Ci\u00eancias e Letras de Ribeir\u00e3o Preto &#8211; Universidade de S\u00e3o Paulo e\u00a0caracteriza-se como\u00a0um n\u00facleo de pesquisa e estudo acerca do emprego de pr\u00e1ticas grupais. Fundado e coordenado pela\u00a0<a href=\"http:\/\/lattes.cnpq.br\/5305070621567074\">Profa. Dra. Carla Guanaes Lorenzi<\/a>,\u00a0\u00e9 constitu\u00eddo por estudantes e pesquisadores interessados em desenvolver conhecimento acerca desse tema, bem como desenvolver pr\u00e1ticas que privilegiem as metodologias grupais de interven\u00e7\u00e3o, com foco nos processos de comunica\u00e7\u00e3o e relacionamento interpessoal.<br \/>\nO Laborat\u00f3rio est\u00e1 filiado ao Departamento de Psicologia da Faculdade de Filosofia, Ci\u00eancias e Letras de Ribeir\u00e3o Preto &#8211; Universidade de S\u00e3o Paulo.<\/p>\n<p>The LAPEPG (laboratory of research in group practices) is situated in the Department of Psychology\u00a0 of the Faculty of Philosophy, Sciences and Letters of Ribeir\u00e3o Preto &#8211; University of S\u00e3o Paulo as a nucleus of reseraching and studying about group practices. Founded and coordinated by the Associate Professor Carla Guanaes-Lorenzi, LAPEPG is formed for students and reserachers interested in developing knowledge about this theme, just as developing practices that supports grupal metodologies of intervention focusing on the processes of comunication and interpersonal relationship.<\/p>\n","protected":false},"excerpt":{"rendered":"<p>O\u00a0LAPEPG\u00a0(Laborat\u00f3rio de Pesquisa e Estudo em Pr\u00e1ticas Grupais) situa-se no\u00a0Departamento de Psicologia da Faculdade de Filosofia, Ci\u00eancias e Letras de Ribeir\u00e3o Preto &#8211; Universidade de S\u00e3o Paulo e\u00a0caracteriza-se como\u00a0um n\u00facleo de pesquisa e estudo acerca do emprego de pr\u00e1ticas grupais. Fundado e coordenado pela\u00a0Profa. Dra. Carla Guanaes Lorenzi,\u00a0\u00e9 constitu\u00eddo por estudantes e pesquisadores interessados em [&hellip;]<\/p>\n","protected":false},"author":248,"featured_media":0,"parent":0,"menu_order":0,"comment_status":"closed","ping_status":"closed","template":"","meta":{"footnotes":"","_links_to":"","_links_to_target":""},"class_list":["post-216","page","type-page","status-publish","hentry"],"_links":{"self":[{"href":"https:\/\/sites.usp.br\/lapepg\/wp-json\/wp\/v2\/pages\/216","targetHints":{"allow":["GET"]}}],"collection":[{"href":"https:\/\/sites.usp.br\/lapepg\/wp-json\/wp\/v2\/pages"}],"about":[{"href":"https:\/\/sites.usp.br\/lapepg\/wp-json\/wp\/v2\/types\/page"}],"author":[{"embeddable":true,"href":"https:\/\/sites.usp.br\/lapepg\/wp-json\/wp\/v2\/users\/248"}],"replies":[{"embeddable":true,"href":"https:\/\/sites.usp.br\/lapepg\/wp-json\/wp\/v2\/comments?post=216"}],"version-history":[{"count":5,"href":"https:\/\/sites.usp.br\/lapepg\/wp-json\/wp\/v2\/pages\/216\/revisions"}],"predecessor-version":[{"id":722,"href":"https:\/\/sites.usp.br\/lapepg\/wp-json\/wp\/v2\/pages\/216\/revisions\/722"}],"wp:attachment":[{"href":"https:\/\/sites.usp.br\/lapepg\/wp-json\/wp\/v2\/media?parent=216"}],"curies":[{"name":"wp","href":"https:\/\/api.w.org\/{rel}","templated":true}]}}