{"id":486,"date":"2017-08-02T15:19:13","date_gmt":"2017-08-02T17:19:13","guid":{"rendered":"http:\/\/sites.usp.br\/lapepg\/?page_id=486"},"modified":"2017-08-21T16:04:58","modified_gmt":"2017-08-21T18:04:58","slug":"visitas-internacionais","status":"publish","type":"page","link":"https:\/\/sites.usp.br\/lapepg\/visitas-internacionais\/","title":{"rendered":"Visitas Internacionais"},"content":{"rendered":"<h1>2017<\/h1>\n<p><a href=\"\/\/sites.usp.br\/lapepg\/wp-content\/uploads\/sites\/140\/2017\/08\/WhatsApp-Image-2017-08-18-at-11.55.52.jpeg\"><img loading=\"lazy\" decoding=\"async\" class=\" wp-image-561 aligncenter\" src=\"\/\/sites.usp.br\/lapepg\/wp-content\/uploads\/sites\/140\/2017\/08\/WhatsApp-Image-2017-08-18-at-11.55.52-300x225.jpeg\" alt=\"\" width=\"196\" height=\"147\" srcset=\"https:\/\/sites.usp.br\/lapepg\/wp-content\/uploads\/sites\/140\/2017\/08\/WhatsApp-Image-2017-08-18-at-11.55.52-300x225.jpeg 300w, https:\/\/sites.usp.br\/lapepg\/wp-content\/uploads\/sites\/140\/2017\/08\/WhatsApp-Image-2017-08-18-at-11.55.52-768x576.jpeg 768w, https:\/\/sites.usp.br\/lapepg\/wp-content\/uploads\/sites\/140\/2017\/08\/WhatsApp-Image-2017-08-18-at-11.55.52-1024x768.jpeg 1024w, https:\/\/sites.usp.br\/lapepg\/wp-content\/uploads\/sites\/140\/2017\/08\/WhatsApp-Image-2017-08-18-at-11.55.52-80x60.jpeg 80w, https:\/\/sites.usp.br\/lapepg\/wp-content\/uploads\/sites\/140\/2017\/08\/WhatsApp-Image-2017-08-18-at-11.55.52-400x300.jpeg 400w, https:\/\/sites.usp.br\/lapepg\/wp-content\/uploads\/sites\/140\/2017\/08\/WhatsApp-Image-2017-08-18-at-11.55.52.jpeg 1280w\" sizes=\"auto, (max-width: 196px) 100vw, 196px\" \/><\/a><\/p>\n<p>Visita do Professor Rolf Sundet, Buskerud Hospital e University College of Buskerud (Noruega),\u00a0ao Programa de P\u00f3s-Gradua\u00e7\u00e3o em Psicologia da FFCLRP-USP.<\/p>\n<p>O professor participou de atividades junto aos laborat\u00f3rios Lapepg e LePsis, bem como foi atra\u00e7\u00e3o no II Congresso Internacional de Sa\u00fade Mental nas cidades de Mar\u00edlia e Ribeir\u00e3o Preto.<\/p>\n<h1>2015<\/h1>\n<p><a href=\"\/\/sites.usp.br\/lapepg\/wp-content\/uploads\/sites\/140\/2017\/07\/VISITA-OTTAR.jpg\"><img loading=\"lazy\" decoding=\"async\" class=\"wp-image-404 aligncenter\" src=\"\/\/sites.usp.br\/lapepg\/wp-content\/uploads\/sites\/140\/2017\/07\/VISITA-OTTAR-300x300.jpg\" alt=\"\" width=\"176\" height=\"176\" srcset=\"https:\/\/sites.usp.br\/lapepg\/wp-content\/uploads\/sites\/140\/2017\/07\/VISITA-OTTAR-300x300.jpg 300w, https:\/\/sites.usp.br\/lapepg\/wp-content\/uploads\/sites\/140\/2017\/07\/VISITA-OTTAR-150x150.jpg 150w, https:\/\/sites.usp.br\/lapepg\/wp-content\/uploads\/sites\/140\/2017\/07\/VISITA-OTTAR-45x45.jpg 45w, https:\/\/sites.usp.br\/lapepg\/wp-content\/uploads\/sites\/140\/2017\/07\/VISITA-OTTAR-200x200.jpg 200w, https:\/\/sites.usp.br\/lapepg\/wp-content\/uploads\/sites\/140\/2017\/07\/VISITA-OTTAR-400x400.jpg 400w, https:\/\/sites.usp.br\/lapepg\/wp-content\/uploads\/sites\/140\/2017\/07\/VISITA-OTTAR.jpg 640w\" sizes=\"auto, (max-width: 176px) 100vw, 176px\" \/><\/a><\/p>\n<p>Visita do Professor Dr. Ottar Ness, Buskerud and Vestfold University College (Noruega), ao Programa de P\u00f3s-Gradua\u00e7\u00e3o em Psicologia da FFCLRP-USP.<\/p>\n<p>O professor ministrou as seguintes confer\u00eancias:<\/p>\n<ul>\n<li>&#8220;A consideration of a discourse of collaboration in family, therapy and mental health care&#8221;;<\/li>\n<li>&#8220;Collaborative action research: researching with people, instead of on and about them&#8221;.<\/li>\n<\/ul>\n<p>&nbsp;<\/p>\n<h1>2012<\/h1>\n<p><a href=\"\/\/sites.usp.br\/lapepg\/wp-content\/uploads\/sites\/140\/2017\/08\/IMG_0618-1.jpg\"><img loading=\"lazy\" decoding=\"async\" class=\" wp-image-534 aligncenter\" src=\"\/\/sites.usp.br\/lapepg\/wp-content\/uploads\/sites\/140\/2017\/08\/IMG_0618-1-300x225.jpg\" alt=\"\" width=\"198\" height=\"148\" srcset=\"https:\/\/sites.usp.br\/lapepg\/wp-content\/uploads\/sites\/140\/2017\/08\/IMG_0618-1-300x225.jpg 300w, https:\/\/sites.usp.br\/lapepg\/wp-content\/uploads\/sites\/140\/2017\/08\/IMG_0618-1-768x576.jpg 768w, https:\/\/sites.usp.br\/lapepg\/wp-content\/uploads\/sites\/140\/2017\/08\/IMG_0618-1-1024x768.jpg 1024w, https:\/\/sites.usp.br\/lapepg\/wp-content\/uploads\/sites\/140\/2017\/08\/IMG_0618-1-80x60.jpg 80w, https:\/\/sites.usp.br\/lapepg\/wp-content\/uploads\/sites\/140\/2017\/08\/IMG_0618-1-400x300.jpg 400w\" sizes=\"auto, (max-width: 198px) 100vw, 198px\" \/><\/a><\/p>\n<p>Visita do Professor Em\u00e9rito John Shotter ao Programa de P\u00f3s-Gradua\u00e7\u00e3o em Psicologia da FFCLRP-USP.<\/p>\n<p>&nbsp;<\/p>\n<h1>2011<\/h1>\n<p><a href=\"\/\/sites.usp.br\/lapepg\/wp-content\/uploads\/sites\/140\/2017\/08\/Sheila-e-Jack-076.jpg\"><img loading=\"lazy\" decoding=\"async\" class=\" wp-image-540 aligncenter\" src=\"\/\/sites.usp.br\/lapepg\/wp-content\/uploads\/sites\/140\/2017\/08\/Sheila-e-Jack-076-300x148.jpg\" alt=\"\" width=\"200\" height=\"99\" srcset=\"https:\/\/sites.usp.br\/lapepg\/wp-content\/uploads\/sites\/140\/2017\/08\/Sheila-e-Jack-076-300x148.jpg 300w, https:\/\/sites.usp.br\/lapepg\/wp-content\/uploads\/sites\/140\/2017\/08\/Sheila-e-Jack-076-768x379.jpg 768w, https:\/\/sites.usp.br\/lapepg\/wp-content\/uploads\/sites\/140\/2017\/08\/Sheila-e-Jack-076-1024x506.jpg 1024w, https:\/\/sites.usp.br\/lapepg\/wp-content\/uploads\/sites\/140\/2017\/08\/Sheila-e-Jack-076-400x198.jpg 400w, https:\/\/sites.usp.br\/lapepg\/wp-content\/uploads\/sites\/140\/2017\/08\/Sheila-e-Jack-076.jpg 1385w\" sizes=\"auto, (max-width: 200px) 100vw, 200px\" \/><\/a><\/p>\n<p>&nbsp;<\/p>\n<p>Visita dos professores visitantes Sheila McNamee, PhD. e John Willard Lannamann, PhD. ao Programa de P\u00f3s-Gradua\u00e7\u00e3o em Psicologia da FFCLRP-USP.<\/p>\n<p>&nbsp;<\/p>\n<h1>2009<\/h1>\n<p><a href=\"\/\/sites.usp.br\/lapepg\/wp-content\/uploads\/sites\/140\/2017\/08\/WORKSHOP-SHEILA-1.jpg\"><img loading=\"lazy\" decoding=\"async\" class=\" wp-image-541 aligncenter\" src=\"\/\/sites.usp.br\/lapepg\/wp-content\/uploads\/sites\/140\/2017\/08\/WORKSHOP-SHEILA-1-300x225.jpg\" alt=\"\" width=\"183\" height=\"137\" srcset=\"https:\/\/sites.usp.br\/lapepg\/wp-content\/uploads\/sites\/140\/2017\/08\/WORKSHOP-SHEILA-1-300x225.jpg 300w, https:\/\/sites.usp.br\/lapepg\/wp-content\/uploads\/sites\/140\/2017\/08\/WORKSHOP-SHEILA-1-768x576.jpg 768w, https:\/\/sites.usp.br\/lapepg\/wp-content\/uploads\/sites\/140\/2017\/08\/WORKSHOP-SHEILA-1-1024x768.jpg 1024w, https:\/\/sites.usp.br\/lapepg\/wp-content\/uploads\/sites\/140\/2017\/08\/WORKSHOP-SHEILA-1-80x60.jpg 80w, https:\/\/sites.usp.br\/lapepg\/wp-content\/uploads\/sites\/140\/2017\/08\/WORKSHOP-SHEILA-1-400x300.jpg 400w, https:\/\/sites.usp.br\/lapepg\/wp-content\/uploads\/sites\/140\/2017\/08\/WORKSHOP-SHEILA-1.jpg 1280w\" sizes=\"auto, (max-width: 183px) 100vw, 183px\" \/><\/a><\/p>\n<p>&nbsp;<\/p>\n<p>&nbsp;<\/p>\n<p>Visita de professor visitante (PhD. Sheila McNamee, Universidade de New Hampshire, Durham, Estados Unidos). 2009.<\/p>\n<p>&nbsp;<\/p>\n","protected":false},"excerpt":{"rendered":"<p>2017 Visita do Professor Rolf Sundet, Buskerud Hospital e University College of Buskerud (Noruega),\u00a0ao Programa de P\u00f3s-Gradua\u00e7\u00e3o em Psicologia da FFCLRP-USP. O professor participou de atividades junto aos laborat\u00f3rios Lapepg e LePsis, bem como foi atra\u00e7\u00e3o no II Congresso Internacional de Sa\u00fade Mental nas cidades de Mar\u00edlia e Ribeir\u00e3o Preto. 2015 Visita do Professor Dr. [&hellip;]<\/p>\n","protected":false},"author":248,"featured_media":0,"parent":0,"menu_order":0,"comment_status":"closed","ping_status":"closed","template":"","meta":{"footnotes":"","_links_to":"","_links_to_target":""},"class_list":["post-486","page","type-page","status-publish","hentry"],"_links":{"self":[{"href":"https:\/\/sites.usp.br\/lapepg\/wp-json\/wp\/v2\/pages\/486","targetHints":{"allow":["GET"]}}],"collection":[{"href":"https:\/\/sites.usp.br\/lapepg\/wp-json\/wp\/v2\/pages"}],"about":[{"href":"https:\/\/sites.usp.br\/lapepg\/wp-json\/wp\/v2\/types\/page"}],"author":[{"embeddable":true,"href":"https:\/\/sites.usp.br\/lapepg\/wp-json\/wp\/v2\/users\/248"}],"replies":[{"embeddable":true,"href":"https:\/\/sites.usp.br\/lapepg\/wp-json\/wp\/v2\/comments?post=486"}],"version-history":[{"count":4,"href":"https:\/\/sites.usp.br\/lapepg\/wp-json\/wp\/v2\/pages\/486\/revisions"}],"predecessor-version":[{"id":563,"href":"https:\/\/sites.usp.br\/lapepg\/wp-json\/wp\/v2\/pages\/486\/revisions\/563"}],"wp:attachment":[{"href":"https:\/\/sites.usp.br\/lapepg\/wp-json\/wp\/v2\/media?parent=486"}],"curies":[{"name":"wp","href":"https:\/\/api.w.org\/{rel}","templated":true}]}}