{"id":62,"date":"2014-02-12T11:28:30","date_gmt":"2014-02-12T13:28:30","guid":{"rendered":"http:\/\/sites.usp.br\/lapepg\/?page_id=62"},"modified":"2022-08-11T12:54:02","modified_gmt":"2022-08-11T14:54:02","slug":"pesquisadores","status":"publish","type":"page","link":"https:\/\/sites.usp.br\/lapepg\/pesquisadores\/","title":{"rendered":"Pesquisadores |  Researchers"},"content":{"rendered":"<p><a href=\"https:\/\/sites.usp.br\/lapepg\/wp-content\/uploads\/sites\/140\/2022\/08\/20220304_115524-scaled.jpg\"><img loading=\"lazy\" decoding=\"async\" class=\"wp-image-718 size-medium aligncenter\" src=\"https:\/\/sites.usp.br\/lapepg\/wp-content\/uploads\/sites\/140\/2022\/08\/20220304_115524-300x169.jpg\" alt=\"\" width=\"300\" height=\"169\" srcset=\"https:\/\/sites.usp.br\/lapepg\/wp-content\/uploads\/sites\/140\/2022\/08\/20220304_115524-300x169.jpg 300w, https:\/\/sites.usp.br\/lapepg\/wp-content\/uploads\/sites\/140\/2022\/08\/20220304_115524-1024x576.jpg 1024w, https:\/\/sites.usp.br\/lapepg\/wp-content\/uploads\/sites\/140\/2022\/08\/20220304_115524-768x432.jpg 768w, https:\/\/sites.usp.br\/lapepg\/wp-content\/uploads\/sites\/140\/2022\/08\/20220304_115524-1536x864.jpg 1536w, https:\/\/sites.usp.br\/lapepg\/wp-content\/uploads\/sites\/140\/2022\/08\/20220304_115524-2048x1152.jpg 2048w, https:\/\/sites.usp.br\/lapepg\/wp-content\/uploads\/sites\/140\/2022\/08\/20220304_115524-310x174.jpg 310w, https:\/\/sites.usp.br\/lapepg\/wp-content\/uploads\/sites\/140\/2022\/08\/20220304_115524-400x225.jpg 400w\" sizes=\"auto, (max-width: 300px) 100vw, 300px\" \/><\/a><\/p>\n<p>Nesta se\u00e7\u00e3o voc\u00ea pode encontrar quem s\u00e3o os membros atuais de <a href=\"\/\/sites.usp.br\/lapepg\/iniciacao-cientifica-2\/\">Inicia\u00e7\u00e3o Cient\u00edfica<\/a>, <a href=\"\/\/sites.usp.br\/lapepg\/mestrandos\/\">Mestrado<\/a>, <a href=\"\/\/sites.usp.br\/lapepg\/pesquisadores\/doutorandos\/\">Doutorado<\/a>, bem como os egressos que j\u00e1 fizeram parte do laborat\u00f3rio, e que juntos com a professora <a href=\"\/\/sites.usp.br\/lapepg\/profa-dra-carla-guanaes-lorenzi\/\">Carla Guanaes-Lorenzi<\/a>, ajudam a construir a hist\u00f3ria do Lapepg.<\/p>\n<p>In this section you can find who are the members of undergraduate research project, master&#8217;s degree and Phd just as formers students who was part of the lab and with the Full Professor Carla Guanaes-Lorenzi helped to build Lapepg&#8217;s history.<\/p>\n","protected":false},"excerpt":{"rendered":"<p>Nesta se\u00e7\u00e3o voc\u00ea pode encontrar quem s\u00e3o os membros atuais de Inicia\u00e7\u00e3o Cient\u00edfica, Mestrado, Doutorado, bem como os egressos que j\u00e1 fizeram parte do laborat\u00f3rio, e que juntos com a professora Carla Guanaes-Lorenzi, ajudam a construir a hist\u00f3ria do Lapepg. In this section you can find who are the members of undergraduate research project, master&#8217;s [&hellip;]<\/p>\n","protected":false},"author":1,"featured_media":0,"parent":0,"menu_order":0,"comment_status":"closed","ping_status":"closed","template":"","meta":{"footnotes":"","_links_to":"","_links_to_target":""},"class_list":["post-62","page","type-page","status-publish","hentry"],"_links":{"self":[{"href":"https:\/\/sites.usp.br\/lapepg\/wp-json\/wp\/v2\/pages\/62","targetHints":{"allow":["GET"]}}],"collection":[{"href":"https:\/\/sites.usp.br\/lapepg\/wp-json\/wp\/v2\/pages"}],"about":[{"href":"https:\/\/sites.usp.br\/lapepg\/wp-json\/wp\/v2\/types\/page"}],"author":[{"embeddable":true,"href":"https:\/\/sites.usp.br\/lapepg\/wp-json\/wp\/v2\/users\/1"}],"replies":[{"embeddable":true,"href":"https:\/\/sites.usp.br\/lapepg\/wp-json\/wp\/v2\/comments?post=62"}],"version-history":[{"count":5,"href":"https:\/\/sites.usp.br\/lapepg\/wp-json\/wp\/v2\/pages\/62\/revisions"}],"predecessor-version":[{"id":719,"href":"https:\/\/sites.usp.br\/lapepg\/wp-json\/wp\/v2\/pages\/62\/revisions\/719"}],"wp:attachment":[{"href":"https:\/\/sites.usp.br\/lapepg\/wp-json\/wp\/v2\/media?parent=62"}],"curies":[{"name":"wp","href":"https:\/\/api.w.org\/{rel}","templated":true}]}}