{"id":64,"date":"2014-02-12T11:28:54","date_gmt":"2014-02-12T13:28:54","guid":{"rendered":"http:\/\/sites.usp.br\/lapepg\/?page_id=64"},"modified":"2017-08-02T15:00:24","modified_gmt":"2017-08-02T17:00:24","slug":"publicacoes","status":"publish","type":"page","link":"https:\/\/sites.usp.br\/lapepg\/publicacoes\/","title":{"rendered":"Publica\u00e7\u00f5es"},"content":{"rendered":"<p><a href=\"http:\/\/sites.usp.br\/lapepg\/wp-content\/uploads\/sites\/140\/2017\/08\/IMG_1545.jpg\"><img loading=\"lazy\" decoding=\"async\" class=\"size-medium wp-image-453 aligncenter\" src=\"http:\/\/sites.usp.br\/lapepg\/wp-content\/uploads\/sites\/140\/2017\/08\/IMG_1545-225x300.jpg\" alt=\"\" width=\"225\" height=\"300\" srcset=\"https:\/\/sites.usp.br\/lapepg\/wp-content\/uploads\/sites\/140\/2017\/08\/IMG_1545-225x300.jpg 225w, https:\/\/sites.usp.br\/lapepg\/wp-content\/uploads\/sites\/140\/2017\/08\/IMG_1545-768x1024.jpg 768w, https:\/\/sites.usp.br\/lapepg\/wp-content\/uploads\/sites\/140\/2017\/08\/IMG_1545-400x533.jpg 400w, https:\/\/sites.usp.br\/lapepg\/wp-content\/uploads\/sites\/140\/2017\/08\/IMG_1545.jpg 1536w\" sizes=\"auto, (max-width: 225px) 100vw, 225px\" \/><\/a>Nesta se\u00e7\u00e3o, voc\u00ea pode encontrar as publica\u00e7\u00f5es em formatos de <a href=\"\/\/sites.usp.br\/lapepg\/publicacoes\/artigos\/\"><strong>Artigos Cient\u00edfico<\/strong>s<\/a> publicados em revistas nacionais e internacionais, <a href=\"\/\/sites.usp.br\/lapepg\/publicacoes\/livros\/\"><strong>Livros<\/strong><\/a> em colabora\u00e7\u00e3o com outros autores e colegas, <a href=\"\/\/sites.usp.br\/lapepg\/publicacoes\/capitulos\/\"><strong>Cap\u00edtulos de Livros<\/strong><\/a> e <strong><a href=\"\/\/sites.usp.br\/lapepg\/publicacoes\/teses-dissertacoes\/\">Teses <\/a><a href=\"\/\/sites.usp.br\/lapepg\/publicacoes\/teses-dissertacoes\/\">e<\/a><a href=\"\/\/sites.usp.br\/lapepg\/publicacoes\/teses-dissertacoes\/\"> Disserta\u00e7\u00f5es<\/a><\/strong>\u00a0de membros do Lapepg.<strong>\u00a0<\/strong><\/p>\n","protected":false},"excerpt":{"rendered":"<p>Nesta se\u00e7\u00e3o, voc\u00ea pode encontrar as publica\u00e7\u00f5es em formatos de Artigos Cient\u00edficos publicados em revistas nacionais e internacionais, Livros em colabora\u00e7\u00e3o com outros autores e colegas, Cap\u00edtulos de Livros e Teses e Disserta\u00e7\u00f5es\u00a0de membros do Lapepg.\u00a0<\/p>\n","protected":false},"author":1,"featured_media":0,"parent":0,"menu_order":0,"comment_status":"closed","ping_status":"closed","template":"","meta":{"footnotes":"","_links_to":"","_links_to_target":""},"class_list":["post-64","page","type-page","status-publish","hentry"],"_links":{"self":[{"href":"https:\/\/sites.usp.br\/lapepg\/wp-json\/wp\/v2\/pages\/64","targetHints":{"allow":["GET"]}}],"collection":[{"href":"https:\/\/sites.usp.br\/lapepg\/wp-json\/wp\/v2\/pages"}],"about":[{"href":"https:\/\/sites.usp.br\/lapepg\/wp-json\/wp\/v2\/types\/page"}],"author":[{"embeddable":true,"href":"https:\/\/sites.usp.br\/lapepg\/wp-json\/wp\/v2\/users\/1"}],"replies":[{"embeddable":true,"href":"https:\/\/sites.usp.br\/lapepg\/wp-json\/wp\/v2\/comments?post=64"}],"version-history":[{"count":4,"href":"https:\/\/sites.usp.br\/lapepg\/wp-json\/wp\/v2\/pages\/64\/revisions"}],"predecessor-version":[{"id":476,"href":"https:\/\/sites.usp.br\/lapepg\/wp-json\/wp\/v2\/pages\/64\/revisions\/476"}],"wp:attachment":[{"href":"https:\/\/sites.usp.br\/lapepg\/wp-json\/wp\/v2\/media?parent=64"}],"curies":[{"name":"wp","href":"https:\/\/api.w.org\/{rel}","templated":true}]}}