{"id":186,"date":"2021-07-23T11:22:01","date_gmt":"2021-07-23T13:22:01","guid":{"rendered":"https:\/\/sites.usp.br\/laprofar\/?page_id=186"},"modified":"2024-10-16T16:57:23","modified_gmt":"2024-10-16T18:57:23","slug":"equipe","status":"publish","type":"page","link":"https:\/\/sites.usp.br\/laprofar\/equipe\/","title":{"rendered":"Equipe"},"content":{"rendered":"<p><em><u>Professor livre docente e coordenador do grupo<\/u><\/em><\/p>\n<p><strong>Prof. Dr. Wanderley Pereira de Oliveira<\/strong>\u00a0(<a href=\"http:\/\/lattes.cnpq.br\/5252096748402646\">lattes<\/a>)<a href=\"https:\/\/sites.usp.br\/laprofar\/wp-content\/uploads\/sites\/981\/2021\/08\/Wanderley-Oliveira.jpg\"><img loading=\"lazy\" decoding=\"async\" class=\" wp-image-268 alignright\" src=\"https:\/\/sites.usp.br\/laprofar\/wp-content\/uploads\/sites\/981\/2021\/08\/Wanderley-Oliveira-200x300.jpg\" alt=\"\" width=\"86\" height=\"129\" srcset=\"https:\/\/sites.usp.br\/laprofar\/wp-content\/uploads\/sites\/981\/2021\/08\/Wanderley-Oliveira-200x300.jpg 200w, https:\/\/sites.usp.br\/laprofar\/wp-content\/uploads\/sites\/981\/2021\/08\/Wanderley-Oliveira-682x1024.jpg 682w, https:\/\/sites.usp.br\/laprofar\/wp-content\/uploads\/sites\/981\/2021\/08\/Wanderley-Oliveira-768x1154.jpg 768w, https:\/\/sites.usp.br\/laprofar\/wp-content\/uploads\/sites\/981\/2021\/08\/Wanderley-Oliveira-400x600.jpg 400w, https:\/\/sites.usp.br\/laprofar\/wp-content\/uploads\/sites\/981\/2021\/08\/Wanderley-Oliveira.jpg 852w\" sizes=\"auto, (max-width: 86px) 100vw, 86px\" \/><\/a><br \/>\n<strong>Forma\u00e7\u00e3o: <\/strong>Engenheiro qu\u00edmico (UFSCar), mestre e doutor em Engenharia Qu\u00edmica (UFSCar), p\u00f3s-doutorado em processos industriais farmac\u00eauticos (University of British Columbia, Canad\u00e1)<br \/>\n<strong>E-mail:<\/strong>\u00a0<a href=\"mailto:wpoliv@fcfr.usp.br\">wpoliv@fcfrp.usp.br<\/a><\/p>\n<p><em><u>T\u00e9cnico de Laborat\u00f3rio<\/u><\/em><\/p>\n<p><strong>MSc. Marcelo Lu\u00eds Lombardi Martinez<\/strong>\u00a0(<a href=\"http:\/\/lattes.cnpq.br\/8658251350534777\">lattes<\/a>)<a href=\"https:\/\/sites.usp.br\/laprofar\/wp-content\/uploads\/sites\/981\/2021\/08\/Marcelo_foto-scaled.jpg\"><img loading=\"lazy\" decoding=\"async\" class=\" wp-image-265 alignright\" src=\"https:\/\/sites.usp.br\/laprofar\/wp-content\/uploads\/sites\/981\/2021\/08\/Marcelo_foto-216x300.jpg\" alt=\"\" width=\"85\" height=\"118\" srcset=\"https:\/\/sites.usp.br\/laprofar\/wp-content\/uploads\/sites\/981\/2021\/08\/Marcelo_foto-216x300.jpg 216w, https:\/\/sites.usp.br\/laprofar\/wp-content\/uploads\/sites\/981\/2021\/08\/Marcelo_foto-736x1024.jpg 736w, https:\/\/sites.usp.br\/laprofar\/wp-content\/uploads\/sites\/981\/2021\/08\/Marcelo_foto-768x1069.jpg 768w, https:\/\/sites.usp.br\/laprofar\/wp-content\/uploads\/sites\/981\/2021\/08\/Marcelo_foto-1104x1536.jpg 1104w, https:\/\/sites.usp.br\/laprofar\/wp-content\/uploads\/sites\/981\/2021\/08\/Marcelo_foto-1472x2048.jpg 1472w, https:\/\/sites.usp.br\/laprofar\/wp-content\/uploads\/sites\/981\/2021\/08\/Marcelo_foto-400x557.jpg 400w, https:\/\/sites.usp.br\/laprofar\/wp-content\/uploads\/sites\/981\/2021\/08\/Marcelo_foto-scaled.jpg 1840w\" sizes=\"auto, (max-width: 85px) 100vw, 85px\" \/><\/a><br \/>\n<strong>Forma\u00e7\u00e3o:<\/strong> Bi\u00f3logo (FFCLRP\/USP), gradua\u00e7\u00e3o Sandwich na Universidade de T\u00fcbingen (Alemanha) e mestre em Ci\u00eancias (FFCLRP\/USP)<br \/>\n<strong>E-mail:\u00a0<\/strong><a href=\"mailto:mmartinez@fcfrp.usp.br\">mmartinez@fcfrp.usp.br<\/a><\/p>\n<p><em><u>Pesquisadores Associados<\/u><\/em><\/p>\n<p><strong>Dra. Cl\u00e1udia Regina Fernandes de Souza<\/strong>\u00a0(<a href=\"http:\/\/lattes.cnpq.br\/2812643667504972\">lattes<\/a>)<a href=\"https:\/\/sites.usp.br\/laprofar\/wp-content\/uploads\/sites\/981\/2021\/08\/Claudia-Souza1.jpg\"><img loading=\"lazy\" decoding=\"async\" class=\" wp-image-262 alignright\" src=\"https:\/\/sites.usp.br\/laprofar\/wp-content\/uploads\/sites\/981\/2021\/08\/Claudia-Souza1-225x300.jpg\" alt=\"\" width=\"85\" height=\"113\" srcset=\"https:\/\/sites.usp.br\/laprofar\/wp-content\/uploads\/sites\/981\/2021\/08\/Claudia-Souza1-225x300.jpg 225w, https:\/\/sites.usp.br\/laprofar\/wp-content\/uploads\/sites\/981\/2021\/08\/Claudia-Souza1-768x1024.jpg 768w, https:\/\/sites.usp.br\/laprofar\/wp-content\/uploads\/sites\/981\/2021\/08\/Claudia-Souza1-1152x1536.jpg 1152w, https:\/\/sites.usp.br\/laprofar\/wp-content\/uploads\/sites\/981\/2021\/08\/Claudia-Souza1-400x533.jpg 400w, https:\/\/sites.usp.br\/laprofar\/wp-content\/uploads\/sites\/981\/2021\/08\/Claudia-Souza1.jpg 1440w\" sizes=\"auto, (max-width: 85px) 100vw, 85px\" \/><\/a><br \/>\n<strong>Forma\u00e7\u00e3o:<\/strong> Farmac\u00eautica-bioqu\u00edmica (Funda\u00e7\u00e3o Educacional de Fernand\u00f3polis), mestre e doutora em Ci\u00eancias (FCFRP\/USP), p\u00f3s-doutorado em microencapsula\u00e7\u00e3o e nanoencapsula\u00e7\u00e3o de ativos naturais empregando tecnologias de secagem (FCFRP\/USP)<br \/>\n<strong>E-mail:<\/strong>\u00a0<a href=\"mailto:souzacrf@gmail.com\">souzacrf@gmail.com<\/a><\/p>\n<p><strong>Dr. Victor Oloruntoba Bankole<\/strong> (<a href=\"http:\/lattes.cnpq.br\/9859803038338135\">lattes<\/a>)<a href=\"https:\/\/sites.usp.br\/laprofar\/wp-content\/uploads\/sites\/981\/2021\/08\/Victor-O.-Bankole.jpg\"><img loading=\"lazy\" decoding=\"async\" class=\" wp-image-267 alignright\" src=\"https:\/\/sites.usp.br\/laprofar\/wp-content\/uploads\/sites\/981\/2021\/08\/Victor-O.-Bankole-201x300.jpg\" alt=\"\" width=\"86\" height=\"128\" srcset=\"https:\/\/sites.usp.br\/laprofar\/wp-content\/uploads\/sites\/981\/2021\/08\/Victor-O.-Bankole-201x300.jpg 201w, https:\/\/sites.usp.br\/laprofar\/wp-content\/uploads\/sites\/981\/2021\/08\/Victor-O.-Bankole-687x1024.jpg 687w, https:\/\/sites.usp.br\/laprofar\/wp-content\/uploads\/sites\/981\/2021\/08\/Victor-O.-Bankole-768x1144.jpg 768w, https:\/\/sites.usp.br\/laprofar\/wp-content\/uploads\/sites\/981\/2021\/08\/Victor-O.-Bankole-400x596.jpg 400w, https:\/\/sites.usp.br\/laprofar\/wp-content\/uploads\/sites\/981\/2021\/08\/Victor-O.-Bankole.jpg 849w\" sizes=\"auto, (max-width: 86px) 100vw, 86px\" \/><\/a><br \/>\n<strong>Forma\u00e7\u00e3o:<\/strong> Farmac\u00eautico, mestre em Ci\u00eancias (Universidade Obafemi Awolowo (OAU), Ile-Ife, Nig\u00e9ria) e doutor em Ci\u00eancias (FCFRP\/USP)<br \/>\n<strong>E-mail:<\/strong>\u00a0<a href=\"mailto:voabankole@gmail.com\">voabankole@gmail.com<\/a><\/p>\n<p><em><u>P\u00f3s-Doutorado<\/u><\/em><\/p>\n<p><strong>Dr. Guilherme Henrique Alves Pinto<\/strong>\u00a0(<a href=\"http:\/\/lattes.cnpq.br\/6919620534872525\">lattes<\/a>)<a href=\"https:\/\/sites.usp.br\/laprofar\/wp-content\/uploads\/sites\/981\/2024\/10\/Guilherme_Posdoc.jpeg\"><img loading=\"lazy\" decoding=\"async\" class=\"wp-image-515 alignright\" src=\"https:\/\/sites.usp.br\/laprofar\/wp-content\/uploads\/sites\/981\/2024\/10\/Guilherme_Posdoc-206x300.jpeg\" alt=\"\" width=\"87\" height=\"126\" srcset=\"https:\/\/sites.usp.br\/laprofar\/wp-content\/uploads\/sites\/981\/2024\/10\/Guilherme_Posdoc-206x300.jpeg 206w, https:\/\/sites.usp.br\/laprofar\/wp-content\/uploads\/sites\/981\/2024\/10\/Guilherme_Posdoc.jpeg 386w\" sizes=\"auto, (max-width: 87px) 100vw, 87px\" \/><\/a><br \/>\n<strong>Forma\u00e7\u00e3o: <\/strong>Engenheiro Qu\u00edmico (UFSCar), mestre e doutor em Engenharia Qu\u00edmica (UFSCar)<br \/>\n<strong>Projeto atual: <\/strong>Obten\u00e7\u00e3o de imunoestimulantes para piscicultura pela extra\u00e7\u00e3o e encapsula\u00e7\u00e3o de bioativos presentes na casca de manga<br \/>\n<strong>Bolsista:<\/strong> FAPESP<br \/>\n<strong>E-mail:<\/strong> <a href=\"mailto:gabi.gil@usp.br\">guilhermealvespinto@usp.br<\/a><\/p>\n<p><em><u>Doutorado<\/u><\/em><\/p>\n<p><strong>Farm. Gabriela Alberto Gil<\/strong> (<a href=\"http:\/\/lattes.cnpq.br\/8879445044326446\">lattes<\/a>)<a href=\"https:\/\/sites.usp.br\/laprofar\/wp-content\/uploads\/sites\/981\/2024\/03\/GabrielaGil.jpg\"><img loading=\"lazy\" decoding=\"async\" class=\"alignright wp-image-497\" src=\"https:\/\/sites.usp.br\/laprofar\/wp-content\/uploads\/sites\/981\/2024\/03\/GabrielaGil-233x300.jpg\" alt=\"\" width=\"88\" height=\"113\" srcset=\"https:\/\/sites.usp.br\/laprofar\/wp-content\/uploads\/sites\/981\/2024\/03\/GabrielaGil-233x300.jpg 233w, https:\/\/sites.usp.br\/laprofar\/wp-content\/uploads\/sites\/981\/2024\/03\/GabrielaGil-795x1024.jpg 795w, https:\/\/sites.usp.br\/laprofar\/wp-content\/uploads\/sites\/981\/2024\/03\/GabrielaGil-768x989.jpg 768w, https:\/\/sites.usp.br\/laprofar\/wp-content\/uploads\/sites\/981\/2024\/03\/GabrielaGil-400x515.jpg 400w, https:\/\/sites.usp.br\/laprofar\/wp-content\/uploads\/sites\/981\/2024\/03\/GabrielaGil.jpg 994w\" sizes=\"auto, (max-width: 88px) 100vw, 88px\" \/><\/a><br \/>\n<strong>Forma\u00e7\u00e3o:\u00a0<\/strong>Gradua\u00e7\u00e3o em Farm\u00e1cia-Bioqu\u00edmica (FCFRP\/USP)<br \/>\n<strong>Projeto atual: <\/strong>Desenvolvimento de nanocarreadores contendo fitoativos do pau-d\u00b4arco com potencial atividade antineopl\u00e1sica<br \/>\n<strong>Bolsista:\u00a0<\/strong>CNPq (doutorado direto)<br \/>\n<strong>E-mail:<\/strong>\u00a0<a href=\"mailto:gabi.gil@usp.br\">gabi.gil@usp.br<\/a><\/p>\n<p><strong>MSc. Jesudunni Aanuolu Ajileye (lattes)<a href=\"https:\/\/sites.usp.br\/laprofar\/wp-content\/uploads\/sites\/981\/2024\/03\/Jesudunni.jpg\"><img loading=\"lazy\" decoding=\"async\" class=\"alignright wp-image-501\" src=\"https:\/\/sites.usp.br\/laprofar\/wp-content\/uploads\/sites\/981\/2024\/03\/Jesudunni-300x300.jpg\" alt=\"\" width=\"88\" height=\"88\" srcset=\"https:\/\/sites.usp.br\/laprofar\/wp-content\/uploads\/sites\/981\/2024\/03\/Jesudunni-300x300.jpg 300w, https:\/\/sites.usp.br\/laprofar\/wp-content\/uploads\/sites\/981\/2024\/03\/Jesudunni-150x150.jpg 150w, https:\/\/sites.usp.br\/laprofar\/wp-content\/uploads\/sites\/981\/2024\/03\/Jesudunni-768x768.jpg 768w, https:\/\/sites.usp.br\/laprofar\/wp-content\/uploads\/sites\/981\/2024\/03\/Jesudunni-45x45.jpg 45w, https:\/\/sites.usp.br\/laprofar\/wp-content\/uploads\/sites\/981\/2024\/03\/Jesudunni-200x200.jpg 200w, https:\/\/sites.usp.br\/laprofar\/wp-content\/uploads\/sites\/981\/2024\/03\/Jesudunni-400x400.jpg 400w, https:\/\/sites.usp.br\/laprofar\/wp-content\/uploads\/sites\/981\/2024\/03\/Jesudunni.jpg 788w\" sizes=\"auto, (max-width: 88px) 100vw, 88px\" \/><\/a><\/strong><br \/>\n<strong>Forma\u00e7\u00e3o:\u00a0<\/strong>Farmac\u00eautica e mestre em Ci\u00eancias (Universidade Obafemi Awolowo (OAU), Ile-Ife, Nig\u00e9ria)<br \/>\n<strong>Projeto atual:<\/strong> Encapsula\u00e7\u00e3o de imunoestimulantes naturais e agentes quimioter\u00e1picos para controle de infec\u00e7\u00f5es na piscicultura<br \/>\n<strong>\u00c1rea:\u00a0<\/strong>Ci\u00eancias Farmac\u00eauticas \u2013 Medicamentos e Cosm\u00e9ticos<br \/>\n<strong>Bolsista: <\/strong>CAPES<br \/>\n<strong>E-mail:\u00a0<\/strong><a href=\"jesudunniaanuolu@gmail.com\">jesudunniaanuolu@gmail.com<\/a><\/p>\n<p><strong>Farm. Let\u00edcia Kakuda<\/strong>\u00a0(<a href=\"http:\/\/lattes.cnpq.br\/2424432028711383\">lattes<\/a>) &#8211; Co-orientador <a href=\"https:\/\/sites.usp.br\/laprofar\/wp-content\/uploads\/sites\/981\/2021\/08\/foto_Leticia-scaled.jpg\"><img loading=\"lazy\" decoding=\"async\" class=\" wp-image-315 alignright\" src=\"https:\/\/sites.usp.br\/laprofar\/wp-content\/uploads\/sites\/981\/2021\/08\/foto_Leticia-225x300.jpg\" alt=\"\" width=\"88\" height=\"117\" srcset=\"https:\/\/sites.usp.br\/laprofar\/wp-content\/uploads\/sites\/981\/2021\/08\/foto_Leticia-225x300.jpg 225w, https:\/\/sites.usp.br\/laprofar\/wp-content\/uploads\/sites\/981\/2021\/08\/foto_Leticia-768x1024.jpg 768w, https:\/\/sites.usp.br\/laprofar\/wp-content\/uploads\/sites\/981\/2021\/08\/foto_Leticia-1152x1536.jpg 1152w, https:\/\/sites.usp.br\/laprofar\/wp-content\/uploads\/sites\/981\/2021\/08\/foto_Leticia-1536x2048.jpg 1536w, https:\/\/sites.usp.br\/laprofar\/wp-content\/uploads\/sites\/981\/2021\/08\/foto_Leticia-400x533.jpg 400w, https:\/\/sites.usp.br\/laprofar\/wp-content\/uploads\/sites\/981\/2021\/08\/foto_Leticia-scaled.jpg 1920w\" sizes=\"auto, (max-width: 88px) 100vw, 88px\" \/><\/a><br \/>\n<strong>Forma\u00e7\u00e3o:<\/strong>\u00a0Farmac\u00eautica (FCFRP\/USP)<br \/>\n<strong>Projeto atual:\u00a0<\/strong>Desenvolvimento e avalia\u00e7\u00e3o da efic\u00e1cia de formula\u00e7\u00f5es cosm\u00e9ticas contendo \u00f3leo de pequi encapsulado em sistemas nanoestruturados<br \/>\n<strong>Orienta\u00e7\u00e3o:<\/strong> Profa. Dra. Patr\u00edcia Maria Berardo Gon\u00e7alves Maia Campos<br \/>\n<strong>\u00c1rea:<\/strong>\u00a0Ci\u00eancias Farmac\u00eauticas \u2013 Medicamentos e Cosm\u00e9ticos<br \/>\n<strong>Bolsista:<\/strong> FAPESP<br \/>\n<strong>E-mail:<\/strong>\u00a0<a href=\"mailto:leticia.kakuda@usp.br\">leticia.kakuda@usp.br<\/a><\/p>\n<p><strong>Msc. Maria Sirlene Morais<\/strong> (<a href=\"http:\/\/lattes.cnpq.br\/0303556034594991\">lattes<\/a>)<a href=\"https:\/\/sites.usp.br\/laprofar\/wp-content\/uploads\/sites\/981\/2021\/08\/Sirlene.jpg\"><img loading=\"lazy\" decoding=\"async\" class=\"wp-image-266 alignright\" src=\"https:\/\/sites.usp.br\/laprofar\/wp-content\/uploads\/sites\/981\/2021\/08\/Sirlene-248x300.jpg\" alt=\"\" width=\"82\" height=\"99\" srcset=\"https:\/\/sites.usp.br\/laprofar\/wp-content\/uploads\/sites\/981\/2021\/08\/Sirlene-248x300.jpg 248w, https:\/\/sites.usp.br\/laprofar\/wp-content\/uploads\/sites\/981\/2021\/08\/Sirlene.jpg 321w\" sizes=\"auto, (max-width: 82px) 100vw, 82px\" \/><\/a><br \/>\n<strong>Forma\u00e7\u00e3o:\u00a0<\/strong>Farmac\u00eautica (Centro Regional Universit\u00e1rio Esp\u00edrito Santo do Pinhal) e mestre em Ci\u00eancias (FCFRP\/USP)<br \/>\n<strong>Projeto atual: <\/strong>Desenvolvimento de um biomaterial hidrogel antibiofilme multifuncional\u00a0 para feridas que n\u00e3o cicatrizam<br \/>\n<strong>\u00c1rea:\u00a0<\/strong>Ci\u00eancias Farmac\u00eauticas \u2013 Medicamentos e Cosm\u00e9ticos<br \/>\n<strong>Bolsista:\u00a0<\/strong>n\u00e3o (v\u00ednculo empregat\u00edcio)<br \/>\n<strong>E-mail:\u00a0<\/strong><a href=\"mailto:sirlenemorais4@hotmail.com\">sirlenemorais4@hotmail.com<\/a><\/p>\n<p><strong>MSc. Rodolfo Scarpino Barboza Franco <\/strong>(<a href=\"http:\/\/lattes.cnpq.br\/0970569113563623\">lattes<\/a>)<br \/>\n<strong>Forma\u00e7\u00e3o:\u00a0<\/strong>Farmac\u00eautico e mestre em Ci\u00eancias (FCFRP\/USP)<br \/>\n<strong>Projeto atual:<\/strong> Prospec\u00e7\u00e3o e aplica\u00e7\u00e3o de tensoativos naturais obtidos dos frutos de <em>Sapindus saponaria<\/em> (sab\u00e3o-de-soldado)<br \/>\n<strong>\u00c1rea:\u00a0<\/strong>Ci\u00eancias Farmac\u00eauticas \u2013 Medicamentos e Cosm\u00e9ticos<br \/>\n<strong>Bolsista:\u00a0<\/strong>n\u00e3o (v\u00ednculo empregat\u00edcio)<br \/>\n<strong>E-mail:\u00a0<\/strong><a href=\"mailto:rodolfo.franco@usp.br\">rodolfo.franco@usp.br<\/a><\/p>\n<p><strong>MSc. Sarah Chagas Campanharo<\/strong>\u00a0(<a href=\"http:\/\/lattes.cnpq.br\/9646282858018218\">lattes<\/a>) &#8211; Co-orientador <a href=\"https:\/\/sites.usp.br\/laprofar\/wp-content\/uploads\/sites\/981\/2024\/10\/Sarah_doc.jpg\"><img loading=\"lazy\" decoding=\"async\" class=\"wp-image-520 alignright\" src=\"https:\/\/sites.usp.br\/laprofar\/wp-content\/uploads\/sites\/981\/2024\/10\/Sarah_doc-249x300.jpg\" alt=\"\" width=\"91\" height=\"110\" srcset=\"https:\/\/sites.usp.br\/laprofar\/wp-content\/uploads\/sites\/981\/2024\/10\/Sarah_doc-249x300.jpg 249w, https:\/\/sites.usp.br\/laprofar\/wp-content\/uploads\/sites\/981\/2024\/10\/Sarah_doc-849x1024.jpg 849w, https:\/\/sites.usp.br\/laprofar\/wp-content\/uploads\/sites\/981\/2024\/10\/Sarah_doc-768x926.jpg 768w, https:\/\/sites.usp.br\/laprofar\/wp-content\/uploads\/sites\/981\/2024\/10\/Sarah_doc-1274x1536.jpg 1274w, https:\/\/sites.usp.br\/laprofar\/wp-content\/uploads\/sites\/981\/2024\/10\/Sarah_doc-1698x2048.jpg 1698w, https:\/\/sites.usp.br\/laprofar\/wp-content\/uploads\/sites\/981\/2024\/10\/Sarah_doc-400x482.jpg 400w, https:\/\/sites.usp.br\/laprofar\/wp-content\/uploads\/sites\/981\/2024\/10\/Sarah_doc.jpg 1720w\" sizes=\"auto, (max-width: 91px) 100vw, 91px\" \/><\/a><br \/>\n<strong>Forma\u00e7\u00e3o:<\/strong> Farmac\u00eautica (UFRGS) e mestra em Ci\u00eancias (FCFRP\/USP)<br \/>\n<strong>Projeto atual: <\/strong>Desenvolvimento de formula\u00e7\u00e3o de part\u00edculas contendo antimicrobianos para uso na aquicultura e estudo farmacocin\u00e9tico<br \/>\n<strong>Orienta\u00e7\u00e3o:<\/strong> Prof. Dr. Jonas Augusto Rizzato Paschoal<br \/>\n<strong>\u00c1rea:<\/strong>\u00a0Ci\u00eancias Farmac\u00eauticas \u2013 Medicamentos e Cosm\u00e9ticos<br \/>\n<strong>Bolsista:<\/strong> CAPES<br \/>\n<strong>E-mail:<\/strong> <a href=\"mailto:leticia.kakuda@usp.br\">scampanharo@usp.br<\/a><\/p>\n<p><em><u>Mestrado<\/u><\/em><\/p>\n<p><strong>Lucas Emanuel de Oliveira Santos <\/strong>(<a href=\"http:\/\/lattes.cnpq.br\/3163116655371439\">lattes<\/a>)<a href=\"https:\/\/sites.usp.br\/laprofar\/wp-content\/uploads\/sites\/981\/2021\/08\/foto_Lucas.jpg\"><img loading=\"lazy\" decoding=\"async\" class=\" wp-image-376 alignright\" src=\"https:\/\/sites.usp.br\/laprofar\/wp-content\/uploads\/sites\/981\/2021\/08\/foto_Lucas.jpg\" alt=\"\" width=\"82\" height=\"82\" srcset=\"https:\/\/sites.usp.br\/laprofar\/wp-content\/uploads\/sites\/981\/2021\/08\/foto_Lucas.jpg 256w, https:\/\/sites.usp.br\/laprofar\/wp-content\/uploads\/sites\/981\/2021\/08\/foto_Lucas-150x150.jpg 150w, https:\/\/sites.usp.br\/laprofar\/wp-content\/uploads\/sites\/981\/2021\/08\/foto_Lucas-45x45.jpg 45w, https:\/\/sites.usp.br\/laprofar\/wp-content\/uploads\/sites\/981\/2021\/08\/foto_Lucas-200x200.jpg 200w\" sizes=\"auto, (max-width: 82px) 100vw, 82px\" \/><\/a><br \/>\n<strong>Forma\u00e7\u00e3o: <\/strong>Biom\u00e9dico (Universidade Tiradentes, Sergipe)<br \/>\n<strong>Projeto atual: <\/strong>Encapsula\u00e7\u00e3o de compostos bioativos da Camu-Camu (<em>Myrciaria dubai<\/em>) em prolipossomas como ingrediente ativo de fitocosm\u00e9ticos<br \/>\n<strong>\u00c1rea:\u00a0<\/strong>Ci\u00eancias Farmac\u00eauticas \u2013 Medicamentos e Cosm\u00e9ticos<br \/>\n<strong>Bolsista:\u00a0<\/strong>n\u00e3o (v\u00ednculo empregat\u00edcio)<br \/>\n<strong>E-mail:<\/strong>\u00a0<a href=\"mailto:lucas.bmd@usp.br\">lucas.bmd@usp.br<\/a><\/p>\n<p><em><u>Inicia\u00e7\u00e3o Cient\u00edfica<\/u><\/em><\/p>\n<p><strong>Gabriela Alves da Silva <\/strong>(<a href=\"http:\/\/lattes.cnpq.br\/8009602904050869\">lattes<\/a>)<a href=\"https:\/\/sites.usp.br\/laprofar\/wp-content\/uploads\/sites\/981\/2024\/01\/GabrielaAlves.jpg\"><img loading=\"lazy\" decoding=\"async\" class=\"wp-image-468 alignright\" src=\"https:\/\/sites.usp.br\/laprofar\/wp-content\/uploads\/sites\/981\/2024\/01\/GabrielaAlves-e1706207383996-239x300.jpg\" alt=\"\" width=\"80\" height=\"101\" srcset=\"https:\/\/sites.usp.br\/laprofar\/wp-content\/uploads\/sites\/981\/2024\/01\/GabrielaAlves-e1706207383996-239x300.jpg 239w, https:\/\/sites.usp.br\/laprofar\/wp-content\/uploads\/sites\/981\/2024\/01\/GabrielaAlves-e1706207383996-816x1024.jpg 816w, https:\/\/sites.usp.br\/laprofar\/wp-content\/uploads\/sites\/981\/2024\/01\/GabrielaAlves-e1706207383996-768x963.jpg 768w, https:\/\/sites.usp.br\/laprofar\/wp-content\/uploads\/sites\/981\/2024\/01\/GabrielaAlves-e1706207383996-400x502.jpg 400w, https:\/\/sites.usp.br\/laprofar\/wp-content\/uploads\/sites\/981\/2024\/01\/GabrielaAlves-e1706207383996.jpg 877w\" sizes=\"auto, (max-width: 80px) 100vw, 80px\" \/><\/a><br \/>\n<strong>Forma\u00e7\u00e3o:\u00a0<\/strong>Gradua\u00e7\u00e3o em Farm\u00e1cia-Bioqu\u00edmica (FCFRP\/USP)<br \/>\n<strong>Projeto atual: <\/strong>Prolipossomas contendo compostos bioativos da <em>Eugenia pyriformis<\/em> Cambess e avalia\u00e7\u00e3o do seu potencial como subst\u00e2ncia ativa vegetal para a pele<br \/>\n<strong>Bolsista: <\/strong>PIBIq-CNPq<br \/>\n<strong>E-mail: <\/strong><a href=\"mailto:gabriela.alvesbr@usp.br\">gabriela.alvesbr@usp.br<\/a><\/p>\n<p><strong>Isabela Cristina Barretto <\/strong>(<a href=\"http:\/\/lattes.cnpq.br\/3545124141559353\">lattes<\/a>)<a href=\"https:\/\/sites.usp.br\/laprofar\/wp-content\/uploads\/sites\/981\/2024\/10\/Isabela_IC.jpeg\"><img loading=\"lazy\" decoding=\"async\" class=\"alignright wp-image-512\" src=\"https:\/\/sites.usp.br\/laprofar\/wp-content\/uploads\/sites\/981\/2024\/10\/Isabela_IC-300x298.jpeg\" alt=\"\" width=\"92\" height=\"91\" \/><\/a><br \/>\n<strong>Forma\u00e7\u00e3o:\u00a0<\/strong>Gradua\u00e7\u00e3o em Farm\u00e1cia-Bioqu\u00edmica (FCFRP\/USP)<br \/>\n<strong>Projeto atual: <\/strong>Sistemas de libera\u00e7\u00e3o em hidrog\u00e9is contendo polifen\u00f3is de <em>Rosmarinus officinalis<\/em> em prolipossomas para tratamento t\u00f3pico de infec\u00e7\u00f5es f\u00fangicas<br \/>\n<strong>Bolsista: <\/strong>PIBIq-CNPq<br \/>\n<strong>E-mail: <\/strong><a href=\"mailto:gabriela.alvesbr@usp.br\">isabelabarretto@usp.br<\/a><\/p>\n<p><strong>Let\u00edcia Moutinho <\/strong>(<a href=\"https:\/\/lattes.cnpq.br\/5009967531386149\">lattes<\/a>)<a href=\"https:\/\/sites.usp.br\/laprofar\/wp-content\/uploads\/sites\/981\/2024\/10\/LeticiaMoutinho_IC.jpeg\"><img loading=\"lazy\" decoding=\"async\" class=\"wp-image-514 alignright\" src=\"https:\/\/sites.usp.br\/laprofar\/wp-content\/uploads\/sites\/981\/2024\/10\/LeticiaMoutinho_IC-201x300.jpeg\" alt=\"\" width=\"82\" height=\"123\" srcset=\"https:\/\/sites.usp.br\/laprofar\/wp-content\/uploads\/sites\/981\/2024\/10\/LeticiaMoutinho_IC-201x300.jpeg 201w, https:\/\/sites.usp.br\/laprofar\/wp-content\/uploads\/sites\/981\/2024\/10\/LeticiaMoutinho_IC-687x1024.jpeg 687w, https:\/\/sites.usp.br\/laprofar\/wp-content\/uploads\/sites\/981\/2024\/10\/LeticiaMoutinho_IC-768x1144.jpeg 768w, https:\/\/sites.usp.br\/laprofar\/wp-content\/uploads\/sites\/981\/2024\/10\/LeticiaMoutinho_IC-400x596.jpeg 400w, https:\/\/sites.usp.br\/laprofar\/wp-content\/uploads\/sites\/981\/2024\/10\/LeticiaMoutinho_IC.jpeg 864w\" sizes=\"auto, (max-width: 82px) 100vw, 82px\" \/><\/a><br \/>\n<strong>Forma\u00e7\u00e3o:\u00a0<\/strong>Gradua\u00e7\u00e3o em Farm\u00e1cia-Bioqu\u00edmica (FCFRP\/USP)<br \/>\n<strong>Projeto atual: <\/strong>Hidrog\u00e9is\u00a0 com nanocarreadores lip\u00eddicos contendo \u00f3leo de tomilho para combate \u00e0 resist\u00eancia antimicrobiana na piscicultura<br \/>\n<strong>Bolsista: <\/strong>PUB<br \/>\n<strong>E-mail: <\/strong><a href=\"mailto:gabriela.alvesbr@usp.br\">moutleticia@usp.br<\/a><\/p>\n<p><strong>Maria Fernanda Santos Lopes <\/strong>(<a href=\"http:\/\/lattes.cnpq.br\/1571328463086431\">lattes<\/a>)<a href=\"https:\/\/sites.usp.br\/laprofar\/wp-content\/uploads\/sites\/981\/2024\/01\/MariaFernanda.jpg\"><img loading=\"lazy\" decoding=\"async\" class=\"alignright wp-image-470 \" src=\"https:\/\/sites.usp.br\/laprofar\/wp-content\/uploads\/sites\/981\/2024\/01\/MariaFernanda-e1706207861641-289x300.jpg\" alt=\"\" width=\"83\" height=\"86\" srcset=\"https:\/\/sites.usp.br\/laprofar\/wp-content\/uploads\/sites\/981\/2024\/01\/MariaFernanda-e1706207861641-289x300.jpg 289w, https:\/\/sites.usp.br\/laprofar\/wp-content\/uploads\/sites\/981\/2024\/01\/MariaFernanda-e1706207861641.jpg 344w\" sizes=\"auto, (max-width: 83px) 100vw, 83px\" \/><\/a><br \/>\n<strong>Forma\u00e7\u00e3o: <\/strong>Gradua\u00e7\u00e3o em Farm\u00e1cia-Bioqu\u00edmica (FCFRP\/USP)<br \/>\n<strong>Projeto atual:<\/strong> S\u00edntese verde de nanopart\u00edculas met\u00e1licas para uso como agente antimicrobiano com aplica\u00e7\u00f5es em piscicultura<br \/>\n<strong>Gradua\u00e7\u00e3o Sandwich:<\/strong> Universidade do Porto (Faculdade de Engenharia)<br \/>\n<strong>Projeto:<\/strong> Desenvolvimento de formula\u00e7\u00f5es sustent\u00e1veis visando aplica\u00e7\u00e3o cosm\u00e9tica e agroindustrial com foco em inova\u00e7\u00e3o aberta<br \/>\n<strong>Per\u00edodo: <\/strong>setembro\/2024 a mar\u00e7o de 2025<br \/>\n<strong>Bolsista:<\/strong> Programa de Bolsas de Interc\u00e2mbio Internacional &#8211; Modalidade Empreendedorismo<br \/>\n<strong>E-mail: <\/strong><a href=\"mailto:lopes.mariafernanda@usp.br\">lopes.mariafernanda@usp.br<\/a><\/p>\n","protected":false},"excerpt":{"rendered":"<p>Professor livre docente e coordenador do grupo Prof. Dr. Wanderley Pereira de Oliveira\u00a0(lattes) Forma\u00e7\u00e3o: Engenheiro qu\u00edmico (UFSCar), mestre e doutor em Engenharia Qu\u00edmica (UFSCar), p\u00f3s-doutorado em processos industriais farmac\u00eauticos (University of British Columbia, Canad\u00e1) E-mail:\u00a0wpoliv@fcfrp.usp.br T\u00e9cnico de Laborat\u00f3rio MSc. Marcelo Lu\u00eds Lombardi Martinez\u00a0(lattes) Forma\u00e7\u00e3o: Bi\u00f3logo (FFCLRP\/USP), gradua\u00e7\u00e3o Sandwich na Universidade de T\u00fcbingen (Alemanha) e mestre [&hellip;]<\/p>\n","protected":false},"author":22495,"featured_media":0,"parent":0,"menu_order":6,"comment_status":"closed","ping_status":"closed","template":"","meta":{"footnotes":"","_links_to":"","_links_to_target":""},"class_list":["post-186","page","type-page","status-publish","hentry"],"_links":{"self":[{"href":"https:\/\/sites.usp.br\/laprofar\/wp-json\/wp\/v2\/pages\/186","targetHints":{"allow":["GET"]}}],"collection":[{"href":"https:\/\/sites.usp.br\/laprofar\/wp-json\/wp\/v2\/pages"}],"about":[{"href":"https:\/\/sites.usp.br\/laprofar\/wp-json\/wp\/v2\/types\/page"}],"author":[{"embeddable":true,"href":"https:\/\/sites.usp.br\/laprofar\/wp-json\/wp\/v2\/users\/22495"}],"replies":[{"embeddable":true,"href":"https:\/\/sites.usp.br\/laprofar\/wp-json\/wp\/v2\/comments?post=186"}],"version-history":[{"count":5,"href":"https:\/\/sites.usp.br\/laprofar\/wp-json\/wp\/v2\/pages\/186\/revisions"}],"predecessor-version":[{"id":522,"href":"https:\/\/sites.usp.br\/laprofar\/wp-json\/wp\/v2\/pages\/186\/revisions\/522"}],"wp:attachment":[{"href":"https:\/\/sites.usp.br\/laprofar\/wp-json\/wp\/v2\/media?parent=186"}],"curies":[{"name":"wp","href":"https:\/\/api.w.org\/{rel}","templated":true}]}}