{"id":196,"date":"2021-08-12T12:45:18","date_gmt":"2021-08-12T14:45:18","guid":{"rendered":"https:\/\/sites.usp.br\/laprofar\/?page_id=196"},"modified":"2021-08-17T12:27:27","modified_gmt":"2021-08-17T14:27:27","slug":"linhas-de-pesquisa","status":"publish","type":"page","link":"https:\/\/sites.usp.br\/laprofar\/linhas-de-pesquisa\/","title":{"rendered":"Linhas de pesquisa"},"content":{"rendered":"<p>Os principais t\u00f3picos de pesquisa investigados pelo grupo LAPROFAR s\u00e3o de car\u00e1ter <strong>multidisciplinar<\/strong> e est\u00e3o relacionados a:<\/p>\n<ol>\n<li>Extra\u00e7\u00e3o de subst\u00e2ncias ativas de plantas medicinais e arom\u00e1ticas;<\/li>\n<li>Desenvolvimento de metodologias para quantifica\u00e7\u00e3o de subst\u00e2ncias ativas;<\/li>\n<li>Secagem de extratos vegetais em <em>spray dryer<\/em>, liofiliza\u00e7\u00e3o e em leito de jorro (padroniza\u00e7\u00e3o de fitoter\u00e1picos);<\/li>\n<li>Micro e nanoencapsula\u00e7\u00e3o de ativos naturais, empregando tecnologias de secagem;<\/li>\n<li>Secagem, imobiliza\u00e7\u00e3o e encapsula\u00e7\u00e3o de prote\u00ednas e enzimas de interesse farmac\u00eautico e industrial;<\/li>\n<li>Avalia\u00e7\u00e3o da estabilidade f\u00edsico-qu\u00edmica de extratos padronizados e de formas farmac\u00eauticas;<\/li>\n<li>Estudos de dissolu\u00e7\u00e3o\/solubilidade de f\u00e1rmacos e fitoter\u00e1picos;<\/li>\n<li>Avalia\u00e7\u00e3o reol\u00f3gica de produtos farmac\u00eauticos e cosm\u00e9ticos;<\/li>\n<li>Microencapsula\u00e7\u00e3o de f\u00e1rmacos, \u00f3leos essenciais e extratos vegetais em <em>spray dryer<\/em>;<\/li>\n<li>Revestimento de c\u00e1psulas gelatinosas moles e duras, comprimidos e p\u00f3s em leitos fluidos (leitos de jorro, fluidizados e processo Wurster);<\/li>\n<li>Produ\u00e7\u00e3o e caracteriza\u00e7\u00e3o de nanofibras e encapsula\u00e7\u00e3o com ativos farmac\u00eauticos<\/li>\n<li>An\u00e1lise estat\u00edstica e otimiza\u00e7\u00e3o de processos.<\/li>\n<\/ol>\n<p>&nbsp;<\/p>\n<ol>\n<li><span style=\"color: #008000;\"><strong> Produ\u00e7\u00e3o de extratos secos padronizados de plantas arom\u00e1ticas e medicinais: <\/strong><\/span><\/li>\n<\/ol>\n<p>Objetiva o desenvolvimento de procedimentos para a produ\u00e7\u00e3o de extratos secos de plantas medicinais brasileiras, usando a secagem em leito de jorro, liofiliza\u00e7\u00e3o e em <em>spray dryer<\/em> e m\u00e9todos para avalia\u00e7\u00e3o biol\u00f3gica e controle de qualidade f\u00edsico-qu\u00edmico de fitoter\u00e1picos.<\/p>\n<p>&nbsp;<\/p>\n<ol start=\"2\">\n<li><span style=\"color: #008000;\"><strong> Micro e nanoencapsula\u00e7\u00e3o de ativos naturais empregando tecnologias de secagem: <\/strong><\/span><\/li>\n<\/ol>\n<p>Desenvolvimento e avalia\u00e7\u00e3o de sistemas micro e nanoestruturados para a modula\u00e7\u00e3o da libera\u00e7\u00e3o de produtos naturais (ex. extratos brutos, componentes semipurificados e\/ou isolados), enfatizando-se diferentes processos de prepara\u00e7\u00e3o (homogeneiza\u00e7\u00e3o de alta press\u00e3o, homogeneiza\u00e7\u00e3o por ultrassom, <em>spray drying<\/em> e liofiliza\u00e7\u00e3o, entre outros), tipo de excipientes e procedimentos para a caracteriza\u00e7\u00e3o f\u00edsico-qu\u00edmica do produto.<\/p>\n<ol start=\"3\">\n<li><span style=\"color: #008000;\"><strong> Secagem de plantas arom\u00e1ticas e medicinais: <\/strong><\/span><\/li>\n<\/ol>\n<p>Desenvolvimento de metodologias para a obten\u00e7\u00e3o das isotermas de equil\u00edbrio (adsor\u00e7\u00e3o e dessor\u00e7\u00e3o), cin\u00e9tica de secagem em camada fina, avalia\u00e7\u00e3o do processo de secagem atrav\u00e9s da degrada\u00e7\u00e3o t\u00e9rmica de subst\u00e2ncias termosens\u00edveis e vol\u00e1teis durante a secagem e estocagem de plantas medicinais e arom\u00e1ticas.<\/p>\n<ol start=\"4\">\n<li><span style=\"color: #008000;\"><strong> Avalia\u00e7\u00e3o da estabilidade f\u00edsica e qu\u00edmica de extratos secos padronizados de plantas medicinais brasileiras: <\/strong><\/span><\/li>\n<\/ol>\n<p>O objetivo \u00e9 investigar a influ\u00eancia do processo de obten\u00e7\u00e3o, condi\u00e7\u00f5es de armazenagem e propriedades f\u00edsico-qu\u00edmicas sobre a estabilidade de extratos secos padronizados de plantas medicinais e arom\u00e1ticas.<\/p>\n<p>&nbsp;<\/p>\n<ol start=\"5\">\n<li><span style=\"color: #008000;\"><strong> Revestimento de part\u00edculas e p\u00f3s farmac\u00eauticos em leitos fluidizados e de jorro: <\/strong><\/span><\/li>\n<\/ol>\n<p>Nessa linha \u00e9 investigada a influ\u00eancia de detalhes construtivos e de condi\u00e7\u00f5es operacionais sobre a efici\u00eancia do processo visando desenvolver produtos com propriedades especiais (gastrorresist\u00eancia, libera\u00e7\u00e3o prolongada, mascaramento de sabor e odores desagrad\u00e1veis).<\/p>\n<p style=\"text-align: center;\"><a href=\"https:\/\/sites.usp.br\/laprofar\/wp-content\/uploads\/sites\/981\/2021\/08\/foto_linhaspesquisa-1.jpg\"><img loading=\"lazy\" decoding=\"async\" class=\"alignnone size-medium wp-image-290\" src=\"https:\/\/sites.usp.br\/laprofar\/wp-content\/uploads\/sites\/981\/2021\/08\/foto_linhaspesquisa-1-300x170.jpg\" alt=\"\" width=\"300\" height=\"170\" srcset=\"https:\/\/sites.usp.br\/laprofar\/wp-content\/uploads\/sites\/981\/2021\/08\/foto_linhaspesquisa-1-300x170.jpg 300w, https:\/\/sites.usp.br\/laprofar\/wp-content\/uploads\/sites\/981\/2021\/08\/foto_linhaspesquisa-1-768x436.jpg 768w, https:\/\/sites.usp.br\/laprofar\/wp-content\/uploads\/sites\/981\/2021\/08\/foto_linhaspesquisa-1-400x227.jpg 400w, https:\/\/sites.usp.br\/laprofar\/wp-content\/uploads\/sites\/981\/2021\/08\/foto_linhaspesquisa-1.jpg 988w\" sizes=\"auto, (max-width: 300px) 100vw, 300px\" \/><\/a><\/p>\n<p><strong><em>Foto:<\/em><\/strong><em> \u00a0Esquema das principais pesquisas e equipamentos de processo implementados no LAPROFAR.<\/em><\/p>\n","protected":false},"excerpt":{"rendered":"<p>Os principais t\u00f3picos de pesquisa investigados pelo grupo LAPROFAR s\u00e3o de car\u00e1ter multidisciplinar e est\u00e3o relacionados a: Extra\u00e7\u00e3o de subst\u00e2ncias ativas de plantas medicinais e arom\u00e1ticas; Desenvolvimento de metodologias para quantifica\u00e7\u00e3o de subst\u00e2ncias ativas; Secagem de extratos vegetais em spray dryer, liofiliza\u00e7\u00e3o e em leito de jorro (padroniza\u00e7\u00e3o de fitoter\u00e1picos); Micro e nanoencapsula\u00e7\u00e3o de ativos [&hellip;]<\/p>\n","protected":false},"author":22495,"featured_media":0,"parent":0,"menu_order":0,"comment_status":"closed","ping_status":"closed","template":"","meta":{"footnotes":"","_links_to":"","_links_to_target":""},"class_list":["post-196","page","type-page","status-publish","hentry"],"_links":{"self":[{"href":"https:\/\/sites.usp.br\/laprofar\/wp-json\/wp\/v2\/pages\/196","targetHints":{"allow":["GET"]}}],"collection":[{"href":"https:\/\/sites.usp.br\/laprofar\/wp-json\/wp\/v2\/pages"}],"about":[{"href":"https:\/\/sites.usp.br\/laprofar\/wp-json\/wp\/v2\/types\/page"}],"author":[{"embeddable":true,"href":"https:\/\/sites.usp.br\/laprofar\/wp-json\/wp\/v2\/users\/22495"}],"replies":[{"embeddable":true,"href":"https:\/\/sites.usp.br\/laprofar\/wp-json\/wp\/v2\/comments?post=196"}],"version-history":[{"count":4,"href":"https:\/\/sites.usp.br\/laprofar\/wp-json\/wp\/v2\/pages\/196\/revisions"}],"predecessor-version":[{"id":373,"href":"https:\/\/sites.usp.br\/laprofar\/wp-json\/wp\/v2\/pages\/196\/revisions\/373"}],"wp:attachment":[{"href":"https:\/\/sites.usp.br\/laprofar\/wp-json\/wp\/v2\/media?parent=196"}],"curies":[{"name":"wp","href":"https:\/\/api.w.org\/{rel}","templated":true}]}}