{"id":198,"date":"2021-08-12T12:45:18","date_gmt":"2021-08-12T14:45:18","guid":{"rendered":"https:\/\/sites.usp.br\/laprofar\/?page_id=198"},"modified":"2021-08-17T11:59:07","modified_gmt":"2021-08-17T13:59:07","slug":"colaboradores","status":"publish","type":"page","link":"https:\/\/sites.usp.br\/laprofar\/colaboradores\/","title":{"rendered":"Colaboradores"},"content":{"rendered":"<p><strong>Nome:<\/strong> Profa. Dra. Ana Marisa Fusco-Almeida<br \/>\n<strong>E-mail:<\/strong> ana.marisa@uol.com.br<br \/>\n<strong>Universidade:<\/strong> Universidade Estadual Paulista J\u00falio de Mesquita Filho (UNESP)<br \/>\n<strong>Linha de pesquisa:<\/strong> Microbiologia e micologia; controle microbiol\u00f3gico; biotecnologia farmac\u00eautica no desenvolvimento e avalia\u00e7\u00e3o de formula\u00e7\u00f5es.<\/p>\n<p><strong>Nome:<\/strong> Profa. Dra. Eliana B. Souto<br \/>\n<strong>E-mail:<\/strong>\u00a0ebsouto@ff.uc.pt<br \/>\n<strong>Universidade:<\/strong> Faculdade de Farm\u00e1cia, Universidade de Coimbra<br \/>\n<strong>Linha\u00a0de pesquisa:<\/strong> Projeto, desenvolvimento e caracteriza\u00e7\u00e3o de novos sistemas de administra\u00e7\u00e3o de medicamentos para transpor barreiras biol\u00f3gicas.<\/p>\n<p><strong>Nome:<\/strong> Prof. Dr. Fabio Bentes Freire<br \/>\n<strong>E-mail: <\/strong>bentes@ufscar.br<br \/>\n<strong>Universidade:<\/strong> Universidade Federal de S\u00e3o Carlos (UFSCar), Centro de Ci\u00eancias Exatas e de Tecnologia<br \/>\n<strong>Linha de pesquisa:<\/strong> Fen\u00f4menos de transporte e controle e automa\u00e7\u00e3o de processos. Desenvolvimento tecnol\u00f3gico em aquisi\u00e7\u00e3o de dados e simula\u00e7\u00f5es num\u00e9ricas utilizando modelos f\u00edsico-matem\u00e1ticos em conjunto com estrat\u00e9gias de controle, melhorando a precis\u00e3o e a robustez do controle de secadores (controle por matriz din\u00e2mica quadr\u00e1tica QDMC e redes neurais artificiais).<\/p>\n<p><strong>Nome:<\/strong> Prof. Dr. Jos\u00e9 Teixeira Freire<br \/>\n<strong>E-mail:<\/strong> freire@ufscar.br<br \/>\n<strong>Universidade:<\/strong> Universidade Federal de S\u00e3o Carlos (UFSCar), Centro de Ci\u00eancias Exatas e de Tecnologia<br \/>\n<strong>Linha de pesquisa:<\/strong> Fen\u00f4menos de Transporte, atuando principalmente nos seguintes temas: leitos fixo, de jorro, fluidizado, vibrofluidizado, pneum\u00e1tico, transfer\u00eancia de calor e massa, secagem.<\/p>\n<p><strong>Nome:<\/strong> Prof. Dr. Marcos Jos\u00e9 Salvador<br \/>\n<strong>E-mail:<\/strong> marcos.salvador@pq.cnpq.br<br \/>\n<strong>Universidade:<\/strong> Universidade Estadual de Campinas (UNICAMP), Instituto de Biologia<br \/>\n<strong>Linha de pesquisa:<\/strong> Tecnologia fitofarmac\u00eautica e de produtos naturais: pesquisa e desenvolvimento; bioanal\u00edtica: desenvolvimento e valida\u00e7\u00e3o de procedimentos para an\u00e1lises de amostras de interesse cl\u00ednico, farmac\u00eautico, aliment\u00edcio e ambiental.<\/p>\n<p><strong>Nome:<\/strong> Profa. Dra. M\u00f4nica Lopes Aguiar<br \/>\n<strong>E-mail: <\/strong>mlaguiar@ufscar.br<br \/>\n<strong>Universidade:<\/strong> Universidade Federal de S\u00e3o Carlos (UFSCar)<br \/>\n<strong>Linha de pesquisa: <\/strong>Opera\u00e7\u00f5es de separa\u00e7\u00e3o e mistura, atuando principalmente nos seguintes temas: controle de polui\u00e7\u00e3o do ar, filtra\u00e7\u00e3o de ar e gases, separa\u00e7\u00e3o s\u00f3lido-fluido, filtros de tecido, filtros de mangas, nanofiltra\u00e7\u00e3o, meios filtrantes, caracteriza\u00e7\u00e3o de part\u00edculas, monitoramento do ar atmosf\u00e9rico e indoor.<\/p>\n<p><strong>Nome:<\/strong> Profa. Dra. Sandra Regina Georgetti<br \/>\n<strong>E-mail:<\/strong> sangeorgetti@gmail.com<br \/>\n<strong>Universidade:<\/strong> Universidade Estadual de Londrina (UEL), Centro de Ci\u00eancias da Sa\u00fade<br \/>\n<strong>Linha de pesquisa:<\/strong> Desenvolvimento de formula\u00e7\u00f5es t\u00f3picas contendo subst\u00e2ncias antioxidantes; avalia\u00e7\u00e3o da efic\u00e1cia <em>in vitro<\/em> e <em>in vivo<\/em> de subst\u00e2ncias com a\u00e7\u00e3o antioxidante.<\/p>\n<p><strong>Nome:<\/strong> Prof. Dr. Valter Ferreira de Andrade Neto<br \/>\n<strong>E-mail:<\/strong> aneto@cb.ufrn.br<br \/>\n<strong>Universidade:<\/strong> Universidade Federal do Rio Grande do Norte, Centro de Bioci\u00eancias, Chefe do Laborat\u00f3rio de Biologia da Mal\u00e1ria e Toxoplasmose \u2013 LABMAT<br \/>\n<strong>Linha de pesquisa:<\/strong> Experi\u00eancia na \u00e1rea de parasitologia humana e m\u00e9dica, com \u00eanfase em protozoologia parasit\u00e1ria animal, atuando principalmente nas \u00e1reas de mal\u00e1ria (quimioterapia experimental antimal\u00e1rica, utilizando produtos naturais) e toxoplasmose humana e animal, enfatizando a soroepidemiologia e perfil imunol\u00f3gico.<\/p>\n<p>O grupo tamb\u00e9m tem desenvolvido trabalhos em colabora\u00e7\u00e3o com pesquisadores de diversas universidades nacionais (<strong>USP, UNAERP, UFSCar, UFMG, UFRN, UFPA, UEM<\/strong>), e do exterior, como por exemplo, <strong>University of the British Columbia<\/strong> \u2013 Canada (Department of Chemical Engineering), <strong>University of Minessota<\/strong> \u2013 EUA (Department of Food Science and Nutrition), <strong>National Institute of Science and Technology for Pharmaceutical Innovation<\/strong> &#8211; INCT_IF, <strong>Universidad de La Frontera<\/strong> \u2013 Chile, <strong>Universidade de Coimbra<\/strong> \u2013 Portugal.<\/p>\n","protected":false},"excerpt":{"rendered":"<p>Nome: Profa. Dra. Ana Marisa Fusco-Almeida E-mail: ana.marisa@uol.com.br Universidade: Universidade Estadual Paulista J\u00falio de Mesquita Filho (UNESP) Linha de pesquisa: Microbiologia e micologia; controle microbiol\u00f3gico; biotecnologia farmac\u00eautica no desenvolvimento e avalia\u00e7\u00e3o de formula\u00e7\u00f5es. Nome: Profa. Dra. Eliana B. Souto E-mail:\u00a0ebsouto@ff.uc.pt Universidade: Faculdade de Farm\u00e1cia, Universidade de Coimbra Linha\u00a0de pesquisa: Projeto, desenvolvimento e caracteriza\u00e7\u00e3o de novos [&hellip;]<\/p>\n","protected":false},"author":22495,"featured_media":0,"parent":0,"menu_order":0,"comment_status":"closed","ping_status":"closed","template":"","meta":{"footnotes":"","_links_to":"","_links_to_target":""},"class_list":["post-198","page","type-page","status-publish","hentry"],"_links":{"self":[{"href":"https:\/\/sites.usp.br\/laprofar\/wp-json\/wp\/v2\/pages\/198","targetHints":{"allow":["GET"]}}],"collection":[{"href":"https:\/\/sites.usp.br\/laprofar\/wp-json\/wp\/v2\/pages"}],"about":[{"href":"https:\/\/sites.usp.br\/laprofar\/wp-json\/wp\/v2\/types\/page"}],"author":[{"embeddable":true,"href":"https:\/\/sites.usp.br\/laprofar\/wp-json\/wp\/v2\/users\/22495"}],"replies":[{"embeddable":true,"href":"https:\/\/sites.usp.br\/laprofar\/wp-json\/wp\/v2\/comments?post=198"}],"version-history":[{"count":4,"href":"https:\/\/sites.usp.br\/laprofar\/wp-json\/wp\/v2\/pages\/198\/revisions"}],"predecessor-version":[{"id":360,"href":"https:\/\/sites.usp.br\/laprofar\/wp-json\/wp\/v2\/pages\/198\/revisions\/360"}],"wp:attachment":[{"href":"https:\/\/sites.usp.br\/laprofar\/wp-json\/wp\/v2\/media?parent=198"}],"curies":[{"name":"wp","href":"https:\/\/api.w.org\/{rel}","templated":true}]}}