{"id":200,"date":"2021-08-12T12:45:18","date_gmt":"2021-08-12T14:45:18","guid":{"rendered":"https:\/\/sites.usp.br\/laprofar\/?page_id=200"},"modified":"2024-04-22T16:46:21","modified_gmt":"2024-04-22T18:46:21","slug":"eventos","status":"publish","type":"page","link":"https:\/\/sites.usp.br\/laprofar\/eventos\/","title":{"rendered":"Eventos"},"content":{"rendered":"<h2 style=\"text-align: center;\"><strong><u>2024<\/u><\/strong><\/h2>\n<table width=\"67%\">\n<tbody>\n<tr>\n<td>\n<h3 style=\"text-align: center;\"><span style=\"color: #008000;\"><strong>JUNHO\/2024<\/strong><\/span><\/h3>\n<\/td>\n<\/tr>\n<\/tbody>\n<\/table>\n<p><strong><a href=\"https:\/\/www.casadacosmetologia.com.br\/eventos2024\/36congressoabc\">36\u00ba Congresso Brasileiro de Cosmetologia<\/a><br \/>\n<a href=\"https:\/\/sites.usp.br\/laprofar\/wp-content\/uploads\/sites\/981\/2024\/01\/36CBC.jpg\"><img loading=\"lazy\" decoding=\"async\" class=\"wp-image-473 alignright\" src=\"https:\/\/sites.usp.br\/laprofar\/wp-content\/uploads\/sites\/981\/2024\/01\/36CBC.jpg\" alt=\"\" width=\"181\" height=\"130\" \/><\/a><\/strong><br \/>\n<strong>Per\u00edodo:<\/strong> 4 a 6 de junho de 2024<br \/>\n<strong>Local:\u00a0<\/strong>S\u00e3o Paulo &#8211; SP, Brasil<\/p>\n<table width=\"67%\">\n<tbody>\n<tr>\n<td>\n<h3 style=\"text-align: center;\"><span style=\"color: #008000;\"><strong>AGOSTO\/2024<\/strong><\/span><\/h3>\n<\/td>\n<\/tr>\n<\/tbody>\n<\/table>\n<p><a href=\"https:\/\/www.was.org\/meeting\/Abstract\/Submit\/AQUA24\"><b>AQUA 2024<\/b><\/a><br \/>\n<a href=\"https:\/\/sites.usp.br\/laprofar\/wp-content\/uploads\/sites\/981\/2024\/01\/AQUA.jpg\"><img loading=\"lazy\" decoding=\"async\" class=\"wp-image-474 alignright\" src=\"https:\/\/sites.usp.br\/laprofar\/wp-content\/uploads\/sites\/981\/2024\/01\/AQUA.jpg\" alt=\"\" width=\"177\" height=\"92\" \/><\/a><br \/>\n<strong>Per\u00edodo:<\/strong> 26 a 30 de agosto de 2024<br \/>\n<strong>Local: <\/strong>Copenhagem, Dinamarca<\/p>\n<table width=\"67%\">\n<tbody>\n<tr>\n<td>\n<h3 style=\"text-align: center;\"><span style=\"color: #008000;\"><strong>OUTUBRO\/2024<\/strong><\/span><\/h3>\n<\/td>\n<\/tr>\n<\/tbody>\n<\/table>\n<p><strong><a href=\"https:\/\/www.ifscc2024.com\/\">Biodiversity and Cosmetics: Reaching Sustainable Technologies<\/a><a href=\"https:\/\/sites.usp.br\/laprofar\/wp-content\/uploads\/sites\/981\/2024\/01\/IFSCC.jpg\"><img loading=\"lazy\" decoding=\"async\" class=\"wp-image-472 alignright\" src=\"https:\/\/sites.usp.br\/laprofar\/wp-content\/uploads\/sites\/981\/2024\/01\/IFSCC.jpg\" alt=\"\" width=\"203\" height=\"141\" \/><\/a><\/strong><\/p>\n<p><strong>Per\u00edodo:<\/strong> 14 a 17 de outubro de 2024<br \/>\n<strong>Local: <\/strong>Foz do Igua\u00e7u &#8211; PR, Brasil<\/p>\n<p>&nbsp;<\/p>\n<p><b>41\u00ba Congresso Brasileiro de Sistemas Particulados<a href=\"https:\/\/sites.usp.br\/laprofar\/wp-content\/uploads\/sites\/981\/2024\/04\/enemp.jpg\"><img loading=\"lazy\" decoding=\"async\" class=\" wp-image-508 alignright\" src=\"https:\/\/sites.usp.br\/laprofar\/wp-content\/uploads\/sites\/981\/2024\/04\/enemp-300x175.jpg\" alt=\"\" width=\"175\" height=\"102\" srcset=\"https:\/\/sites.usp.br\/laprofar\/wp-content\/uploads\/sites\/981\/2024\/04\/enemp-300x175.jpg 300w, https:\/\/sites.usp.br\/laprofar\/wp-content\/uploads\/sites\/981\/2024\/04\/enemp-400x233.jpg 400w, https:\/\/sites.usp.br\/laprofar\/wp-content\/uploads\/sites\/981\/2024\/04\/enemp.jpg 629w\" sizes=\"auto, (max-width: 175px) 100vw, 175px\" \/><\/a> (ENEMP)<\/b><\/p>\n<p><strong>Per\u00edodo:<\/strong> 20 a 23 de outubro de 2024<br \/>\n<strong>Local: <\/strong>S\u00e3o Crist\u00f3v\u00e3o &#8211; SE, Brasil<\/p>\n<table width=\"67%\">\n<tbody>\n<tr>\n<td>\n<h3 style=\"text-align: center;\"><span style=\"color: #008000;\"><strong>NOVEMBRO\/2024<\/strong><\/span><\/h3>\n<\/td>\n<\/tr>\n<\/tbody>\n<\/table>\n<table width=\"67%\">\n<tbody>\n<tr>\n<td>\n<h3 style=\"text-align: center;\"><span style=\"color: #008000;\"><strong>NOVEMBRO\/2024<\/strong><\/span><\/h3>\n<\/td>\n<\/tr>\n<\/tbody>\n<\/table>\n<p><strong>XXVII Simp\u00f3sio de Plantas Medicinais do Brasil<\/strong><\/p>\n<p><strong>Per\u00edodo:<\/strong> 19 a 22 de novembro de 2024<a href=\"https:\/\/sites.usp.br\/laprofar\/wp-content\/uploads\/sites\/981\/2024\/01\/SBPM.jpg\"><img loading=\"lazy\" decoding=\"async\" class=\" wp-image-476 alignright\" src=\"https:\/\/sites.usp.br\/laprofar\/wp-content\/uploads\/sites\/981\/2024\/01\/SBPM-300x166.jpg\" alt=\"\" width=\"172\" height=\"95\" srcset=\"https:\/\/sites.usp.br\/laprofar\/wp-content\/uploads\/sites\/981\/2024\/01\/SBPM-300x166.jpg 300w, https:\/\/sites.usp.br\/laprofar\/wp-content\/uploads\/sites\/981\/2024\/01\/SBPM-400x222.jpg 400w, https:\/\/sites.usp.br\/laprofar\/wp-content\/uploads\/sites\/981\/2024\/01\/SBPM.jpg 442w\" sizes=\"auto, (max-width: 172px) 100vw, 172px\" \/><\/a><strong><br \/>\nLocal: <\/strong>Fortaleza &#8211; CE, Brasil<\/p>\n<p>&nbsp;<\/p>\n<p><a href=\"https:\/\/www.ids2024.com\/index\/index.html#\/\"><strong>23rd International Drying Symposium<\/strong><\/a><strong><a href=\"https:\/\/www.ids2024.com\/index\/index.html#\/\"><img loading=\"lazy\" decoding=\"async\" class=\" wp-image-494 alignright\" src=\"https:\/\/sites.usp.br\/laprofar\/wp-content\/uploads\/sites\/981\/2024\/02\/IDS-300x156.jpg\" alt=\"\" width=\"166\" height=\"86\" srcset=\"https:\/\/sites.usp.br\/laprofar\/wp-content\/uploads\/sites\/981\/2024\/02\/IDS-300x156.jpg 300w, https:\/\/sites.usp.br\/laprofar\/wp-content\/uploads\/sites\/981\/2024\/02\/IDS.jpg 311w\" sizes=\"auto, (max-width: 166px) 100vw, 166px\" \/><\/a><\/strong><\/p>\n<p><strong>Per\u00edodo:<\/strong> 22 a 25 de novembro de 2024<br \/>\n<strong>Local:\u00a0<\/strong>Wuxi, China<\/p>\n","protected":false},"excerpt":{"rendered":"<p>2024 JUNHO\/2024 36\u00ba Congresso Brasileiro de Cosmetologia Per\u00edodo: 4 a 6 de junho de 2024 Local:\u00a0S\u00e3o Paulo &#8211; SP, Brasil AGOSTO\/2024 AQUA 2024 Per\u00edodo: 26 a 30 de agosto de 2024 Local: Copenhagem, Dinamarca OUTUBRO\/2024 Biodiversity and Cosmetics: Reaching Sustainable Technologies Per\u00edodo: 14 a 17 de outubro de 2024 Local: Foz do Igua\u00e7u &#8211; PR, [&hellip;]<\/p>\n","protected":false},"author":22495,"featured_media":0,"parent":0,"menu_order":0,"comment_status":"closed","ping_status":"closed","template":"","meta":{"footnotes":"","_links_to":"","_links_to_target":""},"class_list":["post-200","page","type-page","status-publish","hentry"],"_links":{"self":[{"href":"https:\/\/sites.usp.br\/laprofar\/wp-json\/wp\/v2\/pages\/200","targetHints":{"allow":["GET"]}}],"collection":[{"href":"https:\/\/sites.usp.br\/laprofar\/wp-json\/wp\/v2\/pages"}],"about":[{"href":"https:\/\/sites.usp.br\/laprofar\/wp-json\/wp\/v2\/types\/page"}],"author":[{"embeddable":true,"href":"https:\/\/sites.usp.br\/laprofar\/wp-json\/wp\/v2\/users\/22495"}],"replies":[{"embeddable":true,"href":"https:\/\/sites.usp.br\/laprofar\/wp-json\/wp\/v2\/comments?post=200"}],"version-history":[{"count":5,"href":"https:\/\/sites.usp.br\/laprofar\/wp-json\/wp\/v2\/pages\/200\/revisions"}],"predecessor-version":[{"id":510,"href":"https:\/\/sites.usp.br\/laprofar\/wp-json\/wp\/v2\/pages\/200\/revisions\/510"}],"wp:attachment":[{"href":"https:\/\/sites.usp.br\/laprofar\/wp-json\/wp\/v2\/media?parent=200"}],"curies":[{"name":"wp","href":"https:\/\/api.w.org\/{rel}","templated":true}]}}